{"id":1898,"date":"2024-11-16T13:32:44","date_gmt":"2024-11-16T13:32:44","guid":{"rendered":"https:\/\/rx.alain-dens.com\/protection-radio\/"},"modified":"2024-12-13T12:23:52","modified_gmt":"2024-12-13T12:23:52","slug":"protection-radio","status":"publish","type":"page","link":"https:\/\/rx.alain-dens.com\/fr\/protection-radio\/","title":{"rendered":"Protection radio"},"content":{"rendered":"\n<p class=\"has-text-align-right\"><mark style=\"background-color:var(--nv-primary-accent)\" class=\"has-inline-color has-nv-site-bg-color\">Cliquez sur un bloc pour obtenir des informations plus d\u00e9taill\u00e9es sur ce sujet.<\/mark><\/p>\n\n<div class=\"wp-block-columns is-layout-flex wp-container-core-columns-is-layout-9d6595d7 wp-block-columns-is-layout-flex\">\n<div class=\"wp-block-column is-layout-flow wp-block-column-is-layout-flow\" style=\"flex-basis:25%\">\n<figure class=\"wp-block-image size-large\"><img loading=\"lazy\" decoding=\"async\" width=\"1024\" height=\"1024\" src=\"https:\/\/rx.alain-dens.com\/wp-content\/uploads\/2024\/11\/Articole_radioprotectie_2-1024x1024.jpg\" alt=\"\" class=\"wp-image-185\" srcset=\"https:\/\/rx.alain-dens.com\/wp-content\/uploads\/2024\/11\/Articole_radioprotectie_2-1024x1024.jpg 1024w, https:\/\/rx.alain-dens.com\/wp-content\/uploads\/2024\/11\/Articole_radioprotectie_2-300x300.jpg 300w, https:\/\/rx.alain-dens.com\/wp-content\/uploads\/2024\/11\/Articole_radioprotectie_2-150x150.jpg 150w, https:\/\/rx.alain-dens.com\/wp-content\/uploads\/2024\/11\/Articole_radioprotectie_2-768x768.jpg 768w, https:\/\/rx.alain-dens.com\/wp-content\/uploads\/2024\/11\/Articole_radioprotectie_2-1536x1536.jpg 1536w, https:\/\/rx.alain-dens.com\/wp-content\/uploads\/2024\/11\/Articole_radioprotectie_2.jpg 2000w\" sizes=\"auto, (max-width: 1024px) 100vw, 1024px\" \/><\/figure>\n<\/div>\n\n\n\n<div class=\"wp-block-column is-layout-flow wp-block-column-is-layout-flow\"><div class=\"wp-block-image\">\n<figure class=\"aligncenter size-full is-resized\"><img loading=\"lazy\" decoding=\"async\" width=\"232\" height=\"434\" src=\"https:\/\/rx.alain-dens.com\/wp-content\/uploads\/2024\/11\/sorturie600.jpg\" alt=\"\" class=\"wp-image-184\" style=\"width:166px;height:auto\" srcset=\"https:\/\/rx.alain-dens.com\/wp-content\/uploads\/2024\/11\/sorturie600.jpg 232w, https:\/\/rx.alain-dens.com\/wp-content\/uploads\/2024\/11\/sorturie600-160x300.jpg 160w\" sizes=\"auto, (max-width: 232px) 100vw, 232px\" \/><\/figure>\n<\/div><\/div>\n\n\n\n<div class=\"wp-block-column is-layout-flow wp-block-column-is-layout-flow\" style=\"flex-basis:25%\">\n<div class=\"wp-block-buttons is-content-justification-center is-layout-flex wp-container-core-buttons-is-layout-16018d1d wp-block-buttons-is-layout-flex\">\n<div class=\"wp-block-button is-style-primary\"><a class=\"wp-block-button__link wp-element-button\" href=\"https:\/\/rx.alain-dens.com\/fr\/droit\/\">Que dit la loi en Belgique ?<\/a><\/div>\n\n\n\n<div class=\"wp-block-button is-style-primary\"><a class=\"wp-block-button__link has-text-align-center wp-element-button\" href=\"https:\/\/rx.alain-dens.com\/fr\/devoirs-de-ladministrateur-et-des-employes\/\">Devoirs du chef d&rsquo;entreprise et des employ\u00e9s<\/a><\/div>\n\n\n\n<div class=\"wp-block-button is-style-primary\"><a class=\"wp-block-button__link wp-element-button\" href=\"https:\/\/rx.alain-dens.com\/fr\/equipements-de-protection\/\">\u00c9quipements de protection<\/a><\/div>\n\n\n\n<div class=\"wp-block-button is-style-primary\"><a class=\"wp-block-button__link wp-element-button\" href=\"https:\/\/rx.alain-dens.com\/fr\/lignes-directrices\/\">Lignes directrices sp\u00e9cifiques<\/a><\/div>\n<\/div>\n<\/div>\n<\/div>\n\n<p><br\/>Par radioprotection, nous entendons la protection de la population contre les influences des rayonnements, qu&rsquo;il s&rsquo;agisse de la protection contre l&rsquo;irradiation accidentelle ou contre l&rsquo;irradiation dans le cadre de l&rsquo;exercice de la profession. Il est \u00e9vident que je parlerai ici principalement des rayonnements g\u00e9n\u00e9r\u00e9s dans le service de radiologie. <br\/><br\/>Dans ce cas, deux groupes doivent \u00eatre prot\u00e9g\u00e9s des rayonnements. D&rsquo;une part, le technicien en radiologie qui prend la photo et, d&rsquo;autre part, le patient dont la photo est prise. <br\/><br\/><br\/>Avant d&rsquo;aborder les normes juridiques, je voudrais rappeler les principes de base qu&rsquo;il convient de respecter \u00e0 tout moment. Lorsque l&rsquo;on prend une photo, la premi\u00e8re chose \u00e0 laquelle on pense est la quantit\u00e9 de rayonnement que l&rsquo;on va utiliser, et l&rsquo;on s&rsquo;efforce de la maintenir aussi faible que possible. Le principe ALARA (As Low As Reasonably Achievable) est souvent \u00e9voqu\u00e9 \u00e0 cet \u00e9gard. Il s&rsquo;agit donc de maintenir la dose la plus faible possible afin d&rsquo;obtenir une photo de la meilleure qualit\u00e9 possible. Mais il n&rsquo;y a pas que la photographie elle-m\u00eame qui \u00e9met des radiations. L&rsquo;utilisation de la scopie est \u00e9galement nocive. Elle ne sera donc pas utilis\u00e9e pour positionner le patient de la mani\u00e8re la plus optimale possible. La scopie est utile pour v\u00e9rifier la position, mais elle n&rsquo;est pas le moyen d&rsquo;y parvenir.      <br\/><br\/>Outre le patient, le technicien en radiologie est \u00e9galement pr\u00e9sent dans la pi\u00e8ce et doit \u00eatre prot\u00e9g\u00e9. Tenez-vous toujours derri\u00e8re l&rsquo;\u00e9cran de plomb, sauf s&rsquo;il n&rsquo;y a vraiment pas d&rsquo;autre moyen. Si votre pr\u00e9sence \u00e0 c\u00f4t\u00e9 du patient est n\u00e9cessaire, utilisez toujours l&rsquo;\u00e9quipement de protection requis. Par exemple : un tablier de plomb, une protection thyro\u00efdienne et, si vos mains entrent dans le champ de rayonnement, des gants de plomb. L&rsquo;utilisation de lunettes de plomb peut \u00e9galement s&rsquo;av\u00e9rer n\u00e9cessaire lors d&rsquo;examens prolong\u00e9s.     <\/p>\n\n<div class=\"wp-block-columns is-layout-flex wp-container-core-columns-is-layout-9d6595d7 wp-block-columns-is-layout-flex\">\n<div class=\"wp-block-column is-layout-flow wp-block-column-is-layout-flow\">\n<p>Bien entendu, en tant que membre du personnel de radiologie, vous portez toujours votre dosim\u00e8tre. Il ne s&rsquo;agit pas d&rsquo;un dispositif de protection directe, mais d&rsquo;un moyen de v\u00e9rifier si vous avez \u00e9t\u00e9 en contact avec des rayonnements et dans quelle mesure. <\/p>\n<\/div>\n\n\n\n<div class=\"wp-block-column is-layout-flow wp-block-column-is-layout-flow\"><div class=\"wp-block-image\">\n<figure class=\"aligncenter size-full\"><img loading=\"lazy\" decoding=\"async\" width=\"262\" height=\"192\" src=\"https:\/\/rx.alain-dens.com\/wp-content\/uploads\/2024\/11\/dosimeter.jpeg\" alt=\"\" class=\"wp-image-191\"\/><\/figure>\n<\/div><\/div>\n<\/div>\n\n<div class=\"wp-block-columns is-layout-flex wp-container-core-columns-is-layout-9d6595d7 wp-block-columns-is-layout-flex\">\n<div class=\"wp-block-column is-layout-flow wp-block-column-is-layout-flow\">\n<p><\/p>\n<\/div>\n\n\n\n<div class=\"wp-block-column is-layout-flow wp-block-column-is-layout-flow\"><\/div>\n<\/div>\n","protected":false},"excerpt":{"rendered":"<p>Cliquez sur un bloc pour obtenir des informations plus d\u00e9taill\u00e9es sur ce sujet. Par radioprotection, nous entendons la protection de la population contre les influences des rayonnements, qu&rsquo;il s&rsquo;agisse de la protection contre l&rsquo;irradiation accidentelle ou contre l&rsquo;irradiation dans le cadre de l&rsquo;exercice de la profession. Il est \u00e9vident que je parlerai ici principalement des&hellip;&nbsp;<a href=\"https:\/\/rx.alain-dens.com\/fr\/protection-radio\/\" rel=\"bookmark\"><span class=\"screen-reader-text\">Protection radio<\/span><\/a><\/p>\n","protected":false},"author":2,"featured_media":0,"parent":0,"menu_order":0,"comment_status":"closed","ping_status":"closed","template":"","meta":{"neve_meta_sidebar":"","neve_meta_container":"","neve_meta_enable_content_width":"","neve_meta_content_width":0,"neve_meta_title_alignment":"","neve_meta_author_avatar":"","neve_post_elements_order":"","neve_meta_disable_header":"","neve_meta_disable_footer":"","neve_meta_disable_title":"","footnotes":""},"class_list":["post-1898","page","type-page","status-publish","hentry"],"_links":{"self":[{"href":"https:\/\/rx.alain-dens.com\/fr\/wp-json\/wp\/v2\/pages\/1898","targetHints":{"allow":["GET"]}}],"collection":[{"href":"https:\/\/rx.alain-dens.com\/fr\/wp-json\/wp\/v2\/pages"}],"about":[{"href":"https:\/\/rx.alain-dens.com\/fr\/wp-json\/wp\/v2\/types\/page"}],"author":[{"embeddable":true,"href":"https:\/\/rx.alain-dens.com\/fr\/wp-json\/wp\/v2\/users\/2"}],"replies":[{"embeddable":true,"href":"https:\/\/rx.alain-dens.com\/fr\/wp-json\/wp\/v2\/comments?post=1898"}],"version-history":[{"count":1,"href":"https:\/\/rx.alain-dens.com\/fr\/wp-json\/wp\/v2\/pages\/1898\/revisions"}],"predecessor-version":[{"id":1899,"href":"https:\/\/rx.alain-dens.com\/fr\/wp-json\/wp\/v2\/pages\/1898\/revisions\/1899"}],"wp:attachment":[{"href":"https:\/\/rx.alain-dens.com\/fr\/wp-json\/wp\/v2\/media?parent=1898"}],"curies":[{"name":"wp","href":"https:\/\/api.w.org\/{rel}","templated":true}]}}