{"id":1892,"date":"2024-11-16T15:58:00","date_gmt":"2024-11-16T15:58:00","guid":{"rendered":"https:\/\/rx.alain-dens.com\/droit\/"},"modified":"2024-12-13T12:20:57","modified_gmt":"2024-12-13T12:20:57","slug":"droit","status":"publish","type":"page","link":"https:\/\/rx.alain-dens.com\/fr\/droit\/","title":{"rendered":"Droit"},"content":{"rendered":"\n<p class=\"has-neve-link-color-color has-text-color has-link-color has-large-font-size wp-elements-faafc59ca85bcc6e6dcc5206c5cd3976\" id=\"Wetbegin\"><strong>Que dit la loi en Belgique ?<\/strong><\/p>\n\n<p id=\"Wetbegin\"><br\/>La l\u00e9gislation actuellement en vigueur date du 20 juillet 2001. Elle est bas\u00e9e sur l&rsquo;arr\u00eat\u00e9 royal du 25 avril 1997. <br\/><br\/>Vous y trouverez les lignes directrices suivantes :<br\/><br\/><strong>La dose ne doit en aucun cas d\u00e9passer la limite impos\u00e9e (voir ci-dessous).<\/strong><\/p>\n\n<div class=\"wp-block-columns is-layout-flex wp-container-core-columns-is-layout-9d6595d7 wp-block-columns-is-layout-flex\">\n<div class=\"wp-block-column is-layout-flow wp-block-column-is-layout-flow\" style=\"flex-basis:33.33%\">\n<figure class=\"wp-block-image size-full\"><img loading=\"lazy\" decoding=\"async\" width=\"700\" height=\"389\" src=\"https:\/\/rx.alain-dens.com\/wp-content\/uploads\/2024\/11\/wetgevinglogo2.jpg\" alt=\"\" class=\"wp-image-434\" srcset=\"https:\/\/rx.alain-dens.com\/wp-content\/uploads\/2024\/11\/wetgevinglogo2.jpg 700w, https:\/\/rx.alain-dens.com\/wp-content\/uploads\/2024\/11\/wetgevinglogo2-300x167.jpg 300w\" sizes=\"auto, (max-width: 700px) 100vw, 700px\" \/><\/figure>\n<\/div>\n\n\n\n<div class=\"wp-block-column is-layout-flow wp-block-column-is-layout-flow\" style=\"flex-basis:66.66%\">\n<ul class=\"wp-block-list\">\n<li>Limitation de la dose maximale<\/li>\n\n\n\n<li>Avant d&rsquo;\u00eatre autoris\u00e9s, les actes doivent \u00eatre justifi\u00e9s par les avantages qu&rsquo;ils procurent<\/li>\n\n\n\n<li>Avant d&rsquo;\u00eatre autoris\u00e9s, les actes doivent \u00eatre justifi\u00e9s par les avantages qu&rsquo;ils procurent<\/li>\n\n\n\n<li>La r\u00e9glementation ne s&rsquo;applique pas aux personnes qui sont soumises \u00e0 des examens ou \u00e0 des traitements m\u00e9dicaux, bien que ces actions doivent \u00eatre m\u00e9dicalement justifi\u00e9es.<\/li>\n\n\n\n<li>Les personnes qui aident et soutiennent volontairement les patients au cours d&rsquo;une \u00e9tude. Toutefois, elles doivent \u00eatre prot\u00e9g\u00e9es de mani\u00e8re ad\u00e9quate et la dose doit \u00eatre maintenue \u00e0 un niveau aussi bas que possible. <\/li>\n\n\n\n<li>Enfin, les personnes qui participent volontairement \u00e0 des programmes de recherche m\u00e9dicale ou biom\u00e9dicale si elles sont correctement inform\u00e9es ne sont pas non plus soumises \u00e0 ces r\u00e8glements.  <\/li>\n<\/ul>\n<\/div>\n<\/div>\n\n<p class=\"has-neve-link-color-color has-text-color has-link-color has-large-font-size wp-elements-0e10dd0fa0208de3da9efc6f72e0d2a4\"><strong>C&rsquo;est important :<\/strong><\/p>\n\n<div class=\"wp-block-columns is-layout-flex wp-container-core-columns-is-layout-9d6595d7 wp-block-columns-is-layout-flex\">\n<div class=\"wp-block-column is-layout-flow wp-block-column-is-layout-flow\" style=\"flex-basis:33.33%\"><div class=\"wp-block-image\">\n<figure class=\"alignright size-full is-resized\"><img loading=\"lazy\" decoding=\"async\" width=\"700\" height=\"699\" src=\"https:\/\/rx.alain-dens.com\/wp-content\/uploads\/2024\/11\/radioprotection_doses.jpg\" alt=\"\" class=\"wp-image-437\" style=\"width:286px;height:auto\" srcset=\"https:\/\/rx.alain-dens.com\/wp-content\/uploads\/2024\/11\/radioprotection_doses.jpg 700w, https:\/\/rx.alain-dens.com\/wp-content\/uploads\/2024\/11\/radioprotection_doses-300x300.jpg 300w, https:\/\/rx.alain-dens.com\/wp-content\/uploads\/2024\/11\/radioprotection_doses-150x150.jpg 150w\" sizes=\"auto, (max-width: 700px) 100vw, 700px\" \/><\/figure>\n<\/div><\/div>\n\n\n\n<div class=\"wp-block-column is-layout-flow wp-block-column-is-layout-flow\" style=\"flex-basis:66.66%\">\n<ul class=\"wp-block-list\">\n<li>Que des mesures suffisantes soient prises \u00e0 chaque fois pour que le travail soit toujours effectu\u00e9 dans des conditions de s\u00e9curit\u00e9 optimales.<\/li>\n\n\n\n<li>Aucune personne \u00e2g\u00e9e de moins de 18 ans ne doit \u00eatre employ\u00e9e sur un lieu de travail o\u00f9 il existe un risque d&rsquo;exposition aux rayonnements.<\/li>\n\n\n\n<li>L&rsquo;enfant \u00e0 na\u00eetre doit \u00eatre prot\u00e9g\u00e9 autant que la population, ce qui signifie que les personnes enceintes ne doivent pas \u00eatre employ\u00e9es dans un service utilisant des rayonnements ioniques.<br\/><\/li>\n<\/ul>\n<\/div>\n<\/div>\n\n<figure class=\"wp-block-table is-style-stripes\"><table class=\"has-fixed-layout\" style=\"border-width:1px\"><tbody><tr><td><strong>Limites de dose pour les personnes expos\u00e9es professionnellement :<\/strong><\/td><td>La dose efficace est fix\u00e9e \u00e0 20 MSv par mois glissant cons\u00e9cutif.<\/td><\/tr><tr><td><strong>Limites de dose pour les personnes non expos\u00e9es professionnellement aux rayonnements ioniques :<\/strong><\/td><td>La dose efficace pour les membres du public a \u00e9t\u00e9 fix\u00e9e \u00e0 1 MSv par an.  <\/td><\/tr><tr><td><strong>Limites de dose pour les \u00e9l\u00e8ves et les \u00e9tudiants :<\/strong><\/td><td>Pour les \u00e9tudiants \u00e2g\u00e9s de 18 ans et plus dont les \u00e9tudes les am\u00e8nent \u00e0 travailler avec certaines sources, les m\u00eames normes s&rsquo;appliquent que pour l&rsquo;exposition professionnelle.<\/td><\/tr><tr><td><\/td><td>Une limite de dose effective de 6 MSv par an s&rsquo;applique aux \u00e9l\u00e8ves \u00e2g\u00e9s de 16 \u00e0 18 ans dont les \u00e9tudes les am\u00e8nent \u00e0 travailler avec certaines sources.<\/td><\/tr><\/tbody><\/table><\/figure>\n\n<p class=\"has-text-align-center\"><a href=\"https:\/\/alain.tuma-mashua.net\/wet\/\" data-type=\"page\" data-id=\"173\">Retour au d\u00e9but de la page<\/a><strong><br\/><\/strong><\/p>\n\n<p><\/p>\n","protected":false},"excerpt":{"rendered":"<p>Que dit la loi en Belgique ? La l\u00e9gislation actuellement en vigueur date du 20 juillet 2001. Elle est bas\u00e9e sur l&rsquo;arr\u00eat\u00e9 royal du 25 avril 1997. Vous y trouverez les lignes directrices suivantes : La dose ne doit en aucun cas d\u00e9passer la limite impos\u00e9e (voir ci-dessous). C&rsquo;est important : Limites de dose pour&hellip;&nbsp;<a href=\"https:\/\/rx.alain-dens.com\/fr\/droit\/\" rel=\"bookmark\"><span class=\"screen-reader-text\">Droit<\/span><\/a><\/p>\n","protected":false},"author":2,"featured_media":0,"parent":0,"menu_order":0,"comment_status":"closed","ping_status":"closed","template":"","meta":{"neve_meta_sidebar":"","neve_meta_container":"","neve_meta_enable_content_width":"","neve_meta_content_width":0,"neve_meta_title_alignment":"","neve_meta_author_avatar":"","neve_post_elements_order":"","neve_meta_disable_header":"","neve_meta_disable_footer":"","neve_meta_disable_title":"","footnotes":""},"class_list":["post-1892","page","type-page","status-publish","hentry"],"_links":{"self":[{"href":"https:\/\/rx.alain-dens.com\/fr\/wp-json\/wp\/v2\/pages\/1892","targetHints":{"allow":["GET"]}}],"collection":[{"href":"https:\/\/rx.alain-dens.com\/fr\/wp-json\/wp\/v2\/pages"}],"about":[{"href":"https:\/\/rx.alain-dens.com\/fr\/wp-json\/wp\/v2\/types\/page"}],"author":[{"embeddable":true,"href":"https:\/\/rx.alain-dens.com\/fr\/wp-json\/wp\/v2\/users\/2"}],"replies":[{"embeddable":true,"href":"https:\/\/rx.alain-dens.com\/fr\/wp-json\/wp\/v2\/comments?post=1892"}],"version-history":[{"count":1,"href":"https:\/\/rx.alain-dens.com\/fr\/wp-json\/wp\/v2\/pages\/1892\/revisions"}],"predecessor-version":[{"id":1893,"href":"https:\/\/rx.alain-dens.com\/fr\/wp-json\/wp\/v2\/pages\/1892\/revisions\/1893"}],"wp:attachment":[{"href":"https:\/\/rx.alain-dens.com\/fr\/wp-json\/wp\/v2\/media?parent=1892"}],"curies":[{"name":"wp","href":"https:\/\/api.w.org\/{rel}","templated":true}]}}