{"id":1886,"date":"2024-11-16T16:26:35","date_gmt":"2024-11-16T16:26:35","guid":{"rendered":"https:\/\/rx.alain-dens.com\/devoirs-de-ladministrateur-et-des-employes\/"},"modified":"2024-12-13T12:19:43","modified_gmt":"2024-12-13T12:19:43","slug":"devoirs-de-ladministrateur-et-des-employes","status":"publish","type":"page","link":"https:\/\/rx.alain-dens.com\/fr\/devoirs-de-ladministrateur-et-des-employes\/","title":{"rendered":"Devoirs de l&rsquo;administrateur et des employ\u00e9s"},"content":{"rendered":"\n<h3 class=\"wp-block-heading\"><mark style=\"background-color:var(--nv-primary-accent)\" class=\"has-inline-color has-nv-site-bg-color\"><strong>Quelles sont les obligations de l&rsquo;op\u00e9rateur (gestionnaire des appareils) ?<\/strong><\/mark><\/h3>\n\n<div class=\"wp-block-columns is-layout-flex wp-container-core-columns-is-layout-9d6595d7 wp-block-columns-is-layout-flex\">\n<div class=\"wp-block-column is-layout-flow wp-block-column-is-layout-flow\">\n<p>Il doit mettre en place un service de contr\u00f4le physique charg\u00e9 d&rsquo;\u00e9tablir et de contr\u00f4ler les mesures n\u00e9cessaires, telles que<\/p>\n\n\n\n<ul class=\"wp-block-list\">\n<li>D\u00e9limitation et signalisation des zones contr\u00f4l\u00e9es.<\/li>\n\n\n\n<li>Examen et contr\u00f4le des \u00e9quipements de protection.<\/li>\n\n\n\n<li>Formuler des propositions d&rsquo;\u00e9quipements et de pratiques de protection suppl\u00e9mentaires .<\/li>\n<\/ul>\n<\/div>\n\n\n\n<div class=\"wp-block-column is-layout-flow wp-block-column-is-layout-flow\"><div class=\"wp-block-image\">\n<figure class=\"alignright size-full is-resized\"><img loading=\"lazy\" decoding=\"async\" width=\"433\" height=\"280\" src=\"https:\/\/rx.alain-dens.com\/wp-content\/uploads\/2024\/11\/danger-signs-vector-set-radiation-260nw-2469784637.webp\" alt=\"\" class=\"wp-image-196\" style=\"width:357px;height:auto\" srcset=\"https:\/\/rx.alain-dens.com\/wp-content\/uploads\/2024\/11\/danger-signs-vector-set-radiation-260nw-2469784637.webp 433w, https:\/\/rx.alain-dens.com\/wp-content\/uploads\/2024\/11\/danger-signs-vector-set-radiation-260nw-2469784637-300x194.webp 300w\" sizes=\"auto, (max-width: 433px) 100vw, 433px\" \/><\/figure>\n<\/div><\/div>\n<\/div>\n\n<p>Les travailleurs professionnellement expos\u00e9s aux rayonnements devraient \u00eatre soumis \u00e0 des examens m\u00e9dicaux r\u00e9guliers : les \u00e9tudiants et les m\u00e9decins qui sont en contact avec les rayonnements sont \u00e9galement soumis aux m\u00eames examens.<br\/><br\/>Chaque ann\u00e9e, avant le 1er mars, un document est envoy\u00e9 au ministre pour chaque employ\u00e9, indiquant la dose encourue pour l&rsquo;ann\u00e9e \u00e9coul\u00e9e. Une des copies est ensuite envoy\u00e9e \u00e0 l&rsquo;Agence. <br\/><br\/>Chaque employ\u00e9 devrait recevoir des informations appropri\u00e9es, en particulier en ce qui concerne :<\/p>\n\n<ul class=\"wp-block-list\">\n<li>Risques pour la sant\u00e9 au travail et, le cas \u00e9ch\u00e9ant, premiers secours.<\/li>\n\n\n\n<li>Les normes de base relatives \u00e0 la protection contre l&rsquo;exposition aux rayonnements ionisants<\/li>\n\n\n\n<li>La signification des panneaux d&rsquo;avertissement, des symboles et des avis utilis\u00e9s pour d\u00e9signer et d\u00e9limiter certaines zones.<\/li>\n<\/ul>\n\n<p><br\/><br\/><br\/>En outre, une formation appropri\u00e9e, sp\u00e9cifiquement ax\u00e9e sur le lieu de travail des travailleurs, doit \u00eatre dispens\u00e9e sur l&rsquo;utilisation des appareils et des sources \u00e9mettant des rayonnements ionisants. Cette formation doit \u00eatre dispens\u00e9e \u00e0 tous les travailleurs :<\/p>\n\n<ul class=\"wp-block-list\">\n<li>Le recrutement<\/li>\n\n\n\n<li>Transfert<\/li>\n\n\n\n<li>Introduction de nouveaux \u00e9quipements de travail (par exemple, un nouvel appareil)<\/li>\n\n\n\n<li>Introduction d&rsquo;une nouvelle technologie<\/li>\n<\/ul>\n\n<figure class=\"wp-block-pullquote has-small-font-size\" style=\"border-width:1px;padding-top:0;padding-right:0;padding-bottom:0;padding-left:0\"><blockquote><p><strong>L&rsquo;information et la formation sont dispens\u00e9es pendant les heures de travail.  <\/strong><\/p><\/blockquote><\/figure>\n\n<h3 class=\"wp-block-heading\"><mark style=\"background-color:var(--nv-primary-accent)\" class=\"has-inline-color has-nv-site-bg-color\"><strong>Quelles sont les obligations des salari\u00e9s ?<\/strong><\/mark><\/h3>\n\n<p>Chaque employ\u00e9 doit respecter les r\u00e8gles de s\u00e9curit\u00e9. Il est interdit de s&rsquo;exposer inutilement aux radiations, d&rsquo;endommager ou d&rsquo;enlever les \u00e9quipements de s\u00e9curit\u00e9. <\/p>\n\n<p>Toute irr\u00e9gularit\u00e9 ou d\u00e9fectuosit\u00e9 de l&rsquo;\u00e9quipement de protection doit \u00eatre signal\u00e9e imm\u00e9diatement.<\/p>\n\n<p>En outre, chaque travailleur doit contribuer \u00e0 sa propre protection radiologique.<\/p>\n","protected":false},"excerpt":{"rendered":"<p>Quelles sont les obligations de l&rsquo;op\u00e9rateur (gestionnaire des appareils) ? Il doit mettre en place un service de contr\u00f4le physique charg\u00e9 d&rsquo;\u00e9tablir et de contr\u00f4ler les mesures n\u00e9cessaires, telles que Les travailleurs professionnellement expos\u00e9s aux rayonnements devraient \u00eatre soumis \u00e0 des examens m\u00e9dicaux r\u00e9guliers : les \u00e9tudiants et les m\u00e9decins qui sont en contact avec&hellip;&nbsp;<a href=\"https:\/\/rx.alain-dens.com\/fr\/devoirs-de-ladministrateur-et-des-employes\/\" rel=\"bookmark\"><span class=\"screen-reader-text\">Devoirs de l&rsquo;administrateur et des employ\u00e9s<\/span><\/a><\/p>\n","protected":false},"author":2,"featured_media":0,"parent":0,"menu_order":0,"comment_status":"closed","ping_status":"closed","template":"","meta":{"neve_meta_sidebar":"","neve_meta_container":"","neve_meta_enable_content_width":"","neve_meta_content_width":0,"neve_meta_title_alignment":"","neve_meta_author_avatar":"","neve_post_elements_order":"","neve_meta_disable_header":"","neve_meta_disable_footer":"","neve_meta_disable_title":"","footnotes":""},"class_list":["post-1886","page","type-page","status-publish","hentry"],"_links":{"self":[{"href":"https:\/\/rx.alain-dens.com\/fr\/wp-json\/wp\/v2\/pages\/1886","targetHints":{"allow":["GET"]}}],"collection":[{"href":"https:\/\/rx.alain-dens.com\/fr\/wp-json\/wp\/v2\/pages"}],"about":[{"href":"https:\/\/rx.alain-dens.com\/fr\/wp-json\/wp\/v2\/types\/page"}],"author":[{"embeddable":true,"href":"https:\/\/rx.alain-dens.com\/fr\/wp-json\/wp\/v2\/users\/2"}],"replies":[{"embeddable":true,"href":"https:\/\/rx.alain-dens.com\/fr\/wp-json\/wp\/v2\/comments?post=1886"}],"version-history":[{"count":1,"href":"https:\/\/rx.alain-dens.com\/fr\/wp-json\/wp\/v2\/pages\/1886\/revisions"}],"predecessor-version":[{"id":1887,"href":"https:\/\/rx.alain-dens.com\/fr\/wp-json\/wp\/v2\/pages\/1886\/revisions\/1887"}],"wp:attachment":[{"href":"https:\/\/rx.alain-dens.com\/fr\/wp-json\/wp\/v2\/media?parent=1886"}],"curies":[{"name":"wp","href":"https:\/\/api.w.org\/{rel}","templated":true}]}}