{"id":1880,"date":"2024-11-21T15:15:53","date_gmt":"2024-11-21T15:15:53","guid":{"rendered":"https:\/\/rx.alain-dens.com\/lignes-directrices\/"},"modified":"2024-12-13T12:18:35","modified_gmt":"2024-12-13T12:18:35","slug":"lignes-directrices","status":"publish","type":"page","link":"https:\/\/rx.alain-dens.com\/fr\/lignes-directrices\/","title":{"rendered":"Lignes directrices"},"content":{"rendered":"\n<p><a href=\"#scopie\">Radioscopie<\/a> &#8211; <a href=\"#grafie\">Radiographie<\/a> &#8211; <a href=\"#lokalen\">Salles<\/a> &#8211; <a href=\"#werknemer\">Employ\u00e9s<\/a><\/p>\n\n<p class=\"has-medium-font-size\" id=\"scopie\" style=\"border-style:none;border-width:0px\"><strong>Lignes directrices sp\u00e9cifiques pour les dispositifs destin\u00e9s au RADIOSCOPE :<\/strong><br\/><\/p>\n\n<figure class=\"wp-block-table aligncenter is-style-stripes\" style=\"font-size:18px\"><table><tbody><tr><td><img decoding=\"async\" alt=\"\" src=\"https:\/\/www.alain-dens.com\/angio.25.gif\"\/><\/td><td>L&rsquo;appareil doit \u00eatre \u00e9quip\u00e9 de mani\u00e8re \u00e0 ce que la personne charg\u00e9e de l&rsquo;enqu\u00eate et toute personne se trouvant \u00e0 proximit\u00e9 de l&rsquo;utilisateur soient prot\u00e9g\u00e9es contre les rayonnements directs et secondaires.<\/td><\/tr><tr><td><img decoding=\"async\" alt=\"\" src=\"https:\/\/www.alain-dens.com\/angio.25.gif\"\/><\/td><td>Le dispositif doit contenir les \u00e9l\u00e9ments n\u00e9cessaires pour limiter la section transversale du faisceau \u00e0 la plus petite valeur requise pour l&rsquo;\u00e9tude.<\/td><\/tr><tr><td><img decoding=\"async\" alt=\"\" src=\"https:\/\/www.alain-dens.com\/angio.25.gif\"\/><\/td><td>Le tube \u00e0 rayons X et l&rsquo;amplificateur de brillance doivent \u00eatre align\u00e9s et interconnect\u00e9s.<\/td><\/tr><tr><td><img decoding=\"async\" alt=\"\" src=\"https:\/\/www.alain-dens.com\/angio.25.gif\"\/><\/td><td>La radioscopie sans am\u00e9lioration de l&rsquo;image est interdite.<\/td><\/tr><\/tbody><\/table><\/figure>\n\n<p class=\"has-medium-font-size\" id=\"grafie\"><strong>Lignes directrices sp\u00e9cifiques pour les appareils destin\u00e9s \u00e0 la RADIOGRAPHIE :<\/strong><\/p>\n\n<figure class=\"wp-block-table aligncenter is-style-stripes\" style=\"font-size:18px\"><table><tbody><tr><td><img decoding=\"async\" alt=\"\" src=\"https:\/\/www.alain-dens.com\/angio.25.gif\"\/><\/td><td>Les appareils doivent \u00eatre \u00e9quip\u00e9s des \u00e9l\u00e9ments n\u00e9cessaires pour permettre une localisation pr\u00e9cise du faisceau.<\/td><\/tr><tr><td><img decoding=\"async\" alt=\"\" src=\"https:\/\/www.alain-dens.com\/angio.25.gif\"\/><\/td><td>Les zones o\u00f9 l&rsquo;utilisateur et toute autre personne doivent se trouver et qui peuvent \u00eatre expos\u00e9es aux rayonnements pendant les op\u00e9rations sont blind\u00e9es.<\/td><\/tr><\/tbody><\/table><\/figure>\n\n<p class=\"has-medium-font-size\" id=\"lokalen\"><strong>Les locaux :<\/strong><\/p>\n\n<p id=\"lokalen\" style=\"font-size:18px\"><br\/>Les locaux o\u00f9 se trouvent les installations radiologiques doivent r\u00e9pondre aux conditions suivantes :  <\/p>\n\n<figure class=\"wp-block-table is-style-stripes\" style=\"font-size:18px\"><table><tbody><tr><td><img decoding=\"async\" alt=\"\" src=\"https:\/\/www.alain-dens.com\/angio.25.gif\"\/><\/td><td>Le long de l&rsquo;ext\u00e9rieur des locaux o\u00f9 des personnes peuvent r\u00e9sider, la dose re\u00e7ue ne doit pas atteindre 0,02 MSv par semaine, dans les conditions normales de fonctionnement de l&rsquo;appareil.<\/td><\/tr><tr><td><img decoding=\"async\" alt=\"\" src=\"https:\/\/www.alain-dens.com\/angio.25.gif\"\/><\/td><td>Il doit \u00eatre possible de fermer les locaux \u00e0 cl\u00e9 sans les emp\u00eacher de quitter la pi\u00e8ce \u00e0 tout moment.<\/td><\/tr><tr><td><img decoding=\"async\" alt=\"\" src=\"https:\/\/www.alain-dens.com\/angio.25.gif\"\/><\/td><td>Le symbole de la radioactivit\u00e9 doit \u00eatre appos\u00e9 sur chaque porte.<\/td><\/tr><tr><td><img decoding=\"async\" alt=\"\" src=\"https:\/\/www.alain-dens.com\/angio.25.gif\"\/><\/td><td>Les membres du personnel, ainsi que toute personne proche de l&rsquo;utilisateur, doivent \u00eatre prot\u00e9g\u00e9s contre les rayonnements ionisants<a href=\"https:\/\/alain.tuma-mashua.net\/beschermingsmiddelen\/\" data-type=\"page\" data-id=\"177\">(comme mentionn\u00e9 ci-dessus<\/a>). Cette protection est disponible dans les locaux. <\/td><\/tr><tr><td><img decoding=\"async\" alt=\"\" src=\"https:\/\/www.alain-dens.com\/angio.25.gif\"\/><\/td><td>Les locaux doivent \u00eatre d&rsquo;une taille suffisante pour permettre une circulation ais\u00e9e autour des tables et pour que l&rsquo;utilisateur et toute autre personne restent \u00e0 une distance suffisante de la source et du faisceau utile.<\/td><\/tr><\/tbody><\/table><\/figure>\n\n<p id=\"werknemer\" style=\"font-size:18px\"><br\/>L&#8217;employ\u00e9 L&#8217;employ\u00e9 ne peut utiliser les appareils de radiologie \u00e0 des fins m\u00e9dicales que conform\u00e9ment aux instructions et sous le contr\u00f4le l\u00e9gal et la responsabilit\u00e9 d&rsquo;un m\u00e9decin agr\u00e9\u00e9. Cette licence est d\u00e9livr\u00e9e aux m\u00e9decins qui peuvent pr\u00e9senter un dipl\u00f4me, un certificat ou une attestation de comp\u00e9tence en mati\u00e8re d&rsquo;utilisation diagnostique des rayons X attestant qu&rsquo;ils ont re\u00e7u une formation universitaire d&rsquo;au moins 45 heures de th\u00e9orie et 30 heures de pratique et qu&rsquo;ils ont subi avec succ\u00e8s un contr\u00f4le des connaissances \u00e0 cet effet. <br\/><br\/>La formation couvre les techniques utilis\u00e9es en radiologie, les cons\u00e9quences m\u00e9dicales de l&rsquo;exposition aux rayonnements ionisants, les r\u00e8gles pratiques de radioprotection y compris les bases physiques, la l\u00e9gislation en mati\u00e8re de radioprotection, les m\u00e9thodes de mesure des rayonnements, l&rsquo;estimation et l&rsquo;\u00e9valuation des doses auxquelles le patient est expos\u00e9 lors d&rsquo;un examen radiologique.<br\/><br\/>Les m\u00e9decins qui utilisent des rayons X \u00e0 des fins de diagnostic m\u00e9dical sont tenus de maintenir et de perfectionner leurs connaissances et leurs comp\u00e9tences en mati\u00e8re de radioprotection dans le cadre d&rsquo;une formation continue de niveau universitaire.<br\/><br\/>L&#8217;employeur veille \u00e0 ce que chaque employ\u00e9 utilisant l&rsquo;\u00e9quipement ait re\u00e7u une formation correspondant \u00e0 son activit\u00e9 professionnelle. Sur demande, l&#8217;employeur doit pouvoir fournir \u00e0 chaque membre du personnel du service de radiologie un certificat ou une attestation de comp\u00e9tence montrant que la personne a re\u00e7u une formation appropri\u00e9e d&rsquo;un niveau au moins \u00e9quivalent \u00e0 celui de l&rsquo;enseignement sup\u00e9rieur non universitaire, portant sur un total d&rsquo;au moins 50 heures, dont au moins 10 heures de formation pratique. <br\/><br\/>Cette formation porte sur les techniques utilis\u00e9es, les cons\u00e9quences m\u00e9dicales de l&rsquo;exposition aux rayonnements ionisants, les r\u00e8gles pratiques de radioprotection, y compris leurs bases physiques, la l\u00e9gislation en mati\u00e8re de radioprotection, l&rsquo;assurance qualit\u00e9 et, en particulier, les proc\u00e9dures de contr\u00f4le de la qualit\u00e9 des \u00e9quipements utilis\u00e9s. La formation accorde une attention particuli\u00e8re aux expositions m\u00e9dicales des enfants, ou \u00e0 celles r\u00e9alis\u00e9es dans le cadre de programmes de d\u00e9pistage m\u00e9dical de la population ou impliquant des doses \u00e9lev\u00e9es telles que la radiologie interventionnelle et la tomodensitom\u00e9trie. <\/p>\n","protected":false},"excerpt":{"rendered":"<p>Radioscopie &#8211; Radiographie &#8211; Salles &#8211; Employ\u00e9s Lignes directrices sp\u00e9cifiques pour les dispositifs destin\u00e9s au RADIOSCOPE : L&rsquo;appareil doit \u00eatre \u00e9quip\u00e9 de mani\u00e8re \u00e0 ce que la personne charg\u00e9e de l&rsquo;enqu\u00eate et toute personne se trouvant \u00e0 proximit\u00e9 de l&rsquo;utilisateur soient prot\u00e9g\u00e9es contre les rayonnements directs et secondaires. Le dispositif doit contenir les \u00e9l\u00e9ments n\u00e9cessaires&hellip;&nbsp;<a href=\"https:\/\/rx.alain-dens.com\/fr\/lignes-directrices\/\" rel=\"bookmark\"><span class=\"screen-reader-text\">Lignes directrices<\/span><\/a><\/p>\n","protected":false},"author":2,"featured_media":0,"parent":0,"menu_order":0,"comment_status":"closed","ping_status":"closed","template":"","meta":{"neve_meta_sidebar":"","neve_meta_container":"","neve_meta_enable_content_width":"","neve_meta_content_width":0,"neve_meta_title_alignment":"","neve_meta_author_avatar":"","neve_post_elements_order":"","neve_meta_disable_header":"","neve_meta_disable_footer":"","neve_meta_disable_title":"","footnotes":""},"class_list":["post-1880","page","type-page","status-publish","hentry"],"_links":{"self":[{"href":"https:\/\/rx.alain-dens.com\/fr\/wp-json\/wp\/v2\/pages\/1880","targetHints":{"allow":["GET"]}}],"collection":[{"href":"https:\/\/rx.alain-dens.com\/fr\/wp-json\/wp\/v2\/pages"}],"about":[{"href":"https:\/\/rx.alain-dens.com\/fr\/wp-json\/wp\/v2\/types\/page"}],"author":[{"embeddable":true,"href":"https:\/\/rx.alain-dens.com\/fr\/wp-json\/wp\/v2\/users\/2"}],"replies":[{"embeddable":true,"href":"https:\/\/rx.alain-dens.com\/fr\/wp-json\/wp\/v2\/comments?post=1880"}],"version-history":[{"count":1,"href":"https:\/\/rx.alain-dens.com\/fr\/wp-json\/wp\/v2\/pages\/1880\/revisions"}],"predecessor-version":[{"id":1881,"href":"https:\/\/rx.alain-dens.com\/fr\/wp-json\/wp\/v2\/pages\/1880\/revisions\/1881"}],"wp:attachment":[{"href":"https:\/\/rx.alain-dens.com\/fr\/wp-json\/wp\/v2\/media?parent=1880"}],"curies":[{"name":"wp","href":"https:\/\/api.w.org\/{rel}","templated":true}]}}