{"id":1868,"date":"2024-11-14T18:23:34","date_gmt":"2024-11-14T18:23:34","guid":{"rendered":"https:\/\/rx.alain-dens.com\/soins-infirmiers-et-droit\/"},"modified":"2024-12-14T11:16:49","modified_gmt":"2024-12-14T11:16:49","slug":"soins-infirmiers-et-droit","status":"publish","type":"page","link":"https:\/\/rx.alain-dens.com\/fr\/soins-infirmiers-et-droit\/","title":{"rendered":"Soins et droit"},"content":{"rendered":"\n<div class=\"wp-block-columns is-layout-flex wp-container-core-columns-is-layout-9d6595d7 wp-block-columns-is-layout-flex\">\n<div class=\"wp-block-column is-layout-flow wp-block-column-is-layout-flow\" style=\"flex-basis:66.66%\">\n<p><br\/>Sur cette page, vous trouverez une liste aussi compl\u00e8te que possible des diff\u00e9rents textes l\u00e9gaux r\u00e9glementant les soins infirmiers et les soins en g\u00e9n\u00e9ral en <strong>Flandre.<\/strong> Chaque texte peut \u00eatre trouv\u00e9 sous la forme d&rsquo;un document PDF.<\/p>\n<\/div>\n\n\n\n<div class=\"wp-block-column is-layout-flow wp-block-column-is-layout-flow\" style=\"flex-basis:33.33%\">\n<figure class=\"wp-block-image size-full\"><img loading=\"lazy\" decoding=\"async\" width=\"900\" height=\"663\" src=\"https:\/\/rx.alain-dens.com\/wp-content\/uploads\/2024\/11\/WET.-JPG.jpg\" alt=\"\" class=\"wp-image-254\" srcset=\"https:\/\/rx.alain-dens.com\/wp-content\/uploads\/2024\/11\/WET.-JPG.jpg 900w, https:\/\/rx.alain-dens.com\/wp-content\/uploads\/2024\/11\/WET.-JPG-300x221.jpg 300w, https:\/\/rx.alain-dens.com\/wp-content\/uploads\/2024\/11\/WET.-JPG-768x566.jpg 768w\" sizes=\"auto, (max-width: 900px) 100vw, 900px\" \/><\/figure>\n<\/div>\n<\/div>\n\n<ul class=\"wp-block-list\">\n<li><a href=\"https:\/\/rx.alain-dens.com\/wp-content\/uploads\/2024\/11\/Belgische_Grondwet.pdf\" data-type=\"attachment\" data-id=\"370\" target=\"_blank\" rel=\"noreferrer noopener nofollow\">La Constitution belge<\/a><\/li>\n<\/ul>\n\n<ul class=\"wp-block-list\">\n<li><a href=\"https:\/\/rx.alain-dens.com\/wp-content\/uploads\/2024\/11\/KB_78.pdf\" target=\"_blank\" rel=\"noreferrer noopener nofollow\">AR n\u00b0 78 : relatif \u00e0 l&rsquo;exercice de la m\u00e9decine, des soins infirmiers, des professions param\u00e9dicales et des commissions m\u00e9dicales<\/a><\/li>\n<\/ul>\n\n<ul class=\"wp-block-list\">\n<li><a href=\"https:\/\/rx.alain-dens.com\/wp-content\/uploads\/2024\/11\/lijst_verpleegkundige_handelingen.pdf\" data-type=\"attachment\" data-id=\"367\" target=\"_blank\" rel=\"noreferrer noopener nofollow\">Liste des actions de soins infirmiers<\/a><\/li>\n\n\n\n<li><a href=\"https:\/\/rx.alain-dens.com\/wp-content\/uploads\/2024\/11\/Toelichting_technisch_verpleegkundige_prestatie.pdf\" data-type=\"attachment\" data-id=\"364\" target=\"_blank\" rel=\"noreferrer noopener nofollow\">Notes sur la liste des actions de soins infirmiers<\/a><\/li>\n<\/ul>\n\n<ul class=\"wp-block-list\">\n<li><a href=\"https:\/\/rx.alain-dens.com\/wp-content\/uploads\/2024\/11\/wet_op_ziekenhuizen.pdf\" data-type=\"attachment\" data-id=\"362\" target=\"_blank\" rel=\"noreferrer noopener nofollow\">Loi sur les h\u00f4pitaux<\/a><\/li>\n<\/ul>\n\n<ul class=\"wp-block-list\">\n<li><a href=\"https:\/\/rx.alain-dens.com\/wp-content\/uploads\/2024\/11\/Wet_geneesmiddelen.pdf\" data-type=\"attachment\" data-id=\"363\" target=\"_blank\" rel=\"noreferrer noopener nofollow\">Loi sur les m\u00e9dicaments<\/a><\/li>\n<\/ul>\n\n<ul class=\"wp-block-list\">\n<li><a href=\"https:\/\/rx.alain-dens.com\/wp-content\/uploads\/2024\/11\/Wet_patientenrechten.pdf\" data-type=\"attachment\" data-id=\"361\" target=\"_blank\" rel=\"noreferrer noopener nofollow\">Loi sur les droits des patients<\/a><\/li>\n<\/ul>\n\n<ul class=\"wp-block-list\">\n<li><a href=\"https:\/\/rx.alain-dens.com\/wp-content\/uploads\/2024\/11\/Euthanasiewet.pdf\" data-type=\"attachment\" data-id=\"369\" target=\"_blank\" rel=\"noreferrer noopener nofollow\">Loi sur l&rsquo;euthanasie<\/a><\/li>\n<\/ul>\n\n<ul class=\"wp-block-list\">\n<li><a href=\"https:\/\/rx.alain-dens.com\/wp-content\/uploads\/2024\/11\/radioprotectie.pdf\" data-type=\"attachment\" data-id=\"366\" target=\"_blank\" rel=\"noreferrer noopener nofollow\">Loi sur la radioprotection<\/a><\/li>\n<\/ul>\n\n<ul class=\"wp-block-list\">\n<li><a href=\"https:\/\/rx.alain-dens.com\/wp-content\/uploads\/2024\/11\/Technoloog_Medische_Beeldvorming.pdf\" data-type=\"attachment\" data-id=\"365\" target=\"_blank\" rel=\"noreferrer noopener nofollow\">Technologue en imagerie m\u00e9dicale<\/a><br\/><\/li>\n<\/ul>\n\n<p><\/p>\n","protected":false},"excerpt":{"rendered":"<p>Sur cette page, vous trouverez une liste aussi compl\u00e8te que possible des diff\u00e9rents textes l\u00e9gaux r\u00e9glementant les soins infirmiers et les soins en g\u00e9n\u00e9ral en Flandre. Chaque texte peut \u00eatre trouv\u00e9 sous la forme d&rsquo;un document PDF.<\/p>\n","protected":false},"author":2,"featured_media":0,"parent":0,"menu_order":0,"comment_status":"closed","ping_status":"closed","template":"","meta":{"neve_meta_sidebar":"","neve_meta_container":"","neve_meta_enable_content_width":"","neve_meta_content_width":0,"neve_meta_title_alignment":"","neve_meta_author_avatar":"","neve_post_elements_order":"","neve_meta_disable_header":"","neve_meta_disable_footer":"","neve_meta_disable_title":"","footnotes":""},"class_list":["post-1868","page","type-page","status-publish","hentry"],"_links":{"self":[{"href":"https:\/\/rx.alain-dens.com\/fr\/wp-json\/wp\/v2\/pages\/1868","targetHints":{"allow":["GET"]}}],"collection":[{"href":"https:\/\/rx.alain-dens.com\/fr\/wp-json\/wp\/v2\/pages"}],"about":[{"href":"https:\/\/rx.alain-dens.com\/fr\/wp-json\/wp\/v2\/types\/page"}],"author":[{"embeddable":true,"href":"https:\/\/rx.alain-dens.com\/fr\/wp-json\/wp\/v2\/users\/2"}],"replies":[{"embeddable":true,"href":"https:\/\/rx.alain-dens.com\/fr\/wp-json\/wp\/v2\/comments?post=1868"}],"version-history":[{"count":4,"href":"https:\/\/rx.alain-dens.com\/fr\/wp-json\/wp\/v2\/pages\/1868\/revisions"}],"predecessor-version":[{"id":1929,"href":"https:\/\/rx.alain-dens.com\/fr\/wp-json\/wp\/v2\/pages\/1868\/revisions\/1929"}],"wp:attachment":[{"href":"https:\/\/rx.alain-dens.com\/fr\/wp-json\/wp\/v2\/media?parent=1868"}],"curies":[{"name":"wp","href":"https:\/\/api.w.org\/{rel}","templated":true}]}}