{"id":1854,"date":"2024-11-21T16:52:06","date_gmt":"2024-11-21T16:52:06","guid":{"rendered":"https:\/\/rx.alain-dens.com\/liens\/"},"modified":"2024-12-13T12:02:54","modified_gmt":"2024-12-13T12:02:54","slug":"liens","status":"publish","type":"page","link":"https:\/\/rx.alain-dens.com\/fr\/liens\/","title":{"rendered":"Liens"},"content":{"rendered":"\n<p class=\"has-text-align-center has-nv-text-dark-bg-color has-neve-link-color-background-color has-text-color has-background has-link-color wp-elements-61df2b36aef96bb1341afb48358b00ac\" style=\"font-size:27px\"><strong><mark style=\"background-color:var(--nv-primary-accent)\" class=\"has-inline-color has-nv-text-dark-bg-color\">Liens int\u00e9ressants<\/mark> vers des informations plus d\u00e9taill\u00e9es<\/strong><\/p>\n\n<div class=\"wp-block-columns is-layout-flex wp-container-core-columns-is-layout-9d6595d7 wp-block-columns-is-layout-flex\">\n<div class=\"wp-block-column is-layout-flow wp-block-column-is-layout-flow\">\n<p class=\"has-nv-text-dark-bg-color has-neve-link-color-background-color has-text-color has-background has-link-color has-medium-font-size wp-elements-5e264178c401a8979d211597c2a1ec91\"><strong>Sites sur l&rsquo;histoire<\/strong><\/p>\n\n\n\n<figure class=\"wp-block-table is-style-stripes\"><table class=\"has-fixed-layout\"><tbody><tr><td><a href=\"https:\/\/belgiumbattlefield.be\/nl\/erfgoed\/zoek-hier-vele-erfgoed-belgie\/belgisch-museum-radiologie\" target=\"_blank\" rel=\"noreferrer noopener nofollow\">Mus\u00e9e belge de radiologie<\/a><br\/><br\/><a href=\"https:\/\/roentgenmuseum.de\/\" target=\"_blank\" rel=\"noreferrer noopener nofollow\">Mus\u00e9e allemand des rayons X<\/a><br\/><br\/><a href=\"https:\/\/www.klstjan.be\/geschiedenis-van-de-radiologie#:~:text=Sinds%20de%20ontdekking%20van%20de,CT%E2%80%91scanner%2C%20de%20MRI%E2%80%A6\" target=\"_blank\" rel=\"noreferrer noopener nofollow\">St John&rsquo;s Clinic &#8211; : histoire de la radiologie<\/a><br\/><br\/><a href=\"https:\/\/www.radhis.nl\/\" target=\"_blank\" rel=\"noreferrer noopener nofollow\">Histoire de la radiologie aux Pays-Bas<\/a><br\/><br\/><a href=\"https:\/\/radiologen.nl\/secties\/historie\" target=\"_blank\" rel=\"noreferrer noopener nofollow\">Soci\u00e9t\u00e9 n\u00e9erlandaise de radiologie : Histoire<\/a><br\/><br\/><a href=\"https:\/\/historiek.net\/wilhelm-rontgen-ontdekker-rontgenstraling\/550\/\" target=\"_blank\" rel=\"noreferrer noopener nofollow\">Wilhelm R\u00f6ntgen<\/a><br\/><br\/><a href=\"https:\/\/medischegeschiedenis.mumc.nl\/expositie-van-rontgenfoto-naar-scan-120-jaar-medische-beeldvorming\" target=\"_blank\" rel=\"noreferrer noopener nofollow\">Expo \u00ab\u00a0De la radiographie au scanner\u00a0\u00bb<\/a><br\/><br\/><\/td><\/tr><\/tbody><\/table><\/figure>\n<\/div>\n\n\n\n<div class=\"wp-block-column has-medium-font-size is-layout-flow wp-block-column-is-layout-flow\">\n<p class=\"has-nv-text-dark-bg-color has-neve-link-color-background-color has-text-color has-background has-link-color has-medium-font-size wp-elements-73c15d91167bdf316b87b6769769f1e2\"> <strong>Services de radiologie<\/strong><\/p>\n\n\n\n<figure class=\"wp-block-table is-style-stripes\"><table class=\"has-fixed-layout\"><tbody><tr><td><a href=\"https:\/\/www.zas.be\/diensten\/medische-beeldvorming\" target=\"_blank\" rel=\"noreferrer noopener nofollow\">ZAS (Anvers)<\/a><br\/><br\/><a href=\"https:\/\/radiologie-brugge.be\/\" target=\"_blank\" rel=\"noreferrer noopener nofollow\">AZ Brugge<\/a><br\/><br\/><a href=\"https:\/\/www.stlucas.be\/patienten\/zorgaanbod\/specialismen-en-multidisciplinaire-teams\/radiologie\/\" target=\"_blank\" rel=\"noreferrer noopener nofollow\">AZ Sint-Lucas<\/a><br\/><br\/><a href=\"https:\/\/azmonica.be\/zorgaanbod\/medische-diensten\/radiologie\/\" target=\"_blank\" rel=\"noreferrer noopener nofollow\">AZ Monica<\/a><br\/><br\/><a href=\"https:\/\/www.azklina.be\/zorgaanbod\/medische-diensten-en-afdelingen\/radiologie-medische-beeldvorming\" target=\"_blank\" rel=\"noreferrer noopener nofollow\">AZ Klina<\/a><br\/><br\/><a href=\"https:\/\/www.uzleuven.be\/nl\/radiologie\" target=\"_blank\" rel=\"noreferrer noopener nofollow\">UZ Leuven<\/a><br\/><br\/><a href=\"https:\/\/www.uzgent.be\/patient\/zoek-een-arts-of-dienst\/radiologie\/over-de-dienst-radiologie\" target=\"_blank\" rel=\"noreferrer noopener nofollow\">UZ Gent<\/a><br\/><br\/><a href=\"https:\/\/www.uza.be\/nl\/specialismen\/radiologie\" target=\"_blank\" rel=\"noreferrer noopener nofollow\">UZ Antwerpen<\/a><br\/><br\/><a href=\"https:\/\/www.uzbrussel.be\/web\/radiologie\/afspraak-maken\" target=\"_blank\" rel=\"noreferrer noopener nofollow\">UZ Brussel<\/a><br\/><\/td><\/tr><\/tbody><\/table><\/figure>\n<\/div>\n<\/div>\n\n<div class=\"wp-block-columns is-layout-flex wp-container-core-columns-is-layout-9d6595d7 wp-block-columns-is-layout-flex\">\n<div class=\"wp-block-column is-layout-flow wp-block-column-is-layout-flow\">\n<p class=\"has-nv-text-dark-bg-color has-neve-link-color-background-color has-text-color has-background has-link-color wp-elements-bce8dc6bde59b45696168c18d425b308\"><strong>Formation en imagerie m\u00e9dicale<\/strong><\/p>\n\n\n\n<figure class=\"wp-block-table is-style-stripes\"><table class=\"has-fixed-layout\"><tbody><tr><td><br\/><br\/><br\/><br\/><br\/><br\/><br\/><br\/><a href=\"https:\/\/www.vlaanderen.be\/opleidingsdatabank\/bachelor-in-de-medische-beeldvorming-en-radiotherapie\" target=\"_blank\" rel=\"noreferrer noopener nofollow\">Flandre : Bachelor en imagerie m\u00e9dicale et radioth\u00e9rapie<\/a><br\/><br\/><a href=\"https:\/\/www.odisee.be\/opleidingen\/medische-beeldvorming-en-radiotherapie-opleiding-voor-volwassenen#:~:text=In%20de%20opleiding%20Medische%20Beeldvorming,je%20werken%20en%20studeren%20combineren\" target=\"_blank\" rel=\"noreferrer noopener nofollow\">Odisee : Imagerie et radioth\u00e9rapie &#8211; formation pour adultes<\/a><br\/><br\/><a href=\"https:\/\/www.kdg.be\/opleidingen\/bachelor-en-graduaatsopleidingen\/medische-beeldvorming-en-radiotherapie\" target=\"_blank\" rel=\"noreferrer noopener nofollow\">KdG: Bachelor en imagerie et radioth\u00e9rapie<\/a><br\/><br\/><a href=\"https:\/\/onderwijsaanbod.kuleuven.be\/syllabi\/n\/E00D3AN.htm#activetab=doelstellingen_idp4056000\" target=\"_blank\" rel=\"noreferrer noopener nofollow\">KULeuven : Imagerie m\u00e9dicale et analyse<\/a><br\/><br\/><a href=\"https:\/\/www.hogent.be\/opleidingen\/bachelors\/medische-technologie\/\" target=\"_blank\" rel=\"noreferrer noopener nofollow\">HO Gand : Technologie m\u00e9dicale<\/a><br\/><\/td><\/tr><\/tbody><\/table><\/figure>\n<\/div>\n\n\n\n<div class=\"wp-block-column is-layout-flow wp-block-column-is-layout-flow\">\n<p class=\"has-nv-text-dark-bg-color has-neve-link-color-background-color has-text-color has-background has-link-color wp-elements-f871b26e413776f45ac3d98e3c4374dd\"><strong>Sites d&rsquo;information du gouvernement et autres liens vers le droit et la justice :<\/strong><\/p>\n\n\n\n<figure class=\"wp-block-table is-style-stripes\"><table class=\"has-fixed-layout\"><tbody><tr><td><a href=\"https:\/\/www.ejustice.just.fgov.be\/cgi\/welcome.pl\" target=\"_blank\" rel=\"noreferrer noopener nofollow\">Journal officiel belge<\/a><br\/><br\/><a href=\"https:\/\/www.health.belgium.be\/language_selection?destination=%3Cfront%3E\" target=\"_blank\" rel=\"noreferrer noopener nofollow\">SPF sant\u00e9 publique<\/a><br\/><br\/><a href=\"https:\/\/www.vlaanderen.be\/\" target=\"_blank\" rel=\"noreferrer noopener nofollow\">Gouvernement flamand<\/a><br\/><br\/><a href=\"https:\/\/be.brussels\/nl\" target=\"_blank\" rel=\"noreferrer noopener nofollow\">Gouvernement R\u00e9gion de Bruxelles-Capitale<\/a><br\/><br\/><a href=\"https:\/\/www.wallonie.be\/nl\" target=\"_blank\" rel=\"noreferrer noopener nofollow\">Gouvernement de Wallonie (nl)<\/a><br\/><br\/><a href=\"https:\/\/www.europarl.europa.eu\/portal\/nl\" target=\"_blank\" rel=\"noreferrer noopener nofollow\">Parlement europ\u00e9en<\/a><br\/><br\/><a href=\"https:\/\/www.dekamer.be\/kvvcr\/index.cfm\" target=\"_blank\" rel=\"noreferrer noopener nofollow\">Chambre des d\u00e9put\u00e9s<\/a><br\/><br\/><a href=\"https:\/\/www.senate.be\/\" target=\"_blank\" rel=\"noreferrer noopener nofollow\">S\u00e9nat<\/a><br\/><br\/><a href=\"https:\/\/www.socialsecurity.be\/\" target=\"_blank\" rel=\"noreferrer noopener nofollow\">S\u00e9curit\u00e9 sociale Belgique<\/a><br\/><br\/><a href=\"https:\/\/www.vlaanderen.be\/organisaties\/raad-van-state\" target=\"_blank\" rel=\"noreferrer noopener nofollow\">Conseil d&rsquo;\u00c9tat<\/a><br\/><br\/><a href=\"https:\/\/www.advocaat.be\/\" target=\"_blank\" rel=\"noreferrer noopener nofollow\">Avocats<\/a><br\/><br\/><a href=\"https:\/\/www.gerechtsdeurwaarders.be\/\" target=\"_blank\" rel=\"noreferrer noopener nofollow\">Huissiers de justice<\/a><br\/><br\/><a href=\"https:\/\/www.notaris.be\/#\" target=\"_blank\" rel=\"noreferrer noopener nofollow\">Notaires<\/a><br\/><\/td><\/tr><\/tbody><\/table><\/figure>\n<\/div>\n<\/div>\n\n<div class=\"wp-block-columns is-layout-flex wp-container-core-columns-is-layout-9d6595d7 wp-block-columns-is-layout-flex\">\n<div class=\"wp-block-column is-layout-flow wp-block-column-is-layout-flow\">\n<p class=\"has-nv-text-dark-bg-color has-neve-link-color-background-color has-text-color has-background has-link-color wp-elements-f7952dc414a78305c3e6f6af1f61d029\"><strong>Sites de journaux, magazines et revues<\/strong><\/p>\n\n\n\n<figure class=\"wp-block-table is-style-stripes\"><table class=\"has-fixed-layout\"><tbody><tr><td><a href=\"https:\/\/jbsr.be\/\" target=\"_blank\" rel=\"noreferrer noopener nofollow\">ournal de la Soci\u00e9t\u00e9 belge de radiologie<\/a><br\/><br\/><a href=\"https:\/\/pubs.rsna.org\/journal\/radiology\" target=\"_blank\" rel=\"noreferrer noopener nofollow\">Soci\u00e9t\u00e9 radiologique d&rsquo;Am\u00e9rique du Nord<\/a><br\/><br\/><a href=\"https:\/\/www.radiologytoday.net\/\" target=\"_blank\" rel=\"noreferrer noopener nofollow\">La radiologie aujourd&rsquo;hui<\/a><br\/><br\/><a href=\"https:\/\/www.ejradiology.com\/\" target=\"_blank\" rel=\"noreferrer noopener nofollow\">Journal europ\u00e9en de radiologie<\/a><br\/><br\/><a href=\"https:\/\/www.radmagazine.com\/\" target=\"_blank\" rel=\"noreferrer noopener nofollow\">Magazine Rad<\/a><br\/><br\/><a href=\"https:\/\/www.jacr.org\/\" target=\"_blank\" rel=\"noreferrer noopener nofollow\">Journal du Coll\u00e8ge am\u00e9ricain de radiologie<\/a><br\/><br\/><a href=\"https:\/\/www.rcr.ac.uk\/our-services\/all-our-publications\/journals\/clinical-radiology-journal\/\" target=\"_blank\" rel=\"noreferrer noopener nofollow\">Journal de radiologie clinique<\/a><br\/><br\/><a href=\"https:\/\/www.ajronline.org\/\" target=\"_blank\" rel=\"noreferrer noopener nofollow\">American Journal of Roentgen Technology (Journal am\u00e9ricain de la technologie Roentgen)<\/a><br\/><br\/><a href=\"https:\/\/bir.org.uk\/publications\/journals.aspx\" target=\"_blank\" rel=\"noreferrer noopener nofollow\">Institut britannique de radiologie<\/a><br\/><\/td><\/tr><\/tbody><\/table><\/figure>\n<\/div>\n\n\n\n<div class=\"wp-block-column is-layout-flow wp-block-column-is-layout-flow\"><\/div>\n<\/div>\n\n<p><a href=\"http:\/\/validator.w3.org\/check\/referer\"><\/a><\/p>\n","protected":false},"excerpt":{"rendered":"<p>Liens int\u00e9ressants vers des informations plus d\u00e9taill\u00e9es Sites sur l&rsquo;histoire Mus\u00e9e belge de radiologie Mus\u00e9e allemand des rayons X St John&rsquo;s Clinic &#8211; : histoire de la radiologie Histoire de la radiologie aux Pays-Bas Soci\u00e9t\u00e9 n\u00e9erlandaise de radiologie : Histoire Wilhelm R\u00f6ntgen Expo \u00ab\u00a0De la radiographie au scanner\u00a0\u00bb Services de radiologie ZAS (Anvers) AZ Brugge&hellip;&nbsp;<a href=\"https:\/\/rx.alain-dens.com\/fr\/liens\/\" rel=\"bookmark\"><span class=\"screen-reader-text\">Liens<\/span><\/a><\/p>\n","protected":false},"author":2,"featured_media":0,"parent":0,"menu_order":0,"comment_status":"closed","ping_status":"closed","template":"","meta":{"neve_meta_sidebar":"","neve_meta_container":"","neve_meta_enable_content_width":"","neve_meta_content_width":0,"neve_meta_title_alignment":"","neve_meta_author_avatar":"","neve_post_elements_order":"","neve_meta_disable_header":"","neve_meta_disable_footer":"","neve_meta_disable_title":"","footnotes":""},"class_list":["post-1854","page","type-page","status-publish","hentry"],"_links":{"self":[{"href":"https:\/\/rx.alain-dens.com\/fr\/wp-json\/wp\/v2\/pages\/1854","targetHints":{"allow":["GET"]}}],"collection":[{"href":"https:\/\/rx.alain-dens.com\/fr\/wp-json\/wp\/v2\/pages"}],"about":[{"href":"https:\/\/rx.alain-dens.com\/fr\/wp-json\/wp\/v2\/types\/page"}],"author":[{"embeddable":true,"href":"https:\/\/rx.alain-dens.com\/fr\/wp-json\/wp\/v2\/users\/2"}],"replies":[{"embeddable":true,"href":"https:\/\/rx.alain-dens.com\/fr\/wp-json\/wp\/v2\/comments?post=1854"}],"version-history":[{"count":1,"href":"https:\/\/rx.alain-dens.com\/fr\/wp-json\/wp\/v2\/pages\/1854\/revisions"}],"predecessor-version":[{"id":1855,"href":"https:\/\/rx.alain-dens.com\/fr\/wp-json\/wp\/v2\/pages\/1854\/revisions\/1855"}],"wp:attachment":[{"href":"https:\/\/rx.alain-dens.com\/fr\/wp-json\/wp\/v2\/media?parent=1854"}],"curies":[{"name":"wp","href":"https:\/\/api.w.org\/{rel}","templated":true}]}}