{"id":1848,"date":"2024-11-14T18:23:34","date_gmt":"2024-11-14T18:23:34","guid":{"rendered":"https:\/\/rx.alain-dens.com\/informations-pour-le-patient\/"},"modified":"2024-12-13T11:41:00","modified_gmt":"2024-12-13T11:41:00","slug":"informations-pour-le-patient","status":"publish","type":"page","link":"https:\/\/rx.alain-dens.com\/fr\/informations-pour-le-patient\/","title":{"rendered":"Informations pour le patient"},"content":{"rendered":"\n<p>Nous avons \u00e9galement divis\u00e9 les informations destin\u00e9es aux patients en cinq zones. Appuyez sur un bloc ou une image de votre choix. <\/p>\n\n<div class=\"wp-block-columns is-layout-flex wp-container-core-columns-is-layout-9d6595d7 wp-block-columns-is-layout-flex\" style=\"border-width:1px\">\n<div class=\"wp-block-column is-layout-flow wp-block-column-is-layout-flow\" style=\"flex-basis:33.33%\">\n<div class=\"wp-block-buttons is-layout-flex wp-block-buttons-is-layout-flex\">\n<div class=\"wp-block-button is-style-primary\"><a class=\"wp-block-button__link wp-element-button\" href=\"https:\/\/rx.alain-dens.com\/fr\/i-p-radiologie\/\">Radiologie<\/a><\/div>\n\n\n\n<div class=\"wp-block-button is-style-primary\"><a class=\"wp-block-button__link wp-element-button\" href=\"https:\/\/rx.alain-dens.com\/fr\/i-p-echographie\/\">\u00c9chographie<\/a><\/div>\n\n\n\n<div class=\"wp-block-button is-style-primary\"><a class=\"wp-block-button__link wp-element-button\" href=\"https:\/\/rx.alain-dens.com\/fr\/i-p-ct-scan\/\">CT-SCAN  <\/a><\/div>\n\n\n\n<div class=\"wp-block-button is-style-primary\"><a class=\"wp-block-button__link wp-element-button\" href=\"https:\/\/rx.alain-dens.com\/fr\/angiographie-p-i\/\">Angiographie<\/a><\/div>\n\n\n\n<div class=\"wp-block-button is-style-primary\"><a class=\"wp-block-button__link wp-element-button\" href=\"https:\/\/rx.alain-dens.com\/fr\/i-p-irm\/\">IRM<\/a><\/div>\n<\/div>\n<\/div>\n\n\n\n<div class=\"wp-block-column is-layout-flow wp-block-column-is-layout-flow\" style=\"flex-basis:66.66%\">\n<pre class=\"wp-block-preformatted\"><a href=\"https:\/\/rx.alain-dens.com\/fr\/i-p-radiologie\/\" data-type=\"page\" data-id=\"384\"><img loading=\"lazy\" decoding=\"async\" width=\"150\" height=\"100\" class=\"wp-image-425\" style=\"width: 150px;\" src=\"https:\/\/rx.alain-dens.com\/wp-content\/uploads\/2024\/11\/radiografiezaal.jpeg\" alt=\"\"\/><\/a><a href=\"https:\/\/rx.alain-dens.com\/fr\/i-p-echographie\/\" data-type=\"page\" data-id=\"386\"><img loading=\"lazy\" decoding=\"async\" width=\"134\" height=\"101\" class=\"wp-image-236\" style=\"width: 134px;\" src=\"https:\/\/rx.alain-dens.com\/wp-content\/uploads\/2024\/11\/echografie.jpg\" alt=\"\" srcset=\"https:\/\/rx.alain-dens.com\/wp-content\/uploads\/2024\/11\/echografie.jpg 1440w, https:\/\/rx.alain-dens.com\/wp-content\/uploads\/2024\/11\/echografie-300x225.jpg 300w, https:\/\/rx.alain-dens.com\/wp-content\/uploads\/2024\/11\/echografie-1024x768.jpg 1024w, https:\/\/rx.alain-dens.com\/wp-content\/uploads\/2024\/11\/echografie-768x576.jpg 768w\" sizes=\"auto, (max-width: 134px) 100vw, 134px\" \/><\/a><a href=\"https:\/\/rx.alain-dens.com\/fr\/i-p-ct-scan\/\" data-type=\"page\" data-id=\"388\"><img loading=\"lazy\" decoding=\"async\" width=\"150\" height=\"100\" class=\"wp-image-232\" style=\"width: 150px;\" src=\"https:\/\/rx.alain-dens.com\/wp-content\/uploads\/2024\/11\/CT-UZA.png\" alt=\"\" srcset=\"https:\/\/rx.alain-dens.com\/wp-content\/uploads\/2024\/11\/CT-UZA.png 920w, https:\/\/rx.alain-dens.com\/wp-content\/uploads\/2024\/11\/CT-UZA-300x200.png 300w, https:\/\/rx.alain-dens.com\/wp-content\/uploads\/2024\/11\/CT-UZA-768x512.png 768w\" sizes=\"auto, (max-width: 150px) 100vw, 150px\" \/><\/a><a href=\"https:\/\/rx.alain-dens.comp-i-angiografie\/\" data-type=\"page\" data-id=\"390\"><img loading=\"lazy\" decoding=\"async\" width=\"130\" height=\"100\" class=\"wp-image-426\" style=\"width: 130px;\" src=\"https:\/\/rx.alain-dens.com\/wp-content\/uploads\/2024\/11\/Angiografiezaal.jpeg\" alt=\"\"\/><\/a><a href=\"https:\/\/rx.alain-dens.com\/fr\/i-p-irm\/\" data-type=\"page\" data-id=\"392\"><img loading=\"lazy\" decoding=\"async\" width=\"134\" height=\"101\" class=\"wp-image-244\" style=\"width: 134px;\" src=\"https:\/\/rx.alain-dens.com\/wp-content\/uploads\/2024\/11\/1280px-Modern_3T_MRI.jpg\" alt=\"\" srcset=\"https:\/\/rx.alain-dens.com\/wp-content\/uploads\/2024\/11\/1280px-Modern_3T_MRI.jpg 1280w, https:\/\/rx.alain-dens.com\/wp-content\/uploads\/2024\/11\/1280px-Modern_3T_MRI-300x225.jpg 300w, https:\/\/rx.alain-dens.com\/wp-content\/uploads\/2024\/11\/1280px-Modern_3T_MRI-1024x768.jpg 1024w, https:\/\/rx.alain-dens.com\/wp-content\/uploads\/2024\/11\/1280px-Modern_3T_MRI-768x576.jpg 768w\" sizes=\"auto, (max-width: 134px) 100vw, 134px\" \/><\/a><\/pre>\n<\/div>\n<\/div>\n\n<p><\/p>\n","protected":false},"excerpt":{"rendered":"<p>Nous avons \u00e9galement divis\u00e9 les informations destin\u00e9es aux patients en cinq zones. Appuyez sur un bloc ou une image de votre choix.<\/p>\n","protected":false},"author":2,"featured_media":0,"parent":0,"menu_order":0,"comment_status":"closed","ping_status":"closed","template":"","meta":{"neve_meta_sidebar":"","neve_meta_container":"","neve_meta_enable_content_width":"","neve_meta_content_width":0,"neve_meta_title_alignment":"","neve_meta_author_avatar":"","neve_post_elements_order":"","neve_meta_disable_header":"","neve_meta_disable_footer":"","neve_meta_disable_title":"","footnotes":""},"class_list":["post-1848","page","type-page","status-publish","hentry"],"_links":{"self":[{"href":"https:\/\/rx.alain-dens.com\/fr\/wp-json\/wp\/v2\/pages\/1848","targetHints":{"allow":["GET"]}}],"collection":[{"href":"https:\/\/rx.alain-dens.com\/fr\/wp-json\/wp\/v2\/pages"}],"about":[{"href":"https:\/\/rx.alain-dens.com\/fr\/wp-json\/wp\/v2\/types\/page"}],"author":[{"embeddable":true,"href":"https:\/\/rx.alain-dens.com\/fr\/wp-json\/wp\/v2\/users\/2"}],"replies":[{"embeddable":true,"href":"https:\/\/rx.alain-dens.com\/fr\/wp-json\/wp\/v2\/comments?post=1848"}],"version-history":[{"count":1,"href":"https:\/\/rx.alain-dens.com\/fr\/wp-json\/wp\/v2\/pages\/1848\/revisions"}],"predecessor-version":[{"id":1849,"href":"https:\/\/rx.alain-dens.com\/fr\/wp-json\/wp\/v2\/pages\/1848\/revisions\/1849"}],"wp:attachment":[{"href":"https:\/\/rx.alain-dens.com\/fr\/wp-json\/wp\/v2\/media?parent=1848"}],"curies":[{"name":"wp","href":"https:\/\/api.w.org\/{rel}","templated":true}]}}