{"id":1834,"date":"2024-11-18T19:48:42","date_gmt":"2024-11-18T19:48:42","guid":{"rendered":"https:\/\/rx.alain-dens.com\/i-p-irm\/"},"modified":"2024-12-13T11:26:17","modified_gmt":"2024-12-13T11:26:17","slug":"i-p-irm","status":"publish","type":"page","link":"https:\/\/rx.alain-dens.com\/fr\/i-p-irm\/","title":{"rendered":"I.P. IRM"},"content":{"rendered":"\n<p class=\"has-text-align-center has-neve-link-color-color has-text-color has-link-color has-large-font-size wp-elements-e9318c622e5de2c756cce2bf85e8456b\"><strong><br\/>Information des patients et r\u00e9sonance magn\u00e9tique<\/strong><strong><\/strong><\/p>\n\n<p><\/p>\n\n<p class=\"has-text-align-center\"><img decoding=\"async\" src=\"https:\/\/www.alain-dens.com\/mri.ht26.jpg\" alt=\"exemple d'image IRM\"\/><\/p>\n\n<p style=\"font-size:28px\"><br\/><strong>Avantages et inconv\u00e9nients de la r\u00e9sonance magn\u00e9tique<\/strong><\/p>\n\n<p class=\"has-medium-font-size\"><br\/><strong><em>Avantages :<\/em><\/strong><\/p>\n\n<figure class=\"wp-block-table aligncenter is-style-stripes\"><table><tbody><tr><td><img decoding=\"async\" src=\"https:\/\/www.alain-dens.com\/angio.25.gif\" alt=\"\"\/><\/td><td>R\u00e9solution de contraste \u00e9lev\u00e9 entre les tissus<\/td><\/tr><tr><td><img decoding=\"async\" alt=\"\" src=\"https:\/\/www.alain-dens.com\/angio.25.gif\"\/><\/td><td>Possibilit\u00e9 d&rsquo;imagerie dans diff\u00e9rents plans<\/td><\/tr><tr><td><img decoding=\"async\" alt=\"\" src=\"https:\/\/www.alain-dens.com\/angio.25.gif\"\/><\/td><td>Pas de radiations ionisantes<\/td><\/tr><tr><td><img decoding=\"async\" alt=\"\" src=\"https:\/\/www.alain-dens.com\/angio.25.gif\"\/><\/td><td>A ce jour, aucune r\u00e9action allergique connue aux produits de contraste utilis\u00e9s n&rsquo;a \u00e9t\u00e9 constat\u00e9e.<\/td><\/tr><\/tbody><\/table><\/figure>\n\n<p class=\"has-medium-font-size\"><strong><em><br\/>Inconv\u00e9nients :<\/em><\/strong><\/p>\n\n<figure class=\"wp-block-table aligncenter is-style-stripes\"><table><tbody><tr><td><img decoding=\"async\" alt=\"\" src=\"https:\/\/www.alain-dens.com\/angio.25.gif\"\/><\/td><td>L&rsquo;\u00e9troitesse du tube d&rsquo;examen, dans lequel le patient doit entrer, est parfois source de claustrophobie.<\/td><\/tr><tr><td><img decoding=\"async\" alt=\"\" src=\"https:\/\/www.alain-dens.com\/angio.25.gif\"\/><\/td><td>Des d\u00e9lais d&rsquo;examen plus longs<\/td><\/tr><tr><td><img decoding=\"async\" alt=\"\" src=\"https:\/\/www.alain-dens.com\/angio.25.gif\"\/><\/td><td>Ce n&rsquo;est pas une technique efficace pour l&rsquo;examen des organes mobiles, tels que le c\u0153ur, les intestins, etc&#8230;<\/td><\/tr><tr><td><img decoding=\"async\" alt=\"\" src=\"https:\/\/www.alain-dens.com\/angio.25.gif\"\/><\/td><td>Une technologie plus co\u00fbteuse<\/td><\/tr><tr><td><img decoding=\"async\" alt=\"\" src=\"https:\/\/www.alain-dens.com\/angio.25.gif\"\/><\/td><td>NON applicable aux patients ayant des proth\u00e8ses m\u00e9talliques et\/ou des clips (vasculaires) post-op\u00e9ratoires.<\/td><\/tr><\/tbody><\/table><\/figure>\n\n<p class=\"has-medium-font-size\"><strong><em><br\/>Pr\u00e9paration du patient :<\/em><\/strong><\/p>\n\n<p>Avant et pendant l&rsquo;examen de l&rsquo;IRM, il ne faut pas \u00eatre \u00e0 jeun. Cependant, il est tr\u00e8s IMPORTANT que le patient se s\u00e9pare de tous les objets m\u00e9talliques qu&rsquo;il a sur lui avant d&rsquo;entrer dans la salle de balayage magn\u00e9tique. <br\/>Il s&rsquo;agit d&rsquo;un \u00e9lectro-aimant g\u00e9ant et le moindre objet m\u00e9tallique peut devenir un projectile dangereux en raison de sa vitesse. L&rsquo;examen dure en moyenne 10 \u00e0 20 minutes. Pendant ce temps, le patient doit rester calmement dans le \u00ab\u00a0tunnel\u00a0\u00bb. Comme l&rsquo;appareil fait beaucoup de bruit, il est n\u00e9cessaire de se prot\u00e9ger les oreilles. Pour ce faire, il faut utiliser des protections auditives ou des bouchons d&rsquo;oreille. <br\/>La partie du corps \u00e0 examiner peut \u00eatre envelopp\u00e9e d&rsquo;une pi\u00e8ce cylindrique, c&rsquo;est l&rsquo;antenne n\u00e9cessaire pour obtenir une bonne imagerie. Par s\u00e9curit\u00e9, le patient re\u00e7oit une petite \u00ab\u00a0poire\u00a0\u00bb, qu&rsquo;il peut utiliser pour donner l&rsquo;alerte au personnel soignant en cas d&rsquo;urgence. Ceci, par exemple, en cas de claustrophobie aigu\u00eb.<\/p>\n\n<p style=\"font-size:28px\"><strong><em><br\/>Indications pour un examen IRM :<\/em><\/strong><\/p>\n\n<figure class=\"wp-block-table aligncenter is-style-stripes\"><table><tbody><tr><td><img decoding=\"async\" alt=\"\" src=\"https:\/\/www.alain-dens.com\/angio.25.gif\"\/><\/td><td>L&rsquo;IRM est sans aucun doute l&rsquo;une des meilleures m\u00e9thodes pour d\u00e9tecter les troubles neurologiques, pensez aux scanners du cerveau et de la moelle \u00e9pini\u00e8re.<\/td><\/tr><tr><td><img decoding=\"async\" alt=\"\" src=\"https:\/\/www.alain-dens.com\/angio.25.gif\"\/><\/td><td>D\u00e9tection des l\u00e9sions des os, des tendons et des muscles, ainsi que, par exemple, du m\u00e9nisque.<\/td><\/tr><tr><td><img decoding=\"async\" alt=\"\" src=\"https:\/\/www.alain-dens.com\/angio.25.gif\"\/><\/td><td>L&rsquo;\u00e9tude des nerfs auditifs et de l&rsquo;oreille interne est une autre application de l&rsquo;IRM.<\/td><\/tr><tr><td><img decoding=\"async\" alt=\"\" src=\"https:\/\/www.alain-dens.com\/angio.25.gif\"\/><\/td><td>En outre, l&rsquo;IRM est souvent utilis\u00e9e pour obtenir une \u00e9valuation plus approfondie des l\u00e9sions d\u00e9j\u00e0 d\u00e9tect\u00e9es par une autre technique. Comme, par exemple, une l\u00e9sion du foie ou de la poitrine.<\/td><\/tr><tr><td><img decoding=\"async\" alt=\"\" src=\"https:\/\/www.alain-dens.com\/angio.25.gif\"\/><\/td><td>Une autre application qui remplace progressivement les techniques conventionnelles est l&rsquo;angiographie par RM, qui permet d&rsquo;\u00e9valuer les vaisseaux sanguins. Dans ce cas, une bonne image du trac\u00e9 et de la forme des vaisseaux sanguins peut \u00eatre obtenue avec un minimum de contraste. La reconstruction en 3D peut donner une bonne id\u00e9e de l&rsquo;\u00e9tat des vaisseaux sanguins dans une r\u00e9gion donn\u00e9e.<\/td><\/tr><\/tbody><\/table><\/figure>\n","protected":false},"excerpt":{"rendered":"<p>Information des patients et r\u00e9sonance magn\u00e9tique Avantages et inconv\u00e9nients de la r\u00e9sonance magn\u00e9tique Avantages : R\u00e9solution de contraste \u00e9lev\u00e9 entre les tissus Possibilit\u00e9 d&rsquo;imagerie dans diff\u00e9rents plans Pas de radiations ionisantes A ce jour, aucune r\u00e9action allergique connue aux produits de contraste utilis\u00e9s n&rsquo;a \u00e9t\u00e9 constat\u00e9e. Inconv\u00e9nients : L&rsquo;\u00e9troitesse du tube d&rsquo;examen, dans lequel le&hellip;&nbsp;<a href=\"https:\/\/rx.alain-dens.com\/fr\/i-p-irm\/\" rel=\"bookmark\"><span class=\"screen-reader-text\">I.P. IRM<\/span><\/a><\/p>\n","protected":false},"author":2,"featured_media":0,"parent":0,"menu_order":0,"comment_status":"closed","ping_status":"closed","template":"","meta":{"neve_meta_sidebar":"","neve_meta_container":"","neve_meta_enable_content_width":"","neve_meta_content_width":0,"neve_meta_title_alignment":"","neve_meta_author_avatar":"","neve_post_elements_order":"","neve_meta_disable_header":"","neve_meta_disable_footer":"","neve_meta_disable_title":"","footnotes":""},"class_list":["post-1834","page","type-page","status-publish","hentry"],"_links":{"self":[{"href":"https:\/\/rx.alain-dens.com\/fr\/wp-json\/wp\/v2\/pages\/1834","targetHints":{"allow":["GET"]}}],"collection":[{"href":"https:\/\/rx.alain-dens.com\/fr\/wp-json\/wp\/v2\/pages"}],"about":[{"href":"https:\/\/rx.alain-dens.com\/fr\/wp-json\/wp\/v2\/types\/page"}],"author":[{"embeddable":true,"href":"https:\/\/rx.alain-dens.com\/fr\/wp-json\/wp\/v2\/users\/2"}],"replies":[{"embeddable":true,"href":"https:\/\/rx.alain-dens.com\/fr\/wp-json\/wp\/v2\/comments?post=1834"}],"version-history":[{"count":1,"href":"https:\/\/rx.alain-dens.com\/fr\/wp-json\/wp\/v2\/pages\/1834\/revisions"}],"predecessor-version":[{"id":1835,"href":"https:\/\/rx.alain-dens.com\/fr\/wp-json\/wp\/v2\/pages\/1834\/revisions\/1835"}],"wp:attachment":[{"href":"https:\/\/rx.alain-dens.com\/fr\/wp-json\/wp\/v2\/media?parent=1834"}],"curies":[{"name":"wp","href":"https:\/\/api.w.org\/{rel}","templated":true}]}}