{"id":1828,"date":"2024-11-18T19:47:20","date_gmt":"2024-11-18T19:47:20","guid":{"rendered":"https:\/\/rx.alain-dens.com\/i-p-echographie\/"},"modified":"2024-12-13T11:24:19","modified_gmt":"2024-12-13T11:24:19","slug":"i-p-echographie","status":"publish","type":"page","link":"https:\/\/rx.alain-dens.com\/fr\/i-p-echographie\/","title":{"rendered":"I.P. \u00c9chographie"},"content":{"rendered":"\n<figure class=\"wp-block-table is-style-stripes\"><table><tbody><tr><td class=\"has-text-align-center\" data-align=\"center\"><img decoding=\"async\" src=\"https:\/\/www.alain-dens.com\/Echo%20lever.jpg\" alt=\"&#xE9;cho foie\" style=\"\"\/><\/td><td class=\"has-text-align-center\" data-align=\"center\"><img decoding=\"async\" alt=\"machine &#xE0; ultrasons\" src=\"https:\/\/www.alain-dens.com\/echotoestel.jpg\"\/><br\/><\/td><td class=\"has-text-align-center\" data-align=\"center\"><img decoding=\"async\" alt=\"&#xE9;chographie pr&#xE9;natale\" src=\"https:\/\/www.alain-dens.com\/echogr20.gif\"\/><\/td><\/tr><\/tbody><\/table><\/figure>\n\n<p style=\"font-size:18px\">Les ultrasons permettent d&rsquo;examiner n&rsquo;importe quel tissu du corps, \u00e0 condition qu&rsquo;il ne soit pas \u00ab\u00a0cach\u00e9\u00a0\u00bb derri\u00e8re un os ou de l&rsquo;air, par exemple. Le principal avantage de l&rsquo;\u00e9chographie est qu&rsquo;elle n&rsquo;est pas invasive. En fait, cela ne fait pas mal.<\/p>\n\n<p style=\"font-size:28px\"><strong><em>Indications<\/em><\/strong>:<\/p>\n\n<figure class=\"wp-block-table aligncenter is-style-stripes has-medium-font-size\"><table><tbody><tr><td><img decoding=\"async\" src=\"https:\/\/www.alain-dens.com\/angio.25.gif\" alt=\"\"\/><\/td><td>Compl\u00e9ter un essai clinique<\/td><\/tr><tr><td><img decoding=\"async\" alt=\"\" src=\"https:\/\/www.alain-dens.com\/angio.25.gif\"\/><\/td><td>En cas de suspicion de l\u00e9sion musculaire ou tendineuse<\/td><\/tr><tr><td><img decoding=\"async\" alt=\"\" src=\"https:\/\/www.alain-dens.com\/angio.25.gif\"\/><\/td><td>Objectiver l&rsquo;apport sanguin d&rsquo;une structure donn\u00e9e<\/td><\/tr><tr><td><img decoding=\"async\" alt=\"\" src=\"https:\/\/www.alain-dens.com\/angio.25.gif\"\/><\/td><td>D\u00e9tecter les accumulations de liquide (kyste vbn., h\u00e9morragie,&#8230;)<\/td><\/tr><tr><td><img decoding=\"async\" alt=\"\" src=\"https:\/\/www.alain-dens.com\/angio.25.gif\"\/><\/td><td>Pour \u00e9valuer la forme et la taille des organes internes (par exemple, la rate, le foie, le pancr\u00e9as, les reins, l&rsquo;appendice,&#8230;)<\/td><\/tr><tr><td><img decoding=\"async\" alt=\"\" src=\"https:\/\/www.alain-dens.com\/angio.25.gif\"\/><\/td><td>Suivi de la croissance du f\u0153tus pendant la grossesse<\/td><\/tr><\/tbody><\/table><\/figure>\n\n<p style=\"font-size:28px\"><strong><em>Pr\u00e9paration<\/em><\/strong><small>:<\/small><\/p>\n\n<p style=\"font-size:18px\"><br\/>\u00c0 l&rsquo;exception de l&rsquo;examen de l&rsquo;abdomen o\u00f9 il faut pouvoir \u00e9valuer la vessie, aucune pr\u00e9paration sp\u00e9cifique n&rsquo;est n\u00e9cessaire. Lors de l&rsquo;\u00e9valuation de la vessie, il est important qu&rsquo;elle soit pleine.<\/p>\n\n<p style=\"font-size:28px\"><strong><em>Soins de suivi :<\/em><\/strong><\/p>\n\n<p style=\"font-size:18px\">Un suivi sp\u00e9cifique est n\u00e9cessaire.<br\/><br\/><\/p>\n","protected":false},"excerpt":{"rendered":"<p>Les ultrasons permettent d&rsquo;examiner n&rsquo;importe quel tissu du corps, \u00e0 condition qu&rsquo;il ne soit pas \u00ab\u00a0cach\u00e9\u00a0\u00bb derri\u00e8re un os ou de l&rsquo;air, par exemple. Le principal avantage de l&rsquo;\u00e9chographie est qu&rsquo;elle n&rsquo;est pas invasive. En fait, cela ne fait pas mal. Indications: Compl\u00e9ter un essai clinique En cas de suspicion de l\u00e9sion musculaire ou tendineuse&hellip;&nbsp;<a href=\"https:\/\/rx.alain-dens.com\/fr\/i-p-echographie\/\" rel=\"bookmark\"><span class=\"screen-reader-text\">I.P. \u00c9chographie<\/span><\/a><\/p>\n","protected":false},"author":2,"featured_media":0,"parent":0,"menu_order":0,"comment_status":"closed","ping_status":"closed","template":"","meta":{"neve_meta_sidebar":"","neve_meta_container":"","neve_meta_enable_content_width":"","neve_meta_content_width":0,"neve_meta_title_alignment":"","neve_meta_author_avatar":"","neve_post_elements_order":"","neve_meta_disable_header":"","neve_meta_disable_footer":"","neve_meta_disable_title":"","footnotes":""},"class_list":["post-1828","page","type-page","status-publish","hentry"],"_links":{"self":[{"href":"https:\/\/rx.alain-dens.com\/fr\/wp-json\/wp\/v2\/pages\/1828","targetHints":{"allow":["GET"]}}],"collection":[{"href":"https:\/\/rx.alain-dens.com\/fr\/wp-json\/wp\/v2\/pages"}],"about":[{"href":"https:\/\/rx.alain-dens.com\/fr\/wp-json\/wp\/v2\/types\/page"}],"author":[{"embeddable":true,"href":"https:\/\/rx.alain-dens.com\/fr\/wp-json\/wp\/v2\/users\/2"}],"replies":[{"embeddable":true,"href":"https:\/\/rx.alain-dens.com\/fr\/wp-json\/wp\/v2\/comments?post=1828"}],"version-history":[{"count":1,"href":"https:\/\/rx.alain-dens.com\/fr\/wp-json\/wp\/v2\/pages\/1828\/revisions"}],"predecessor-version":[{"id":1829,"href":"https:\/\/rx.alain-dens.com\/fr\/wp-json\/wp\/v2\/pages\/1828\/revisions\/1829"}],"wp:attachment":[{"href":"https:\/\/rx.alain-dens.com\/fr\/wp-json\/wp\/v2\/media?parent=1828"}],"curies":[{"name":"wp","href":"https:\/\/api.w.org\/{rel}","templated":true}]}}