{"id":1822,"date":"2024-11-18T19:47:43","date_gmt":"2024-11-18T19:47:43","guid":{"rendered":"https:\/\/rx.alain-dens.com\/i-p-ct-scan\/"},"modified":"2024-12-13T11:21:45","modified_gmt":"2024-12-13T11:21:45","slug":"i-p-ct-scan","status":"publish","type":"page","link":"https:\/\/rx.alain-dens.com\/fr\/i-p-ct-scan\/","title":{"rendered":"I.P.. CT-SCAN"},"content":{"rendered":"\n<p class=\"has-text-align-center has-neve-link-color-color has-text-color has-link-color has-large-font-size wp-elements-85099c7fd1d0450493266f44d4d181e2\" id=\"c-top\"><strong>Information du patient et tomodensitom\u00e9trie (TDM ou CT-scan)<\/strong><\/p>\n\n<p class=\"has-text-align-center\" id=\"c-top\"><br\/><br\/><img decoding=\"async\" src=\"https:\/\/www.alain-dens.com\/ct-scanner.jpg\" alt=\"exemple de scanner ct\"\/><br\/><br\/><br\/><br\/><br\/>Quels sont les examens pratiqu\u00e9s lors de la tomodensitom\u00e9trie ? Quels sont les pr\u00e9paratifs et les suites \u00e0 donner ? Les diff\u00e9rents examens ont \u00e9t\u00e9 plac\u00e9s ici en fonction de leur localisation anatomique : de la t\u00eate aux pieds.<\/p>\n\n<p>Navigation : <a href=\"#c-hoofd\">T\u00eate<\/a> &#8211; <a href=\"#c-hals\">Cou<\/a> &#8211; <a href=\"#c-wervel\">Colonne vert\u00e9brale<\/a> &#8211; <a href=\"#c-thorax\">Thorax<\/a> &#8211; <a href=\"#c-abdo\">Abdomen\/bassin<\/a> &#8211; <a href=\"#c-skelet\">Squelette<\/a><\/p>\n\n<p class=\"has-text-align-center\"><\/p>\n\n<p id=\"c-hoofd\" style=\"font-size:28px\"><strong>Tomodensitom\u00e9trie de la t\u00eate<\/strong><\/p>\n\n<div class=\"wp-block-columns is-layout-flex wp-container-core-columns-is-layout-9d6595d7 wp-block-columns-is-layout-flex\">\n<div class=\"wp-block-column is-layout-flow wp-block-column-is-layout-flow\" style=\"flex-basis:33.33%\">\n<figure class=\"wp-block-image size-full is-resized\"><img loading=\"lazy\" decoding=\"async\" width=\"150\" height=\"184\" src=\"https:\/\/rx.alain-dens.com\/wp-content\/uploads\/2024\/11\/ct_schedel.jpg\" alt=\"\" class=\"wp-image-704\" style=\"width:265px;height:auto\"\/><\/figure>\n<\/div>\n\n\n\n<div class=\"wp-block-column is-layout-flow wp-block-column-is-layout-flow\" style=\"flex-basis:66.66%\">\n<p>Une tomodensitom\u00e9trie du cerveau peut \u00eatre r\u00e9alis\u00e9e avec ou sans administration de produit de contraste. La m\u00e9thode utilis\u00e9e d\u00e9pend de l&rsquo;indication. Dans certains cas, il peut \u00eatre appropri\u00e9 de r\u00e9aliser l&rsquo;examen d&rsquo;abord sans puis avec contraste afin d&rsquo;obtenir une image plus claire de la pathologie du patient.  <br\/><br\/><br\/>En cas de traumatisme, le radiologue peut \u00e9galement interpr\u00e9ter les images prises dans une fen\u00eatre o\u00f9 les structures osseuses sont plus clairement visibles. Si un produit de contraste est administr\u00e9, il est n\u00e9cessaire d&rsquo;\u00eatre sobre pour l&rsquo;examen. Pour cela, il est pr\u00e9f\u00e9rable de ne pas manger ni boire au moins quatre heures avant l&rsquo;examen. <br\/><br\/><a href=\"#c-top\">Retour \u00e0 la navigation<\/a><\/p>\n<\/div>\n<\/div>\n\n<p id=\"c-hals\" style=\"font-size:28px\"><strong>Tomodensitom\u00e9trie du cou<\/strong><\/p>\n\n<div class=\"wp-block-columns is-layout-flex wp-container-core-columns-is-layout-9d6595d7 wp-block-columns-is-layout-flex\">\n<div class=\"wp-block-column is-layout-flow wp-block-column-is-layout-flow\" style=\"flex-basis:66.66%\">\n<p><br\/><br\/><br\/><br\/><br\/><br\/>L&rsquo;objectif d&rsquo;un scanner du cou peut \u00eatre de d\u00e9tecter une anomalie au niveau des vaisseaux sanguins du cou, ou la pr\u00e9sence anormale d&rsquo;une certaine structure dans le cou, par exemple une hypertrophie de la glande thyro\u00efde. Un scanner du cou est g\u00e9n\u00e9ralement r\u00e9alis\u00e9 avec un produit de contraste, \u00e0 l&rsquo;exception des examens de la glande thyro\u00efde. Si un produit de contraste est administr\u00e9, le patient doit \u00eatre maintenu \u00e0 jeun pendant au moins quatre heures avant l&rsquo;examen.<\/p>\n\n\n\n<p><a href=\"#c-top\">Retour \u00e0 la navigation<\/a><br\/><\/p>\n\n\n\n<p id=\"c-wervel\" style=\"font-size:28px\"><strong>Tomodensitom\u00e9trie de la colonne vert\u00e9brale<\/strong><\/p>\n<\/div>\n\n\n\n<div class=\"wp-block-column is-layout-flow wp-block-column-is-layout-flow\" style=\"flex-basis:33.33%\"><div class=\"wp-block-image\">\n<figure class=\"alignright size-full is-resized\"><img loading=\"lazy\" decoding=\"async\" width=\"200\" height=\"189\" src=\"https:\/\/rx.alain-dens.com\/wp-content\/uploads\/2024\/11\/ct_hals.jpg\" alt=\"\" class=\"wp-image-706\" style=\"width:317px;height:auto\"\/><\/figure>\n<\/div><\/div>\n<\/div>\n\n<div class=\"wp-block-columns is-layout-flex wp-container-core-columns-is-layout-9d6595d7 wp-block-columns-is-layout-flex\">\n<div class=\"wp-block-column is-layout-flow wp-block-column-is-layout-flow\" style=\"flex-basis:33.33%\">\n<figure class=\"wp-block-image size-full is-resized\"><img loading=\"lazy\" decoding=\"async\" width=\"244\" height=\"250\" src=\"https:\/\/rx.alain-dens.com\/wp-content\/uploads\/2024\/11\/ct_spine.jpeg\" alt=\"\" class=\"wp-image-705\" style=\"width:291px;height:auto\"\/><\/figure>\n<\/div>\n\n\n\n<div class=\"wp-block-column is-layout-flow wp-block-column-is-layout-flow\" style=\"flex-basis:66.66%\">\n<p>Un scanner de la colonne vert\u00e9brale est g\u00e9n\u00e9ralement demand\u00e9 pour \u00e9valuer des l\u00e9sions au niveau des vert\u00e8bres ou pour v\u00e9rifier la perm\u00e9abilit\u00e9 du canal rachidien. Pensez ici \u00e0 la d\u00e9tection d&rsquo;une hernie discale ou d&rsquo;une l\u00e9sion traumatique d&rsquo;une vert\u00e8bre. <br\/><br\/>En principe, il ne n\u00e9cessite aucune pr\u00e9paration sp\u00e9cifique.<br\/><br\/>Le patient est allong\u00e9 sur la table d&rsquo;examen et doit le rester jusqu&rsquo;\u00e0 la fin de l&rsquo;examen. Il est important que le patient ne change plus de position. <br\/><br\/>Dans certains cas, le contraste est administr\u00e9, mais ce n&rsquo;est pas une r\u00e8gle.<\/p>\n\n\n\n<p><a href=\"#c-top\">Retour \u00e0 la navigation<\/a><\/p>\n<\/div>\n<\/div>\n\n<p class=\"c-abdo\" id=\"c-thorax\" style=\"font-size:28px\"><strong>Tomodensitom\u00e9trie du thorax<\/strong><\/p>\n\n<div class=\"wp-block-columns is-layout-flex wp-container-core-columns-is-layout-9d6595d7 wp-block-columns-is-layout-flex\">\n<div class=\"wp-block-column is-layout-flow wp-block-column-is-layout-flow\" style=\"flex-basis:66.66%\">\n<p>Il s&rsquo;agit d&rsquo;une image des structures du thorax. Les poumons, le m\u00e9diastin ainsi que les vaisseaux sanguins et le c\u0153ur sont \u00e9valu\u00e9s. Pendant l&rsquo;examen, le patient est invit\u00e9 \u00e0 retenir sa respiration. Cela permet d&rsquo;assurer un suivi r\u00e9gulier des images. Il est \u00e9galement important de ne pas bouger pendant l&rsquo;examen. Toutefois, gr\u00e2ce \u00e0 la vitesse toujours croissante des appareils, cette t\u00e2che n&rsquo;est pas on\u00e9reuse, si l&rsquo;on consid\u00e8re qu&rsquo;un scanner pulmonaire complet dure environ 30 secondes. Toutefois, un deuxi\u00e8me enregistrement peut \u00eatre effectu\u00e9 pour \u00eatre complet. Le message \u00e0 retenir est donc de rester allong\u00e9 jusqu&rsquo;\u00e0 ce qu&rsquo;on vous dise que l&rsquo;examen est termin\u00e9.      <br\/><br\/>En fonction de l&rsquo;indication, la d\u00e9cision d&rsquo;administrer un produit de contraste est prise ou non.<br\/><br\/>L\u00e0 encore, il est n\u00e9cessaire de maintenir le patient dans un \u00e9tat de sobri\u00e9t\u00e9 au moins quatre heures avant l&rsquo;examen.<br\/><br\/><a href=\"https:\/\/www.alain-dens.com\/Patient_info_CT_nl.html#top\"><\/a><a href=\"#c-top\">Retour \u00e0 la navigation<\/a><\/p>\n<\/div>\n\n\n\n<div class=\"wp-block-column is-layout-flow wp-block-column-is-layout-flow\" style=\"flex-basis:33.33%\">\n<figure class=\"wp-block-image size-full is-resized\"><img loading=\"lazy\" decoding=\"async\" width=\"512\" height=\"512\" src=\"https:\/\/rx.alain-dens.com\/wp-content\/uploads\/2024\/11\/ct_thorax.jpg\" alt=\"\" class=\"wp-image-707\" style=\"width:323px;height:auto\" srcset=\"https:\/\/rx.alain-dens.com\/wp-content\/uploads\/2024\/11\/ct_thorax.jpg 512w, https:\/\/rx.alain-dens.com\/wp-content\/uploads\/2024\/11\/ct_thorax-300x300.jpg 300w, https:\/\/rx.alain-dens.com\/wp-content\/uploads\/2024\/11\/ct_thorax-150x150.jpg 150w\" sizes=\"auto, (max-width: 512px) 100vw, 512px\" \/><\/figure>\n<\/div>\n<\/div>\n\n<p id=\"c-abdo\" style=\"font-size:28px\"><strong>Tomodensitom\u00e9trie de l&rsquo;abdomen ou du petit bassin<\/strong><\/p>\n\n<div class=\"wp-block-columns is-layout-flex wp-container-core-columns-is-layout-9d6595d7 wp-block-columns-is-layout-flex\">\n<div class=\"wp-block-column is-layout-flow wp-block-column-is-layout-flow\" style=\"flex-basis:33.33%\">\n<figure class=\"wp-block-image size-full is-resized\"><img loading=\"lazy\" decoding=\"async\" width=\"200\" height=\"160\" src=\"https:\/\/rx.alain-dens.com\/wp-content\/uploads\/2024\/11\/CT_abdomen.jpg\" alt=\"\" class=\"wp-image-708\" style=\"width:340px;height:auto\"\/><\/figure>\n<\/div>\n\n\n\n<div class=\"wp-block-column is-layout-flow wp-block-column-is-layout-flow\" style=\"flex-basis:66.66%\">\n<p>Un scanner de l&rsquo;abdomen ou du petit bassin est r\u00e9alis\u00e9 pour \u00e9valuer les \u00e9ventuels probl\u00e8mes au niveau des intestins, du foie, des reins, de la rate, etc&#8230;<br\/>Une fois de plus, il est tr\u00e8s important que le patient ne bouge pas pendant l&rsquo;examen. Il lui sera demand\u00e9 de retenir sa respiration \u00e0 plusieurs reprises. Ceci est \u00e9galement important pour assurer une bonne continuit\u00e9 des images.  <br\/><br\/>Sauf lorsque l&rsquo;examen vise \u00e0 obtenir une image des vaisseaux sanguins et des structures osseuses, un produit de contraste est pratiquement toujours administr\u00e9 pour la boisson. Le contraste est administr\u00e9 par voie intraveineuse, sauf pour les \u00e9tudes osseuses. <br\/><br\/>C&rsquo;est l\u00e0 qu&rsquo;une bonne pr\u00e9paration est n\u00e9cessaire.<br\/><br\/><br\/>Un laxatif nettoyant ou un laxatif oral sera administr\u00e9 la veille de l&rsquo;examen. Le jour de l&rsquo;examen, le patient doit boire un litre de produit de contraste en une heure. Cela a pour but de remplir les intestins autant que possible. De cette mani\u00e8re, une image claire des intestins peut \u00eatre form\u00e9e. Un lavage au produit de contraste est \u00e9galement parfois n\u00e9cessaire. Il s&rsquo;agit de remplir les derni\u00e8res parties de l&rsquo;intestin.    <br\/><br\/>(<em>Remarque : dans certains centres, au lieu d&rsquo;un lavage, on administre un flacon de produit de contraste dilu\u00e9 d\u00e8s la veille. Toutefois, cela donne une image moins claire des derniers lil\u00e9us). <\/em><br\/><br\/><a href=\"https:\/\/alain.tuma-mashua.net\/p-i-ct-scan\/\" data-type=\"page\" data-id=\"388\"><\/a><a href=\"#c-top\">Retour \u00e0 la navigation<\/a><\/p>\n<\/div>\n<\/div>\n\n<div class=\"wp-block-columns is-layout-flex wp-container-core-columns-is-layout-9d6595d7 wp-block-columns-is-layout-flex\">\n<div class=\"wp-block-column is-layout-flow wp-block-column-is-layout-flow\" style=\"flex-basis:66.66%\">\n<p id=\"c-skelet\" style=\"font-size:28px\"><strong>CT du squelette<\/strong><\/p>\n\n\n\n<p>Un Ct-scan du squelette est effectu\u00e9 lorsqu&rsquo;une \u00e9valuation plus approfondie est n\u00e9cessaire pour une blessure vue sur une photographie conventionnelle. Pensez aux fractures, luxations, etc., mais aussi aux m\u00e9tastases, \u00e0 l&rsquo;arthrose,&#8230; Par exemple, une blessure peut ne pas appara\u00eetre assez clairement sur les photos et il y a donc un doute. Mais il se peut aussi qu&rsquo;un scanner soit n\u00e9cessaire pour obtenir une image claire d&rsquo;une fracture \u00e9tendue, afin de d\u00e9terminer le traitement ult\u00e9rieur.  <br\/><br\/>Gr\u00e2ce aux techniques informatiques modernes, il est non seulement possible de r\u00e9aliser des images axiales. (lire les coupes transversales du corps), mais aussi de reconstruire ces images en un mod\u00e8le 3D. Cela permet souvent d&rsquo;obtenir une image claire de l&rsquo;os et de sa l\u00e9sion.   <br\/><br\/><a href=\"https:\/\/www.alain-dens.com\/Patient_info_CT_nl.html#top\"><\/a><a href=\"#c-top\">Retour \u00e0 la navigation<\/a><\/p>\n<\/div>\n\n\n\n<div class=\"wp-block-column is-layout-flow wp-block-column-is-layout-flow\" style=\"flex-basis:33.33%\">\n<figure class=\"wp-block-image size-full\"><img loading=\"lazy\" decoding=\"async\" width=\"446\" height=\"205\" src=\"https:\/\/rx.alain-dens.com\/wp-content\/uploads\/2024\/11\/CT_knie.jpg\" alt=\"\" class=\"wp-image-709\" srcset=\"https:\/\/rx.alain-dens.com\/wp-content\/uploads\/2024\/11\/CT_knie.jpg 446w, https:\/\/rx.alain-dens.com\/wp-content\/uploads\/2024\/11\/CT_knie-300x138.jpg 300w\" sizes=\"auto, (max-width: 446px) 100vw, 446px\" \/><\/figure>\n\n\n<div class=\"wp-block-image\">\n<figure class=\"aligncenter size-full is-resized\"><img loading=\"lazy\" decoding=\"async\" width=\"318\" height=\"687\" src=\"https:\/\/rx.alain-dens.com\/wp-content\/uploads\/2024\/11\/CT_knie_3D.gif\" alt=\"\" class=\"wp-image-716\" style=\"width:136px;height:auto\"\/><\/figure>\n<\/div><\/div>\n<\/div>\n\n<p><small><br\/><a href=\"http:\/\/validator.w3.org\/check\/referer\"><\/a><\/small><\/p>\n","protected":false},"excerpt":{"rendered":"<p>Information du patient et tomodensitom\u00e9trie (TDM ou CT-scan) Quels sont les examens pratiqu\u00e9s lors de la tomodensitom\u00e9trie ? Quels sont les pr\u00e9paratifs et les suites \u00e0 donner ? Les diff\u00e9rents examens ont \u00e9t\u00e9 plac\u00e9s ici en fonction de leur localisation anatomique : de la t\u00eate aux pieds. Navigation : T\u00eate &#8211; Cou &#8211; Colonne vert\u00e9brale&hellip;&nbsp;<a href=\"https:\/\/rx.alain-dens.com\/fr\/i-p-ct-scan\/\" rel=\"bookmark\"><span class=\"screen-reader-text\">I.P.. CT-SCAN<\/span><\/a><\/p>\n","protected":false},"author":2,"featured_media":0,"parent":0,"menu_order":0,"comment_status":"closed","ping_status":"closed","template":"","meta":{"neve_meta_sidebar":"","neve_meta_container":"","neve_meta_enable_content_width":"","neve_meta_content_width":0,"neve_meta_title_alignment":"","neve_meta_author_avatar":"","neve_post_elements_order":"","neve_meta_disable_header":"","neve_meta_disable_footer":"","neve_meta_disable_title":"","footnotes":""},"class_list":["post-1822","page","type-page","status-publish","hentry"],"_links":{"self":[{"href":"https:\/\/rx.alain-dens.com\/fr\/wp-json\/wp\/v2\/pages\/1822","targetHints":{"allow":["GET"]}}],"collection":[{"href":"https:\/\/rx.alain-dens.com\/fr\/wp-json\/wp\/v2\/pages"}],"about":[{"href":"https:\/\/rx.alain-dens.com\/fr\/wp-json\/wp\/v2\/types\/page"}],"author":[{"embeddable":true,"href":"https:\/\/rx.alain-dens.com\/fr\/wp-json\/wp\/v2\/users\/2"}],"replies":[{"embeddable":true,"href":"https:\/\/rx.alain-dens.com\/fr\/wp-json\/wp\/v2\/comments?post=1822"}],"version-history":[{"count":1,"href":"https:\/\/rx.alain-dens.com\/fr\/wp-json\/wp\/v2\/pages\/1822\/revisions"}],"predecessor-version":[{"id":1823,"href":"https:\/\/rx.alain-dens.com\/fr\/wp-json\/wp\/v2\/pages\/1822\/revisions\/1823"}],"wp:attachment":[{"href":"https:\/\/rx.alain-dens.com\/fr\/wp-json\/wp\/v2\/media?parent=1822"}],"curies":[{"name":"wp","href":"https:\/\/api.w.org\/{rel}","templated":true}]}}