{"id":1816,"date":"2024-11-18T19:48:18","date_gmt":"2024-11-18T19:48:18","guid":{"rendered":"https:\/\/rx.alain-dens.com\/angiographie-p-i\/"},"modified":"2024-12-13T11:07:30","modified_gmt":"2024-12-13T11:07:30","slug":"angiographie-p-i","status":"publish","type":"page","link":"https:\/\/rx.alain-dens.com\/fr\/angiographie-p-i\/","title":{"rendered":"Angiographie P.I."},"content":{"rendered":"\n<div class=\"wp-block-columns is-layout-flex wp-container-core-columns-is-layout-9d6595d7 wp-block-columns-is-layout-flex\">\n<div class=\"wp-block-column is-layout-flow wp-block-column-is-layout-flow\" style=\"flex-basis:33.33%\">\n<figure class=\"wp-block-image size-full is-resized\"><img loading=\"lazy\" decoding=\"async\" width=\"223\" height=\"225\" src=\"https:\/\/rx.alain-dens.com\/wp-content\/uploads\/2024\/11\/anchio6.jpg\" alt=\"\" class=\"wp-image-726\" style=\"width:334px;height:auto\" srcset=\"https:\/\/rx.alain-dens.com\/wp-content\/uploads\/2024\/11\/anchio6.jpg 223w, https:\/\/rx.alain-dens.com\/wp-content\/uploads\/2024\/11\/anchio6-150x150.jpg 150w\" sizes=\"auto, (max-width: 223px) 100vw, 223px\" \/><\/figure>\n<\/div>\n\n\n\n<div class=\"wp-block-column is-layout-flow wp-block-column-is-layout-flow\" style=\"flex-basis:66.66%\">\n<p>L&rsquo;angiographie est un examen des vaisseaux sanguins. Il peut s&rsquo;agir de vaisseaux sanguins art\u00e9riels ou veineux. Pour obtenir une image des vaisseaux sanguins, un produit de contraste visible aux rayons X est inject\u00e9. On peut ainsi obtenir une image du trac\u00e9, de la forme et de la perm\u00e9abilit\u00e9 des vaisseaux sanguins. Pour que les images apparaissent plus claires, on utilise la <a href=\"https:\/\/rx.alain-dens.com\/fr\/physique-angiographie\/\" data-type=\"page\" data-id=\"52\">soustraction<\/a>. Il s&rsquo;agit de soustraire l&rsquo;image obtenue avec remplissage de contraste d&rsquo;une image sans remplissage de contraste. On obtient ainsi une image sur laquelle seule la diff\u00e9rence entre les deux images est encore visible.<br\/><br\/>Nous distinguons deux types d&rsquo;\u00e9tudes. Angiographie veineuse et art\u00e9rielle.<\/p>\n<\/div>\n<\/div>\n\n<p class=\"has-text-align-left\" style=\"font-size:28px\"><strong>Angiographie intraveineuse :<\/strong><\/p>\n\n<p class=\"has-text-align-left has-medium-font-size\"><strong><em>Pr\u00e9paration<\/em><\/strong>:<\/p>\n\n<figure class=\"wp-block-table aligncenter is-style-stripes\"><table><tbody><tr><td><img decoding=\"async\" src=\"https:\/\/www.alain-dens.com\/angio.25.gif\" alt=\"\"\/><\/td><td>le patient doit \u00eatre sobre au moins depuis quatre heures avant l&rsquo;examen<\/td><\/tr><tr><td><img decoding=\"async\" alt=\"\" src=\"https:\/\/www.alain-dens.com\/angio.25.gif\"\/><\/td><td>Les r\u00e9sultats des tests de coagulation doivent \u00eatre connus.<\/td><\/tr><tr><td><img decoding=\"async\" alt=\"\" src=\"https:\/\/www.alain-dens.com\/angio.25.gif\"\/><\/td><td>Perfusion de garde dans le bras gauche, pour faire face \u00e0 d&rsquo;\u00e9ventuels probl\u00e8mes pendant l&rsquo;examen et pour assurer une administration suffisante de liquide<\/td><\/tr><\/tbody><\/table><\/figure>\n\n<p class=\"has-medium-font-size\"><strong><em>Soins de suivi<\/em><\/strong>:<\/p>\n\n<figure class=\"wp-block-table aligncenter is-style-stripes\"><table><tbody><tr><td><img decoding=\"async\" alt=\"\" src=\"https:\/\/www.alain-dens.com\/angio.25.gif\"\/><\/td><td>Un bon contr\u00f4le du point de ponction, pour \u00e9viter les saignements ult\u00e9rieurs.<\/td><\/tr><tr><td><img decoding=\"async\" alt=\"\" src=\"https:\/\/www.alain-dens.com\/angio.25.gif\"\/><\/td><td>Aucun repos au lit n&rsquo;est n\u00e9cessaire, sauf en cas de ponction dans l&rsquo;aine ; dans ce cas, il faut pr\u00e9voir au moins quatre heures de repos au lit.<\/td><\/tr><tr><td><img decoding=\"async\" alt=\"\" src=\"https:\/\/www.alain-dens.com\/angio.25.gif\"\/><\/td><td>La perfusion peut s&rsquo;arr\u00eater lorsqu&rsquo;elle est vide ou lorsque le patient rentre chez lui.<\/td><\/tr><\/tbody><\/table><\/figure>\n\n<p style=\"font-size:28px\"><strong>Angiographie intra-art\u00e9rielle<\/strong><\/p>\n\n<p class=\"has-medium-font-size\"><br\/><strong><em>Pr\u00e9paration :<\/em><\/strong><br\/><\/p>\n\n<figure class=\"wp-block-table aligncenter is-style-stripes\"><table class=\"has-fixed-layout\"><tbody><tr><td><img decoding=\"async\" alt=\"\" src=\"https:\/\/www.alain-dens.com\/angio.25.gif\"\/><\/td><td>Soyez sobre au moins quatre heures avant l&rsquo;examen. (Ce n&rsquo;est plus une exigence, mais elle est toujours demand\u00e9e)<\/td><\/tr><tr><td><img decoding=\"async\" alt=\"\" src=\"https:\/\/www.alain-dens.com\/angio.25.gif\"\/><\/td><td>Il ne doit pas y avoir de contraste provenant d&rsquo;examens ant\u00e9rieurs.<\/td><\/tr><tr><td><img decoding=\"async\" alt=\"\" src=\"https:\/\/www.alain-dens.com\/angio.25.gif\"\/><\/td><td>Le patient est conduit au service de radiologie avec le lit.<\/td><\/tr><tr><td><img decoding=\"async\" alt=\"\" src=\"https:\/\/www.alain-dens.com\/angio.25.gif\"\/><\/td><td>Enfiler une chemise chirurgicale<\/td><\/tr><tr><td><img decoding=\"async\" alt=\"\" src=\"https:\/\/www.alain-dens.com\/angio.25.gif\"\/><\/td><td>Perfusion de garde fournie, de pr\u00e9f\u00e9rence dans le bras gauche<\/td><\/tr><tr><td><img decoding=\"async\" alt=\"\" src=\"https:\/\/www.alain-dens.com\/angio.25.gif\"\/><\/td><td>les r\u00e9sultats des tests de coagulation sanguine doivent \u00eatre connus<\/td><\/tr><\/tbody><\/table><\/figure>\n\n<p class=\"has-medium-font-size\"><strong><em>Soins de suivi :<\/em><\/strong><\/p>\n\n<figure class=\"wp-block-table aligncenter is-style-stripes\"><table class=\"has-fixed-layout\"><tbody><tr><td><img decoding=\"async\" alt=\"\" src=\"https:\/\/www.alain-dens.com\/angio.25.gif\"\/><\/td><td>Contr\u00f4le de la pression art\u00e9rielle pendant 12 heures<\/td><\/tr><tr><td><img decoding=\"async\" alt=\"\" src=\"https:\/\/www.alain-dens.com\/angio.25.gif\"\/><\/td><td>Une bonne surveillance r\u00e9guli\u00e8re du point de ponction pour \u00e9viter tout saignement ult\u00e9rieur.<\/td><\/tr><tr><td><img decoding=\"async\" alt=\"\" src=\"https:\/\/www.alain-dens.com\/angio.25.gif\"\/><\/td><td>Alitement obligatoire de 24 heures (peut \u00eatre r\u00e9duit \u00e0 12 heures en cas de ponction \u00e0 l&rsquo;aide d&rsquo;une aiguille fine et d&rsquo;un cath\u00e9ter)<\/td><\/tr><tr><td><img decoding=\"async\" alt=\"\" src=\"https:\/\/www.alain-dens.com\/angio.25.gif\"\/><\/td><td>Suivi de l&rsquo;\u00e9quilibre hydrique, des volumes de contraste \u00e9lev\u00e9s peuvent entra\u00eener une insuffisance r\u00e9nale.<\/td><\/tr><tr><td><img decoding=\"async\" alt=\"\" src=\"https:\/\/www.alain-dens.com\/angio.25.gif\"\/><\/td><td>Assurer un apport hydrique suffisant, maintenir une perfusion si n\u00e9cessaire.<\/td><\/tr><\/tbody><\/table><\/figure>\n\n<p style=\"font-size:28px\"><br\/><strong>Angioplastie<\/strong><\/p>\n\n<p>L&rsquo;angioplastie est le terme g\u00e9n\u00e9rique pour toutes les interventions que l&rsquo;on peut faire au niveau des vaisseaux sanguins \u00e0 l&rsquo;aide d&rsquo;une ponction intraveineuse ou intra-art\u00e9rielle. <br\/>Le travail se fait donc \u00e0 partir d&rsquo;un ou parfois deux points de ponction directement dans les vaisseaux sanguins. Les options dont nous disposons \u00e0 cet \u00e9gard sont : la dilatation des vaisseaux sanguins, la pose d&rsquo;un stent, l&#8217;embolisation, &#8230;<br\/><br\/><a href=\"https:\/\/www.alain-dens.com\/patient_info_angio_nl.html#top\">Revenir en arri\u00e8re<\/a><\/p>\n","protected":false},"excerpt":{"rendered":"<p>L&rsquo;angiographie est un examen des vaisseaux sanguins. Il peut s&rsquo;agir de vaisseaux sanguins art\u00e9riels ou veineux. Pour obtenir une image des vaisseaux sanguins, un produit de contraste visible aux rayons X est inject\u00e9. On peut ainsi obtenir une image du trac\u00e9, de la forme et de la perm\u00e9abilit\u00e9 des vaisseaux sanguins. Pour que les images&hellip;&nbsp;<a href=\"https:\/\/rx.alain-dens.com\/fr\/angiographie-p-i\/\" rel=\"bookmark\"><span class=\"screen-reader-text\">Angiographie P.I.<\/span><\/a><\/p>\n","protected":false},"author":2,"featured_media":0,"parent":0,"menu_order":0,"comment_status":"closed","ping_status":"closed","template":"","meta":{"neve_meta_sidebar":"","neve_meta_container":"","neve_meta_enable_content_width":"","neve_meta_content_width":0,"neve_meta_title_alignment":"","neve_meta_author_avatar":"","neve_post_elements_order":"","neve_meta_disable_header":"","neve_meta_disable_footer":"","neve_meta_disable_title":"","footnotes":""},"class_list":["post-1816","page","type-page","status-publish","hentry"],"_links":{"self":[{"href":"https:\/\/rx.alain-dens.com\/fr\/wp-json\/wp\/v2\/pages\/1816","targetHints":{"allow":["GET"]}}],"collection":[{"href":"https:\/\/rx.alain-dens.com\/fr\/wp-json\/wp\/v2\/pages"}],"about":[{"href":"https:\/\/rx.alain-dens.com\/fr\/wp-json\/wp\/v2\/types\/page"}],"author":[{"embeddable":true,"href":"https:\/\/rx.alain-dens.com\/fr\/wp-json\/wp\/v2\/users\/2"}],"replies":[{"embeddable":true,"href":"https:\/\/rx.alain-dens.com\/fr\/wp-json\/wp\/v2\/comments?post=1816"}],"version-history":[{"count":1,"href":"https:\/\/rx.alain-dens.com\/fr\/wp-json\/wp\/v2\/pages\/1816\/revisions"}],"predecessor-version":[{"id":1817,"href":"https:\/\/rx.alain-dens.com\/fr\/wp-json\/wp\/v2\/pages\/1816\/revisions\/1817"}],"wp:attachment":[{"href":"https:\/\/rx.alain-dens.com\/fr\/wp-json\/wp\/v2\/media?parent=1816"}],"curies":[{"name":"wp","href":"https:\/\/api.w.org\/{rel}","templated":true}]}}