{"id":1772,"date":"2024-11-14T14:21:54","date_gmt":"2024-11-14T14:21:54","guid":{"rendered":"https:\/\/rx.alain-dens.com\/histoire-de-la-radiographie\/"},"modified":"2024-12-12T19:56:59","modified_gmt":"2024-12-12T19:56:59","slug":"histoire-de-la-radiographie","status":"publish","type":"page","link":"https:\/\/rx.alain-dens.com\/fr\/histoire-de-la-radiographie\/","title":{"rendered":"Histoire de la radiographie"},"content":{"rendered":"\n<p class=\"has-neve-link-color-color has-text-color has-link-color wp-elements-3e5801bb742c5856fd284feb79eac020\" style=\"font-size:28px\"><strong>Le d\u00e9veloppement de la radiologie<\/strong><\/p>\n\n<div class=\"wp-block-columns is-layout-flex wp-container-core-columns-is-layout-9d6595d7 wp-block-columns-is-layout-flex\">\n<div class=\"wp-block-column is-layout-flow wp-block-column-is-layout-flow\" style=\"flex-basis:33.33%\"><div class=\"wp-block-image\">\n<figure class=\"aligncenter size-full is-resized\"><img loading=\"lazy\" decoding=\"async\" width=\"168\" height=\"252\" src=\"https:\/\/rx.alain-dens.com\/wp-content\/uploads\/2024\/11\/rontgen.jpg\" alt=\"\" class=\"wp-image-94\" style=\"width:181px;height:auto\"\/><\/figure>\n<\/div><\/div>\n\n\n\n<div class=\"wp-block-column is-layout-flow wp-block-column-is-layout-flow\" style=\"flex-basis:66.66%\">\n<p>Il y a un peu plus d&rsquo;un si\u00e8cle, le 08\/11\/1895, l&rsquo;Allemand Wilhelm Conrad R\u00f6ntgen d\u00e9couvrait un rayonnement inconnu jusqu&rsquo;alors, qui allait plus tard porter son nom. Wilhelm Conrad R\u00f6ntgen est n\u00e9 le 27 mars 1845. Il obtient son dipl\u00f4me d&rsquo;ing\u00e9nieur en m\u00e9canique en 1868 et, un an plus tard, en 1869, son doctorat en physique. Il est ensuite nomm\u00e9 titulaire d&rsquo;une chaire de physique \u00e0 l&rsquo;universit\u00e9 de Giessen. Le 8 novembre 1895, il \u00e9crit ce qui suit apr\u00e8s une exp\u00e9rience : \u00ab\u00a0J&rsquo;ai travaill\u00e9 avec une bobine de Ruhmkorff et un tube de Hittorf-Crookes enti\u00e8rement envelopp\u00e9 de papier noir<small>.<\/small>    <\/p>\n<\/div>\n<\/div>\n\n<div class=\"wp-block-columns is-layout-flex wp-container-core-columns-is-layout-9d6595d7 wp-block-columns-is-layout-flex\">\n<div class=\"wp-block-column is-layout-flow wp-block-column-is-layout-flow\" style=\"flex-basis:66.66%\">\n<p>\u00c0 c\u00f4t\u00e9, sur la table, se trouvait un morceau de papier baryum-platine-cyanure. J&rsquo;ai fait passer du courant dans le tube et le papier s&rsquo;est allum\u00e9\u00a0\u00bb. Ce test a \u00e9t\u00e9 r\u00e9p\u00e9t\u00e9 plusieurs fois avec diff\u00e9rents mat\u00e9riaux entre le tube et le papier allum\u00e9. \u00c0 chaque fois, le papier s&rsquo;est allum\u00e9. Le rayonnement invisible s&rsquo;est av\u00e9r\u00e9 avoir un pouvoir de p\u00e9n\u00e9tration inattendu. Il traverse le carton, le bois et m\u00eame un livre de 2 000 pages. Les m\u00e9taux, comme le cuivre, le plomb, le fer, etc., \u00e9taient moins facilement p\u00e9n\u00e9tr\u00e9s.<br\/><br\/>On a \u00e9galement constat\u00e9 des diff\u00e9rences de p\u00e9n\u00e9tration dans le corps humain. Par exemple, la peau et les tissus mous ont \u00e9t\u00e9 p\u00e9n\u00e9tr\u00e9s alors que les os sont apparus opaques aux rayons X. <br\/><br\/>Sa d\u00e9couverte a permis de visualiser les structures invisibles de l&rsquo;homme. C&rsquo;est ainsi qu&rsquo;est n\u00e9e une nouvelle branche de la m\u00e9decine : la radiologie<small>.<\/small> <\/p>\n<\/div>\n\n\n\n<div class=\"wp-block-column is-layout-flow wp-block-column-is-layout-flow\" style=\"flex-basis:33.33%\">\n<figure class=\"wp-block-image size-full\"><img loading=\"lazy\" decoding=\"async\" width=\"640\" height=\"480\" src=\"https:\/\/rx.alain-dens.com\/wp-content\/uploads\/2024\/11\/rx_01_tubo_Crookes.jpg\" alt=\"\" class=\"wp-image-93\" srcset=\"https:\/\/rx.alain-dens.com\/wp-content\/uploads\/2024\/11\/rx_01_tubo_Crookes.jpg 640w, https:\/\/rx.alain-dens.com\/wp-content\/uploads\/2024\/11\/rx_01_tubo_Crookes-300x225.jpg 300w\" sizes=\"auto, (max-width: 640px) 100vw, 640px\" \/><\/figure>\n<\/div>\n<\/div>\n\n<div class=\"wp-block-columns is-layout-flex wp-container-core-columns-is-layout-9d6595d7 wp-block-columns-is-layout-flex\">\n<div class=\"wp-block-column is-layout-flow wp-block-column-is-layout-flow\" style=\"flex-basis:33.33%\">\n<figure class=\"wp-block-image size-full\"><img loading=\"lazy\" decoding=\"async\" width=\"800\" height=\"600\" src=\"https:\/\/rx.alain-dens.com\/wp-content\/uploads\/2024\/11\/roentgen.jpg\" alt=\"\" class=\"wp-image-95\" srcset=\"https:\/\/rx.alain-dens.com\/wp-content\/uploads\/2024\/11\/roentgen.jpg 800w, https:\/\/rx.alain-dens.com\/wp-content\/uploads\/2024\/11\/roentgen-300x225.jpg 300w, https:\/\/rx.alain-dens.com\/wp-content\/uploads\/2024\/11\/roentgen-768x576.jpg 768w\" sizes=\"auto, (max-width: 800px) 100vw, 800px\" \/><\/figure>\n<\/div>\n\n\n\n<div class=\"wp-block-column is-layout-flow wp-block-column-is-layout-flow\" style=\"flex-basis:66.66%\">\n<p>Le 28 d\u00e9cembre 1895, R\u00f6ntgen publie pour la Soci\u00e9t\u00e9 de physique un ouvrage intitul\u00e9 \u00ab\u00a0un nouveau type de rayons\u00a0\u00bb. Le 23 janvier 1996, il a annonc\u00e9 tous les r\u00e9sultats lors d&rsquo;une conf\u00e9rence et d&rsquo;une d\u00e9monstration \u00e0 l&rsquo;universit\u00e9 de W\u00fcrzburg. <br\/><br\/>Le 10\/12\/1901, Wilhelm C.R\u00f6ntgen a re\u00e7u le prix Nobel de physique. Il a remis la somme d&rsquo;argent associ\u00e9e \u00e0 ce prix \u00e0 l&rsquo;universit\u00e9 de Giessen afin qu&rsquo;elle l&rsquo;utilise pour financer des \u00e9tudes scientifiques. <br\/><br\/>Il convient \u00e9galement de noter qu&rsquo;il a toujours renonc\u00e9 \u00e0 breveter ses d\u00e9couvertes. Il disait que ses d\u00e9couvertes \u00e9taient au service de l&rsquo;humanit\u00e9. <\/p>\n<\/div>\n<\/div>\n\n<div class=\"wp-block-columns is-layout-flex wp-container-core-columns-is-layout-9d6595d7 wp-block-columns-is-layout-flex\">\n<div class=\"wp-block-column is-layout-flow wp-block-column-is-layout-flow\" style=\"flex-basis:66.66%\">\n<p>Peu apr\u00e8s la d\u00e9couverte des rayonnements, l&rsquo;\u00e9volution de la nouvelle application m\u00e9dicale a d\u00e9marr\u00e9.<br\/> <br\/>Le 22 d\u00e9cembre 1895, on enregistre pour la premi\u00e8re fois la main de la femme de R\u00f6ntgen. En janvier 1896, on enregistre pour la premi\u00e8re fois un bras cass\u00e9.<br\/>Peu de temps apr\u00e8s, toujours en 1896, le premier rapport faisant \u00e9tat de la nocivit\u00e9 de ce nouveau rayonnement est publi\u00e9. En 1904, le premier examen digestif est r\u00e9alis\u00e9 avec un produit de contraste.  <br\/><br\/>D\u00e8s 1908, l&rsquo;\u00e9cran d&rsquo;amplification de film a \u00e9t\u00e9 introduit et, cinq ans plus tard, le filtre de diffusion Bucky-Belbe (aujourd&rsquo;hui appel\u00e9 r\u00e9seau de Bucky) a vu le jour. En 1952, l&rsquo;amplificateur de brillance a \u00e9t\u00e9 mis au point et a donn\u00e9 la possibilit\u00e9 de faire de la radioscopie. <\/p>\n<\/div>\n\n\n\n<div class=\"wp-block-column is-layout-flow wp-block-column-is-layout-flow\" style=\"flex-basis:33.33%\"><div class=\"wp-block-image\">\n<figure class=\"aligncenter size-full is-resized\"><img loading=\"lazy\" decoding=\"async\" width=\"70\" height=\"93\" src=\"https:\/\/rx.alain-dens.com\/wp-content\/uploads\/2024\/11\/geschi12.jpg\" alt=\"\" class=\"wp-image-100\" style=\"width:172px;height:auto\"\/><\/figure>\n<\/div><\/div>\n<\/div>\n\n<div class=\"wp-block-columns is-layout-flex wp-container-core-columns-is-layout-9d6595d7 wp-block-columns-is-layout-flex\">\n<div class=\"wp-block-column is-layout-flow wp-block-column-is-layout-flow\" style=\"flex-basis:33.33%\">\n<figure class=\"wp-block-image size-full is-resized\"><img loading=\"lazy\" decoding=\"async\" width=\"200\" height=\"200\" src=\"https:\/\/rx.alain-dens.com\/wp-content\/uploads\/2024\/11\/pacs.jpg\" alt=\"\" class=\"wp-image-96\" style=\"width:386px;height:auto\" srcset=\"https:\/\/rx.alain-dens.com\/wp-content\/uploads\/2024\/11\/pacs.jpg 200w, https:\/\/rx.alain-dens.com\/wp-content\/uploads\/2024\/11\/pacs-150x150.jpg 150w\" sizes=\"auto, (max-width: 200px) 100vw, 200px\" \/><\/figure>\n<\/div>\n\n\n\n<div class=\"wp-block-column is-layout-flow wp-block-column-is-layout-flow\" style=\"flex-basis:66.66%\">\n<p>Enfin, en 1980 est apparue la radiologie num\u00e9rique, qui d\u00e9finira de plus en plus l&rsquo;avenir de la radiologie dans toutes ses applications.<br\/><br\/>Avec l&rsquo;av\u00e8nement de la num\u00e9risation, les possibilit\u00e9s de la radiologie se sont encore \u00e9largies. Pensez \u00e0 des possibilit\u00e9s telles que le zoom sur une image, l&rsquo;ajustement du contraste, l&rsquo;ajout de couleurs, &#8230; autant de possibilit\u00e9s qui peuvent am\u00e9liorer l&rsquo;interpr\u00e9tation. <br\/><br\/>La num\u00e9risation a \u00e9galement permis de partager des images de mani\u00e8re rapide et efficace avec les candidats, mais aussi avec des coll\u00e8gues pour obtenir des conseils suppl\u00e9mentaires. En cons\u00e9quence, la radiologie a repris son \u00e9lan et les possibilit\u00e9s sont de plus en plus nombreuses&#8230; (cfr PACS et num\u00e9risation) <\/p>\n<\/div>\n<\/div>\n\n<p><\/p>\n","protected":false},"excerpt":{"rendered":"<p>Le d\u00e9veloppement de la radiologie Il y a un peu plus d&rsquo;un si\u00e8cle, le 08\/11\/1895, l&rsquo;Allemand Wilhelm Conrad R\u00f6ntgen d\u00e9couvrait un rayonnement inconnu jusqu&rsquo;alors, qui allait plus tard porter son nom. Wilhelm Conrad R\u00f6ntgen est n\u00e9 le 27 mars 1845. Il obtient son dipl\u00f4me d&rsquo;ing\u00e9nieur en m\u00e9canique en 1868 et, un an plus tard, en&hellip;&nbsp;<a href=\"https:\/\/rx.alain-dens.com\/fr\/histoire-de-la-radiographie\/\" rel=\"bookmark\"><span class=\"screen-reader-text\">Histoire de la radiographie<\/span><\/a><\/p>\n","protected":false},"author":2,"featured_media":0,"parent":0,"menu_order":0,"comment_status":"closed","ping_status":"closed","template":"","meta":{"neve_meta_sidebar":"","neve_meta_container":"","neve_meta_enable_content_width":"","neve_meta_content_width":0,"neve_meta_title_alignment":"","neve_meta_author_avatar":"","neve_post_elements_order":"","neve_meta_disable_header":"","neve_meta_disable_footer":"","neve_meta_disable_title":"","footnotes":""},"class_list":["post-1772","page","type-page","status-publish","hentry"],"_links":{"self":[{"href":"https:\/\/rx.alain-dens.com\/fr\/wp-json\/wp\/v2\/pages\/1772","targetHints":{"allow":["GET"]}}],"collection":[{"href":"https:\/\/rx.alain-dens.com\/fr\/wp-json\/wp\/v2\/pages"}],"about":[{"href":"https:\/\/rx.alain-dens.com\/fr\/wp-json\/wp\/v2\/types\/page"}],"author":[{"embeddable":true,"href":"https:\/\/rx.alain-dens.com\/fr\/wp-json\/wp\/v2\/users\/2"}],"replies":[{"embeddable":true,"href":"https:\/\/rx.alain-dens.com\/fr\/wp-json\/wp\/v2\/comments?post=1772"}],"version-history":[{"count":1,"href":"https:\/\/rx.alain-dens.com\/fr\/wp-json\/wp\/v2\/pages\/1772\/revisions"}],"predecessor-version":[{"id":1773,"href":"https:\/\/rx.alain-dens.com\/fr\/wp-json\/wp\/v2\/pages\/1772\/revisions\/1773"}],"wp:attachment":[{"href":"https:\/\/rx.alain-dens.com\/fr\/wp-json\/wp\/v2\/media?parent=1772"}],"curies":[{"name":"wp","href":"https:\/\/api.w.org\/{rel}","templated":true}]}}