{"id":1766,"date":"2024-11-15T19:57:53","date_gmt":"2024-11-15T19:57:53","guid":{"rendered":"https:\/\/rx.alain-dens.com\/historique-de-lirm\/"},"modified":"2024-12-17T18:37:08","modified_gmt":"2024-12-17T18:37:08","slug":"historique-de-lirm","status":"publish","type":"page","link":"https:\/\/rx.alain-dens.com\/fr\/historique-de-lirm\/","title":{"rendered":"Historique de l&rsquo;IRM"},"content":{"rendered":"\n<p><\/p>\n\n<div class=\"wp-block-columns is-layout-flex wp-container-core-columns-is-layout-9d6595d7 wp-block-columns-is-layout-flex\">\n<div class=\"wp-block-column is-layout-flow wp-block-column-is-layout-flow\" style=\"flex-basis:25%\"><div class=\"wp-block-image\">\n<figure class=\"aligncenter size-full is-resized\"><img loading=\"lazy\" decoding=\"async\" width=\"115\" height=\"149\" src=\"https:\/\/rx.alain-dens.com\/wp-content\/uploads\/2024\/11\/Felix-Bloch-1903-1983.gif\" alt=\"\" class=\"wp-image-138\" style=\"width:147px;height:auto\"\/><figcaption class=\"wp-element-caption\">Felix Bloch (1905-1983)<\/figcaption><\/figure>\n<\/div>\n\n<div class=\"wp-block-image\">\n<figure class=\"aligncenter size-full is-resized\"><img loading=\"lazy\" decoding=\"async\" width=\"1600\" height=\"1600\" src=\"https:\/\/rx.alain-dens.com\/wp-content\/uploads\/2024\/11\/raymond-damadian.jpg\" alt=\"\" class=\"wp-image-142\" style=\"width:148px;height:auto\" srcset=\"https:\/\/rx.alain-dens.com\/wp-content\/uploads\/2024\/11\/raymond-damadian.jpg 1600w, https:\/\/rx.alain-dens.com\/wp-content\/uploads\/2024\/11\/raymond-damadian-300x300.jpg 300w, https:\/\/rx.alain-dens.com\/wp-content\/uploads\/2024\/11\/raymond-damadian-1024x1024.jpg 1024w, https:\/\/rx.alain-dens.com\/wp-content\/uploads\/2024\/11\/raymond-damadian-150x150.jpg 150w, https:\/\/rx.alain-dens.com\/wp-content\/uploads\/2024\/11\/raymond-damadian-768x768.jpg 768w, https:\/\/rx.alain-dens.com\/wp-content\/uploads\/2024\/11\/raymond-damadian-1536x1536.jpg 1536w\" sizes=\"auto, (max-width: 1600px) 100vw, 1600px\" \/><figcaption class=\"wp-element-caption\">Raymond Damadian (1936-2022)<\/figcaption><\/figure>\n<\/div>\n\n<div class=\"wp-block-image\">\n<figure class=\"aligncenter size-full is-resized\"><img loading=\"lazy\" decoding=\"async\" width=\"220\" height=\"335\" src=\"https:\/\/rx.alain-dens.com\/wp-content\/uploads\/2024\/11\/220px-Richard_R._Ernst_1980s_cropped.jpg\" alt=\"\" class=\"wp-image-144\" style=\"width:145px;height:auto\" srcset=\"https:\/\/rx.alain-dens.com\/wp-content\/uploads\/2024\/11\/220px-Richard_R._Ernst_1980s_cropped.jpg 220w, https:\/\/rx.alain-dens.com\/wp-content\/uploads\/2024\/11\/220px-Richard_R._Ernst_1980s_cropped-197x300.jpg 197w\" sizes=\"auto, (max-width: 220px) 100vw, 220px\" \/><figcaption class=\"wp-element-caption\">Richard-R.-Ernst (1933-2021)<\/figcaption><\/figure>\n<\/div>\n\n<div class=\"wp-block-image\">\n<figure class=\"aligncenter size-full is-resized\"><img loading=\"lazy\" decoding=\"async\" width=\"97\" height=\"123\" src=\"https:\/\/rx.alain-dens.com\/wp-content\/uploads\/2024\/11\/Paul_Lauterbur_2003_cropped.jpg\" alt=\"\" class=\"wp-image-145\" style=\"width:143px;height:auto\"\/><figcaption class=\"wp-element-caption\">Paul Lauterbur (1929-2007)<\/figcaption><\/figure>\n<\/div><\/div>\n\n\n\n<div class=\"wp-block-column is-layout-flow wp-block-column-is-layout-flow\" style=\"flex-basis:50%\">\n<p>L&rsquo;histoire de l&rsquo;IRM commence en 1946 avec la d\u00e9couverte du ph\u00e9nom\u00e8ne de la r\u00e9sonance magn\u00e9tique. C&rsquo;est ce qu&rsquo;ont fait les scientifiques Felix Bloch et Edward Purcell. Les deux scientifiques recevront le prix Nobel en 1952 pour leurs d\u00e9couvertes. De 1954 au d\u00e9but des ann\u00e9es 1970, l&rsquo;IRM a \u00e9t\u00e9 d\u00e9velopp\u00e9e et utilis\u00e9e pour les \u00e9tudes chimiques et physiques des structures mol\u00e9culaires. En 1971, Raymond Damadian a montr\u00e9 que la r\u00e9sonance des tissus tumoraux \u00e9tait diff\u00e9rente de celle des tissus sains, ce qui a motiv\u00e9 l&rsquo;utilisation de cette m\u00e9thode de recherche pour d\u00e9tecter les maladies. En 1973, la tomodensitom\u00e9trie a \u00e9t\u00e9 introduite par Houndsfield, ce qui est important pour l&rsquo;IRM car cette \u00e9volution a montr\u00e9 que les h\u00f4pitaux \u00e9taient pr\u00eats \u00e0 d\u00e9penser des sommes importantes pour disposer d&rsquo;une m\u00e9thode d&rsquo;examen solide en interne. La m\u00eame ann\u00e9e, l&rsquo;imagerie par r\u00e9sonance magn\u00e9tique a \u00e9t\u00e9 d\u00e9montr\u00e9e sur de petites \u00e9prouvettes par Paul Lauterbur. Pour ce faire, il a utilis\u00e9 la m\u00eame technique de calcul que celle utilis\u00e9e pour le scanner. En 1975, Richard Ernst a lanc\u00e9 l&rsquo;id\u00e9e d&rsquo;utiliser les diff\u00e9rences de phase et de fr\u00e9quence, et l&rsquo;utilisation de la transform\u00e9e de Fourier, une technique que l&rsquo;IRM d&rsquo;aujourd&rsquo;hui utilise toujours. Quelques ann\u00e9es plus tard, en 1977, le premier scanner d&rsquo;un corps a \u00e9t\u00e9 r\u00e9alis\u00e9 par Raymond Damadian. La m\u00eame ann\u00e9e, l&rsquo;imagerie \u00e9cho-planaire a \u00e9t\u00e9 propos\u00e9e par Peter Mansfield.<\/p>\n\n\n\n<p>L&rsquo;\u00e9quipe d&rsquo;Edelstein a fait la d\u00e9monstration d&rsquo;un balayage du corps o\u00f9 il fallait cinq minutes pour prendre une image avec la m\u00e9thode traditionnelle. Avec l&rsquo;imagerie \u00e9cho-planaire, l&rsquo;image a \u00e9t\u00e9 prise en cinq secondes sans perte de qualit\u00e9 significative.  Les travaux sur la r\u00e9sonance magn\u00e9tique se sont poursuivis dans d&rsquo;autres domaines, si bien qu&rsquo;en 1986, un microscope d&rsquo;une r\u00e9solution d&rsquo;environ 10 \u00b5m a \u00e9t\u00e9 mis au point.<\/p>\n\n\n\n<p><a href=\"https:\/\/www.alain-dens.com\/index_nl.html\"><\/a> En 1987, la m\u00e9thode \u00e9cho-planaire a \u00e9t\u00e9 utilis\u00e9e pour r\u00e9aliser la premi\u00e8re application de l&rsquo;IRM cardiaque, et l&rsquo;angio-IRM a \u00e9galement \u00e9t\u00e9 perfectionn\u00e9e pour permettre d&rsquo;obtenir des images du syst\u00e8me sanguin sans utiliser de produits de contraste.<a href=\"https:\/\/www.alain-dens.com\/index_nl.html\"><\/a><\/p>\n\n\n\n<p>Aujourd&rsquo;hui encore, de nouvelles techniques et applications de l&rsquo;IRM sont en plein essor. Il s&rsquo;agit d&rsquo;une technologie encore jeune dont les applications ne sont pas encore totalement connues<a href=\"https:\/\/www.alain-dens.com\/index_nl.html\"><\/a><\/p>\n<\/div>\n\n\n\n<div class=\"wp-block-column is-layout-flow wp-block-column-is-layout-flow\" style=\"flex-basis:25%\"><div class=\"wp-block-image\">\n<figure class=\"aligncenter size-full is-resized\"><img loading=\"lazy\" decoding=\"async\" width=\"112\" height=\"147\" src=\"https:\/\/rx.alain-dens.com\/wp-content\/uploads\/2024\/11\/Edward-Purcel-1912-.gif\" alt=\"\" class=\"wp-image-139\" style=\"width:146px;height:auto\"\/><figcaption class=\"wp-element-caption\">Edward-Purcel (1912-1997)<\/figcaption><\/figure>\n<\/div>\n\n<div class=\"wp-block-image\">\n<figure class=\"aligncenter size-full is-resized\"><img loading=\"lazy\" decoding=\"async\" width=\"266\" height=\"335\" src=\"https:\/\/rx.alain-dens.com\/wp-content\/uploads\/2024\/11\/266px-Godfrey_Hounsfield-.jpg\" alt=\"\" class=\"wp-image-143\" style=\"width:156px;height:auto\" srcset=\"https:\/\/rx.alain-dens.com\/wp-content\/uploads\/2024\/11\/266px-Godfrey_Hounsfield-.jpg 266w, https:\/\/rx.alain-dens.com\/wp-content\/uploads\/2024\/11\/266px-Godfrey_Hounsfield--238x300.jpg 238w\" sizes=\"auto, (max-width: 266px) 100vw, 266px\" \/><figcaption class=\"wp-element-caption\">Godfrey Hounsfield (1919-2004)<\/figcaption><\/figure>\n<\/div>\n\n<div class=\"wp-block-image\">\n<figure class=\"aligncenter size-full is-resized\"><img loading=\"lazy\" decoding=\"async\" width=\"125\" height=\"155\" src=\"https:\/\/rx.alain-dens.com\/wp-content\/uploads\/2024\/11\/Peter-Mansfield.jpg\" alt=\"\" class=\"wp-image-136\" style=\"width:158px;height:auto\"\/><figcaption class=\"wp-element-caption\">Peter Mansfield (1933-2017)<\/figcaption><\/figure>\n<\/div><\/div>\n<\/div>\n\n<p><\/p>\n","protected":false},"excerpt":{"rendered":"<p>L&rsquo;histoire de l&rsquo;IRM commence en 1946 avec la d\u00e9couverte du ph\u00e9nom\u00e8ne de la r\u00e9sonance magn\u00e9tique. C&rsquo;est ce qu&rsquo;ont fait les scientifiques Felix Bloch et Edward Purcell. Les deux scientifiques recevront le prix Nobel en 1952 pour leurs d\u00e9couvertes. De 1954 au d\u00e9but des ann\u00e9es 1970, l&rsquo;IRM a \u00e9t\u00e9 d\u00e9velopp\u00e9e et utilis\u00e9e pour les \u00e9tudes chimiques&hellip;&nbsp;<a href=\"https:\/\/rx.alain-dens.com\/fr\/historique-de-lirm\/\" rel=\"bookmark\"><span class=\"screen-reader-text\">Historique de l&rsquo;IRM<\/span><\/a><\/p>\n","protected":false},"author":2,"featured_media":0,"parent":0,"menu_order":0,"comment_status":"closed","ping_status":"closed","template":"","meta":{"neve_meta_sidebar":"","neve_meta_container":"","neve_meta_enable_content_width":"","neve_meta_content_width":0,"neve_meta_title_alignment":"","neve_meta_author_avatar":"","neve_post_elements_order":"","neve_meta_disable_header":"","neve_meta_disable_footer":"","neve_meta_disable_title":"","footnotes":""},"class_list":["post-1766","page","type-page","status-publish","hentry"],"_links":{"self":[{"href":"https:\/\/rx.alain-dens.com\/fr\/wp-json\/wp\/v2\/pages\/1766","targetHints":{"allow":["GET"]}}],"collection":[{"href":"https:\/\/rx.alain-dens.com\/fr\/wp-json\/wp\/v2\/pages"}],"about":[{"href":"https:\/\/rx.alain-dens.com\/fr\/wp-json\/wp\/v2\/types\/page"}],"author":[{"embeddable":true,"href":"https:\/\/rx.alain-dens.com\/fr\/wp-json\/wp\/v2\/users\/2"}],"replies":[{"embeddable":true,"href":"https:\/\/rx.alain-dens.com\/fr\/wp-json\/wp\/v2\/comments?post=1766"}],"version-history":[{"count":2,"href":"https:\/\/rx.alain-dens.com\/fr\/wp-json\/wp\/v2\/pages\/1766\/revisions"}],"predecessor-version":[{"id":1966,"href":"https:\/\/rx.alain-dens.com\/fr\/wp-json\/wp\/v2\/pages\/1766\/revisions\/1966"}],"wp:attachment":[{"href":"https:\/\/rx.alain-dens.com\/fr\/wp-json\/wp\/v2\/media?parent=1766"}],"curies":[{"name":"wp","href":"https:\/\/api.w.org\/{rel}","templated":true}]}}