{"id":1760,"date":"2024-11-14T20:36:27","date_gmt":"2024-11-14T20:36:27","guid":{"rendered":"https:\/\/rx.alain-dens.com\/histoire-de-lechographie\/"},"modified":"2024-12-12T19:55:05","modified_gmt":"2024-12-12T19:55:05","slug":"histoire-de-lechographie","status":"publish","type":"page","link":"https:\/\/rx.alain-dens.com\/fr\/histoire-de-lechographie\/","title":{"rendered":"Histoire de l&rsquo;\u00e9chographie"},"content":{"rendered":"\n<div class=\"wp-block-columns is-layout-flex wp-container-core-columns-is-layout-9d6595d7 wp-block-columns-is-layout-flex\">\n<div class=\"wp-block-column is-layout-flow wp-block-column-is-layout-flow\" style=\"flex-basis:33.33%\"><div class=\"wp-block-image\">\n<figure class=\"aligncenter size-full is-resized\"><img loading=\"lazy\" decoding=\"async\" width=\"158\" height=\"204\" src=\"https:\/\/rx.alain-dens.com\/wp-content\/uploads\/2024\/11\/geschi14.jpg\" alt=\"\" class=\"wp-image-99\" style=\"width:216px;height:auto\"\/><\/figure>\n<\/div><\/div>\n\n\n\n<div class=\"wp-block-column is-layout-flow wp-block-column-is-layout-flow\" style=\"flex-basis:66.66%\">\n<p>Les d\u00e9buts de l&rsquo;\u00e9chographie remontent \u00e0 1822. Un physicien suisse, Daniel Colladen, a calcul\u00e9 la vitesse de d\u00e9placement du son dans l&rsquo;eau. Plus tard, en 1877, Lord Rayleigh a publi\u00e9 un ouvrage intitul\u00e9 \u00ab\u00a0The theory of sound\u00a0\u00bb (la th\u00e9orie du son). Les propri\u00e9t\u00e9s fondamentales des ondes sonores y sont expliqu\u00e9es. La grande avanc\u00e9e vers les ultrasons a \u00e9t\u00e9 la d\u00e9couverte des propri\u00e9t\u00e9s pi\u00e9zo\u00e9lectriques de certains cristaux par Pierre Curie en 1880. Gr\u00e2ce \u00e0 cette propri\u00e9t\u00e9 particuli\u00e8re des cristaux, ils peuvent d\u00e9sormais \u00e9mettre des ondes sonores \u00e0 tr\u00e8s haute fr\u00e9quence et les recevoir en retour.<\/p>\n<\/div>\n<\/div>\n\n<div class=\"wp-block-columns is-layout-flex wp-container-core-columns-is-layout-9d6595d7 wp-block-columns-is-layout-flex\">\n<div class=\"wp-block-column is-layout-flow wp-block-column-is-layout-flow\" style=\"flex-basis:66.66%\">\n<p>Les premi\u00e8res techniques sous-marines ont \u00e9t\u00e9 mises au point lors du naufrage du Titanic en 1912. Le SONAR (=sound navigation and ranging) \u00e9tait une technique largement utilis\u00e9e pendant la Premi\u00e8re Guerre mondiale, afin de d\u00e9tecter les sous-marins ennemis avant qu&rsquo;ils ne puissent frapper.<br\/><br\/>Ce n&rsquo;est qu&rsquo;en 1915 que le Russe Constantin Chilowsky, en collaboration avec le physicien fran\u00e7ais Paul Lang\u00e9vin, a mis au point l&rsquo;hydrophone qui constitue la base de l&rsquo;application m\u00e9dicale des ultrasons. Cependant, ces appareils \u00e9taient principalement utilis\u00e9s dans le monde marin. De plus, les techniques d&rsquo;ultrasons \u00e9taient d\u00e9j\u00e0 utilis\u00e9es dans le monde m\u00e9dical comme outil th\u00e9rapeutique.<br\/><\/p>\n<\/div>\n\n\n\n<div class=\"wp-block-column is-layout-flow wp-block-column-is-layout-flow\" style=\"flex-basis:33.33%\"><div class=\"wp-block-image\">\n<figure class=\"aligncenter size-full is-resized\"><img loading=\"lazy\" decoding=\"async\" width=\"135\" height=\"182\" src=\"https:\/\/rx.alain-dens.com\/wp-content\/uploads\/2024\/11\/geschi15.jpg\" alt=\"\" class=\"wp-image-98\" style=\"width:210px;height:auto\"\/><\/figure>\n<\/div><\/div>\n<\/div>\n\n<div class=\"wp-block-columns is-layout-flex wp-container-core-columns-is-layout-9d6595d7 wp-block-columns-is-layout-flex\">\n<div class=\"wp-block-column is-layout-flow wp-block-column-is-layout-flow\" style=\"flex-basis:33.33%\"><div class=\"wp-block-image\">\n<figure class=\"aligncenter size-full is-resized\"><img loading=\"lazy\" decoding=\"async\" width=\"128\" height=\"169\" src=\"https:\/\/rx.alain-dens.com\/wp-content\/uploads\/2024\/11\/geschi16.jpg\" alt=\"\" class=\"wp-image-97\" style=\"width:220px;height:auto\"\/><\/figure>\n<\/div><\/div>\n\n\n\n<div class=\"wp-block-column is-layout-flow wp-block-column-is-layout-flow\" style=\"flex-basis:66.66%\">\n<p>C&rsquo;est au d\u00e9but des ann\u00e9es 1940 que l&rsquo;Autrichien Karl Theodore Dussik a \u00e9t\u00e9 le premier \u00e0 trouver une application diagnostique aux ultrasons. En pla\u00e7ant un transducteur de chaque c\u00f4t\u00e9 de la t\u00eate, il est parvenu \u00e0 r\u00e9aliser des images ultrasonores du cerveau pour d\u00e9tecter des tumeurs c\u00e9r\u00e9brales&#8230;. Il n&rsquo;a pas eu beaucoup de succ\u00e8s parce que l&rsquo;os absorbait une grande partie des signaux, mais il avait mis au point une id\u00e9e qui allait avoir une large application.<br\/><br\/>John Julian Wild est consid\u00e9r\u00e9 par beaucoup comme le seul d\u00e9couvreur des ultrasons sur les tissus. En 1949, il a publi\u00e9 un ouvrage contenant des r\u00e9sultats sur les ultrasons unidirectionnels en mode a (voir physique). Il a remarqu\u00e9 qu&rsquo;il existait diff\u00e9rents mod\u00e8les d&rsquo;ultrasons re\u00e7us en fonction des tissus p\u00e9n\u00e9tr\u00e9s&#8230;. Sa m\u00e9thode a \u00e9t\u00e9 utilis\u00e9e pour examiner les seins et l&rsquo;abdomen.<br\/><br\/><br\/>En mai 1953, John Reid et J.J. Wild ont r\u00e9alis\u00e9 une image en temps r\u00e9el d&rsquo;une tumeur de 7 mm dans un sein. Les progr\u00e8s de l&rsquo;\u00e9chographie se poursuivent, avec l&rsquo;\u00e9volution du Doppler, du Doppler couleur, des images en 3D et, dans un avenir proche, de l&rsquo;\u00e9chographie avec administration de produit de contraste.<\/p>\n<\/div>\n<\/div>\n\n<p><\/p>\n","protected":false},"excerpt":{"rendered":"<p>Les d\u00e9buts de l&rsquo;\u00e9chographie remontent \u00e0 1822. Un physicien suisse, Daniel Colladen, a calcul\u00e9 la vitesse de d\u00e9placement du son dans l&rsquo;eau. Plus tard, en 1877, Lord Rayleigh a publi\u00e9 un ouvrage intitul\u00e9 \u00ab\u00a0The theory of sound\u00a0\u00bb (la th\u00e9orie du son). Les propri\u00e9t\u00e9s fondamentales des ondes sonores y sont expliqu\u00e9es. La grande avanc\u00e9e vers les&hellip;&nbsp;<a href=\"https:\/\/rx.alain-dens.com\/fr\/histoire-de-lechographie\/\" rel=\"bookmark\"><span class=\"screen-reader-text\">Histoire de l&rsquo;\u00e9chographie<\/span><\/a><\/p>\n","protected":false},"author":2,"featured_media":0,"parent":0,"menu_order":0,"comment_status":"closed","ping_status":"closed","template":"","meta":{"neve_meta_sidebar":"","neve_meta_container":"","neve_meta_enable_content_width":"","neve_meta_content_width":0,"neve_meta_title_alignment":"","neve_meta_author_avatar":"","neve_post_elements_order":"","neve_meta_disable_header":"","neve_meta_disable_footer":"","neve_meta_disable_title":"","footnotes":""},"class_list":["post-1760","page","type-page","status-publish","hentry"],"_links":{"self":[{"href":"https:\/\/rx.alain-dens.com\/fr\/wp-json\/wp\/v2\/pages\/1760","targetHints":{"allow":["GET"]}}],"collection":[{"href":"https:\/\/rx.alain-dens.com\/fr\/wp-json\/wp\/v2\/pages"}],"about":[{"href":"https:\/\/rx.alain-dens.com\/fr\/wp-json\/wp\/v2\/types\/page"}],"author":[{"embeddable":true,"href":"https:\/\/rx.alain-dens.com\/fr\/wp-json\/wp\/v2\/users\/2"}],"replies":[{"embeddable":true,"href":"https:\/\/rx.alain-dens.com\/fr\/wp-json\/wp\/v2\/comments?post=1760"}],"version-history":[{"count":1,"href":"https:\/\/rx.alain-dens.com\/fr\/wp-json\/wp\/v2\/pages\/1760\/revisions"}],"predecessor-version":[{"id":1761,"href":"https:\/\/rx.alain-dens.com\/fr\/wp-json\/wp\/v2\/pages\/1760\/revisions\/1761"}],"wp:attachment":[{"href":"https:\/\/rx.alain-dens.com\/fr\/wp-json\/wp\/v2\/media?parent=1760"}],"curies":[{"name":"wp","href":"https:\/\/api.w.org\/{rel}","templated":true}]}}