{"id":1730,"date":"2024-11-15T20:53:45","date_gmt":"2024-11-15T20:53:45","guid":{"rendered":"https:\/\/rx.alain-dens.com\/physique-radiologie\/"},"modified":"2024-12-12T17:30:43","modified_gmt":"2024-12-12T17:30:43","slug":"physique-radiologie","status":"publish","type":"page","link":"https:\/\/rx.alain-dens.com\/fr\/physique-radiologie\/","title":{"rendered":"Physique Radiologie"},"content":{"rendered":"\n<p class=\"has-medium-font-size\"><strong><em>Qu&rsquo;est-ce que sont des rayons X ?<\/em><\/strong><\/p>\n\n<p>Les rayons X sont des ondes \u00e9lectromagn\u00e9tiques de tr\u00e8s courte longueur d&rsquo;onde qui se propagent dans toutes les directions. Le d\u00e9placement se fait \u00e0 la vitesse de la lumi\u00e8re (soit 300 000 km\/s). Ils ont la propri\u00e9t\u00e9 de pouvoir traverser la mati\u00e8re en lui transmettant leur \u00e9nergie. Ce transfert d&rsquo;\u00e9nergie sur la mati\u00e8re entra\u00eene une ionisation de la mati\u00e8re. C&rsquo;est pourquoi les rayons X sont \u00e9galement appel\u00e9s rayonnements ionisants.<\/p>\n\n<p class=\"has-medium-font-size\"><strong><em>Spectre de rayonnement<\/em><\/strong><\/p>\n<div class=\"wp-block-image\">\n<figure class=\"aligncenter is-resized\"><img decoding=\"async\" src=\"https:\/\/www.alain-dens.com\/radiation spectrum.gif\" alt=\"Spectre de rayonnement\" style=\"width:572px;height:auto\"\/><\/figure>\n<\/div>\n<p class=\"has-medium-font-size\"><strong><em>Comment les rayons X sont-ils g\u00e9n\u00e9r\u00e9s ?<\/em><\/strong><\/p>\n\n<p>Pour produire des rayons X, nous utilisons un tube \u00e0 rayons X. Il est compos\u00e9 d&rsquo;une cathode o\u00f9 les \u00e9lectrons sont g\u00e9n\u00e9r\u00e9s. Une haute tension acc\u00e9l\u00e8re ces \u00e9lectrons et les fait \u00ab\u00a0entrer en collision\u00a0\u00bb avec une anode, qui peut ou non \u00eatre en rotation. Au cours de ce processus, tout ou partie de l&rsquo;\u00e9nergie cin\u00e9tique est convertie en \u00e9nergie radiante. Notez toutefois que seulement 1 % des rayons X efficaces sont d\u00e9velopp\u00e9s, le reste de l&rsquo;\u00e9nergie \u00e9tant principalement de la chaleur.<\/p>\n\n<p>\u00c0 partir de l&rsquo;endroit de l&rsquo;anode o\u00f9 les \u00e9lectrons entrent en collision (= foyer), le rayonnement est diffus\u00e9 dans toutes les directions. Par cons\u00e9quent, le tube \u00e0 rayons X a un bo\u00eetier en plomb avec une fen\u00eatre \u00e0 un seul endroit. On obtient ainsi une certaine direction de rayonnement que l&rsquo;on peut diriger vers l&rsquo;objet \u00e9tudi\u00e9. L&rsquo;avantage de l&rsquo;anode rotative est que la chaleur est mieux r\u00e9partie, ce qui prolonge la dur\u00e9e de vie du tube radiog\u00e8ne.<\/p>\n\n<div class=\"wp-block-columns is-layout-flex wp-container-core-columns-is-layout-9d6595d7 wp-block-columns-is-layout-flex\">\n<div class=\"wp-block-column is-layout-flow wp-block-column-is-layout-flow\">\n<p class=\"has-medium-font-size\"><strong><em>Sch\u00e9ma d&rsquo;un tube \u00e0 rayons X<\/em><\/strong><\/p>\n\n\n\n<ol class=\"wp-block-list\">\n<li><em>Bo\u00eetier en verre au plomb<\/em><\/li>\n\n\n\n<li><em>A<\/em><em>node tournante<br\/><\/em><\/li>\n\n\n\n<li><em>Cathode<\/em><\/li>\n\n\n\n<li><strong><em> <\/em><\/strong><em>Rayonnement dirig\u00e9 par la forme de l&rsquo;anode<\/em><\/li>\n\n\n\n<li><em>les \u00e9lectrons vont de la cathode (3) \u00e0 l&rsquo;anode (2)<\/em><\/li>\n<\/ol>\n<\/div>\n\n\n\n<div class=\"wp-block-column is-layout-flow wp-block-column-is-layout-flow\">\n<figure class=\"wp-block-image size-full is-resized\"><img loading=\"lazy\" decoding=\"async\" width=\"512\" height=\"384\" src=\"https:\/\/rx.alain-dens.com\/wp-content\/uploads\/2024\/11\/rxbuis_schema.gif\" alt=\"\" class=\"wp-image-157\" style=\"width:579px;height:auto\"\/><\/figure>\n<\/div>\n<\/div>\n","protected":false},"excerpt":{"rendered":"<p>Qu&rsquo;est-ce que sont des rayons X ? Les rayons X sont des ondes \u00e9lectromagn\u00e9tiques de tr\u00e8s courte longueur d&rsquo;onde qui se propagent dans toutes les directions. Le d\u00e9placement se fait \u00e0 la vitesse de la lumi\u00e8re (soit 300 000 km\/s). Ils ont la propri\u00e9t\u00e9 de pouvoir traverser la mati\u00e8re en lui transmettant leur \u00e9nergie. Ce&hellip;&nbsp;<a href=\"https:\/\/rx.alain-dens.com\/fr\/physique-radiologie\/\" rel=\"bookmark\"><span class=\"screen-reader-text\">Physique Radiologie<\/span><\/a><\/p>\n","protected":false},"author":2,"featured_media":0,"parent":0,"menu_order":0,"comment_status":"closed","ping_status":"closed","template":"","meta":{"neve_meta_sidebar":"","neve_meta_container":"","neve_meta_enable_content_width":"","neve_meta_content_width":0,"neve_meta_title_alignment":"","neve_meta_author_avatar":"","neve_post_elements_order":"","neve_meta_disable_header":"","neve_meta_disable_footer":"","neve_meta_disable_title":"","footnotes":""},"class_list":["post-1730","page","type-page","status-publish","hentry"],"_links":{"self":[{"href":"https:\/\/rx.alain-dens.com\/fr\/wp-json\/wp\/v2\/pages\/1730","targetHints":{"allow":["GET"]}}],"collection":[{"href":"https:\/\/rx.alain-dens.com\/fr\/wp-json\/wp\/v2\/pages"}],"about":[{"href":"https:\/\/rx.alain-dens.com\/fr\/wp-json\/wp\/v2\/types\/page"}],"author":[{"embeddable":true,"href":"https:\/\/rx.alain-dens.com\/fr\/wp-json\/wp\/v2\/users\/2"}],"replies":[{"embeddable":true,"href":"https:\/\/rx.alain-dens.com\/fr\/wp-json\/wp\/v2\/comments?post=1730"}],"version-history":[{"count":1,"href":"https:\/\/rx.alain-dens.com\/fr\/wp-json\/wp\/v2\/pages\/1730\/revisions"}],"predecessor-version":[{"id":1731,"href":"https:\/\/rx.alain-dens.com\/fr\/wp-json\/wp\/v2\/pages\/1730\/revisions\/1731"}],"wp:attachment":[{"href":"https:\/\/rx.alain-dens.com\/fr\/wp-json\/wp\/v2\/media?parent=1730"}],"curies":[{"name":"wp","href":"https:\/\/api.w.org\/{rel}","templated":true}]}}