{"id":1724,"date":"2024-11-17T14:16:53","date_gmt":"2024-11-17T14:16:53","guid":{"rendered":"https:\/\/rx.alain-dens.com\/physique-irm\/"},"modified":"2024-12-17T18:53:10","modified_gmt":"2024-12-17T18:53:10","slug":"physique-irm","status":"publish","type":"page","link":"https:\/\/rx.alain-dens.com\/fr\/physique-irm\/","title":{"rendered":"Physique IRM"},"content":{"rendered":"\n<div class=\"wp-block-columns is-layout-flex wp-container-core-columns-is-layout-9d6595d7 wp-block-columns-is-layout-flex\">\n<div class=\"wp-block-column is-layout-flow wp-block-column-is-layout-flow\" style=\"flex-basis:66.66%\">\n<p class=\"has-neve-link-color-color has-text-color has-link-color has-medium-font-size wp-elements-2de9d2ea6466e9a9def02551c22411a5\"><strong>Principe<\/strong><\/p>\n\n\n\n<p><br\/>L&rsquo;<strong>i<\/strong>magerie par<strong> r<\/strong>\u00e9sonance <strong>m<\/strong>agn\u00e9tique est obtenue en pla\u00e7ant la partie du corps \u00e0 examiner dans un champ magn\u00e9tique qui s&rsquo;allume et s&rsquo;\u00e9teint, cr\u00e9ant une \u00ab\u00a0r\u00e9sonance\u00a0\u00bb qui d\u00e9pend de la nature de la mati\u00e8re impliqu\u00e9e. Le corps humain est compos\u00e9 de plusieurs atomes, dont des protons d&rsquo;hydrog\u00e8ne (H+). Chacun de ces protons agit comme une sorte d&rsquo;aimant avec un p\u00f4le positif et un p\u00f4le n\u00e9gatif.<br\/><br\/>L&rsquo;introduction du corps dans l&rsquo;aimant de l&rsquo;IRM entra\u00eene la rotation de chacun de ces protons, qui sont dirig\u00e9s dans toutes les directions au repos, dans le m\u00eame sens que l&rsquo;aimant. Un \u00e9tat d&rsquo;\u00e9quilibre est ainsi atteint. En envoyant une onde radio \u00e0 travers le champ magn\u00e9tique, les protons sont momentan\u00e9ment d\u00e9s\u00e9quilibr\u00e9s, jusqu&rsquo;\u00e0 ce que l&rsquo;onde radio s&rsquo;att\u00e9nue \u00e0 nouveau, puis ils reviennent \u00e0 leur \u00e9tat de repos. Lors de ce retour, les protons g\u00e9n\u00e8rent un signal radio qui peut \u00eatre re\u00e7u par des antennes <strong>situ\u00e9es \u00e0 proximit\u00e9 du patient<\/strong>. En traitant ce signal g\u00e9n\u00e9r\u00e9 en succession fr\u00e9quente, l&rsquo;ordinateur peut former une image, dans la direction axiale, comme en tomodensitom\u00e9trie, mais aussi dans tout autre plan souhait\u00e9. La fr\u00e9quence de ces signaux d\u00e9pend des tissus. De cette mani\u00e8re, il est possible de bien diff\u00e9rencier les diff\u00e9rentes structures du corps.<\/p>\n<\/div>\n\n\n\n<div class=\"wp-block-column is-layout-flow wp-block-column-is-layout-flow\" style=\"flex-basis:33.33%\"><div class=\"wp-block-image\">\n<figure class=\"alignright size-large\"><img loading=\"lazy\" decoding=\"async\" width=\"1024\" height=\"768\" src=\"https:\/\/rx.alain-dens.com\/wp-content\/uploads\/2024\/11\/1280px-Modern_3T_MRI-1024x768.jpg\" alt=\"\" class=\"wp-image-244\" srcset=\"https:\/\/rx.alain-dens.com\/wp-content\/uploads\/2024\/11\/1280px-Modern_3T_MRI-1024x768.jpg 1024w, https:\/\/rx.alain-dens.com\/wp-content\/uploads\/2024\/11\/1280px-Modern_3T_MRI-300x225.jpg 300w, https:\/\/rx.alain-dens.com\/wp-content\/uploads\/2024\/11\/1280px-Modern_3T_MRI-768x576.jpg 768w, https:\/\/rx.alain-dens.com\/wp-content\/uploads\/2024\/11\/1280px-Modern_3T_MRI.jpg 1280w\" sizes=\"auto, (max-width: 1024px) 100vw, 1024px\" \/><\/figure>\n<\/div><\/div>\n<\/div>\n\n<p class=\"has-neve-link-color-color has-text-color has-link-color has-medium-font-size wp-elements-4b3646f09be0c719ffbda564d02a98fc\"><strong>Avantages :<\/strong><br\/><\/p>\n\n<figure class=\"wp-block-table aligncenter is-style-stripes\"><table style=\"border-width:1px\"><tbody><tr><td><img decoding=\"async\" alt=\"\" src=\"https:\/\/www.alain-dens.com\/angio.25.gif\"\/><\/td><td>Capacit\u00e9 \u00e0 cr\u00e9er des images sur diff\u00e9rents plans<\/td><\/tr><tr><td><img decoding=\"async\" alt=\"\" src=\"https:\/\/www.alain-dens.com\/angio.25.gif\"\/><\/td><td>Aucun rayonnement ionisant n&rsquo;est utilis\u00e9<\/td><\/tr><tr><td><img decoding=\"async\" alt=\"\" src=\"https:\/\/www.alain-dens.com\/angio.25.gif\"\/><\/td><td>\u00c0 ce jour, aucun cas de r\u00e9action allergique aux produits de contraste utilis\u00e9s n&rsquo;a \u00e9t\u00e9 signal\u00e9<\/td><\/tr><\/tbody><\/table><\/figure>\n\n<p class=\"has-neve-link-color-color has-text-color has-link-color has-medium-font-size wp-elements-afb953113e97536089acc657df5188f9\"><strong>Inconv\u00e9nients :<\/strong><br\/><\/p>\n\n<figure class=\"wp-block-table aligncenter is-style-stripes\"><table style=\"border-width:1px\"><tbody><tr><td><img decoding=\"async\" alt=\"\" src=\"https:\/\/www.alain-dens.com\/angio.25.gif\"\/><\/td><td>L&rsquo;\u00e9troitesse du tube entra\u00eene facilement des probl\u00e8mes de claustrophobie.<\/td><\/tr><tr><td><img decoding=\"async\" alt=\"\" src=\"https:\/\/www.alain-dens.com\/angio.25.gif\"\/><\/td><td>Des d\u00e9lais d&rsquo;examen plus longs<\/td><\/tr><tr><td><img decoding=\"async\" alt=\"\" src=\"https:\/\/www.alain-dens.com\/angio.25.gif\"\/><\/td><td>Ses longues dur\u00e9es d&rsquo;enregistrement le rendent moins fonctionnel pour l&rsquo;examen d&rsquo;organes en mouvement, tels que le c\u0153ur ou les intestins<\/td><\/tr><tr><td><img decoding=\"async\" alt=\"\" src=\"https:\/\/www.alain-dens.com\/angio.25.gif\"\/><\/td><td>INTERDIT en pr\u00e9sence de stimulateurs cardiaques ou de clips ou proth\u00e8ses m\u00e9talliques.<\/td><\/tr><\/tbody><\/table><\/figure>\n\n<p><\/p>\n","protected":false},"excerpt":{"rendered":"<p>Principe L&rsquo;imagerie par r\u00e9sonance magn\u00e9tique est obtenue en pla\u00e7ant la partie du corps \u00e0 examiner dans un champ magn\u00e9tique qui s&rsquo;allume et s&rsquo;\u00e9teint, cr\u00e9ant une \u00ab\u00a0r\u00e9sonance\u00a0\u00bb qui d\u00e9pend de la nature de la mati\u00e8re impliqu\u00e9e. Le corps humain est compos\u00e9 de plusieurs atomes, dont des protons d&rsquo;hydrog\u00e8ne (H+). Chacun de ces protons agit comme une&hellip;&nbsp;<a href=\"https:\/\/rx.alain-dens.com\/fr\/physique-irm\/\" rel=\"bookmark\"><span class=\"screen-reader-text\">Physique IRM<\/span><\/a><\/p>\n","protected":false},"author":2,"featured_media":0,"parent":0,"menu_order":0,"comment_status":"closed","ping_status":"closed","template":"","meta":{"neve_meta_sidebar":"","neve_meta_container":"","neve_meta_enable_content_width":"","neve_meta_content_width":0,"neve_meta_title_alignment":"","neve_meta_author_avatar":"","neve_post_elements_order":"","neve_meta_disable_header":"","neve_meta_disable_footer":"","neve_meta_disable_title":"","footnotes":""},"class_list":["post-1724","page","type-page","status-publish","hentry"],"_links":{"self":[{"href":"https:\/\/rx.alain-dens.com\/fr\/wp-json\/wp\/v2\/pages\/1724","targetHints":{"allow":["GET"]}}],"collection":[{"href":"https:\/\/rx.alain-dens.com\/fr\/wp-json\/wp\/v2\/pages"}],"about":[{"href":"https:\/\/rx.alain-dens.com\/fr\/wp-json\/wp\/v2\/types\/page"}],"author":[{"embeddable":true,"href":"https:\/\/rx.alain-dens.com\/fr\/wp-json\/wp\/v2\/users\/2"}],"replies":[{"embeddable":true,"href":"https:\/\/rx.alain-dens.com\/fr\/wp-json\/wp\/v2\/comments?post=1724"}],"version-history":[{"count":3,"href":"https:\/\/rx.alain-dens.com\/fr\/wp-json\/wp\/v2\/pages\/1724\/revisions"}],"predecessor-version":[{"id":1971,"href":"https:\/\/rx.alain-dens.com\/fr\/wp-json\/wp\/v2\/pages\/1724\/revisions\/1971"}],"wp:attachment":[{"href":"https:\/\/rx.alain-dens.com\/fr\/wp-json\/wp\/v2\/media?parent=1724"}],"curies":[{"name":"wp","href":"https:\/\/api.w.org\/{rel}","templated":true}]}}