{"id":1712,"date":"2024-11-17T13:00:51","date_gmt":"2024-11-17T13:00:51","guid":{"rendered":"https:\/\/rx.alain-dens.com\/physique-ct-scan\/"},"modified":"2024-12-12T17:07:37","modified_gmt":"2024-12-12T17:07:37","slug":"physique-ct-scan","status":"publish","type":"page","link":"https:\/\/rx.alain-dens.com\/fr\/physique-ct-scan\/","title":{"rendered":"Physique CT-SCAN"},"content":{"rendered":"\n<div class=\"wp-block-columns is-layout-flex wp-container-core-columns-is-layout-9d6595d7 wp-block-columns-is-layout-flex\">\n<div class=\"wp-block-column is-layout-flow wp-block-column-is-layout-flow\">\n<p style=\"font-size:28px\"><strong>Principe <\/strong><\/p>\n\n\n\n<p>On utilise g\u00e9n\u00e9ralement un syst\u00e8me dans lequel le tube \u00e0 rayons X est mont\u00e9 sur une structure annulaire qui se trouve autour du patient et sur laquelle le tube peut tourner sur tout le pourtour. <br\/>De l&rsquo;autre c\u00f4t\u00e9 du tube se trouvent des d\u00e9tecteurs sur l&rsquo;anneau qui recueillent le rayonnement apr\u00e8s p\u00e9n\u00e9tration du patient. Le patient est allong\u00e9 sur une table qui am\u00e8ne la r\u00e9gion \u00e0 examiner au centre du portique. Cette table peut \u00eatre d\u00e9plac\u00e9e au millim\u00e8tre pr\u00e8s, ce qui permet de d\u00e9terminer tr\u00e8s pr\u00e9cis\u00e9ment la r\u00e9gion \u00e0 \u00e9tudier.<br\/><\/p>\n<\/div>\n\n\n\n<div class=\"wp-block-column is-layout-flow wp-block-column-is-layout-flow\"><div class=\"wp-block-image\">\n<figure class=\"alignright size-full is-resized\"><img loading=\"lazy\" decoding=\"async\" width=\"920\" height=\"613\" src=\"https:\/\/rx.alain-dens.com\/wp-content\/uploads\/2024\/11\/CT-UZA.png\" alt=\"\" class=\"wp-image-232\" style=\"width:486px;height:auto\" srcset=\"https:\/\/rx.alain-dens.com\/wp-content\/uploads\/2024\/11\/CT-UZA.png 920w, https:\/\/rx.alain-dens.com\/wp-content\/uploads\/2024\/11\/CT-UZA-300x200.png 300w, https:\/\/rx.alain-dens.com\/wp-content\/uploads\/2024\/11\/CT-UZA-768x512.png 768w\" sizes=\"auto, (max-width: 920px) 100vw, 920px\" \/><\/figure>\n<\/div><\/div>\n<\/div>\n\n<div class=\"wp-block-columns is-layout-flex wp-container-core-columns-is-layout-9d6595d7 wp-block-columns-is-layout-flex\">\n<div class=\"wp-block-column is-layout-flow wp-block-column-is-layout-flow\">\n<p>Pour cr\u00e9er des images, les rayons att\u00e9nu\u00e9s par les diff\u00e9rents tissus sont mesur\u00e9s par les d\u00e9tecteurs. Ils ont la propri\u00e9t\u00e9 de convertir le rayonnement incident en un signal \u00e9lectrique proportionnel. En faisant tourner le tube autour du patient, des images peuvent \u00eatre prises dans diff\u00e9rentes directions. L&rsquo;ordinateur recueille toutes les donn\u00e9es et peut ainsi reconstituer une image, appel\u00e9e coupe.<\/p>\n\n\n\n<p>L&rsquo;image obtenue est compos\u00e9e de diff\u00e9rentes nuances de gris ou densit\u00e9s. Chaque tissu a sa propre densit\u00e9 et a donc la capacit\u00e9 d&rsquo;affaiblir plus ou moins les radiations en fonction de sa densit\u00e9. Les densit\u00e9s ont \u00e9t\u00e9 d\u00e9termin\u00e9es en unit\u00e9s Houndsfield (H.U.).<\/p>\n<\/div>\n<\/div>\n\n<figure class=\"wp-block-table aligncenter is-style-stripes\"><table><tbody><tr><td>Os<\/td><td>&gt; 250 H.U. (blanc, tr\u00e8s haute densit\u00e9)<\/td><\/tr><tr><td>Foie<\/td><td>65 H.U.<\/td><\/tr><tr><td>L&rsquo;eau<\/td><td>  0<\/td><\/tr><tr><td>Graisse<\/td><td>&#8211; 65 H.U.<\/td><\/tr><tr><td>Air<\/td><td>&#8211; 1000 H.U. (noir, tr\u00e8s faible densit\u00e9)<\/td><\/tr><\/tbody><\/table><\/figure>\n\n<p style=\"font-size:28px\"><strong>CT en spirale<\/strong><\/p>\n\n<p>Une nouvelle technique, la tomographie en spirale ou volumique, est utilis\u00e9e depuis les ann\u00e9es 1990. Contrairement \u00e0 la tomodensitom\u00e9trie classique o\u00f9 le patient \u00e9tait d\u00e9plac\u00e9 d&rsquo;une certaine distance \u00e0 chaque fois avant de prendre une image, ici le patient est d\u00e9plac\u00e9 \u00e0 une vitesse constante sous l&rsquo;effet de la rotation continue du tube.<br\/><\/p>\n<div class=\"wp-block-image\">\n<figure class=\"aligncenter size-full is-resized\"><img loading=\"lazy\" decoding=\"async\" width=\"320\" height=\"156\" src=\"https:\/\/rx.alain-dens.com\/wp-content\/uploads\/2024\/11\/helical.gif\" alt=\"\" class=\"wp-image-231\" style=\"width:369px;height:auto\"\/><\/figure>\n<\/div>\n<p><br\/><br\/>Gr\u00e2ce au mouvement continu du patient et \u00e0 la rotation du tube autour de lui, on obtient une structure en spirale. Un volume entier est scann\u00e9 en une seule fois. Les avantages sont les suivants :<\/p>\n\n<figure class=\"wp-block-table aligncenter is-style-stripes\"><table><tbody><tr><td><img decoding=\"async\" src=\"https:\/\/www.alain-dens.com\/angio.25.gif\" alt=\"\"\/><\/td><td>L&rsquo;eamen est termin\u00e9 plus rapidement<\/td><\/tr><tr><td><img decoding=\"async\" src=\"https:\/\/www.alain-dens.com\/angio.25.gif\" alt=\"\"\/><\/td><td>Davantage de donn\u00e9es sont obtenues, ce qui permet une reconstruction dans d&rsquo;autres plans (sagittal, axial).<\/td><\/tr><tr><td><img decoding=\"async\" src=\"https:\/\/www.alain-dens.com\/angio.25.gif\" alt=\"\"\/><\/td><td>Il permet de cr\u00e9er des mod\u00e8les en 3D<\/td><\/tr><\/tbody><\/table><\/figure>\n\n<p><\/p>\n\n<p><em><br\/><\/em><\/p>\n","protected":false},"excerpt":{"rendered":"<p>Principe On utilise g\u00e9n\u00e9ralement un syst\u00e8me dans lequel le tube \u00e0 rayons X est mont\u00e9 sur une structure annulaire qui se trouve autour du patient et sur laquelle le tube peut tourner sur tout le pourtour. De l&rsquo;autre c\u00f4t\u00e9 du tube se trouvent des d\u00e9tecteurs sur l&rsquo;anneau qui recueillent le rayonnement apr\u00e8s p\u00e9n\u00e9tration du patient.&hellip;&nbsp;<a href=\"https:\/\/rx.alain-dens.com\/fr\/physique-ct-scan\/\" rel=\"bookmark\"><span class=\"screen-reader-text\">Physique CT-SCAN<\/span><\/a><\/p>\n","protected":false},"author":2,"featured_media":0,"parent":0,"menu_order":0,"comment_status":"closed","ping_status":"closed","template":"","meta":{"neve_meta_sidebar":"","neve_meta_container":"","neve_meta_enable_content_width":"","neve_meta_content_width":0,"neve_meta_title_alignment":"","neve_meta_author_avatar":"","neve_post_elements_order":"","neve_meta_disable_header":"","neve_meta_disable_footer":"","neve_meta_disable_title":"","footnotes":""},"class_list":["post-1712","page","type-page","status-publish","hentry"],"_links":{"self":[{"href":"https:\/\/rx.alain-dens.com\/fr\/wp-json\/wp\/v2\/pages\/1712","targetHints":{"allow":["GET"]}}],"collection":[{"href":"https:\/\/rx.alain-dens.com\/fr\/wp-json\/wp\/v2\/pages"}],"about":[{"href":"https:\/\/rx.alain-dens.com\/fr\/wp-json\/wp\/v2\/types\/page"}],"author":[{"embeddable":true,"href":"https:\/\/rx.alain-dens.com\/fr\/wp-json\/wp\/v2\/users\/2"}],"replies":[{"embeddable":true,"href":"https:\/\/rx.alain-dens.com\/fr\/wp-json\/wp\/v2\/comments?post=1712"}],"version-history":[{"count":1,"href":"https:\/\/rx.alain-dens.com\/fr\/wp-json\/wp\/v2\/pages\/1712\/revisions"}],"predecessor-version":[{"id":1713,"href":"https:\/\/rx.alain-dens.com\/fr\/wp-json\/wp\/v2\/pages\/1712\/revisions\/1713"}],"wp:attachment":[{"href":"https:\/\/rx.alain-dens.com\/fr\/wp-json\/wp\/v2\/media?parent=1712"}],"curies":[{"name":"wp","href":"https:\/\/api.w.org\/{rel}","templated":true}]}}