{"id":1706,"date":"2024-11-14T14:21:01","date_gmt":"2024-11-14T14:21:01","guid":{"rendered":"https:\/\/rx.alain-dens.com\/physique-angiographie\/"},"modified":"2024-12-12T16:57:29","modified_gmt":"2024-12-12T16:57:29","slug":"physique-angiographie","status":"publish","type":"page","link":"https:\/\/rx.alain-dens.com\/fr\/physique-angiographie\/","title":{"rendered":"Physique Angiographie"},"content":{"rendered":"\n<h3 class=\"wp-block-heading\"><strong>Soustraction num\u00e9rique<\/strong><\/h3>\n\n<div class=\"wp-block-columns is-layout-flex wp-container-core-columns-is-layout-9d6595d7 wp-block-columns-is-layout-flex\">\n<div class=\"wp-block-column is-layout-flow wp-block-column-is-layout-flow\" style=\"flex-basis:66.66%\">\n<p>La soustraction est une technique utilis\u00e9e pour obtenir une image en ne laissant visible que la diff\u00e9rence entre les deux images originales. Cette technique est principalement utilis\u00e9e en angiographie.<br\/><br\/><strong>Soustraction num\u00e9rique ?<\/strong><br\/><br\/>La soustraction num\u00e9rique est une soustraction effectu\u00e9e par traitement d&rsquo;images num\u00e9riques. En g\u00e9n\u00e9ral, l&rsquo;ordinateur connect\u00e9 \u00e0 l&rsquo;appareil utilis\u00e9 pour r\u00e9aliser l&rsquo;angiographie le fait automatiquement. Il est toutefois possible de modifier certains param\u00e8tres, comme le choix de l&rsquo;image de r\u00e9f\u00e9rence. Il s&rsquo;agit d&rsquo;\u00e9viter autant que possible les artefacts de mouvement.<\/p>\n<\/div>\n\n\n\n<div class=\"wp-block-column is-layout-flow wp-block-column-is-layout-flow\" style=\"flex-basis:33.33%\"><div class=\"wp-block-image\">\n<figure class=\"aligncenter size-full is-resized\"><img loading=\"lazy\" decoding=\"async\" width=\"574\" height=\"554\" src=\"https:\/\/rx.alain-dens.com\/wp-content\/uploads\/2024\/11\/Angiografie.png\" alt=\"\" class=\"wp-image-203\" style=\"width:294px;height:auto\" srcset=\"https:\/\/rx.alain-dens.com\/wp-content\/uploads\/2024\/11\/Angiografie.png 574w, https:\/\/rx.alain-dens.com\/wp-content\/uploads\/2024\/11\/Angiografie-300x290.png 300w\" sizes=\"auto, (max-width: 574px) 100vw, 574px\" \/><\/figure>\n<\/div><\/div>\n<\/div>\n\n<p><strong>Comment fonctionne la soustraction ?<\/strong><br\/><br\/>Lors de l&rsquo;enregistrement d&rsquo;une angiographie, une image de r\u00e9f\u00e9rence est r\u00e9alis\u00e9e avant l&rsquo;administration d&rsquo;un agent de contraste au patient. Cette image sera conserv\u00e9e. Maintenant, lorsque nous administrons une injection de contraste et que nous r\u00e9exposons les images, nous commen\u00e7ons \u00e0 voir non seulement l&rsquo;image de r\u00e9f\u00e9rence, mais aussi les \u00e9l\u00e9ments travers\u00e9s par la substance de contraste. Nous allons ensuite soustraire l&rsquo;image de r\u00e9f\u00e9rence de l&rsquo;image obtenue avec le remplissage de contraste. Nous conservons alors une image o\u00f9 les vaisseaux sanguins sont clairement visibles, tandis que les os, etc. semblent effac\u00e9s. Cependant, ce syst\u00e8me est \u00e9galement sensible aux mouvements du patient.<br\/><br\/>Exemple :<br\/><br\/>L&rsquo;exemple suivant montre une repr\u00e9sentation sch\u00e9matique de ce qu&rsquo;est la soustraction et de son fonctionnement. La premi\u00e8re image repr\u00e9sente une image de r\u00e9f\u00e9rence, c&rsquo;est-\u00e0-dire une image prise avant l&rsquo;administration du contraste. La deuxi\u00e8me image est la m\u00eame, mais l&rsquo;image + repr\u00e9sente le remplissage du contraste. La troisi\u00e8me image correspond \u00e0 ce que l&rsquo;on obtient en effectuant une soustraction. La premi\u00e8re image est en quelque sorte soustraite de la seconde, ne laissant que la diff\u00e9rence entre les deux images.<\/p>\n\n<p><br\/><\/p>\n\n<figure class=\"wp-block-table is-style-stripes\"><table class=\"has-fixed-layout\"><tbody><tr><td class=\"has-text-align-left\" data-align=\"left\"><img decoding=\"async\" alt=\"photo de r&#xE9;f&#xE9;rence\" src=\"https:\/\/www.alain-dens.com\/substractie1.gif\"\/><br\/><\/td><td><img decoding=\"async\" alt=\"photo de r&#xE9;f&#xE9;rence avec contraste\" src=\"https:\/\/www.alain-dens.com\/substractie2.gif\"\/><br\/><\/td><td><img decoding=\"async\" alt=\"image de soustraction\" src=\"https:\/\/www.alain-dens.com\/substractie3.gif\"\/><br\/><\/td><\/tr><tr><td class=\"has-text-align-left\" data-align=\"left\">Photo de r\u00e9f\u00e9rence, sans contraste<br\/><\/td><td>m\u00eame image que la photo de r\u00e9f\u00e9rence, mais avec contraste<br\/><\/td><td>Diff\u00e9rence entre les deux images = contraste uniquement<br\/><\/td><\/tr><\/tbody><\/table><\/figure>\n\n<p><\/p>\n","protected":false},"excerpt":{"rendered":"<p>Soustraction num\u00e9rique La soustraction est une technique utilis\u00e9e pour obtenir une image en ne laissant visible que la diff\u00e9rence entre les deux images originales. Cette technique est principalement utilis\u00e9e en angiographie. Soustraction num\u00e9rique ? La soustraction num\u00e9rique est une soustraction effectu\u00e9e par traitement d&rsquo;images num\u00e9riques. En g\u00e9n\u00e9ral, l&rsquo;ordinateur connect\u00e9 \u00e0 l&rsquo;appareil utilis\u00e9 pour r\u00e9aliser l&rsquo;angiographie&hellip;&nbsp;<a href=\"https:\/\/rx.alain-dens.com\/fr\/physique-angiographie\/\" rel=\"bookmark\"><span class=\"screen-reader-text\">Physique Angiographie<\/span><\/a><\/p>\n","protected":false},"author":2,"featured_media":0,"parent":0,"menu_order":0,"comment_status":"closed","ping_status":"closed","template":"","meta":{"neve_meta_sidebar":"","neve_meta_container":"","neve_meta_enable_content_width":"","neve_meta_content_width":0,"neve_meta_title_alignment":"","neve_meta_author_avatar":"","neve_post_elements_order":"","neve_meta_disable_header":"","neve_meta_disable_footer":"","neve_meta_disable_title":"","footnotes":""},"class_list":["post-1706","page","type-page","status-publish","hentry"],"_links":{"self":[{"href":"https:\/\/rx.alain-dens.com\/fr\/wp-json\/wp\/v2\/pages\/1706","targetHints":{"allow":["GET"]}}],"collection":[{"href":"https:\/\/rx.alain-dens.com\/fr\/wp-json\/wp\/v2\/pages"}],"about":[{"href":"https:\/\/rx.alain-dens.com\/fr\/wp-json\/wp\/v2\/types\/page"}],"author":[{"embeddable":true,"href":"https:\/\/rx.alain-dens.com\/fr\/wp-json\/wp\/v2\/users\/2"}],"replies":[{"embeddable":true,"href":"https:\/\/rx.alain-dens.com\/fr\/wp-json\/wp\/v2\/comments?post=1706"}],"version-history":[{"count":1,"href":"https:\/\/rx.alain-dens.com\/fr\/wp-json\/wp\/v2\/pages\/1706\/revisions"}],"predecessor-version":[{"id":1707,"href":"https:\/\/rx.alain-dens.com\/fr\/wp-json\/wp\/v2\/pages\/1706\/revisions\/1707"}],"wp:attachment":[{"href":"https:\/\/rx.alain-dens.com\/fr\/wp-json\/wp\/v2\/media?parent=1706"}],"curies":[{"name":"wp","href":"https:\/\/api.w.org\/{rel}","templated":true}]}}