{"id":1672,"date":"2024-11-21T14:55:38","date_gmt":"2024-11-21T14:55:38","guid":{"rendered":"https:\/\/rx.alain-dens.com\/equipements-de-protection\/"},"modified":"2024-12-12T16:49:24","modified_gmt":"2024-12-12T16:49:24","slug":"equipements-de-protection","status":"publish","type":"page","link":"https:\/\/rx.alain-dens.com\/fr\/equipements-de-protection\/","title":{"rendered":"\u00c9quipements de protection"},"content":{"rendered":"\n<p>L&rsquo;entreprise doit tout mettre en \u0153uvre pour garantir un \u00e9quipement de protection suffisant et efficace. Pour ce faire, il va utiliser un ou, de pr\u00e9f\u00e9rence, plusieurs des \u00e9l\u00e9ments suivants.<\/p>\n\n<figure class=\"wp-block-table aligncenter is-style-stripes\"><table><tbody><tr><td><img decoding=\"async\" alt=\"\" src=\"https:\/\/www.alain-dens.com\/angio.25.gif\"\/><\/td><td>Protection par la distance : \u00e9viter l&rsquo;exposition involontaire en s&rsquo;\u00e9loignant des sources.<\/td><\/tr><tr><td><img decoding=\"async\" alt=\"\" src=\"https:\/\/www.alain-dens.com\/angio.25.gif\"\/><\/td><td>Protection par une armure.<\/td><\/tr><tr><td><img decoding=\"async\" alt=\"\" src=\"https:\/\/www.alain-dens.com\/angio.25.gif\"\/><\/td><td>Protection des salles de travail par des \u00e9crans.<\/td><\/tr><tr><td><img decoding=\"async\" alt=\"\" src=\"https:\/\/www.alain-dens.com\/angio.25.gif\"\/><\/td><td>Protection par la limitation des temps d&rsquo;exposition.<\/td><\/tr><tr><td><img decoding=\"async\" alt=\"\" src=\"https:\/\/www.alain-dens.com\/angio.25.gif\"\/><\/td><td>Placement des panneaux d&rsquo;avertissement : la taille de ces panneaux peut varier en fonction de l&rsquo;endroit o\u00f9 ils sont appos\u00e9s, mais ils doivent toujours respecter les proportions indiqu\u00e9es ci-dessous.<br\/><\/td><\/tr><\/tbody><\/table><\/figure>\n<div class=\"wp-block-image\">\n<figure class=\"aligncenter\"><img decoding=\"async\" src=\"https:\/\/www.alain-dens.com\/radiop2.gif\" alt=\"symbole officiel de l'activit&#xE9; radio\"\/><\/figure>\n<\/div>\n<figure class=\"wp-block-table aligncenter is-style-stripes\"><table><tbody><tr><td><img decoding=\"async\" alt=\"\" src=\"https:\/\/www.alain-dens.com\/image003.gif\"\/><br\/><\/td><td>Le panneau d&rsquo;avertissement doit figurer \u00e0 chaque entr\u00e9e de la zone contr\u00f4l\u00e9e et sur tout appareil \u00e9mettant des rayonnements ionisants.<\/td><\/tr><tr><td><img decoding=\"async\" alt=\"\" src=\"https:\/\/www.alain-dens.com\/image003.gif\"\/><\/td><td>Sous le panneau d&rsquo;avertissement doit figurer, de mani\u00e8re visible et lisible, toute information suppl\u00e9mentaire destin\u00e9e \u00e0 avertir les personnes qui p\u00e9n\u00e8trent dans la zone des dangers auxquels elles peuvent \u00eatre confront\u00e9es.<br\/><\/td><\/tr><\/tbody><\/table><\/figure>\n\n<p>\u00c9quipements de protection individuelle en radiologie :<\/p>\n\n<div class=\"wp-block-columns is-layout-flex wp-container-core-columns-is-layout-9d6595d7 wp-block-columns-is-layout-flex\">\n<div class=\"wp-block-column is-layout-flow wp-block-column-is-layout-flow\" style=\"flex-basis:25%\">\n<figure class=\"wp-block-image size-full is-resized\"><img loading=\"lazy\" decoding=\"async\" width=\"400\" height=\"720\" src=\"https:\/\/rx.alain-dens.com\/wp-content\/uploads\/2024\/11\/Vest-Skirt-Relief-Wrap_voorzijde_total.jpg\" alt=\"\" class=\"wp-image-664\" style=\"width:166px;height:auto\" srcset=\"https:\/\/rx.alain-dens.com\/wp-content\/uploads\/2024\/11\/Vest-Skirt-Relief-Wrap_voorzijde_total.jpg 400w, https:\/\/rx.alain-dens.com\/wp-content\/uploads\/2024\/11\/Vest-Skirt-Relief-Wrap_voorzijde_total-167x300.jpg 167w\" sizes=\"auto, (max-width: 400px) 100vw, 400px\" \/><\/figure>\n\n\n\n<figure class=\"wp-block-image size-large is-resized\"><img loading=\"lazy\" decoding=\"async\" width=\"1024\" height=\"1024\" src=\"http:\/\/alain.tuma-mashua.net\/wp-content\/uploads\/sites\/2\/2024\/11\/schildklierkraag-mtc-5.1280x0-1024x1024.jpg\" alt=\"\" class=\"wp-image-662\" style=\"width:125px;height:auto\" srcset=\"https:\/\/rx.alain-dens.com\/wp-content\/uploads\/2024\/11\/schildklierkraag-mtc-5.1280x0-1024x1024.jpg 1024w, https:\/\/rx.alain-dens.com\/wp-content\/uploads\/2024\/11\/schildklierkraag-mtc-5.1280x0-300x300.jpg 300w, https:\/\/rx.alain-dens.com\/wp-content\/uploads\/2024\/11\/schildklierkraag-mtc-5.1280x0-150x150.jpg 150w, https:\/\/rx.alain-dens.com\/wp-content\/uploads\/2024\/11\/schildklierkraag-mtc-5.1280x0-768x768.jpg 768w, https:\/\/rx.alain-dens.com\/wp-content\/uploads\/2024\/11\/schildklierkraag-mtc-5.1280x0.jpg 1200w\" sizes=\"auto, (max-width: 1024px) 100vw, 1024px\" \/><\/figure>\n<\/div>\n\n\n\n<div class=\"wp-block-column is-vertically-aligned-center is-layout-flow wp-block-column-is-layout-flow\" style=\"flex-basis:50%\">\n<figure class=\"wp-block-table aligncenter is-style-stripes\"><table><tbody><tr><td class=\"has-text-align-left\" data-align=\"left\"><img decoding=\"async\" src=\"https:\/\/www.alain-dens.com\/angio.25.gif\" alt=\"\"\/><\/td><td>Tablier de plomb<\/td><td><\/td><\/tr><tr><td class=\"has-text-align-left\" data-align=\"left\">        <img decoding=\"async\" src=\"https:\/\/www.alain-dens.com\/image003.gif\" alt=\"\"\/> <br\/>        <img decoding=\"async\" src=\"https:\/\/www.alain-dens.com\/image003.gif\" alt=\"\"\/>             <\/td><td>Tablier Tablier enrubann\u00e9<\/td><td><\/td><\/tr><tr><td class=\"has-text-align-left\" data-align=\"left\"><img decoding=\"async\" src=\"https:\/\/www.alain-dens.com\/angio.25.gif\" alt=\"\"\/><\/td><td>Protection de la thyro\u00efde<\/td><td><\/td><\/tr><tr><td class=\"has-text-align-left\" data-align=\"left\"><img decoding=\"async\" src=\"https:\/\/www.alain-dens.com\/angio.25.gif\" alt=\"\"\/><\/td><td>Gants en plomb<\/td><td><\/td><\/tr><tr><td class=\"has-text-align-left\" data-align=\"left\"><img decoding=\"async\" src=\"https:\/\/www.alain-dens.com\/angio.25.gif\" alt=\"\"\/><\/td><td>Lunettes avec verre en plomb pour prot\u00e9ger le cristallin<\/td><td><\/td><\/tr><\/tbody><\/table><\/figure>\n<\/div>\n\n\n\n<div class=\"wp-block-column is-layout-flow wp-block-column-is-layout-flow\" style=\"flex-basis:25%\"><div class=\"wp-block-image\">\n<figure class=\"alignright size-full is-resized\"><img loading=\"lazy\" decoding=\"async\" width=\"683\" height=\"1024\" src=\"https:\/\/rx.alain-dens.com\/wp-content\/uploads\/2024\/11\/Scanflex-Easy-WrapEasy-loodschort-voorzijde.jpg\" alt=\"\" class=\"wp-image-663\" style=\"width:200px;height:auto\" srcset=\"https:\/\/rx.alain-dens.com\/wp-content\/uploads\/2024\/11\/Scanflex-Easy-WrapEasy-loodschort-voorzijde.jpg 683w, https:\/\/rx.alain-dens.com\/wp-content\/uploads\/2024\/11\/Scanflex-Easy-WrapEasy-loodschort-voorzijde-200x300.jpg 200w\" sizes=\"auto, (max-width: 683px) 100vw, 683px\" \/><\/figure>\n<\/div>\n\n\n<figure class=\"wp-block-image size-large is-resized\"><img loading=\"lazy\" decoding=\"async\" width=\"1024\" height=\"683\" src=\"http:\/\/alain.tuma-mashua.net\/wp-content\/uploads\/sites\/2\/2024\/11\/Radiologie-bril-1024x683.jpg\" alt=\"\" class=\"wp-image-665\" style=\"width:163px;height:auto\" srcset=\"https:\/\/rx.alain-dens.com\/wp-content\/uploads\/2024\/11\/Radiologie-bril-1024x683.jpg 1024w, https:\/\/rx.alain-dens.com\/wp-content\/uploads\/2024\/11\/Radiologie-bril-300x200.jpg 300w, https:\/\/rx.alain-dens.com\/wp-content\/uploads\/2024\/11\/Radiologie-bril-768x512.jpg 768w, https:\/\/rx.alain-dens.com\/wp-content\/uploads\/2024\/11\/Radiologie-bril.jpg 1200w\" sizes=\"auto, (max-width: 1024px) 100vw, 1024px\" \/><\/figure>\n\n\n<div class=\"wp-block-image\">\n<figure class=\"alignright size-full is-resized\"><img loading=\"lazy\" decoding=\"async\" width=\"300\" height=\"229\" src=\"https:\/\/rx.alain-dens.com\/wp-content\/uploads\/2024\/11\/loden-handschoen.jpg\" alt=\"\" class=\"wp-image-666\" style=\"width:135px;height:auto\"\/><\/figure>\n<\/div><\/div>\n<\/div>\n\n<p>Protection personnelle du patient :<\/p>\n\n<figure class=\"wp-block-table aligncenter is-style-stripes\"><table><tbody><tr><td><img decoding=\"async\" alt=\"\" src=\"https:\/\/www.alain-dens.com\/angio.25.gif\"\/><\/td><td>Eventuellement un tablier de plomb<\/td><\/tr><tr><td><img decoding=\"async\" alt=\"\" src=\"https:\/\/www.alain-dens.com\/angio.25.gif\"\/><\/td><td>Protection des gonades (protection des organes g\u00e9nitaux).<\/td><\/tr><tr><td><img decoding=\"async\" alt=\"\" src=\"https:\/\/www.alain-dens.com\/angio.25.gif\"\/><\/td><td>Dose minimale (principe ALARA)<\/td><\/tr><\/tbody><\/table><\/figure>\n\n<p><strong>Mesure des doses :<\/strong><\/p>\n\n<div class=\"wp-block-columns is-layout-flex wp-container-core-columns-is-layout-9d6595d7 wp-block-columns-is-layout-flex\">\n<div class=\"wp-block-column is-layout-flow wp-block-column-is-layout-flow\" style=\"flex-basis:66.66%\">\n<p>Chaque travailleur expos\u00e9 aux rayonnements portera un dosim\u00e8tre \u00e0 hauteur de la poitrine. Cette dosim\u00e9trie est organis\u00e9e par l&#8217;employeur qui doit \u00e9galement la payer. Les r\u00e9sultats sont lus par un service de dosim\u00e9trie accr\u00e9dit\u00e9.<br\/><br\/>S&rsquo;il existe un risque qu&rsquo;une partie du corps re\u00e7oive une dose plus \u00e9lev\u00e9e, un dosim\u00e8tre suppl\u00e9mentaire est fourni pour prendre des mesures \u00e0 cet endroit pr\u00e9cis.<br\/><br\/>Si les activit\u00e9s que vous exercez n\u00e9cessitent un tablier de plomb, vous porterez au moins deux dosim\u00e8tres, l&rsquo;un en dessous et l&rsquo;autre au-dessus du tablier. <br\/>Chaque employ\u00e9 a acc\u00e8s aux donn\u00e9es sur les doses qui le concernent.<\/p>\n\n\n\n<p><\/p>\n<\/div>\n\n\n\n<div class=\"wp-block-column is-layout-flow wp-block-column-is-layout-flow\" style=\"flex-basis:33.33%\">\n<figure class=\"wp-block-image size-large\"><img loading=\"lazy\" decoding=\"async\" width=\"1024\" height=\"347\" src=\"https:\/\/rx.alain-dens.com\/wp-content\/uploads\/2024\/11\/Ringdosimeter-1024x347.png\" alt=\"\" class=\"wp-image-667\" srcset=\"https:\/\/rx.alain-dens.com\/wp-content\/uploads\/2024\/11\/Ringdosimeter-1024x347.png 1024w, https:\/\/rx.alain-dens.com\/wp-content\/uploads\/2024\/11\/Ringdosimeter-300x102.png 300w, https:\/\/rx.alain-dens.com\/wp-content\/uploads\/2024\/11\/Ringdosimeter-768x261.png 768w, https:\/\/rx.alain-dens.com\/wp-content\/uploads\/2024\/11\/Ringdosimeter.png 1303w\" sizes=\"auto, (max-width: 1024px) 100vw, 1024px\" \/><\/figure>\n\n\n<div class=\"wp-block-image\">\n<figure class=\"alignright size-full is-resized\"><img loading=\"lazy\" decoding=\"async\" width=\"300\" height=\"300\" src=\"https:\/\/rx.alain-dens.com\/wp-content\/uploads\/2024\/11\/badge-RX1.jpg\" alt=\"\" class=\"wp-image-668\" style=\"width:121px;height:auto\" srcset=\"https:\/\/rx.alain-dens.com\/wp-content\/uploads\/2024\/11\/badge-RX1.jpg 300w, https:\/\/rx.alain-dens.com\/wp-content\/uploads\/2024\/11\/badge-RX1-150x150.jpg 150w\" sizes=\"auto, (max-width: 300px) 100vw, 300px\" \/><\/figure>\n<\/div>\n\n\n<figure class=\"wp-block-image size-full is-resized\"><img loading=\"lazy\" decoding=\"async\" width=\"391\" height=\"312\" src=\"https:\/\/rx.alain-dens.com\/wp-content\/uploads\/2024\/11\/Badge-RX2.png\" alt=\"\" class=\"wp-image-669\" style=\"width:139px;height:auto\" srcset=\"https:\/\/rx.alain-dens.com\/wp-content\/uploads\/2024\/11\/Badge-RX2.png 391w, https:\/\/rx.alain-dens.com\/wp-content\/uploads\/2024\/11\/Badge-RX2-300x239.png 300w\" sizes=\"auto, (max-width: 391px) 100vw, 391px\" \/><\/figure>\n\n\n<div class=\"wp-block-image\">\n<figure class=\"alignright size-large is-resized\"><img loading=\"lazy\" decoding=\"async\" width=\"1024\" height=\"309\" src=\"https:\/\/rx.alain-dens.com\/wp-content\/uploads\/2024\/11\/Badge-RX3-1024x309.jpg\" alt=\"\" class=\"wp-image-670\" style=\"width:295px;height:auto\" srcset=\"https:\/\/rx.alain-dens.com\/wp-content\/uploads\/2024\/11\/Badge-RX3-1024x309.jpg 1024w, https:\/\/rx.alain-dens.com\/wp-content\/uploads\/2024\/11\/Badge-RX3-300x91.jpg 300w, https:\/\/rx.alain-dens.com\/wp-content\/uploads\/2024\/11\/Badge-RX3-768x232.jpg 768w, https:\/\/rx.alain-dens.com\/wp-content\/uploads\/2024\/11\/Badge-RX3-1536x464.jpg 1536w, https:\/\/rx.alain-dens.com\/wp-content\/uploads\/2024\/11\/Badge-RX3-2048x618.jpg 2048w\" sizes=\"auto, (max-width: 1024px) 100vw, 1024px\" \/><\/figure>\n<\/div><\/div>\n<\/div>\n\n<p><strong>Dispositions sp\u00e9cifiques pour l&rsquo;application m\u00e9dicale des rayonnements ionisants :<\/strong><strong> <br\/><\/strong><br\/>Pour toute exposition m\u00e9dicale, on \u00e9valuera toujours le b\u00e9n\u00e9fice m\u00e9dical direct et le b\u00e9n\u00e9fice soci\u00e9tal par rapport \u00e0 tout dommage caus\u00e9 par l&rsquo;exposition. On consid\u00e8re ici l&rsquo;efficacit\u00e9, les avantages et les risques \u00e9ventuels associ\u00e9s \u00e0 d&rsquo;autres techniques qui n\u00e9cessitent une exposition moindre, voire nulle, aux rayonnements ionisants.<br\/><br\/>De m\u00eame, l&rsquo;exposition des personnes qui, en connaissance de cause et de leur plein gr\u00e9, mais non professionnellement, aident et soutiennent d&rsquo;autres personnes soumises \u00e0 une exposition m\u00e9dicale, doit \u00eatre d\u00fbment \u00e9valu\u00e9e afin que les r\u00e9sultats de la recherche ou du traitement n&rsquo;encouragent pas une exposition inutile.<br\/><br\/>Si une grossesse ne peut \u00eatre exclue, une attention particuli\u00e8re doit \u00eatre accord\u00e9e \u00e0 la justification, notamment au niveau de l&rsquo;abdomen et de la r\u00e9gion pelvienne, en fonction de l&rsquo;exposition m\u00e9dicale, en particulier en ce qui concerne la p\u00e9n\u00e9tration \u00e9lev\u00e9e et l&rsquo;optimisation de l&rsquo;exposition.<br\/><br\/>Il est certain que le principe ALARA s&rsquo;applique ici, de sorte que la dose sera maintenue au niveau le plus bas qu&rsquo;il soit raisonnablement possible d&rsquo;atteindre. L&rsquo;objectif est d&rsquo;obtenir des informations suffisantes pour \u00e9tablir un diagnostic.<\/p>\n","protected":false},"excerpt":{"rendered":"<p>L&rsquo;entreprise doit tout mettre en \u0153uvre pour garantir un \u00e9quipement de protection suffisant et efficace. Pour ce faire, il va utiliser un ou, de pr\u00e9f\u00e9rence, plusieurs des \u00e9l\u00e9ments suivants. Protection par la distance : \u00e9viter l&rsquo;exposition involontaire en s&rsquo;\u00e9loignant des sources. Protection par une armure. Protection des salles de travail par des \u00e9crans. Protection par&hellip;&nbsp;<a href=\"https:\/\/rx.alain-dens.com\/fr\/equipements-de-protection\/\" rel=\"bookmark\"><span class=\"screen-reader-text\">\u00c9quipements de protection<\/span><\/a><\/p>\n","protected":false},"author":2,"featured_media":0,"parent":0,"menu_order":0,"comment_status":"closed","ping_status":"closed","template":"","meta":{"neve_meta_sidebar":"","neve_meta_container":"","neve_meta_enable_content_width":"","neve_meta_content_width":0,"neve_meta_title_alignment":"","neve_meta_author_avatar":"","neve_post_elements_order":"","neve_meta_disable_header":"","neve_meta_disable_footer":"","neve_meta_disable_title":"","footnotes":""},"class_list":["post-1672","page","type-page","status-publish","hentry"],"_links":{"self":[{"href":"https:\/\/rx.alain-dens.com\/fr\/wp-json\/wp\/v2\/pages\/1672","targetHints":{"allow":["GET"]}}],"collection":[{"href":"https:\/\/rx.alain-dens.com\/fr\/wp-json\/wp\/v2\/pages"}],"about":[{"href":"https:\/\/rx.alain-dens.com\/fr\/wp-json\/wp\/v2\/types\/page"}],"author":[{"embeddable":true,"href":"https:\/\/rx.alain-dens.com\/fr\/wp-json\/wp\/v2\/users\/2"}],"replies":[{"embeddable":true,"href":"https:\/\/rx.alain-dens.com\/fr\/wp-json\/wp\/v2\/comments?post=1672"}],"version-history":[{"count":1,"href":"https:\/\/rx.alain-dens.com\/fr\/wp-json\/wp\/v2\/pages\/1672\/revisions"}],"predecessor-version":[{"id":1687,"href":"https:\/\/rx.alain-dens.com\/fr\/wp-json\/wp\/v2\/pages\/1672\/revisions\/1687"}],"wp:attachment":[{"href":"https:\/\/rx.alain-dens.com\/fr\/wp-json\/wp\/v2\/media?parent=1672"}],"curies":[{"name":"wp","href":"https:\/\/api.w.org\/{rel}","templated":true}]}}