{"id":1029,"date":"2024-11-14T13:44:40","date_gmt":"2024-11-14T13:44:40","guid":{"rendered":"https:\/\/rx.alain-dens.com\/bienvenue\/"},"modified":"2024-12-14T11:27:44","modified_gmt":"2024-12-14T11:27:44","slug":"bienvenue","status":"publish","type":"page","link":"https:\/\/rx.alain-dens.com\/fr\/","title":{"rendered":"BIENVENUE"},"content":{"rendered":"\n<p class=\"has-text-align-center\">La langue originale de ce site est le n\u00e9erlandais. Des erreurs de traduction sont toujours possibles. Nous vous prions de bien vouloir nous en excuser.  <\/p>\n\n<div class=\"wp-block-cover is-light\" style=\"min-height:982px;aspect-ratio:unset;\"><span aria-hidden=\"true\" class=\"wp-block-cover__background has-background-dim-70 has-background-dim\" style=\"background-color:#cdbf9e\"><\/span><img loading=\"lazy\" decoding=\"async\" width=\"2066\" height=\"1748\" class=\"wp-block-cover__image-background wp-image-208\" alt=\"\" src=\"https:\/\/rx.alain-dens.com\/wp-content\/uploads\/2024\/11\/Rontgentechniek-1904.jpg\" data-object-fit=\"cover\" srcset=\"https:\/\/rx.alain-dens.com\/wp-content\/uploads\/2024\/11\/Rontgentechniek-1904.jpg 2066w, https:\/\/rx.alain-dens.com\/wp-content\/uploads\/2024\/11\/Rontgentechniek-1904-300x254.jpg 300w, https:\/\/rx.alain-dens.com\/wp-content\/uploads\/2024\/11\/Rontgentechniek-1904-1024x866.jpg 1024w, https:\/\/rx.alain-dens.com\/wp-content\/uploads\/2024\/11\/Rontgentechniek-1904-768x650.jpg 768w, https:\/\/rx.alain-dens.com\/wp-content\/uploads\/2024\/11\/Rontgentechniek-1904-1536x1300.jpg 1536w, https:\/\/rx.alain-dens.com\/wp-content\/uploads\/2024\/11\/Rontgentechniek-1904-2048x1733.jpg 2048w\" sizes=\"auto, (max-width: 2066px) 100vw, 2066px\" \/><div class=\"wp-block-cover__inner-container is-layout-constrained wp-block-cover-is-layout-constrained\">\n<p class=\"has-text-align-center has-nv-dark-bg-color has-text-color has-link-color wp-elements-2b135fae9730879ccd1a21732e8d3b0c\" style=\"font-size:36px\">Les images m\u00e9dicales ont largement contribu\u00e9 aux progr\u00e8s de la m\u00e9decine et en sont aujourd&rsquo;hui un outil indispensable.<\/p>\n\n\n\n<p class=\"has-neve-text-color-color has-text-color has-link-color wp-elements-458c41697318acb58bb9e5f466be8074\" style=\"font-size:22px\">Dans ce site web, un infirmier sp\u00e9cialis\u00e9 dans l&rsquo;imagerie m\u00e9dicale donne un aper\u00e7u de base du domaine tr\u00e8s diversifi\u00e9 de l&rsquo;imagerie m\u00e9dicale, et ce dans un langage simple et humain.<\/p>\n\n\n\n<p class=\"has-neve-text-color-color has-text-color has-link-color wp-elements-c46499d4e0d9bec7531b8a3806985fe9\" style=\"font-size:22px\">Les personnes travaillant dans d&rsquo;autres branches de la m\u00e9decine pourront \u00e9galement avoir un meilleur aper\u00e7u de ces outils de soutien importants de la m\u00e9decine.<\/p>\n\n\n\n<p class=\"has-neve-text-color-color has-text-color has-link-color wp-elements-b8962b03edbc0843fed5c8570b6f3520\" style=\"font-size:22px\">Les informations sont divis\u00e9es en diff\u00e9rents domaines tels que la gen\u00e8se et la physique sous-jacente. Commencez par le menu ci-dessus, \u00e0 partir duquel vous serez guid\u00e9.<\/p>\n<\/div><\/div>\n\n<p><\/p>\n","protected":false},"excerpt":{"rendered":"<p>La langue originale de ce site est le n\u00e9erlandais. Des erreurs de traduction sont toujours possibles. Nous vous prions de bien vouloir nous en excuser.<\/p>\n","protected":false},"author":2,"featured_media":0,"parent":0,"menu_order":0,"comment_status":"closed","ping_status":"closed","template":"","meta":{"neve_meta_sidebar":"","neve_meta_container":"","neve_meta_enable_content_width":"","neve_meta_content_width":0,"neve_meta_title_alignment":"","neve_meta_author_avatar":"","neve_post_elements_order":"","neve_meta_disable_header":"","neve_meta_disable_footer":"","neve_meta_disable_title":"","footnotes":""},"class_list":["post-1029","page","type-page","status-publish","hentry"],"_links":{"self":[{"href":"https:\/\/rx.alain-dens.com\/fr\/wp-json\/wp\/v2\/pages\/1029","targetHints":{"allow":["GET"]}}],"collection":[{"href":"https:\/\/rx.alain-dens.com\/fr\/wp-json\/wp\/v2\/pages"}],"about":[{"href":"https:\/\/rx.alain-dens.com\/fr\/wp-json\/wp\/v2\/types\/page"}],"author":[{"embeddable":true,"href":"https:\/\/rx.alain-dens.com\/fr\/wp-json\/wp\/v2\/users\/2"}],"replies":[{"embeddable":true,"href":"https:\/\/rx.alain-dens.com\/fr\/wp-json\/wp\/v2\/comments?post=1029"}],"version-history":[{"count":2,"href":"https:\/\/rx.alain-dens.com\/fr\/wp-json\/wp\/v2\/pages\/1029\/revisions"}],"predecessor-version":[{"id":1934,"href":"https:\/\/rx.alain-dens.com\/fr\/wp-json\/wp\/v2\/pages\/1029\/revisions\/1934"}],"wp:attachment":[{"href":"https:\/\/rx.alain-dens.com\/fr\/wp-json\/wp\/v2\/media?parent=1029"}],"curies":[{"name":"wp","href":"https:\/\/api.w.org\/{rel}","templated":true}]}}