{"id":1896,"date":"2024-11-16T13:32:44","date_gmt":"2024-11-16T13:32:44","guid":{"rendered":"https:\/\/rx.alain-dens.com\/radioprotekto\/"},"modified":"2024-12-13T12:23:31","modified_gmt":"2024-12-13T12:23:31","slug":"radioprotekto","status":"publish","type":"page","link":"https:\/\/rx.alain-dens.com\/eo\/radioprotekto\/","title":{"rendered":"Radioprotekto"},"content":{"rendered":"\n<p class=\"has-text-align-right\"><mark style=\"background-color:var(--nv-primary-accent)\" class=\"has-inline-color has-nv-site-bg-color\">Klaku sur bloko por legi pli detalajn informojn pri tiu temo<\/mark><\/p>\n\n<div class=\"wp-block-columns is-layout-flex wp-container-core-columns-is-layout-9d6595d7 wp-block-columns-is-layout-flex\">\n<div class=\"wp-block-column is-layout-flow wp-block-column-is-layout-flow\" style=\"flex-basis:25%\">\n<figure class=\"wp-block-image size-large\"><img loading=\"lazy\" decoding=\"async\" width=\"1024\" height=\"1024\" src=\"https:\/\/rx.alain-dens.com\/wp-content\/uploads\/2024\/11\/Articole_radioprotectie_2-1024x1024.jpg\" alt=\"\" class=\"wp-image-185\" srcset=\"https:\/\/rx.alain-dens.com\/wp-content\/uploads\/2024\/11\/Articole_radioprotectie_2-1024x1024.jpg 1024w, https:\/\/rx.alain-dens.com\/wp-content\/uploads\/2024\/11\/Articole_radioprotectie_2-300x300.jpg 300w, https:\/\/rx.alain-dens.com\/wp-content\/uploads\/2024\/11\/Articole_radioprotectie_2-150x150.jpg 150w, https:\/\/rx.alain-dens.com\/wp-content\/uploads\/2024\/11\/Articole_radioprotectie_2-768x768.jpg 768w, https:\/\/rx.alain-dens.com\/wp-content\/uploads\/2024\/11\/Articole_radioprotectie_2-1536x1536.jpg 1536w, https:\/\/rx.alain-dens.com\/wp-content\/uploads\/2024\/11\/Articole_radioprotectie_2.jpg 2000w\" sizes=\"auto, (max-width: 1024px) 100vw, 1024px\" \/><\/figure>\n<\/div>\n\n\n\n<div class=\"wp-block-column is-layout-flow wp-block-column-is-layout-flow\"><div class=\"wp-block-image\">\n<figure class=\"aligncenter size-full is-resized\"><img loading=\"lazy\" decoding=\"async\" width=\"232\" height=\"434\" src=\"https:\/\/rx.alain-dens.com\/wp-content\/uploads\/2024\/11\/sorturie600.jpg\" alt=\"\" class=\"wp-image-184\" style=\"width:166px;height:auto\" srcset=\"https:\/\/rx.alain-dens.com\/wp-content\/uploads\/2024\/11\/sorturie600.jpg 232w, https:\/\/rx.alain-dens.com\/wp-content\/uploads\/2024\/11\/sorturie600-160x300.jpg 160w\" sizes=\"auto, (max-width: 232px) 100vw, 232px\" \/><\/figure>\n<\/div><\/div>\n\n\n\n<div class=\"wp-block-column is-layout-flow wp-block-column-is-layout-flow\" style=\"flex-basis:25%\">\n<div class=\"wp-block-buttons is-content-justification-center is-layout-flex wp-container-core-buttons-is-layout-16018d1d wp-block-buttons-is-layout-flex\">\n<div class=\"wp-block-button is-style-primary\"><a class=\"wp-block-button__link wp-element-button\" href=\"https:\/\/rx.alain-dens.com\/eo\/lego\/\">Kion diras la le\u011do en Belgio?<\/a><\/div>\n\n\n\n<div class=\"wp-block-button is-style-primary\"><a class=\"wp-block-button__link has-text-align-center wp-element-button\" href=\"https:\/\/rx.alain-dens.com\/eo\/devoj-de-administranto-kaj-dungitoj\/\">Devoj de la administranto kaj dungitoj<\/a><\/div>\n\n\n\n<div class=\"wp-block-button is-style-primary\"><a class=\"wp-block-button__link wp-element-button\" href=\"https:\/\/rx.alain-dens.com\/eo\/protekta-ekipajo\/\">Protekta ekipa\u0135o<\/a><\/div>\n\n\n\n<div class=\"wp-block-button is-style-primary\"><a class=\"wp-block-button__link wp-element-button\" href=\"https:\/\/rx.alain-dens.com\/eo\/gvidlinioj\/\">Specifaj gvidlinioj<\/a><\/div>\n<\/div>\n<\/div>\n<\/div>\n\n<p>Kiam ni pensas pri radioprotekto ni pensas pri la protekto de la lo\u011dantaro kontra\u016d la efikoj de radiado.<br\/> Tio koncernas protekton kontra\u016d hazarda radiado same kiel kontra\u016d radiado dum la praktikado de la profesio. Nature, mi \u0109efe parolos \u0109i tie pri la radiado generita en la radiologia fako. <br\/><br\/>\u0108i tie estas du grupoj, kiuj devas esti protektitaj kontra\u016d radiado. Unue, la rentgen-teknikisto kiu prenas la foton kaj due la paciento kies foto estas prenita. <br\/><br\/>Anta\u016d ol diskuti la jurajn normojn, mi unue \u015datus diskuti la baza\u0135ojn, kiujn oni devas \u0109iam observi.<br\/> Kiam vi faras foton, la unua afero, pri kiu vi pensas, estas la kvanto de radioj, kiujn vi uzos, kaj vi provas teni \u011din kiel eble plej limigita. Tiurilate, la principo ALARA estas ofte diskutata, kiu signifas Tiel Malalta Kiel Racie Atingebla. Do konservu la dozon kiel eble plej malaltan por akiri la plej bonan eblan fotokvaliton. Sed ne nur la foto mem elsendas radiadon. La uzo de endoskopio anka\u016d estas malutila. Tial ne ta\u016dgas uzi \u0109i tion por poziciigi la pacienton kiel eble plej optimume. Amplekso estas utila por kontroli pozicion, sed ne estas la rimedo por atingi tiun celon.      <br\/><br\/>Krom la paciento, anka\u016d la rentgena teknikisto \u0109eestas en la \u0109ambro kaj li anka\u016d devas esti protektita. \u0108iam staru malanta\u016d la gvida ekrano krom se absolute ne ekzistas alia eblo. Se via \u0109eesto apud la paciento estas necesa, \u0109iam uzu la necesan protektan ekipa\u0135on. i.e. : plumba anta\u016dtuko, tiroida protekto kaj se viaj manoj venas en la radiadkampon, anka\u016d plumbogantoj. La uzo de plumbokulvitroj anka\u016d povas esti necesa por longperspektivaj ekzamenoj.     <\/p>\n\n<div class=\"wp-block-columns is-layout-flex wp-container-core-columns-is-layout-9d6595d7 wp-block-columns-is-layout-flex\">\n<div class=\"wp-block-column is-layout-flow wp-block-column-is-layout-flow\">\n<p>Nature, kiel radiologia dungito vi \u0109iam portas vian dozimetron. \u0108i tio ne estas rekta rimedo de protekto, sed \u011di estas maniero determini \u0109u a\u016d ne vi estis en kontakto kun radiado kaj kiomgrade. <\/p>\n<\/div>\n\n\n\n<div class=\"wp-block-column is-layout-flow wp-block-column-is-layout-flow\"><div class=\"wp-block-image\">\n<figure class=\"aligncenter size-full\"><img loading=\"lazy\" decoding=\"async\" width=\"262\" height=\"192\" src=\"https:\/\/rx.alain-dens.com\/wp-content\/uploads\/2024\/11\/dosimeter.jpeg\" alt=\"\" class=\"wp-image-191\"\/><\/figure>\n<\/div><\/div>\n<\/div>\n\n<div class=\"wp-block-columns is-layout-flex wp-container-core-columns-is-layout-9d6595d7 wp-block-columns-is-layout-flex\">\n<div class=\"wp-block-column is-layout-flow wp-block-column-is-layout-flow\">\n<p><\/p>\n<\/div>\n\n\n\n<div class=\"wp-block-column is-layout-flow wp-block-column-is-layout-flow\"><\/div>\n<\/div>\n","protected":false},"excerpt":{"rendered":"<p>Klaku sur bloko por legi pli detalajn informojn pri tiu temo Kiam ni pensas pri radioprotekto ni pensas pri la protekto de la lo\u011dantaro kontra\u016d la efikoj de radiado. Tio koncernas protekton kontra\u016d hazarda radiado same kiel kontra\u016d radiado dum la praktikado de la profesio. Nature, mi \u0109efe parolos \u0109i tie pri la radiado generita&hellip;&nbsp;<a href=\"https:\/\/rx.alain-dens.com\/eo\/radioprotekto\/\" rel=\"bookmark\"><span class=\"screen-reader-text\">Radioprotekto<\/span><\/a><\/p>\n","protected":false},"author":2,"featured_media":0,"parent":0,"menu_order":0,"comment_status":"closed","ping_status":"closed","template":"","meta":{"neve_meta_sidebar":"","neve_meta_container":"","neve_meta_enable_content_width":"","neve_meta_content_width":0,"neve_meta_title_alignment":"","neve_meta_author_avatar":"","neve_post_elements_order":"","neve_meta_disable_header":"","neve_meta_disable_footer":"","neve_meta_disable_title":"","footnotes":""},"class_list":["post-1896","page","type-page","status-publish","hentry"],"_links":{"self":[{"href":"https:\/\/rx.alain-dens.com\/eo\/wp-json\/wp\/v2\/pages\/1896","targetHints":{"allow":["GET"]}}],"collection":[{"href":"https:\/\/rx.alain-dens.com\/eo\/wp-json\/wp\/v2\/pages"}],"about":[{"href":"https:\/\/rx.alain-dens.com\/eo\/wp-json\/wp\/v2\/types\/page"}],"author":[{"embeddable":true,"href":"https:\/\/rx.alain-dens.com\/eo\/wp-json\/wp\/v2\/users\/2"}],"replies":[{"embeddable":true,"href":"https:\/\/rx.alain-dens.com\/eo\/wp-json\/wp\/v2\/comments?post=1896"}],"version-history":[{"count":1,"href":"https:\/\/rx.alain-dens.com\/eo\/wp-json\/wp\/v2\/pages\/1896\/revisions"}],"predecessor-version":[{"id":1897,"href":"https:\/\/rx.alain-dens.com\/eo\/wp-json\/wp\/v2\/pages\/1896\/revisions\/1897"}],"wp:attachment":[{"href":"https:\/\/rx.alain-dens.com\/eo\/wp-json\/wp\/v2\/media?parent=1896"}],"curies":[{"name":"wp","href":"https:\/\/api.w.org\/{rel}","templated":true}]}}