{"id":1890,"date":"2024-11-16T15:58:00","date_gmt":"2024-11-16T15:58:00","guid":{"rendered":"https:\/\/rx.alain-dens.com\/lego\/"},"modified":"2024-12-13T12:20:38","modified_gmt":"2024-12-13T12:20:38","slug":"lego","status":"publish","type":"page","link":"https:\/\/rx.alain-dens.com\/eo\/lego\/","title":{"rendered":"Le\u011do"},"content":{"rendered":"\n<p class=\"has-neve-link-color-color has-text-color has-link-color has-large-font-size wp-elements-f1f789902aff297a1c261935b77cf250\" id=\"Wetbegin\"><strong>Kion diras la le\u011do en Belgio:<\/strong><\/p>\n\n<p id=\"Wetbegin\"><br\/>La nuntempe aplikebla le\u011daro dati\u011das de la 20-a de julio 2001. \u0108i tio siavice bazi\u011das sur la Re\u011da Dekreto de la 25-a de aprilo 1997. <br\/><br\/>La sekvaj gvidlinioj troveblas tie:<br\/><br\/><strong>Sub neniu cirkonstanco, la dozo devus superi la postulitan limon (vidu sube).<\/strong><\/p>\n\n<div class=\"wp-block-columns is-layout-flex wp-container-core-columns-is-layout-9d6595d7 wp-block-columns-is-layout-flex\">\n<div class=\"wp-block-column is-layout-flow wp-block-column-is-layout-flow\" style=\"flex-basis:33.33%\">\n<figure class=\"wp-block-image size-full\"><img loading=\"lazy\" decoding=\"async\" width=\"700\" height=\"389\" src=\"https:\/\/rx.alain-dens.com\/wp-content\/uploads\/2024\/11\/wetgevinglogo2.jpg\" alt=\"\" class=\"wp-image-434\" srcset=\"https:\/\/rx.alain-dens.com\/wp-content\/uploads\/2024\/11\/wetgevinglogo2.jpg 700w, https:\/\/rx.alain-dens.com\/wp-content\/uploads\/2024\/11\/wetgevinglogo2-300x167.jpg 300w\" sizes=\"auto, (max-width: 700px) 100vw, 700px\" \/><\/figure>\n<\/div>\n\n\n\n<div class=\"wp-block-column is-layout-flow wp-block-column-is-layout-flow\" style=\"flex-basis:66.66%\">\n<ul class=\"wp-block-list\">\n<li>Limigu dozon kiel eble plej multe<\/li>\n\n\n\n<li>Anta\u016d ol agoj estas permesitaj, ili devas esti pravigitaj per la avanta\u011doj, kiujn ili proponas<\/li>\n\n\n\n<li>Anta\u016d ol agoj estas permesitaj, ili devas esti pravigitaj per la avanta\u011doj, kiujn ili proponas<\/li>\n\n\n\n<li>La regularoj ne validas por personoj kiuj estas submetitaj al medicinaj ekzamenoj a\u016d traktadoj, kvankam \u0109i tiuj agoj devas esti faritaj en kurace respondeca maniero.<\/li>\n\n\n\n<li>Anka\u016d homoj, kiuj libervole helpas kaj subtenas pacientojn dum studo. Tamen, ili devas esti sufi\u0109e \u015dirmitaj kaj la dozo devas esti konservita tiel malalta kiel racie atingebla. <\/li>\n\n\n\n<li>Fine, personoj, kiuj memvole partoprenas en kuracistaj a\u016d biomedicinaj esplorprogramoj se sufi\u0109e informitaj, anka\u016d ne estas submetitaj al \u0109i tiuj regularoj.  <\/li>\n<\/ul>\n<\/div>\n<\/div>\n\n<p class=\"has-neve-link-color-color has-text-color has-link-color has-large-font-size wp-elements-401d5ceaba4b036c12fffa0efee36373\"><strong>Grava:<\/strong><\/p>\n\n<div class=\"wp-block-columns is-layout-flex wp-container-core-columns-is-layout-9d6595d7 wp-block-columns-is-layout-flex\">\n<div class=\"wp-block-column is-layout-flow wp-block-column-is-layout-flow\" style=\"flex-basis:33.33%\"><div class=\"wp-block-image\">\n<figure class=\"alignright size-full is-resized\"><img loading=\"lazy\" decoding=\"async\" width=\"700\" height=\"699\" src=\"https:\/\/rx.alain-dens.com\/wp-content\/uploads\/2024\/11\/radioprotection_doses.jpg\" alt=\"\" class=\"wp-image-437\" style=\"width:286px;height:auto\" srcset=\"https:\/\/rx.alain-dens.com\/wp-content\/uploads\/2024\/11\/radioprotection_doses.jpg 700w, https:\/\/rx.alain-dens.com\/wp-content\/uploads\/2024\/11\/radioprotection_doses-300x300.jpg 300w, https:\/\/rx.alain-dens.com\/wp-content\/uploads\/2024\/11\/radioprotection_doses-150x150.jpg 150w\" sizes=\"auto, (max-width: 700px) 100vw, 700px\" \/><\/figure>\n<\/div><\/div>\n\n\n\n<div class=\"wp-block-column is-layout-flow wp-block-column-is-layout-flow\" style=\"flex-basis:66.66%\">\n<ul class=\"wp-block-list\">\n<li>Ke sufi\u0109aj rimedoj \u0109iam estas prenitaj por certigi, ke laboro \u0109iam estas farita en optimumaj sekureckondi\u0109oj.<\/li>\n\n\n\n<li>Ke neniu persono sub la a\u011do de 18 povas esti dungita en laborejo kie ekzistas risko de eksponi\u011do al radiado.<\/li>\n\n\n\n<li>La nenaskita infano devas esti protektita same kiel la lo\u011dantaro, kio signifas, ke gravedaj homoj ne devus esti dungitaj en servo kun jona radiado.<br\/><\/li>\n<\/ul>\n<\/div>\n<\/div>\n\n<figure class=\"wp-block-table is-style-stripes\"><table class=\"has-fixed-layout\" style=\"border-width:1px\"><tbody><tr><td><strong>Limoj de dozo por profesie eksponitaj personoj:<\/strong><\/td><td>La efika dozo estas fiksita je 20 MSv por sinsekvaj glitmonatoj<\/td><\/tr><tr><td><strong>Limoj de dozo por personoj ne okupate eksponitaj al jona radiado:<\/strong><\/td><td>La efika dozo por membroj de publiko estis fiksita je 1 MSv jare.  <\/td><\/tr><tr><td><strong>Dozaj limoj por lernantoj kaj studentoj:<\/strong><\/td><td>Studentoj en a\u011do de 18 kaj pli, kiuj devas labori kun certaj fontoj pro siaj studoj, estas submetitaj al la samaj normoj kiel tiuj de profesie elmontritaj personoj.<\/td><\/tr><tr><td><\/td><td>Por studentoj de 16 \u011dis 18 jaroj, kiuj devas labori kun certaj fontoj pro siaj studoj, validas efika dozolimo de 6 MSv jare.<\/td><\/tr><\/tbody><\/table><\/figure>\n\n<p class=\"has-text-align-center\"><a href=\"https:\/\/alain.tuma-mashua.net\/wet\/\" data-type=\"page\" data-id=\"173\">Reen al la supro<\/a><strong><br\/><\/strong><\/p>\n\n<p><\/p>\n","protected":false},"excerpt":{"rendered":"<p>Kion diras la le\u011do en Belgio: La nuntempe aplikebla le\u011daro dati\u011das de la 20-a de julio 2001. \u0108i tio siavice bazi\u011das sur la Re\u011da Dekreto de la 25-a de aprilo 1997. La sekvaj gvidlinioj troveblas tie: Sub neniu cirkonstanco, la dozo devus superi la postulitan limon (vidu sube). Grava: Limoj de dozo por profesie eksponitaj&hellip;&nbsp;<a href=\"https:\/\/rx.alain-dens.com\/eo\/lego\/\" rel=\"bookmark\"><span class=\"screen-reader-text\">Le\u011do<\/span><\/a><\/p>\n","protected":false},"author":2,"featured_media":0,"parent":0,"menu_order":0,"comment_status":"closed","ping_status":"closed","template":"","meta":{"neve_meta_sidebar":"","neve_meta_container":"","neve_meta_enable_content_width":"","neve_meta_content_width":0,"neve_meta_title_alignment":"","neve_meta_author_avatar":"","neve_post_elements_order":"","neve_meta_disable_header":"","neve_meta_disable_footer":"","neve_meta_disable_title":"","footnotes":""},"class_list":["post-1890","page","type-page","status-publish","hentry"],"_links":{"self":[{"href":"https:\/\/rx.alain-dens.com\/eo\/wp-json\/wp\/v2\/pages\/1890","targetHints":{"allow":["GET"]}}],"collection":[{"href":"https:\/\/rx.alain-dens.com\/eo\/wp-json\/wp\/v2\/pages"}],"about":[{"href":"https:\/\/rx.alain-dens.com\/eo\/wp-json\/wp\/v2\/types\/page"}],"author":[{"embeddable":true,"href":"https:\/\/rx.alain-dens.com\/eo\/wp-json\/wp\/v2\/users\/2"}],"replies":[{"embeddable":true,"href":"https:\/\/rx.alain-dens.com\/eo\/wp-json\/wp\/v2\/comments?post=1890"}],"version-history":[{"count":1,"href":"https:\/\/rx.alain-dens.com\/eo\/wp-json\/wp\/v2\/pages\/1890\/revisions"}],"predecessor-version":[{"id":1891,"href":"https:\/\/rx.alain-dens.com\/eo\/wp-json\/wp\/v2\/pages\/1890\/revisions\/1891"}],"wp:attachment":[{"href":"https:\/\/rx.alain-dens.com\/eo\/wp-json\/wp\/v2\/media?parent=1890"}],"curies":[{"name":"wp","href":"https:\/\/api.w.org\/{rel}","templated":true}]}}