{"id":1884,"date":"2024-11-16T16:26:35","date_gmt":"2024-11-16T16:26:35","guid":{"rendered":"https:\/\/rx.alain-dens.com\/devoj-de-administranto-kaj-dungitoj\/"},"modified":"2024-12-13T12:19:15","modified_gmt":"2024-12-13T12:19:15","slug":"devoj-de-administranto-kaj-dungitoj","status":"publish","type":"page","link":"https:\/\/rx.alain-dens.com\/eo\/devoj-de-administranto-kaj-dungitoj\/","title":{"rendered":"Devoj de administranto kaj dungitoj"},"content":{"rendered":"\n<h3 class=\"wp-block-heading\"><mark style=\"background-color:var(--nv-primary-accent)\" class=\"has-inline-color has-nv-site-bg-color\"><strong>Kiajn obligaciojn havas la funkciigisto (mana\u011dero de la aparatoj)?<\/strong><\/mark><\/h3>\n\n<div class=\"wp-block-columns is-layout-flex wp-container-core-columns-is-layout-9d6595d7 wp-block-columns-is-layout-flex\">\n<div class=\"wp-block-column is-layout-flow wp-block-column-is-layout-flow\">\n<p>Li devas starigi fizikan inspektan servon, kiu respondecas pri starigo kaj kontrolo de la necesaj mezuroj kiel:<\/p>\n\n\n\n<ul class=\"wp-block-list\">\n<li>Demarkado kaj signalado de la kontrolitaj zonoj.<\/li>\n\n\n\n<li>Ekzameno kaj kontrolo de protekta ekipa\u0135o.<\/li>\n\n\n\n<li>Formuli proponojn por pliaj protektaj ekipa\u0135oj kaj labormetodoj.<\/li>\n<\/ul>\n<\/div>\n\n\n\n<div class=\"wp-block-column is-layout-flow wp-block-column-is-layout-flow\"><div class=\"wp-block-image\">\n<figure class=\"alignright size-full is-resized\"><img loading=\"lazy\" decoding=\"async\" width=\"433\" height=\"280\" src=\"https:\/\/rx.alain-dens.com\/wp-content\/uploads\/2024\/11\/danger-signs-vector-set-radiation-260nw-2469784637.webp\" alt=\"\" class=\"wp-image-196\" style=\"width:357px;height:auto\" srcset=\"https:\/\/rx.alain-dens.com\/wp-content\/uploads\/2024\/11\/danger-signs-vector-set-radiation-260nw-2469784637.webp 433w, https:\/\/rx.alain-dens.com\/wp-content\/uploads\/2024\/11\/danger-signs-vector-set-radiation-260nw-2469784637-300x194.webp 300w\" sizes=\"auto, (max-width: 433px) 100vw, 433px\" \/><\/figure>\n<\/div><\/div>\n<\/div>\n\n<p>Regulaj kuracaj kontroloj devas esti faritaj \u0109e dungitoj, kiuj estas profesie eksponitaj al radiado: Studentoj kaj kuracistoj, kiuj kontaktas radiadon, estas anka\u016d submetitaj al la samaj ekzamenoj.<br\/><br\/>\u0108iujare anta\u016d la unua de marto, dokumento estas sendita al la Ministro por \u0109iu dungito, deklarante la dozon ricevitan dum la pasinta jaro. Unu el la kopioj tiam estos sendita al la Agentejo. <br\/><br\/>\u0108iu dungito devas ricevi ta\u016dgajn informojn, precipe pri:<\/p>\n\n<ul class=\"wp-block-list\">\n<li>La riskoj pri laborsano kaj, se necese, unua helpo.<\/li>\n\n\n\n<li>La bazaj normoj por protekto kontra\u016d eksponi\u011do al joniga radiado<\/li>\n\n\n\n<li>La signifo de la avertaj signoj, simboloj kaj deklaroj uzataj por indiki kaj limigi certajn zonojn.<\/li>\n<\/ul>\n\n<p><br\/>Krome, devas esti ta\u016dga trejnado, specife celita al la laborejo de la dungitoj, koncerne la uzadon de aparatoj kaj fontoj kiuj elsendas ionizan radiadon.<br\/><br\/> \u0108i tio \u0109e:<\/p>\n\n<ul class=\"wp-block-list\">\n<li>Dungado<\/li>\n\n\n\n<li>Translokigo<\/li>\n\n\n\n<li>Enkonduko de nova laborekipa\u0135o (ekz. nova aparato)<\/li>\n\n\n\n<li>Enkonduko de nova teknologio<\/li>\n<\/ul>\n\n<figure class=\"wp-block-pullquote has-small-font-size\" style=\"border-width:1px;padding-top:0;padding-right:0;padding-bottom:0;padding-left:0\"><blockquote><p><strong>Informoj kaj trejnado estas donitaj dum laborhoroj.  <\/strong><\/p><\/blockquote><\/figure>\n\n<h3 class=\"wp-block-heading\"><mark style=\"background-color:var(--nv-primary-accent)\" class=\"has-inline-color has-nv-site-bg-color\"><strong>Kiajn devojn havas la dungitoj?<\/strong><\/mark><\/h3>\n\n<p>\u0108iu dungito devas sekvi sekurecajn regulojn. Estas malpermesite senbezone elmeti sin al radiado, difekti a\u016d forigi sekurecan ekipa\u0135on. <\/p>\n\n<p>Ajna neregula\u0135o a\u016d difekto en protekta ekipa\u0135o devas esti raportita tuj.<\/p>\n\n<p>Krome, \u0109iu dungito devas fari sian propran kontribuon al sia propra radiologia protekto.<\/p>\n","protected":false},"excerpt":{"rendered":"<p>Kiajn obligaciojn havas la funkciigisto (mana\u011dero de la aparatoj)? Li devas starigi fizikan inspektan servon, kiu respondecas pri starigo kaj kontrolo de la necesaj mezuroj kiel: Regulaj kuracaj kontroloj devas esti faritaj \u0109e dungitoj, kiuj estas profesie eksponitaj al radiado: Studentoj kaj kuracistoj, kiuj kontaktas radiadon, estas anka\u016d submetitaj al la samaj ekzamenoj. \u0108iujare anta\u016d&hellip;&nbsp;<a href=\"https:\/\/rx.alain-dens.com\/eo\/devoj-de-administranto-kaj-dungitoj\/\" rel=\"bookmark\"><span class=\"screen-reader-text\">Devoj de administranto kaj dungitoj<\/span><\/a><\/p>\n","protected":false},"author":2,"featured_media":0,"parent":0,"menu_order":0,"comment_status":"closed","ping_status":"closed","template":"","meta":{"neve_meta_sidebar":"","neve_meta_container":"","neve_meta_enable_content_width":"","neve_meta_content_width":0,"neve_meta_title_alignment":"","neve_meta_author_avatar":"","neve_post_elements_order":"","neve_meta_disable_header":"","neve_meta_disable_footer":"","neve_meta_disable_title":"","footnotes":""},"class_list":["post-1884","page","type-page","status-publish","hentry"],"_links":{"self":[{"href":"https:\/\/rx.alain-dens.com\/eo\/wp-json\/wp\/v2\/pages\/1884","targetHints":{"allow":["GET"]}}],"collection":[{"href":"https:\/\/rx.alain-dens.com\/eo\/wp-json\/wp\/v2\/pages"}],"about":[{"href":"https:\/\/rx.alain-dens.com\/eo\/wp-json\/wp\/v2\/types\/page"}],"author":[{"embeddable":true,"href":"https:\/\/rx.alain-dens.com\/eo\/wp-json\/wp\/v2\/users\/2"}],"replies":[{"embeddable":true,"href":"https:\/\/rx.alain-dens.com\/eo\/wp-json\/wp\/v2\/comments?post=1884"}],"version-history":[{"count":1,"href":"https:\/\/rx.alain-dens.com\/eo\/wp-json\/wp\/v2\/pages\/1884\/revisions"}],"predecessor-version":[{"id":1885,"href":"https:\/\/rx.alain-dens.com\/eo\/wp-json\/wp\/v2\/pages\/1884\/revisions\/1885"}],"wp:attachment":[{"href":"https:\/\/rx.alain-dens.com\/eo\/wp-json\/wp\/v2\/media?parent=1884"}],"curies":[{"name":"wp","href":"https:\/\/api.w.org\/{rel}","templated":true}]}}