{"id":1878,"date":"2024-11-21T15:15:53","date_gmt":"2024-11-21T15:15:53","guid":{"rendered":"https:\/\/rx.alain-dens.com\/gvidlinioj\/"},"modified":"2024-12-13T12:18:10","modified_gmt":"2024-12-13T12:18:10","slug":"gvidlinioj","status":"publish","type":"page","link":"https:\/\/rx.alain-dens.com\/eo\/gvidlinioj\/","title":{"rendered":"Gvidlinioj"},"content":{"rendered":"\n<p><a href=\"#scopie\">Radioskopio<\/a> &#8211; <a href=\"#grafie\">Radiografio<\/a> &#8211; <a href=\"#lokalen\">Loko<\/a> &#8211; <a href=\"#werknemer\">Dungito<\/a><\/p>\n\n<p class=\"has-medium-font-size\" id=\"scopie\" style=\"border-style:none;border-width:0px\"><strong>Specifaj gvidlinioj por aparatoj destinitaj por RADIOSKOPIO:<\/strong><br\/><\/p>\n\n<figure class=\"wp-block-table aligncenter is-style-stripes\" style=\"font-size:18px\"><table><tbody><tr><td><img decoding=\"async\" alt=\"\" src=\"https:\/\/www.alain-dens.com\/angio.25.gif\"\/><\/td><td>La aparato devas esti ekipita tiel, ke la ekzamenanto same kiel iu ajn en la najbareco de la uzanto estas protektitaj kontra\u016d rekta kaj sekundara radiado.<\/td><\/tr><tr><td><img decoding=\"async\" alt=\"\" src=\"https:\/\/www.alain-dens.com\/angio.25.gif\"\/><\/td><td>La aparato devas enhavi la necesajn komponentojn por limigi la sekcon de la trabo al la plej malgranda valoro necesa por la ekzameno.<\/td><\/tr><tr><td><img decoding=\"async\" alt=\"\" src=\"https:\/\/www.alain-dens.com\/angio.25.gif\"\/><\/td><td>La Rentgenfota tubo kaj bildintensigilo devas esti vicigitaj kaj interligitaj.<\/td><\/tr><tr><td><img decoding=\"async\" alt=\"\" src=\"https:\/\/www.alain-dens.com\/angio.25.gif\"\/><\/td><td>Radioskopio sen bilda intensigo estas malpermesita.<\/td><\/tr><\/tbody><\/table><\/figure>\n\n<p class=\"has-medium-font-size\" id=\"grafie\"><strong>Specifaj gvidlinioj por aparatoj destinitaj por RADIOGRAFIO:<\/strong><\/p>\n\n<figure class=\"wp-block-table aligncenter is-style-stripes\" style=\"font-size:18px\"><table><tbody><tr><td><img decoding=\"async\" alt=\"\" src=\"https:\/\/www.alain-dens.com\/angio.25.gif\"\/><\/td><td>La aparatoj devas esti ekipitaj per la necesaj elementoj por permesi precizan lokalizon de la trabo.<\/td><\/tr><tr><td><img decoding=\"async\" alt=\"\" src=\"https:\/\/www.alain-dens.com\/angio.25.gif\"\/><\/td><td>La lokoj kie la uzanto kaj iu ajn alia persono devas esti kaj kiuj povas esti eksponitaj al radiado dum operacioj estas \u015dirmitaj.<\/td><\/tr><\/tbody><\/table><\/figure>\n\n<p class=\"has-medium-font-size\" id=\"lokalen\"><strong>Lokoj:<\/strong><\/p>\n\n<p id=\"lokalen\" style=\"font-size:18px\"><br\/>La \u0109ambroj, kie trovi\u011das radiologiaj instala\u0135oj, devas plenumi la jenajn kondi\u0109ojn:  <\/p>\n\n<figure class=\"wp-block-table is-style-stripes\" style=\"font-size:18px\"><table><tbody><tr><td><img decoding=\"async\" alt=\"\" src=\"https:\/\/www.alain-dens.com\/angio.25.gif\"\/><\/td><td>Ekstere de la loko, kie homoj povas resti, la dozo ricevita eble ne atingas 0,02 MSv semajne, sub la normalaj funkciaj kondi\u0109oj de la aparato.<\/td><\/tr><tr><td><img decoding=\"async\" alt=\"\" src=\"https:\/\/www.alain-dens.com\/angio.25.gif\"\/><\/td><td>La \u0109ambroj devas povi esti \u015dlositaj sen ke tio malhelpas homojn forlasi la \u0109ambron iam ajn.<\/td><\/tr><tr><td><img decoding=\"async\" alt=\"\" src=\"https:\/\/www.alain-dens.com\/angio.25.gif\"\/><\/td><td>La simbolo de radioaktiveco devas esti metita sur \u0109iu pordo.<\/td><\/tr><tr><td><img decoding=\"async\" alt=\"\" src=\"https:\/\/www.alain-dens.com\/angio.25.gif\"\/><\/td><td>La dungitoj, same kiel ajna persono en la najbareco de la uzanto, devas esti protektitaj kontra\u016d joniga radiado ( <a href=\"https:\/\/alain.tuma-mashua.net\/beschermingsmiddelen\/\" data-type=\"page\" data-id=\"177\">kiel menciite supre<\/a> ). \u0108i tiu protekto estas disponebla en la loko. <\/td><\/tr><tr><td><img decoding=\"async\" alt=\"\" src=\"https:\/\/www.alain-dens.com\/angio.25.gif\"\/><\/td><td>La \u0109ambroj devas havi sufi\u0109an grandecon por ebligi facilan movi\u011don \u0109irka\u016d la tabloj kaj por permesi al la uzanto kaj ajna alia persono resti je sufi\u0109a distanco de la fonto kaj la utila trabo.<\/td><\/tr><\/tbody><\/table><\/figure>\n\n<p id=\"werknemer\" style=\"font-size:18px\"><strong>La dungito<\/strong><br\/> Dungito povas nur uzi radiologian ekipa\u0135on por medicinaj celoj la\u016d la instrukcioj kaj sub la le\u011da kontrolo kaj respondeco de licencita kuracisto. \u0108i tiu permesilo estas eldonita al kuracistoj, kiuj povas prezenti diplomon, atestilon a\u016d atestilon pri kompetenteco en la diagnoza uzo de esti spertita sciokontrolo. <br\/><br\/>La trejnado kovras la teknikojn uzatajn en radiologio, la medicinajn konsekvencojn de eksponi\u011do al joniga radiado, la praktikaj reguloj de radioprotekto inkluzive de la fizikaj fundamentoj, la le\u011daro pri radioprotekto, la metodoj por mezuri radiadon, la takson kaj takson de la dozoj al kiuj. la paciento estas elmontrita dum radiologia ekzameno.<br\/><br\/>Kuracistoj kiuj uzas Rentgenradiojn por medicinaj diagnozaj celoj estas postulataj konservi kaj perfektigi siajn sciojn kaj kapablojn en la kampo de radioprotekto kiel parto de da\u016dra edukado sur universitata nivelo.<br\/><br\/>La dunganto certigas, ke \u0109iu dungito, kiu funkciigas la ekipa\u0135on, ricevis trejnadon, kiu respondas al sia profesia agado. La\u016d peto, la dunganto de \u0109iu kunlaborantaro en la radiologia sekcio devas povi produkti atestilon a\u016d ateston pri kompetenteco pruvante, ke la persono ricevis ta\u016dgan trejnadon je nivelo almena\u016d ekvivalenta al tiu de neuniversitata supera edukado kaj ke en entute almena\u016d 50 horoj, el kiuj almena\u016d 10 horoj da ekzercado. <br\/><br\/>\u0108i tiu trejnado kovras la uzitajn teknikojn, la medicinajn konsekvencojn de eksponi\u011do al joniga radiado, la praktikaj reguloj de radia protekto inkluzive de iliaj fizikaj bazoj, radiada protekto le\u011daro, kvalito-certigo kaj, precipe, la kvalitkontrolo proceduroj de la aparatoj uzitaj. La trejnado donas specialan atenton al la medicina ekspozicio de infanoj, \u0109u efektivigita en la kunteksto de kuracistaj populacioj pri ekzamenado de programoj a\u016d kie altaj dozoj estas administritaj, kiel intervena radiologio kaj CT-skanado. <\/p>\n","protected":false},"excerpt":{"rendered":"<p>Radioskopio &#8211; Radiografio &#8211; Loko &#8211; Dungito Specifaj gvidlinioj por aparatoj destinitaj por RADIOSKOPIO: La aparato devas esti ekipita tiel, ke la ekzamenanto same kiel iu ajn en la najbareco de la uzanto estas protektitaj kontra\u016d rekta kaj sekundara radiado. La aparato devas enhavi la necesajn komponentojn por limigi la sekcon de la trabo al&hellip;&nbsp;<a href=\"https:\/\/rx.alain-dens.com\/eo\/gvidlinioj\/\" rel=\"bookmark\"><span class=\"screen-reader-text\">Gvidlinioj<\/span><\/a><\/p>\n","protected":false},"author":2,"featured_media":0,"parent":0,"menu_order":0,"comment_status":"closed","ping_status":"closed","template":"","meta":{"neve_meta_sidebar":"","neve_meta_container":"","neve_meta_enable_content_width":"","neve_meta_content_width":0,"neve_meta_title_alignment":"","neve_meta_author_avatar":"","neve_post_elements_order":"","neve_meta_disable_header":"","neve_meta_disable_footer":"","neve_meta_disable_title":"","footnotes":""},"class_list":["post-1878","page","type-page","status-publish","hentry"],"_links":{"self":[{"href":"https:\/\/rx.alain-dens.com\/eo\/wp-json\/wp\/v2\/pages\/1878","targetHints":{"allow":["GET"]}}],"collection":[{"href":"https:\/\/rx.alain-dens.com\/eo\/wp-json\/wp\/v2\/pages"}],"about":[{"href":"https:\/\/rx.alain-dens.com\/eo\/wp-json\/wp\/v2\/types\/page"}],"author":[{"embeddable":true,"href":"https:\/\/rx.alain-dens.com\/eo\/wp-json\/wp\/v2\/users\/2"}],"replies":[{"embeddable":true,"href":"https:\/\/rx.alain-dens.com\/eo\/wp-json\/wp\/v2\/comments?post=1878"}],"version-history":[{"count":1,"href":"https:\/\/rx.alain-dens.com\/eo\/wp-json\/wp\/v2\/pages\/1878\/revisions"}],"predecessor-version":[{"id":1879,"href":"https:\/\/rx.alain-dens.com\/eo\/wp-json\/wp\/v2\/pages\/1878\/revisions\/1879"}],"wp:attachment":[{"href":"https:\/\/rx.alain-dens.com\/eo\/wp-json\/wp\/v2\/media?parent=1878"}],"curies":[{"name":"wp","href":"https:\/\/api.w.org\/{rel}","templated":true}]}}