{"id":1866,"date":"2024-11-14T18:23:34","date_gmt":"2024-11-14T18:23:34","guid":{"rendered":"https:\/\/rx.alain-dens.com\/flegado-juro\/"},"modified":"2024-12-13T12:14:05","modified_gmt":"2024-12-13T12:14:05","slug":"flegado-juro","status":"publish","type":"page","link":"https:\/\/rx.alain-dens.com\/eo\/flegado-juro\/","title":{"rendered":"Flegado &amp; Juro"},"content":{"rendered":"\n<div class=\"wp-block-columns is-layout-flex wp-container-core-columns-is-layout-9d6595d7 wp-block-columns-is-layout-flex\">\n<div class=\"wp-block-column is-layout-flow wp-block-column-is-layout-flow\" style=\"flex-basis:66.66%\">\n<p>En \u0109i tiu pa\u011do vi trovos la plej kompletan ebla resumon de la diversaj juraj tekstoj, kiuj reguligas flegadon kaj prizorgadon \u011denerale en <strong>Flandrio.<\/strong><br\/> \u0108iu teksto troveblas en formo de PDF-dokumento.<\/p>\n<\/div>\n\n\n\n<div class=\"wp-block-column is-layout-flow wp-block-column-is-layout-flow\" style=\"flex-basis:33.33%\">\n<figure class=\"wp-block-image size-full\"><img loading=\"lazy\" decoding=\"async\" width=\"900\" height=\"663\" src=\"https:\/\/rx.alain-dens.com\/wp-content\/uploads\/2024\/11\/WET.-JPG.jpg\" alt=\"\" class=\"wp-image-254\" srcset=\"https:\/\/rx.alain-dens.com\/wp-content\/uploads\/2024\/11\/WET.-JPG.jpg 900w, https:\/\/rx.alain-dens.com\/wp-content\/uploads\/2024\/11\/WET.-JPG-300x221.jpg 300w, https:\/\/rx.alain-dens.com\/wp-content\/uploads\/2024\/11\/WET.-JPG-768x566.jpg 768w\" sizes=\"auto, (max-width: 900px) 100vw, 900px\" \/><\/figure>\n<\/div>\n<\/div>\n\n<ul class=\"wp-block-list\">\n<li><a href=\"https:\/\/rx.alain-dens.com\/wp-content\/uploads\/2024\/11\/Belgische_Grondwet.pdf\" data-type=\"attachment\" data-id=\"370\" target=\"_blank\" rel=\"noreferrer noopener nofollow\">La Belga Konstitucio<\/a><\/li>\n<\/ul>\n\n<ul class=\"wp-block-list\">\n<li><a href=\"https:\/\/rx.alain-dens.com\/wp-content\/uploads\/2024\/11\/KB_78.pdf\" target=\"_blank\" rel=\"noreferrer noopener nofollow\">Re\u011da Dekreto n-ro 78: koncerne la praktikon de medicino, flegado, paramedicinaj profesioj kaj medicinaj komisionoj<\/a><\/li>\n<\/ul>\n\n<ul class=\"wp-block-list\">\n<li><a href=\"https:\/\/rx.alain-dens.com\/wp-content\/uploads\/2024\/11\/lijst_verpleegkundige_handelingen.pdf\" data-type=\"attachment\" data-id=\"367\" target=\"_blank\" rel=\"noreferrer noopener nofollow\">Listo de mamnutrantaj proceduroj<\/a><\/li>\n\n\n\n<li><a href=\"https:\/\/rx.alain-dens.com\/wp-content\/uploads\/2024\/11\/Toelichting_technisch_verpleegkundige_prestatie.pdf\" data-type=\"attachment\" data-id=\"364\" target=\"_blank\" rel=\"noreferrer noopener nofollow\">Klarigoj al la listo de flegaj agoj<\/a><\/li>\n<\/ul>\n\n<ul class=\"wp-block-list\">\n<li><a href=\"https:\/\/rx.alain-dens.com\/wp-content\/uploads\/2024\/11\/wet_op_ziekenhuizen.pdf\" data-type=\"attachment\" data-id=\"362\" target=\"_blank\" rel=\"noreferrer noopener nofollow\">Hospitalle\u011do<\/a><\/li>\n<\/ul>\n\n<ul class=\"wp-block-list\">\n<li><a href=\"https:\/\/rx.alain-dens.com\/wp-content\/uploads\/2024\/11\/Wet_geneesmiddelen.pdf\" data-type=\"attachment\" data-id=\"363\" target=\"_blank\" rel=\"noreferrer noopener nofollow\">Le\u011do pri Medikamentoj<\/a><\/li>\n<\/ul>\n\n<ul class=\"wp-block-list\">\n<li><a href=\"https:\/\/rx.alain-dens.com\/wp-content\/uploads\/2024\/11\/Wet_patientenrechten.pdf\" data-type=\"attachment\" data-id=\"361\" target=\"_blank\" rel=\"noreferrer noopener nofollow\">Le\u011do pri Pacientaj Rajtoj<\/a><\/li>\n<\/ul>\n\n<ul class=\"wp-block-list\">\n<li><a href=\"https:\/\/rx.alain-dens.com\/wp-content\/uploads\/2024\/11\/Euthanasiewet.pdf\" data-type=\"attachment\" data-id=\"369\" target=\"_blank\" rel=\"noreferrer noopener nofollow\">Le\u011do pri e\u016dtanazio<\/a><\/li>\n<\/ul>\n\n<ul class=\"wp-block-list\">\n<li><a href=\"https:\/\/rx.alain-dens.com\/wp-content\/uploads\/2024\/11\/radioprotectie.pdf\" data-type=\"attachment\" data-id=\"366\" target=\"_blank\" rel=\"noreferrer noopener nofollow\">Le\u011do pri Radioprotekto<\/a><\/li>\n<\/ul>\n\n<ul class=\"wp-block-list\">\n<li><a href=\"https:\/\/rx.alain-dens.com\/wp-content\/uploads\/2024\/11\/Technoloog_Medische_Beeldvorming.pdf\" data-type=\"attachment\" data-id=\"365\" target=\"_blank\" rel=\"noreferrer noopener nofollow\">Medicina Bildiga Teknikisto<\/a><br\/><\/li>\n<\/ul>\n\n<p><\/p>\n","protected":false},"excerpt":{"rendered":"<p>En \u0109i tiu pa\u011do vi trovos la plej kompletan ebla resumon de la diversaj juraj tekstoj, kiuj reguligas flegadon kaj prizorgadon \u011denerale en Flandrio. \u0108iu teksto troveblas en formo de PDF-dokumento.<\/p>\n","protected":false},"author":2,"featured_media":0,"parent":0,"menu_order":0,"comment_status":"closed","ping_status":"closed","template":"","meta":{"neve_meta_sidebar":"","neve_meta_container":"","neve_meta_enable_content_width":"","neve_meta_content_width":0,"neve_meta_title_alignment":"","neve_meta_author_avatar":"","neve_post_elements_order":"","neve_meta_disable_header":"","neve_meta_disable_footer":"","neve_meta_disable_title":"","footnotes":""},"class_list":["post-1866","page","type-page","status-publish","hentry"],"_links":{"self":[{"href":"https:\/\/rx.alain-dens.com\/eo\/wp-json\/wp\/v2\/pages\/1866","targetHints":{"allow":["GET"]}}],"collection":[{"href":"https:\/\/rx.alain-dens.com\/eo\/wp-json\/wp\/v2\/pages"}],"about":[{"href":"https:\/\/rx.alain-dens.com\/eo\/wp-json\/wp\/v2\/types\/page"}],"author":[{"embeddable":true,"href":"https:\/\/rx.alain-dens.com\/eo\/wp-json\/wp\/v2\/users\/2"}],"replies":[{"embeddable":true,"href":"https:\/\/rx.alain-dens.com\/eo\/wp-json\/wp\/v2\/comments?post=1866"}],"version-history":[{"count":2,"href":"https:\/\/rx.alain-dens.com\/eo\/wp-json\/wp\/v2\/pages\/1866\/revisions"}],"predecessor-version":[{"id":1872,"href":"https:\/\/rx.alain-dens.com\/eo\/wp-json\/wp\/v2\/pages\/1866\/revisions\/1872"}],"wp:attachment":[{"href":"https:\/\/rx.alain-dens.com\/eo\/wp-json\/wp\/v2\/media?parent=1866"}],"curies":[{"name":"wp","href":"https:\/\/api.w.org\/{rel}","templated":true}]}}