{"id":1860,"date":"2024-11-16T12:11:58","date_gmt":"2024-11-16T12:11:58","guid":{"rendered":"https:\/\/rx.alain-dens.com\/sekureco\/"},"modified":"2024-12-13T12:07:12","modified_gmt":"2024-12-13T12:07:12","slug":"sekureco","status":"publish","type":"page","link":"https:\/\/rx.alain-dens.com\/eo\/sekureco\/","title":{"rendered":"Sekureco"},"content":{"rendered":"\n<h2 class=\"wp-block-heading\"><strong><mark style=\"background-color:var(--nv-primary-accent)\" class=\"has-inline-color has-nv-text-dark-bg-color\">\u0108u X-radioj estas dan\u011deraj por homoj?<\/mark><\/strong><\/h2>\n\n<p>Eksponi\u011do al radioj povas timigi iujn homojn. Tamen, estas iuj punktoj, kiujn ni devus memori kiam oni parolas pri malutilaj efikoj de radiado.<br\/> Anta\u016d \u0109io, ni estas sen\u0109ese elmontritaj al radiado de malsamaj fontoj. \u0108i tio anka\u016d inkluzivas jonigajn radiojn kiel tiuj uzataj en radiologio kaj nuklea medicino. Aliaj specoj de radiado inkludas infraru\u011dan (varmecon). Ultraviola (kiu igas nin sunbruni kaj maljunigas la ha\u016dton) kaj e\u0109 videbla lumo.    <br\/><\/p>\n<div class=\"wp-block-image\">\n<figure class=\"aligncenter\"><img decoding=\"async\" src=\"https:\/\/www.alain-dens.com\/spectrum.gif\" alt=\"radia spektro\"\/><\/figure>\n<\/div>\n<p>La joniga radiado, al kiu ni estas elmontritaj, venas de la suno, naturaj elementoj de nia medio, materialoj uzataj en konstruado de domoj kaj e\u0109 de naturaj radioaktivaj elementoj en niaj korpoj.<br\/><br\/>Depende de kie ni lo\u011das, ni estas pli-malpli eksponitaj al media radiado.<br\/><br\/>Kosmaj radioj atingas nin tra la universo. Nia atmosfero agas kiel \u015dildo kaj draste reduktas la kvanton de radioj kiuj atingas la surfacon. Tial la kvanto de radioj en altaj altitudoj estas pli alta ol \u0109e marnivelo: \u0109e marnivelo \u0109e la ekvatoro la dozo de kosmaj radioj estas 0,2 m5v (milisievert) jare, dum je altitudo de 3000 metroj \u011di estas ankora\u016d 1 mSv po. jaro (do anka\u016d dum flugvoja\u011doj la dozo estas sufi\u0109e alta 0. 1 7 mSv dum 6-hora flugo).  <br\/><br\/>Rokoj kaj grundo anka\u016d enhavas malgrandajn kvantojn de radioaktiva materialo kiel uranio, torio, ktp. La koncentri\u011do de tiuj malsamaj elementoj varias multe de loko al loko. En grejso kaj ardezo, ekzemple, la koncentri\u011do estas multe pli malalta ol en granito. Por Belgio, la jara dozo de terradioj varias de 0,45 mSv \u011dis 1,1 0 MSv jare, la disi\u011do pli-malpli sekvas la lingvan limon. Flandrio havas la plej malaltajn valorojn kaj la provinco de Limburgo havas la plej altan avera\u011dan dozon (0,90,7-1,10 mSv\/jare).     <br\/><br\/>Ingesto kaj enspiro de nature okazantaj fontoj submetos nin al radiadozo, kiu tre dependas de kie ni trovi\u011das a\u016d vivas kaj de nia dieto kaj aliaj kutimoj. La plimulto de tiu dozo estas kunmetita de Kallum40 kaj nuklidoj de la uranio- kaj torioserio. La PotassiumM40 nature \u0109eestas kaj kontribuas al dozo de 0.2 mSv jare. Per nia dieto ni atingas 0,17 mSv\/jare.    <br\/><br\/>Grava komponento de fizika radioaktiveco venas de gasaj elementoj kiel ekzemple Radono kaj Torono. \u0108i tiuj \u0109eestas en facile mezureblaj koncentri\u011doj en nia atmosfero. Ili estas enspiritaj de homoj kaj eniras nian nutro\u0109enon per plantoj kaj bestoj. Cerealaj kultiva\u0135oj havas la plej altan koncentri\u011don dum lakto, fruktoj kaj legomoj montras pli malaltajn koncentri\u011dojn.<br\/> La moderna tendenco pli bone izoli domojn por \u015dpari energion pliigis la internan problemon de Radono kaj similaj.<br\/> Sufi\u0109e strange, la lokoj kun la plej alta radiadozo anka\u016d havas la plej malaltan nombron da kanceraj kazoj. Tio signifus, ke la risko de kancero ne estas pruveble pli granda kun eksponi\u011do al malaltdoza radiado kaj ke la ka\u016dzo de la disvasti\u011do de kancero devas esti ser\u0109ata en aliaj mediaj elementoj, kiel fumado, trafiko, kemiaj produktoj ktp.    <br\/><br\/>Dua punkto, kiun oni devas konsideri, kiam oni taksas la riskon de medicina bildiga ekzameno, estas la fakto, ke iuj ekzamenoj ne uzas radiadon. Per tio ni celas, ekzemple, magnetan resonancon kaj e\u0125on. Amba\u016d teknikoj \u011dis nun ne produktis ajnajn negativajn efikojn al la dozoj uzataj por medicina bildigo.  <br\/><br\/>La studoj, kiuj ja uzas ionizan radiadon, havas tre malaltan dozon, kompareblan al tio, kion ni ricevus dum normala tago. Tipa dozo por norma radiologia ekzameno estas inter 0,15 mSv kaj 6,20 mSv. Iuj studoj donas pli altan dozon \u011dis 16.7mSv. Kun la evoluo de la uzitaj teknikoj, la dozoj fari\u011dos \u0109iam pli malgrandaj kun la tempo. Malgra\u016d multaj studoj, ankora\u016d ne ekzistas evidenteco, ke radiologia esplorado kun \u0109i tiuj dozoj estas dama\u011da al homoj. Iuj fakuloj opinias, ke tiaj dozoj estas absolute senriska.     <br\/><br\/>Ideo pri la radiado al kiu ni estas elmontritaj kaj \u011diaj valoroj troveblas en la sekva grafika\u0135o.<br\/><\/p>\n<div class=\"wp-block-image\">\n<figure class=\"aligncenter\"><img decoding=\"async\" src=\"https:\/\/www.alain-dens.com\/veilig2.gif\" alt=\"grafika\"\/><\/figure>\n<\/div>\n<p>La la\u016dtaksa dozo por la avera\u011da belgo estas 4,3 mSv\/jare, el kiuj:<br\/><br\/>1. 0.78mSv\/jaro pro medicinaj aplikoj<br\/> 2. 0,77 mSv\/jaro pro natura ekstera eksponi\u011do (ekz. kosmaj radioj, terradioj,&#8230;)<br\/> 3. 2.7 mSv\/jaro pro natura interna malkovro (ekz. enspiro de radongaso,&#8230;)<br\/> 4. 0,05 mSv\/jaro pro okupo, televido&#8230;<br\/><br\/>La riskoj de radiado devas \u0109iam esti pesitaj kontra\u016d \u011dia utileco. Mamografio, ekzemple, povas detekti maman kanceron anta\u016d ol la lezo estas fizike rimarkebla, tiel savante vivojn. La risko estas do multe pli malgranda ol la profito.  <br\/><br\/>Vi eble demandas, kial radiologiaj teknikistoj sidas malanta\u016d ekrano dum ekzameno, pro la malgrandaj riskoj. Tamen, la respondo al \u0109i tio estas sufi\u0109e simpla: la radia dozo dum ekzameno estas relative malgranda, sed \u0109iuj ekzamenoj dum la tago donas akumulan altan dozon. Estas multaj juraj normoj pri la dozo, kiun povas ricevi radiologia personaro kaj e\u0109 pacientoj. Por plenumi \u0109i tiujn normojn, medicina bildiga personaro devas observi kelkajn regulojn por konservi la akumulan dozon minimume.   <br\/><br\/>Kvankam la negativa influo de malaltaj dozoj de joniga radiado ankora\u016d ne estis pruvita, la medicina mondo ali\u011das al striktaj sekurecnormoj.<br\/><br\/>La IRCP (Internacia Konsilio pri Radiprotekto kaj Mezuradoj) formulas rekomendojn koncerne limojn por eksponi\u011do al joniga radiado. Estas al naciaj registaroj fari \u0109i tiujn rekomendojn la\u016dle\u011de devigaj. <\/p>\n\n<p>Inter la populacio, tri kategorioj estas distingitaj kun konsidero al radia protekto:<\/p>\n\n<p><img decoding=\"async\" src=\"https:\/\/www.alain-dens.com\/angio.25.gif\" alt=\"\"\/>  Okupe eksponitaj personoj;<br\/><img decoding=\"async\" src=\"https:\/\/www.alain-dens.com\/angio.25.gif\" alt=\"\"\/> La lo\u011dantaro;<br\/><img decoding=\"async\" src=\"https:\/\/www.alain-dens.com\/angio.25.gif\" alt=\"\"\/> Personoj eksponitaj al radiado por medicinaj, terapiaj a\u016d diagnozaj celoj.<\/p>\n\n<p><br\/>Por \u0109i-lasta grupo, ne ekzistas limoj pri la dozo, kondi\u0109e ke ekzistas akceptebla rilato inter la dozo kaj \u011dia profito. En \u0109i tiu kunteksto ni parolas pri la principo ALARA (Tiel Low As Reasonably Achievable), tenante radiadozojn kiel eble plej malaltaj samtempe atingante la plej bonan eblan rezulton. <br\/><br\/>Por profesie sen\u015dirmaj personoj, la limo estas fiksita je 20 mSv jare avera\u011de dum 5 jaroj. \u0108i tio signifas, ke la maksimuma dozo estas 1,00 mSv kun maksimumo de 50 mSv jare. <br\/><br\/>La dozo por la lo\u011dantaro estas fiksita je 1 mSv jare avera\u011de dum 5 jaroj. \u0108i tio signifas, ke la maksimuma dozo estas 5 mSv kun maksimumo de 2,5 mSv jare. <br\/><br\/>Por gravedaj virinoj, la IRCP rekomendas efikan abdomenan dozon de maksimuma 2m5v de la momento en kiu gravedeco estas establita; la e\u016dropa gvidlinia valoro estas 1 mSv.<br\/><br\/>Por kompleteco, la tielnomita teorio de la hormesis efiko anka\u016d devus esti menciita \u0109i tie. Tio deklaras ke malaltaj dozoj de joniga radiado pliigas la efikecon de riparmekanismoj sur la kromosoma nivelo. Krome, malaltaj dozoj de joniga radiado stimulas la imunsistemon. \u0108i tio signifus pliigitan reziston al certaj tumoroj.   <br\/><br\/>Tamen, \u0109i tiu teorio ankora\u016d ne estas \u011denerale akceptita kaj da\u016dre estas la temo de scienca esplorado.<\/p>\n","protected":false},"excerpt":{"rendered":"<p>\u0108u X-radioj estas dan\u011deraj por homoj? Eksponi\u011do al radioj povas timigi iujn homojn. Tamen, estas iuj punktoj, kiujn ni devus memori kiam oni parolas pri malutilaj efikoj de radiado. Anta\u016d \u0109io, ni estas sen\u0109ese elmontritaj al radiado de malsamaj fontoj. \u0108i tio anka\u016d inkluzivas jonigajn radiojn kiel tiuj uzataj en radiologio kaj nuklea medicino. Aliaj&hellip;&nbsp;<a href=\"https:\/\/rx.alain-dens.com\/eo\/sekureco\/\" rel=\"bookmark\"><span class=\"screen-reader-text\">Sekureco<\/span><\/a><\/p>\n","protected":false},"author":2,"featured_media":0,"parent":0,"menu_order":0,"comment_status":"closed","ping_status":"closed","template":"","meta":{"neve_meta_sidebar":"","neve_meta_container":"","neve_meta_enable_content_width":"","neve_meta_content_width":0,"neve_meta_title_alignment":"","neve_meta_author_avatar":"","neve_post_elements_order":"","neve_meta_disable_header":"","neve_meta_disable_footer":"","neve_meta_disable_title":"","footnotes":""},"class_list":["post-1860","page","type-page","status-publish","hentry"],"_links":{"self":[{"href":"https:\/\/rx.alain-dens.com\/eo\/wp-json\/wp\/v2\/pages\/1860","targetHints":{"allow":["GET"]}}],"collection":[{"href":"https:\/\/rx.alain-dens.com\/eo\/wp-json\/wp\/v2\/pages"}],"about":[{"href":"https:\/\/rx.alain-dens.com\/eo\/wp-json\/wp\/v2\/types\/page"}],"author":[{"embeddable":true,"href":"https:\/\/rx.alain-dens.com\/eo\/wp-json\/wp\/v2\/users\/2"}],"replies":[{"embeddable":true,"href":"https:\/\/rx.alain-dens.com\/eo\/wp-json\/wp\/v2\/comments?post=1860"}],"version-history":[{"count":1,"href":"https:\/\/rx.alain-dens.com\/eo\/wp-json\/wp\/v2\/pages\/1860\/revisions"}],"predecessor-version":[{"id":1861,"href":"https:\/\/rx.alain-dens.com\/eo\/wp-json\/wp\/v2\/pages\/1860\/revisions\/1861"}],"wp:attachment":[{"href":"https:\/\/rx.alain-dens.com\/eo\/wp-json\/wp\/v2\/media?parent=1860"}],"curies":[{"name":"wp","href":"https:\/\/api.w.org\/{rel}","templated":true}]}}