{"id":1832,"date":"2024-11-18T19:48:42","date_gmt":"2024-11-18T19:48:42","guid":{"rendered":"https:\/\/rx.alain-dens.com\/pi-mri\/"},"modified":"2024-12-13T11:25:17","modified_gmt":"2024-12-13T11:25:17","slug":"pi-mri","status":"publish","type":"page","link":"https:\/\/rx.alain-dens.com\/eo\/pi-mri\/","title":{"rendered":"PI MRI"},"content":{"rendered":"\n<p class=\"has-text-align-center has-neve-link-color-color has-text-color has-link-color has-large-font-size wp-elements-4808b80c45e372191ebdf275ccf5ec5a\"><strong>Pacienca informo kaj<br\/> Magneta Resonanco<\/strong><strong><\/strong><\/p>\n\n<p><\/p>\n\n<p class=\"has-text-align-center\"><img decoding=\"async\" src=\"https:\/\/www.alain-dens.com\/mri.ht26.jpg\" alt=\"ekzemplo de MRI-bildo\"\/><\/p>\n\n<p style=\"font-size:28px\"><br\/><strong>Avanta\u011doj kaj malavanta\u011doj de magneta resonanco<\/strong><\/p>\n\n<p class=\"has-medium-font-size\"><br\/><strong><em>Avanta\u011doj:<\/em><\/strong><\/p>\n\n<figure class=\"wp-block-table aligncenter is-style-stripes\"><table><tbody><tr><td><img decoding=\"async\" src=\"https:\/\/www.alain-dens.com\/angio.25.gif\" alt=\"\"\/><\/td><td>Alta kontrasta rezolucio inter la malsamaj histoj<\/td><\/tr><tr><td><img decoding=\"async\" alt=\"\" src=\"https:\/\/www.alain-dens.com\/angio.25.gif\"\/><\/td><td>Bildigo ebla en malsamaj aviadiloj<\/td><\/tr><tr><td><img decoding=\"async\" alt=\"\" src=\"https:\/\/www.alain-dens.com\/angio.25.gif\"\/><\/td><td>Neniu joniga radiado<\/td><\/tr><tr><td><img decoding=\"async\" alt=\"\" src=\"https:\/\/www.alain-dens.com\/angio.25.gif\"\/><\/td><td>\u011cis nun, neniuj konataj alergiaj reagoj al la kontrastaj rimedoj uzataj<\/td><\/tr><\/tbody><\/table><\/figure>\n\n<p class=\"has-medium-font-size\"><strong><em><br\/>Malavanta\u011doj:<\/em><\/strong><\/p>\n\n<figure class=\"wp-block-table aligncenter is-style-stripes\"><table><tbody><tr><td><img decoding=\"async\" alt=\"\" src=\"https:\/\/www.alain-dens.com\/angio.25.gif\"\/><\/td><td>Mallar\u011da ekzamentubo, kiun la paciento devas eniri, foje ka\u016dzas kla\u016dstrofobion<\/td><\/tr><tr><td><img decoding=\"async\" alt=\"\" src=\"https:\/\/www.alain-dens.com\/angio.25.gif\"\/><\/td><td>Pli longaj ekzamentempoj<\/td><\/tr><tr><td><img decoding=\"async\" alt=\"\" src=\"https:\/\/www.alain-dens.com\/angio.25.gif\"\/><\/td><td>Ne efika tekniko por ekzameni movi\u011dantajn organojn, kiel la koron, intestojn, ktp&#8230;<\/td><\/tr><tr><td><img decoding=\"async\" alt=\"\" src=\"https:\/\/www.alain-dens.com\/angio.25.gif\"\/><\/td><td>Pli multekosta teknologio<\/td><\/tr><tr><td><img decoding=\"async\" alt=\"\" src=\"https:\/\/www.alain-dens.com\/angio.25.gif\"\/><\/td><td>NE uzebla por pacientoj kun metalaj protezoj kaj\/a\u016d postoperaciaj (vaskulaj) klipoj<\/td><\/tr><\/tbody><\/table><\/figure>\n\n<p class=\"has-medium-font-size\"><strong><em><br\/>Preparado de pacientoj:<\/em><\/strong><\/p>\n\n<p>Oni ne devas fasti por MRI-ekzameno. Estas tre GRAVA, ke la paciento postlasas \u0109iujn metalajn objektojn, kiujn li havas kun si, anta\u016d ol eniri la magnetan skanejon. \u0108i tio estas grandega elektromagneto kaj la plej malgranda metala objekto povas fari\u011di dan\u011dera \u0135eta\u0135o pro sia rapideco.<br\/> La ekzameno da\u016dras avera\u011de 10 \u011dis 20 minutojn. Dum tiu tempo, la paciento devas ku\u015di trankvile en la &#8220;tunelo&#8221;. \u0108ar la aparato faras sufi\u0109e multe da bruo, necesas protekti la orelojn. \u0108i tio estas farita per orelprotekto a\u016d orel\u015dtopiloj. La ekzamenenda korpoparto povas esti envolvita per cilindra peco, tio estas la anteno necesa por akiri bonan bildigon.<br\/> Pro sekurecaj kialoj, la paciento ricevas malgrandan &#8220;piron&#8221;, kiun li povas uzi por sendi alarmsignalon al la flegistino en kazo de krizo. \u0108i tio, ekzemple, en la kazo de akra kla\u016dstrofobio.       <\/p>\n\n<p style=\"font-size:28px\"><strong><em><br\/>Indikoj por MRI-ekzameno:<\/em><\/strong><\/p>\n\n<figure class=\"wp-block-table aligncenter is-style-stripes\"><table><tbody><tr><td><img decoding=\"async\" alt=\"\" src=\"https:\/\/www.alain-dens.com\/angio.25.gif\"\/><\/td><td>MRI estas sendube unu el la pli bonaj metodoj por detekti ne\u016drologiajn malordojn, kiel ekzemple skanado de la cerbo kaj mjelo.<\/td><\/tr><tr><td><img decoding=\"async\" alt=\"\" src=\"https:\/\/www.alain-dens.com\/angio.25.gif\"\/><\/td><td>Detektante vundojn al la ostoj, tendenoj kaj muskoloj, same kiel al la menisko, ekzemple.<\/td><\/tr><tr><td><img decoding=\"async\" alt=\"\" src=\"https:\/\/www.alain-dens.com\/angio.25.gif\"\/><\/td><td>Studado de la a\u016ddaj nervoj kaj la interna orelo anka\u016d estas aplika\u0135o ta\u016dga por MRI.<\/td><\/tr><tr><td><img decoding=\"async\" alt=\"\" src=\"https:\/\/www.alain-dens.com\/angio.25.gif\"\/><\/td><td>Krome, MRI estas ofte uzata por plue taksi lezojn kiuj jam estis malkovritaj per alia tekniko. Kiel ekzemple vundo en la hepato a\u016d brusto. <\/td><\/tr><tr><td><img decoding=\"async\" alt=\"\" src=\"https:\/\/www.alain-dens.com\/angio.25.gif\"\/><\/td><td>Alia aplika\u0135o, kiu iom post iom anstata\u016das konvenciajn teknikojn, estas: MR-angiografio, en kiu la sangaj glasoj estas taksitaj. \u0108i tie, bona bildo de la kurso kaj formo de la sangaj glasoj povas esti akirita kun minimuma kontrasto. Per 3D rekonstruo oni povas akiri bonan ideon pri la kondi\u0109o de la sangaj glasoj en certa regiono.  <\/td><\/tr><\/tbody><\/table><\/figure>\n","protected":false},"excerpt":{"rendered":"<p>Pacienca informo kaj Magneta Resonanco Avanta\u011doj kaj malavanta\u011doj de magneta resonanco Avanta\u011doj: Alta kontrasta rezolucio inter la malsamaj histoj Bildigo ebla en malsamaj aviadiloj Neniu joniga radiado \u011cis nun, neniuj konataj alergiaj reagoj al la kontrastaj rimedoj uzataj Malavanta\u011doj: Mallar\u011da ekzamentubo, kiun la paciento devas eniri, foje ka\u016dzas kla\u016dstrofobion Pli longaj ekzamentempoj Ne efika tekniko&hellip;&nbsp;<a href=\"https:\/\/rx.alain-dens.com\/eo\/pi-mri\/\" rel=\"bookmark\"><span class=\"screen-reader-text\">PI MRI<\/span><\/a><\/p>\n","protected":false},"author":2,"featured_media":0,"parent":0,"menu_order":0,"comment_status":"closed","ping_status":"closed","template":"","meta":{"neve_meta_sidebar":"","neve_meta_container":"","neve_meta_enable_content_width":"","neve_meta_content_width":0,"neve_meta_title_alignment":"","neve_meta_author_avatar":"","neve_post_elements_order":"","neve_meta_disable_header":"","neve_meta_disable_footer":"","neve_meta_disable_title":"","footnotes":""},"class_list":["post-1832","page","type-page","status-publish","hentry"],"_links":{"self":[{"href":"https:\/\/rx.alain-dens.com\/eo\/wp-json\/wp\/v2\/pages\/1832","targetHints":{"allow":["GET"]}}],"collection":[{"href":"https:\/\/rx.alain-dens.com\/eo\/wp-json\/wp\/v2\/pages"}],"about":[{"href":"https:\/\/rx.alain-dens.com\/eo\/wp-json\/wp\/v2\/types\/page"}],"author":[{"embeddable":true,"href":"https:\/\/rx.alain-dens.com\/eo\/wp-json\/wp\/v2\/users\/2"}],"replies":[{"embeddable":true,"href":"https:\/\/rx.alain-dens.com\/eo\/wp-json\/wp\/v2\/comments?post=1832"}],"version-history":[{"count":1,"href":"https:\/\/rx.alain-dens.com\/eo\/wp-json\/wp\/v2\/pages\/1832\/revisions"}],"predecessor-version":[{"id":1833,"href":"https:\/\/rx.alain-dens.com\/eo\/wp-json\/wp\/v2\/pages\/1832\/revisions\/1833"}],"wp:attachment":[{"href":"https:\/\/rx.alain-dens.com\/eo\/wp-json\/wp\/v2\/media?parent=1832"}],"curies":[{"name":"wp","href":"https:\/\/api.w.org\/{rel}","templated":true}]}}