{"id":1826,"date":"2024-11-18T19:47:20","date_gmt":"2024-11-18T19:47:20","guid":{"rendered":"https:\/\/rx.alain-dens.com\/pi-ultrasono\/"},"modified":"2024-12-13T11:23:04","modified_gmt":"2024-12-13T11:23:04","slug":"pi-ultrasono","status":"publish","type":"page","link":"https:\/\/rx.alain-dens.com\/eo\/pi-ultrasono\/","title":{"rendered":"PI Ultrasono"},"content":{"rendered":"\n<figure class=\"wp-block-table is-style-stripes\"><table><tbody><tr><td class=\"has-text-align-center\" data-align=\"center\"><img decoding=\"async\" src=\"https:\/\/www.alain-dens.com\/Echo%20lever.jpg\" alt=\"ultrasona hepato\" style=\"\"\/><\/td><td class=\"has-text-align-center\" data-align=\"center\"><img decoding=\"async\" alt=\"ultrasona ma&#x15D;ino\" src=\"https:\/\/www.alain-dens.com\/echotoestel.jpg\"\/><br\/><\/td><td class=\"has-text-align-center\" data-align=\"center\"><img decoding=\"async\" alt=\"anta&#x16D;naska ultrasono\" src=\"https:\/\/www.alain-dens.com\/echogr20.gif\"\/><\/td><\/tr><\/tbody><\/table><\/figure>\n\n<p style=\"font-size:18px\">Uzante ultrasonon, ajna histo en la korpo povas esti ekzamenita kondi\u0109e ke \u011di ne estas &#8220;ka\u015dita&#8221; malanta\u016d osto a\u016d, ekzemple, aero. La \u0109efa avanta\u011do de ultrasono estas, ke \u011di estas ne-invasiva. \u011ci esence ne doloras.<\/p>\n\n<p style=\"font-size:28px\"><strong><em>Indikoj<\/em><\/strong> :<\/p>\n\n<figure class=\"wp-block-table aligncenter is-style-stripes has-medium-font-size\"><table><tbody><tr><td><img decoding=\"async\" src=\"https:\/\/www.alain-dens.com\/angio.25.gif\" alt=\"\"\/><\/td><td>Kiel suplemento al klinika studo<\/td><\/tr><tr><td><img decoding=\"async\" alt=\"\" src=\"https:\/\/www.alain-dens.com\/angio.25.gif\"\/><\/td><td>En kazo de kaj suspekto de muskolo a\u016d tendena vundo<\/td><\/tr><tr><td><img decoding=\"async\" alt=\"\" src=\"https:\/\/www.alain-dens.com\/angio.25.gif\"\/><\/td><td>Objektivigi la sangoprovizon de certa strukturo<\/td><\/tr><tr><td><img decoding=\"async\" alt=\"\" src=\"https:\/\/www.alain-dens.com\/angio.25.gif\"\/><\/td><td>Por detekti fluidajn kolektojn (ekz. kisto, sangado,&#8230;)<\/td><\/tr><tr><td><img decoding=\"async\" alt=\"\" src=\"https:\/\/www.alain-dens.com\/angio.25.gif\"\/><\/td><td>Por taksi la formon kaj grandecon de la internaj organoj (ekz. lieno, hepato, pankreato, renoj, apendico,&#8230;)<\/td><\/tr><tr><td><img decoding=\"async\" alt=\"\" src=\"https:\/\/www.alain-dens.com\/angio.25.gif\"\/><\/td><td>Monitorado de feta kresko dum gravedeco<\/td><\/tr><\/tbody><\/table><\/figure>\n\n<p style=\"font-size:28px\"><strong><em>Preparado<\/em><\/strong> <small>:<\/small><\/p>\n\n<p style=\"font-size:18px\">Krom ekzameno de la abdomeno kie la veziko devas esti taksita, neniu specifa preparo estas necesa.<br\/> Dum taksado de la veziko gravas, ke \u011di estas plena.<\/p>\n\n<p style=\"font-size:28px\"><strong><em>Postzorgo:<\/em><\/strong><\/p>\n\n<p style=\"font-size:18px\">Specifa postzorgo estas postulata.<br\/><br\/><\/p>\n","protected":false},"excerpt":{"rendered":"<p>Uzante ultrasonon, ajna histo en la korpo povas esti ekzamenita kondi\u0109e ke \u011di ne estas &#8220;ka\u015dita&#8221; malanta\u016d osto a\u016d, ekzemple, aero. La \u0109efa avanta\u011do de ultrasono estas, ke \u011di estas ne-invasiva. \u011ci esence ne doloras. Indikoj : Kiel suplemento al klinika studo En kazo de kaj suspekto de muskolo a\u016d tendena vundo Objektivigi la sangoprovizon&hellip;&nbsp;<a href=\"https:\/\/rx.alain-dens.com\/eo\/pi-ultrasono\/\" rel=\"bookmark\"><span class=\"screen-reader-text\">PI Ultrasono<\/span><\/a><\/p>\n","protected":false},"author":2,"featured_media":0,"parent":0,"menu_order":0,"comment_status":"closed","ping_status":"closed","template":"","meta":{"neve_meta_sidebar":"","neve_meta_container":"","neve_meta_enable_content_width":"","neve_meta_content_width":0,"neve_meta_title_alignment":"","neve_meta_author_avatar":"","neve_post_elements_order":"","neve_meta_disable_header":"","neve_meta_disable_footer":"","neve_meta_disable_title":"","footnotes":""},"class_list":["post-1826","page","type-page","status-publish","hentry"],"_links":{"self":[{"href":"https:\/\/rx.alain-dens.com\/eo\/wp-json\/wp\/v2\/pages\/1826","targetHints":{"allow":["GET"]}}],"collection":[{"href":"https:\/\/rx.alain-dens.com\/eo\/wp-json\/wp\/v2\/pages"}],"about":[{"href":"https:\/\/rx.alain-dens.com\/eo\/wp-json\/wp\/v2\/types\/page"}],"author":[{"embeddable":true,"href":"https:\/\/rx.alain-dens.com\/eo\/wp-json\/wp\/v2\/users\/2"}],"replies":[{"embeddable":true,"href":"https:\/\/rx.alain-dens.com\/eo\/wp-json\/wp\/v2\/comments?post=1826"}],"version-history":[{"count":1,"href":"https:\/\/rx.alain-dens.com\/eo\/wp-json\/wp\/v2\/pages\/1826\/revisions"}],"predecessor-version":[{"id":1827,"href":"https:\/\/rx.alain-dens.com\/eo\/wp-json\/wp\/v2\/pages\/1826\/revisions\/1827"}],"wp:attachment":[{"href":"https:\/\/rx.alain-dens.com\/eo\/wp-json\/wp\/v2\/media?parent=1826"}],"curies":[{"name":"wp","href":"https:\/\/api.w.org\/{rel}","templated":true}]}}