{"id":1820,"date":"2024-11-18T19:47:43","date_gmt":"2024-11-18T19:47:43","guid":{"rendered":"https:\/\/rx.alain-dens.com\/pi-ct-scan\/"},"modified":"2024-12-13T11:08:43","modified_gmt":"2024-12-13T11:08:43","slug":"pi-ct-scan","status":"publish","type":"page","link":"https:\/\/rx.alain-dens.com\/eo\/pi-ct-scan\/","title":{"rendered":"PI CT SCAN"},"content":{"rendered":"\n<p class=\"has-text-align-center has-neve-link-color-color has-text-color has-link-color has-large-font-size wp-elements-bf08c6be5ccf10d0f910ea76cece9f83\" id=\"c-top\"><strong>Paciencaj informoj kaj CT-skanado<\/strong><\/p>\n\n<p class=\"has-text-align-center\" id=\"c-top\"><br\/><br\/><img decoding=\"async\" src=\"https:\/\/www.alain-dens.com\/ct-scanner.jpg\" alt=\"ekzemplo de CT-skanilo\"\/><br\/><br\/>Kiuj provoj estas faritaj sur la CT-skanado?<br\/> Kio estas la preparoj kaj kio estas la postzorgo?<br\/> La malsamaj studoj estis metitaj \u0109i tie la\u016d anatomia loko:<br\/> De la kapo \u011dis la piedoj.<\/p>\n\n<p>Navigado: <a href=\"#c-hoofd\">Kapo<\/a> &#8211; <a href=\"#c-hals\">Kolo<\/a> &#8211; <a href=\"#c-wervel\">Spino<\/a> &#8211; <a href=\"#c-thorax\">Torakso<\/a> &#8211; <a href=\"#c-abdo\">Abdomeno\/Pelvo<\/a> &#8211; <a href=\"#c-skelet\">Skeleto<\/a><\/p>\n\n<p class=\"has-text-align-center\"><\/p>\n\n<p id=\"c-hoofd\" style=\"font-size:28px\"><strong>CT-skanado de la kapo<\/strong><\/p>\n\n<div class=\"wp-block-columns is-layout-flex wp-container-core-columns-is-layout-9d6595d7 wp-block-columns-is-layout-flex\">\n<div class=\"wp-block-column is-layout-flow wp-block-column-is-layout-flow\" style=\"flex-basis:33.33%\">\n<figure class=\"wp-block-image size-full is-resized\"><img loading=\"lazy\" decoding=\"async\" width=\"150\" height=\"184\" src=\"https:\/\/rx.alain-dens.com\/wp-content\/uploads\/2024\/11\/ct_schedel.jpg\" alt=\"\" class=\"wp-image-704\" style=\"width:265px;height:auto\"\/><\/figure>\n<\/div>\n\n\n\n<div class=\"wp-block-column is-layout-flow wp-block-column-is-layout-flow\" style=\"flex-basis:66.66%\">\n<p>CT-skanado de la cerbo povas esti farita kun a\u016d sen kontrasta administrado. Kia metodo estas uzata dependas de la indiko. En iuj kazoj eble konvenas unue fari la ekzamenon sen kontrasto kaj poste kun kontrasto por akiri pli klaran bildon de la patologio de la paciento.  <br\/><br\/>Okaze de tra\u016dmato, la radiologo povas anka\u016d interpreti la bildojn prenitajn en fenestro, en kiu la ostaj strukturoj estas pli klare videblaj.<br\/> Se kontrasto estas administrota, necesas fasti por la ekzameno. Plej bone estas ne man\u011di a\u016d trinki almena\u016d kvar horojn anta\u016d la ekzameno. <br\/><br\/><a href=\"#c-top\">Reen al navigado<\/a><\/p>\n<\/div>\n<\/div>\n\n<p id=\"c-hals\" style=\"font-size:28px\"><strong>CT-skanado de la kolo<\/strong><\/p>\n\n<div class=\"wp-block-columns is-layout-flex wp-container-core-columns-is-layout-9d6595d7 wp-block-columns-is-layout-flex\">\n<div class=\"wp-block-column is-layout-flow wp-block-column-is-layout-flow\" style=\"flex-basis:66.66%\">\n<p>La celo de skanado de la kolo povas esti detekti difekton en la sangaj glasoj de la kolo, a\u016d nenormalan aspekton de certa strukturo en la kolo, ekz. pligrandigita tiroida glando.<br\/><br\/> CT-skanado de la kolo estas kutime farita kun kontrasto.<br\/><br\/> Esceptoj al \u0109i tio estas ekzamenoj de la tiroida glando.<br\/><br\/> Se oni donas kontraston, la paciento devas fasti dum almena\u016d kvar horoj anta\u016d la ekzameno.<\/p>\n\n\n\n<p><a href=\"#c-top\">Reen al navigado<\/a><br\/><\/p>\n\n\n\n<p id=\"c-wervel\" style=\"font-size:28px\"><strong>CT-skanado de la mjelo<\/strong><\/p>\n<\/div>\n\n\n\n<div class=\"wp-block-column is-layout-flow wp-block-column-is-layout-flow\" style=\"flex-basis:33.33%\"><div class=\"wp-block-image\">\n<figure class=\"alignright size-full is-resized\"><img loading=\"lazy\" decoding=\"async\" width=\"200\" height=\"189\" src=\"https:\/\/rx.alain-dens.com\/wp-content\/uploads\/2024\/11\/ct_hals.jpg\" alt=\"\" class=\"wp-image-706\" style=\"width:317px;height:auto\"\/><\/figure>\n<\/div><\/div>\n<\/div>\n\n<div class=\"wp-block-columns is-layout-flex wp-container-core-columns-is-layout-9d6595d7 wp-block-columns-is-layout-flex\">\n<div class=\"wp-block-column is-layout-flow wp-block-column-is-layout-flow\" style=\"flex-basis:33.33%\">\n<figure class=\"wp-block-image size-full is-resized\"><img loading=\"lazy\" decoding=\"async\" width=\"244\" height=\"250\" src=\"https:\/\/rx.alain-dens.com\/wp-content\/uploads\/2024\/11\/ct_spine.jpeg\" alt=\"\" class=\"wp-image-705\" style=\"width:291px;height:auto\"\/><\/figure>\n<\/div>\n\n\n\n<div class=\"wp-block-column is-layout-flow wp-block-column-is-layout-flow\" style=\"flex-basis:66.66%\">\n<p>CT-skanado de la mjelo estas principe petita por taksi vundojn al la vertebroj a\u016d kontroli la permecon de la mjelo. \u0108i tio celas detekti disko-herniadon a\u016d tra\u016dmatan vundon al vertebro. <br\/><br\/>Principe, \u011di ne postulas ajnan specifan preparon.<br\/><br\/>La paciento ku\u015das surdorse sur la ekzamentablo kaj devas resti ku\u015danta \u011dis post la ekzameno. \u0108i tie gravas, ke la paciento ne plu \u015dan\u011das pozicion. <br\/><br\/>Kontrasto estas administrita \u0109i tie en iuj kazoj, sed \u0109i tio ne estas la regulo.<\/p>\n\n\n\n<p><a href=\"#c-top\">Reen al navigado<\/a><\/p>\n<\/div>\n<\/div>\n\n<p class=\"c-abdo\" id=\"c-thorax\" style=\"font-size:28px\"><strong>CT-skanado de la torako<\/strong><\/p>\n\n<div class=\"wp-block-columns is-layout-flex wp-container-core-columns-is-layout-9d6595d7 wp-block-columns-is-layout-flex\">\n<div class=\"wp-block-column is-layout-flow wp-block-column-is-layout-flow\" style=\"flex-basis:66.66%\">\n<p>\u0108i tie bildo estas formita de la strukturoj de la kesto. Oni taksas la pulmojn, la mediastinon, sed anka\u016d la sangajn glasojn kaj la koron. Dum la ekzameno, la paciento estos petita reteni sian spiron. \u0108i tio estas por certigi egalan sinsekvon de la bildoj. Kompreneble anka\u016d gravas ne movi\u011di dum la ekzameno. Tamen, pro la \u0109iam kreskanta rapideco de la aparatoj, \u0109i tio ne estas malfacila tasko, se vi pensas, ke kompleta pulmo-skanado da\u016dras \u0109irka\u016d tridek sekundojn. Tamen, dua registrado povas esti prenita pro kompleteco, do la mesa\u011do devas resti tie \u011dis oni diras al vi, ke \u011di estas finita.      <br\/><br\/>Depende de la indiko, oni decidas \u0109u administri kontraston a\u016d ne.<br\/><br\/>Anka\u016d \u0109i tie necesas teni la pacienton fasti dum almena\u016d kvar horoj anta\u016d la ekzameno.<br\/><br\/><a href=\"https:\/\/www.alain-dens.com\/Patient_info_CT_nl.html#top\"><\/a><a href=\"#c-top\">Reen al navigado<\/a><\/p>\n<\/div>\n\n\n\n<div class=\"wp-block-column is-layout-flow wp-block-column-is-layout-flow\" style=\"flex-basis:33.33%\">\n<figure class=\"wp-block-image size-full is-resized\"><img loading=\"lazy\" decoding=\"async\" width=\"512\" height=\"512\" src=\"https:\/\/rx.alain-dens.com\/wp-content\/uploads\/2024\/11\/ct_thorax.jpg\" alt=\"\" class=\"wp-image-707\" style=\"width:323px;height:auto\" srcset=\"https:\/\/rx.alain-dens.com\/wp-content\/uploads\/2024\/11\/ct_thorax.jpg 512w, https:\/\/rx.alain-dens.com\/wp-content\/uploads\/2024\/11\/ct_thorax-300x300.jpg 300w, https:\/\/rx.alain-dens.com\/wp-content\/uploads\/2024\/11\/ct_thorax-150x150.jpg 150w\" sizes=\"auto, (max-width: 512px) 100vw, 512px\" \/><\/figure>\n<\/div>\n<\/div>\n\n<p id=\"c-abdo\" style=\"font-size:28px\"><strong>CT-skanado de la abdomeno a\u016d malgranda pelvo<\/strong><\/p>\n\n<div class=\"wp-block-columns is-layout-flex wp-container-core-columns-is-layout-9d6595d7 wp-block-columns-is-layout-flex\">\n<div class=\"wp-block-column is-layout-flow wp-block-column-is-layout-flow\" style=\"flex-basis:33.33%\">\n<figure class=\"wp-block-image size-full is-resized\"><img loading=\"lazy\" decoding=\"async\" width=\"200\" height=\"160\" src=\"https:\/\/rx.alain-dens.com\/wp-content\/uploads\/2024\/11\/CT_abdomen.jpg\" alt=\"\" class=\"wp-image-708\" style=\"width:340px;height:auto\"\/><\/figure>\n<\/div>\n\n\n\n<div class=\"wp-block-column is-layout-flow wp-block-column-is-layout-flow\" style=\"flex-basis:66.66%\">\n<p>CT-skanado de la abdomeno a\u016d malgranda pelvo estas prenita por taksi ajnajn problemojn en la intestoj, hepato, renoj, lieno, ktp.<br\/> Anka\u016d \u0109i tie estas tre grave, ke la paciento ne movi\u011du dum la ekzameno. Oni petos vin plurfoje reteni la spiron. \u0108i tio anka\u016d gravas por certigi bonan kontinuecon de la bildoj.  <br\/><br\/>Krom kiam la ekzameno estas farita por akiri bildon de la sangaj glasoj kaj ostaj strukturoj, kontrasto estas principe \u0109iam donita por trinkado. Envejna kontrasto estas administrita krom ostoekzamenoj. <br\/><br\/>Bona preparo estas bezonata \u0109i tie.<br\/><br\/>La tagon anta\u016d la ekzameno, puriga klistero a\u016d parola laksigilo estas donita.<br\/> En la tago de la ekzameno, la paciento devas trinki litron da kontrasta agento dum unu horo. \u0108i tio estas por plenigi la intestojn kiel eble plej bone. Tiamaniere klara bildo de la intestoj povas esti formita. Klistero kun kontrasto anka\u016d estas foje necesa. \u0108i tio estas por plenigi la lastajn partojn de la intesto.    <br\/><br\/>(<em>Noto: en kelkaj centroj oni donas botelon da diluita kontrasto la anta\u016dan tagon anstata\u016d klisteron. Tamen, tio donas malpli klaran bildon de la lastaj intestaj bukloj.) <\/em><br\/><br\/><a href=\"https:\/\/alain.tuma-mashua.net\/p-i-ct-scan\/\" data-type=\"page\" data-id=\"388\"><\/a><a href=\"#c-top\">Reen al navigado<\/a><\/p>\n<\/div>\n<\/div>\n\n<div class=\"wp-block-columns is-layout-flex wp-container-core-columns-is-layout-9d6595d7 wp-block-columns-is-layout-flex\">\n<div class=\"wp-block-column is-layout-flow wp-block-column-is-layout-flow\" style=\"flex-basis:66.66%\">\n<p id=\"c-skelet\" style=\"font-size:28px\"><strong>CT de la skeleto<\/strong><\/p>\n\n\n\n<p>Skeleta CT-skanado estas farita kiam plia taksado de lezo vidita sur klasika foto estas necesa. Konsideru frakturojn, disloki\u011dojn ktp., sed anka\u016d metastazojn, artrozon, ktp. Ekzemple, vundo eble ne sufi\u0109e klare videblas sur la fotoj kaj tial estas dubo. Sed povas anka\u016d esti, ke CT-skanado estas necesa por akiri klaran bildon de ampleksa frakturo, por determini plian traktadon.  <br\/><br\/>Danke al modernaj komputilaj teknikoj, ne nur eblas krei aksajn bildojn. (legu tran\u0109a\u0135ojn perpendikulare al la korpo) Sed anka\u016d por rekonstrui tiujn bildojn en 3D modelon. \u0108i tio ofte donas klaran bildon de la osto kaj \u011dia vundo.   <br\/><br\/><a href=\"https:\/\/www.alain-dens.com\/Patient_info_CT_nl.html#top\"><\/a><a href=\"#c-top\">Reen al navigado<\/a><\/p>\n<\/div>\n\n\n\n<div class=\"wp-block-column is-layout-flow wp-block-column-is-layout-flow\" style=\"flex-basis:33.33%\">\n<figure class=\"wp-block-image size-full\"><img loading=\"lazy\" decoding=\"async\" width=\"446\" height=\"205\" src=\"https:\/\/rx.alain-dens.com\/wp-content\/uploads\/2024\/11\/CT_knie.jpg\" alt=\"\" class=\"wp-image-709\" srcset=\"https:\/\/rx.alain-dens.com\/wp-content\/uploads\/2024\/11\/CT_knie.jpg 446w, https:\/\/rx.alain-dens.com\/wp-content\/uploads\/2024\/11\/CT_knie-300x138.jpg 300w\" sizes=\"auto, (max-width: 446px) 100vw, 446px\" \/><\/figure>\n\n\n<div class=\"wp-block-image\">\n<figure class=\"aligncenter size-full is-resized\"><img loading=\"lazy\" decoding=\"async\" width=\"318\" height=\"687\" src=\"https:\/\/rx.alain-dens.com\/wp-content\/uploads\/2024\/11\/CT_knie_3D.gif\" alt=\"\" class=\"wp-image-716\" style=\"width:136px;height:auto\"\/><\/figure>\n<\/div><\/div>\n<\/div>\n\n<p><small><br\/><a href=\"http:\/\/validator.w3.org\/check\/referer\"><\/a><\/small><\/p>\n","protected":false},"excerpt":{"rendered":"<p>Paciencaj informoj kaj CT-skanado Kiuj provoj estas faritaj sur la CT-skanado? Kio estas la preparoj kaj kio estas la postzorgo? La malsamaj studoj estis metitaj \u0109i tie la\u016d anatomia loko: De la kapo \u011dis la piedoj. Navigado: Kapo &#8211; Kolo &#8211; Spino &#8211; Torakso &#8211; Abdomeno\/Pelvo &#8211; Skeleto CT-skanado de la kapo CT-skanado de la&hellip;&nbsp;<a href=\"https:\/\/rx.alain-dens.com\/eo\/pi-ct-scan\/\" rel=\"bookmark\"><span class=\"screen-reader-text\">PI CT SCAN<\/span><\/a><\/p>\n","protected":false},"author":2,"featured_media":0,"parent":0,"menu_order":0,"comment_status":"closed","ping_status":"closed","template":"","meta":{"neve_meta_sidebar":"","neve_meta_container":"","neve_meta_enable_content_width":"","neve_meta_content_width":0,"neve_meta_title_alignment":"","neve_meta_author_avatar":"","neve_post_elements_order":"","neve_meta_disable_header":"","neve_meta_disable_footer":"","neve_meta_disable_title":"","footnotes":""},"class_list":["post-1820","page","type-page","status-publish","hentry"],"_links":{"self":[{"href":"https:\/\/rx.alain-dens.com\/eo\/wp-json\/wp\/v2\/pages\/1820","targetHints":{"allow":["GET"]}}],"collection":[{"href":"https:\/\/rx.alain-dens.com\/eo\/wp-json\/wp\/v2\/pages"}],"about":[{"href":"https:\/\/rx.alain-dens.com\/eo\/wp-json\/wp\/v2\/types\/page"}],"author":[{"embeddable":true,"href":"https:\/\/rx.alain-dens.com\/eo\/wp-json\/wp\/v2\/users\/2"}],"replies":[{"embeddable":true,"href":"https:\/\/rx.alain-dens.com\/eo\/wp-json\/wp\/v2\/comments?post=1820"}],"version-history":[{"count":1,"href":"https:\/\/rx.alain-dens.com\/eo\/wp-json\/wp\/v2\/pages\/1820\/revisions"}],"predecessor-version":[{"id":1821,"href":"https:\/\/rx.alain-dens.com\/eo\/wp-json\/wp\/v2\/pages\/1820\/revisions\/1821"}],"wp:attachment":[{"href":"https:\/\/rx.alain-dens.com\/eo\/wp-json\/wp\/v2\/media?parent=1820"}],"curies":[{"name":"wp","href":"https:\/\/api.w.org\/{rel}","templated":true}]}}