{"id":1814,"date":"2024-11-18T19:48:18","date_gmt":"2024-11-18T19:48:18","guid":{"rendered":"https:\/\/rx.alain-dens.com\/pi-angiografio\/"},"modified":"2024-12-13T11:06:47","modified_gmt":"2024-12-13T11:06:47","slug":"pi-angiografio","status":"publish","type":"page","link":"https:\/\/rx.alain-dens.com\/eo\/pi-angiografio\/","title":{"rendered":"PI Angiografio"},"content":{"rendered":"\n<div class=\"wp-block-columns is-layout-flex wp-container-core-columns-is-layout-9d6595d7 wp-block-columns-is-layout-flex\">\n<div class=\"wp-block-column is-layout-flow wp-block-column-is-layout-flow\" style=\"flex-basis:33.33%\">\n<figure class=\"wp-block-image size-full is-resized\"><img loading=\"lazy\" decoding=\"async\" width=\"223\" height=\"225\" src=\"https:\/\/rx.alain-dens.com\/wp-content\/uploads\/2024\/11\/anchio6.jpg\" alt=\"\" class=\"wp-image-726\" style=\"width:334px;height:auto\" srcset=\"https:\/\/rx.alain-dens.com\/wp-content\/uploads\/2024\/11\/anchio6.jpg 223w, https:\/\/rx.alain-dens.com\/wp-content\/uploads\/2024\/11\/anchio6-150x150.jpg 150w\" sizes=\"auto, (max-width: 223px) 100vw, 223px\" \/><\/figure>\n<\/div>\n\n\n\n<div class=\"wp-block-column is-layout-flow wp-block-column-is-layout-flow\" style=\"flex-basis:66.66%\">\n<p>Angiografio estas ekzameno de la sangaj glasoj. \u0108i tiuj povas esti amba\u016d arteriaj kaj vejnaj sangaj vaskuloj. Por akiri bildon de la sangaj glasoj, oni injektas kontrastan medion, kiu estas videbla sur Rentgenradioj. Tiamaniere oni povas akiri bildon de la kurso, formo kaj perspektivo de la sangaj glasoj. Por ke la bildoj aspektu pli klaraj, oni uzas <a href=\"https:\/\/rx.alain-dens.com\/eo\/fizika-angiografio\/\" data-type=\"page\" data-id=\"52\">subtraho<\/a> . La akirita bildo kun kontrasta plenigo estas subtrahita de bildo sen kontrasta plenigo. \u0108i tio rezultas en bildo en kiu nur la diferenco inter la du bildoj estas videbla.      <br\/><br\/>Ni distingas du specojn de esplorado. Vejna kaj arteria angiografio. <\/p>\n<\/div>\n<\/div>\n\n<p class=\"has-text-align-left\" style=\"font-size:28px\"><strong>Envejna angiografio:<\/strong><\/p>\n\n<p class=\"has-text-align-left has-medium-font-size\"><strong><em>Preparado<\/em><\/strong> :<\/p>\n\n<figure class=\"wp-block-table aligncenter is-style-stripes\"><table><tbody><tr><td><img decoding=\"async\" src=\"https:\/\/www.alain-dens.com\/angio.25.gif\" alt=\"\"\/><\/td><td>la paciento devas esti fastinta dum almena\u016d kvar horoj anta\u016d la ekzameno<\/td><\/tr><tr><td><img decoding=\"async\" alt=\"\" src=\"https:\/\/www.alain-dens.com\/angio.25.gif\"\/><\/td><td>Rezultoj de koagulaj testoj devas esti konataj.<\/td><\/tr><tr><td><img decoding=\"async\" alt=\"\" src=\"https:\/\/www.alain-dens.com\/angio.25.gif\"\/><\/td><td>Monitorado de infuza\u0135o en la maldekstra brako, por kapti ajnajn problemojn dum la ekzameno kaj certigi sufi\u0109an fluidan administradon<\/td><\/tr><\/tbody><\/table><\/figure>\n\n<p class=\"has-medium-font-size\"><strong><em>Postzorgo<\/em><\/strong> :<\/p>\n\n<figure class=\"wp-block-table aligncenter is-style-stripes\"><table><tbody><tr><td><img decoding=\"async\" alt=\"\" src=\"https:\/\/www.alain-dens.com\/angio.25.gif\"\/><\/td><td>Bona kontrolo de la pikejo por malhelpi postan sangadon<\/td><\/tr><tr><td><img decoding=\"async\" alt=\"\" src=\"https:\/\/www.alain-dens.com\/angio.25.gif\"\/><\/td><td>Neniu lita ripozo estas necesa krom se trapiko en la ingveno, en \u0109i-lasta kazo, almena\u016d kvar horoj da lita ripozo devus esti provizitaj.<\/td><\/tr><tr><td><img decoding=\"async\" alt=\"\" src=\"https:\/\/www.alain-dens.com\/angio.25.gif\"\/><\/td><td>Infuza\u0135o povas \u0109esi kiam \u011di estas malplena, a\u016d kiam la paciento iras hejmen<\/td><\/tr><\/tbody><\/table><\/figure>\n\n<p style=\"font-size:28px\"><strong>Enarteria angiografio<\/strong><\/p>\n\n<p class=\"has-medium-font-size\"><br\/><strong><em>Preparo:<\/em><\/strong><br\/><\/p>\n\n<figure class=\"wp-block-table aligncenter is-style-stripes\"><table class=\"has-fixed-layout\"><tbody><tr><td><img decoding=\"async\" alt=\"\" src=\"https:\/\/www.alain-dens.com\/angio.25.gif\"\/><\/td><td>Fastu almena\u016d kvar horojn anta\u016d la ekzameno. (\u0108i tio ne plu estas postulo, sed ankora\u016d estas petita) <\/td><\/tr><tr><td><img decoding=\"async\" alt=\"\" src=\"https:\/\/www.alain-dens.com\/angio.25.gif\"\/><\/td><td>Ne estu kontrasto \u0109eestanta de anta\u016daj ekzamenoj<\/td><\/tr><tr><td><img decoding=\"async\" alt=\"\" src=\"https:\/\/www.alain-dens.com\/angio.25.gif\"\/><\/td><td>La paciento estas kondukata per lito al la radiologia fako<\/td><\/tr><tr><td><img decoding=\"async\" alt=\"\" src=\"https:\/\/www.alain-dens.com\/angio.25.gif\"\/><\/td><td>Surmetu kirurgian robon<\/td><\/tr><tr><td><img decoding=\"async\" alt=\"\" src=\"https:\/\/www.alain-dens.com\/angio.25.gif\"\/><\/td><td>Provizu vekigan guton, prefere en la maldekstra brako<\/td><\/tr><tr><td><img decoding=\"async\" alt=\"\" src=\"https:\/\/www.alain-dens.com\/angio.25.gif\"\/><\/td><td>rezultoj de la sangaj koagulaj testoj devas esti konataj<\/td><\/tr><\/tbody><\/table><\/figure>\n\n<p class=\"has-medium-font-size\"><strong><em>Postzorgo:<\/em><\/strong><\/p>\n\n<figure class=\"wp-block-table aligncenter is-style-stripes\"><table class=\"has-fixed-layout\"><tbody><tr><td><img decoding=\"async\" alt=\"\" src=\"https:\/\/www.alain-dens.com\/angio.25.gif\"\/><\/td><td>Monitoru sangopremon dum dek du horoj<\/td><\/tr><tr><td><img decoding=\"async\" alt=\"\" src=\"https:\/\/www.alain-dens.com\/angio.25.gif\"\/><\/td><td>Bona kaj regula monitorado de la pikejo por malhelpi ajnan postan sangadon<\/td><\/tr><tr><td><img decoding=\"async\" alt=\"\" src=\"https:\/\/www.alain-dens.com\/angio.25.gif\"\/><\/td><td>24 horoj deviga lita ripozo (povas esti reduktita al 12 horoj kondi\u0109e de trapiko per maldika nadlo kaj katetero)<\/td><\/tr><tr><td><img decoding=\"async\" alt=\"\" src=\"https:\/\/www.alain-dens.com\/angio.25.gif\"\/><\/td><td>Konservante fluidan ekvilibron, altaj kontrastaj volumoj povas konduki al rena malfunkcio<\/td><\/tr><tr><td><img decoding=\"async\" alt=\"\" src=\"https:\/\/www.alain-dens.com\/angio.25.gif\"\/><\/td><td>Certigu sufi\u0109an fluidan konsumon kaj konservu infuza\u0135on se necese<\/td><\/tr><\/tbody><\/table><\/figure>\n\n<p style=\"font-size:28px\"><br\/><strong>Angioplastio<\/strong><\/p>\n\n<p>Angioplastio estas la kolektiva nomo por \u0109iuj intervenoj, kiuj povas esti faritaj sur la sangaj glasoj per intravejna a\u016d intraarteria trapiki\u011do. La proceduro estas do farita de unu a\u016d foje du trapikejoj rekte en la sangajn glasojn.<br\/> La elektoj, kiujn ni havas, estas: dilati\u011do de sangaj vaskuloj, stentado de sangaj vaskuloj, embolizado, &#8230; <br\/><br\/><a href=\"https:\/\/www.alain-dens.com\/patient_info_angio_nl.html#top\">Reen<\/a><\/p>\n","protected":false},"excerpt":{"rendered":"<p>Angiografio estas ekzameno de la sangaj glasoj. \u0108i tiuj povas esti amba\u016d arteriaj kaj vejnaj sangaj vaskuloj. Por akiri bildon de la sangaj glasoj, oni injektas kontrastan medion, kiu estas videbla sur Rentgenradioj. Tiamaniere oni povas akiri bildon de la kurso, formo kaj perspektivo de la sangaj glasoj. Por ke la bildoj aspektu pli klaraj,&hellip;&nbsp;<a href=\"https:\/\/rx.alain-dens.com\/eo\/pi-angiografio\/\" rel=\"bookmark\"><span class=\"screen-reader-text\">PI Angiografio<\/span><\/a><\/p>\n","protected":false},"author":2,"featured_media":0,"parent":0,"menu_order":0,"comment_status":"closed","ping_status":"closed","template":"","meta":{"neve_meta_sidebar":"","neve_meta_container":"","neve_meta_enable_content_width":"","neve_meta_content_width":0,"neve_meta_title_alignment":"","neve_meta_author_avatar":"","neve_post_elements_order":"","neve_meta_disable_header":"","neve_meta_disable_footer":"","neve_meta_disable_title":"","footnotes":""},"class_list":["post-1814","page","type-page","status-publish","hentry"],"_links":{"self":[{"href":"https:\/\/rx.alain-dens.com\/eo\/wp-json\/wp\/v2\/pages\/1814","targetHints":{"allow":["GET"]}}],"collection":[{"href":"https:\/\/rx.alain-dens.com\/eo\/wp-json\/wp\/v2\/pages"}],"about":[{"href":"https:\/\/rx.alain-dens.com\/eo\/wp-json\/wp\/v2\/types\/page"}],"author":[{"embeddable":true,"href":"https:\/\/rx.alain-dens.com\/eo\/wp-json\/wp\/v2\/users\/2"}],"replies":[{"embeddable":true,"href":"https:\/\/rx.alain-dens.com\/eo\/wp-json\/wp\/v2\/comments?post=1814"}],"version-history":[{"count":1,"href":"https:\/\/rx.alain-dens.com\/eo\/wp-json\/wp\/v2\/pages\/1814\/revisions"}],"predecessor-version":[{"id":1815,"href":"https:\/\/rx.alain-dens.com\/eo\/wp-json\/wp\/v2\/pages\/1814\/revisions\/1815"}],"wp:attachment":[{"href":"https:\/\/rx.alain-dens.com\/eo\/wp-json\/wp\/v2\/media?parent=1814"}],"curies":[{"name":"wp","href":"https:\/\/api.w.org\/{rel}","templated":true}]}}