{"id":1776,"date":"2024-11-15T17:56:11","date_gmt":"2024-11-15T17:56:11","guid":{"rendered":"https:\/\/rx.alain-dens.com\/historio-ct-scan\/"},"modified":"2024-12-17T16:59:50","modified_gmt":"2024-12-17T16:59:50","slug":"historio-ct-scan","status":"publish","type":"page","link":"https:\/\/rx.alain-dens.com\/eo\/historio-ct-scan\/","title":{"rendered":"Historio CT SCAN"},"content":{"rendered":"\n<div class=\"wp-block-columns is-layout-flex wp-container-core-columns-is-layout-9d6595d7 wp-block-columns-is-layout-flex\">\n<div class=\"wp-block-column is-layout-flow wp-block-column-is-layout-flow\" style=\"flex-basis:25%\">\n<figure class=\"wp-block-image size-full\"><img loading=\"lazy\" decoding=\"async\" width=\"500\" height=\"374\" src=\"https:\/\/rx.alain-dens.com\/wp-content\/uploads\/2024\/11\/gen1.jpg\" alt=\"\" class=\"wp-image-124\" srcset=\"https:\/\/rx.alain-dens.com\/wp-content\/uploads\/2024\/11\/gen1.jpg 500w, https:\/\/rx.alain-dens.com\/wp-content\/uploads\/2024\/11\/gen1-300x224.jpg 300w\" sizes=\"auto, (max-width: 500px) 100vw, 500px\" \/><\/figure>\n<\/div>\n\n\n\n<div class=\"wp-block-column is-layout-flow wp-block-column-is-layout-flow\" style=\"flex-basis:50%\">\n<p>La unua klinika apliki\u011do jam estis en 1967 de Sir Houndsfield. En 1971 cerba skanado estis farita por la unua fojo kaj en 1974 plenkorpa skanado estis farita por la unua fojo. La evoluo de la skanado okazis en pluraj fazoj, kiuj estis \u0109efe teknikaj. Dum teknologio evoluas, skaniloj i\u011das pli efikaj kaj la bildoj pli akraj kaj pli funkciaj. La evoluo de la komputilo kaj la \u0109iam pli rapidaj procesoroj anka\u016d signifas, ke la skanilo estas sen\u0109ese kreskanta sistemo, al kiu multaj novaj kaj pli bonaj teknikoj povas esti aplikitaj al CT 1-a generacio. Konsideru, ekzemple, fari 3D-rekonstruojn.<\/p>\n<\/div>\n\n\n\n<div class=\"wp-block-column is-layout-flow wp-block-column-is-layout-flow\" style=\"flex-basis:25%\">\n<figure class=\"wp-block-image size-full\"><img loading=\"lazy\" decoding=\"async\" width=\"500\" height=\"374\" src=\"https:\/\/rx.alain-dens.com\/wp-content\/uploads\/2024\/11\/GEN2.jpg\" alt=\"\" class=\"wp-image-123\" srcset=\"https:\/\/rx.alain-dens.com\/wp-content\/uploads\/2024\/11\/GEN2.jpg 500w, https:\/\/rx.alain-dens.com\/wp-content\/uploads\/2024\/11\/GEN2-300x224.jpg 300w\" sizes=\"auto, (max-width: 500px) 100vw, 500px\" \/><\/figure>\n<\/div>\n<\/div>\n\n<div class=\"wp-block-columns is-layout-flex wp-container-core-columns-is-layout-9d6595d7 wp-block-columns-is-layout-flex\">\n<div class=\"wp-block-column is-layout-flow wp-block-column-is-layout-flow\" style=\"flex-basis:25%\">\n<figure class=\"wp-block-image size-full\"><img loading=\"lazy\" decoding=\"async\" width=\"500\" height=\"374\" src=\"https:\/\/rx.alain-dens.com\/wp-content\/uploads\/2024\/11\/GEN3.jpg\" alt=\"\" class=\"wp-image-122\" srcset=\"https:\/\/rx.alain-dens.com\/wp-content\/uploads\/2024\/11\/GEN3.jpg 500w, https:\/\/rx.alain-dens.com\/wp-content\/uploads\/2024\/11\/GEN3-300x224.jpg 300w\" sizes=\"auto, (max-width: 500px) 100vw, 500px\" \/><\/figure>\n<\/div>\n\n\n\n<div class=\"wp-block-column is-layout-flow wp-block-column-is-layout-flow\" style=\"flex-basis:50%\">\n<p><\/p>\n\n\n\n<p><strong>CT-skanado 2-a generacio<\/strong><br\/><br\/> La duageneracia CT-skanado estis bazita sur la sama principo, sed uzis malsamajn tubojn kaj detektilojn kiuj rotacias kelkajn gradojn post prenado de bildo.<\/p>\n<\/div>\n\n\n\n<div class=\"wp-block-column is-layout-flow wp-block-column-is-layout-flow\" style=\"flex-basis:25%\">\n<figure class=\"wp-block-image size-full\"><img loading=\"lazy\" decoding=\"async\" width=\"500\" height=\"374\" src=\"https:\/\/rx.alain-dens.com\/wp-content\/uploads\/2024\/11\/GEN4.jpg\" alt=\"\" class=\"wp-image-121\" srcset=\"https:\/\/rx.alain-dens.com\/wp-content\/uploads\/2024\/11\/GEN4.jpg 500w, https:\/\/rx.alain-dens.com\/wp-content\/uploads\/2024\/11\/GEN4-300x224.jpg 300w\" sizes=\"auto, (max-width: 500px) 100vw, 500px\" \/><\/figure>\n<\/div>\n<\/div>\n\n<div class=\"wp-block-columns is-layout-flex wp-container-core-columns-is-layout-9d6595d7 wp-block-columns-is-layout-flex\">\n<div class=\"wp-block-column is-layout-flow wp-block-column-is-layout-flow\" style=\"flex-basis:25%\">\n<figure class=\"wp-block-image size-full\"><img loading=\"lazy\" decoding=\"async\" width=\"500\" height=\"374\" src=\"https:\/\/rx.alain-dens.com\/wp-content\/uploads\/2024\/11\/GEN5.jpg\" alt=\"\" class=\"wp-image-120\" srcset=\"https:\/\/rx.alain-dens.com\/wp-content\/uploads\/2024\/11\/GEN5.jpg 500w, https:\/\/rx.alain-dens.com\/wp-content\/uploads\/2024\/11\/GEN5-300x224.jpg 300w\" sizes=\"auto, (max-width: 500px) 100vw, 500px\" \/><\/figure>\n<\/div>\n\n\n\n<div class=\"wp-block-column is-layout-flow wp-block-column-is-layout-flow\" style=\"flex-basis:50%\">\n<p><strong>Tria generacio CT-skanado<\/strong><\/p>\n\n\n\n<p>Kun la tria generacio, homoj movi\u011dis reen de la unua generacio. Tubo denove estis uzita, sed la receptoro rotacius kun la tubo. Tiamaniere oni povus fari kontinuan rotacion de la tubo por unu kompleta bildo.<\/p>\n\n\n\n<p><strong>Kvara generacio CT-skanado<\/strong><\/p>\n\n\n\n<p>Kvara generacio neniam estis fakte uzita, kies principo devis uzi rotacian tubon kun senmova detektilo etendi\u011danta sur la tuta cirkonferenco de la gantry.<\/p>\n<\/div>\n\n\n\n<div class=\"wp-block-column is-layout-flow wp-block-column-is-layout-flow\" style=\"flex-basis:25%\">\n<figure class=\"wp-block-image size-full\"><img loading=\"lazy\" decoding=\"async\" width=\"500\" height=\"374\" src=\"https:\/\/rx.alain-dens.com\/wp-content\/uploads\/2024\/11\/GEN6.jpg\" alt=\"\" class=\"wp-image-119\" srcset=\"https:\/\/rx.alain-dens.com\/wp-content\/uploads\/2024\/11\/GEN6.jpg 500w, https:\/\/rx.alain-dens.com\/wp-content\/uploads\/2024\/11\/GEN6-300x224.jpg 300w\" sizes=\"auto, (max-width: 500px) 100vw, 500px\" \/><\/figure>\n<\/div>\n<\/div>\n\n<div class=\"wp-block-columns is-layout-flex wp-container-core-columns-is-layout-9d6595d7 wp-block-columns-is-layout-flex\">\n<div class=\"wp-block-column is-layout-flow wp-block-column-is-layout-flow\" style=\"flex-basis:25%\">\n<figure class=\"wp-block-image size-full\"><img loading=\"lazy\" decoding=\"async\" width=\"500\" height=\"374\" src=\"https:\/\/rx.alain-dens.com\/wp-content\/uploads\/2024\/11\/MSCT_GEN7.jpg\" alt=\"\" class=\"wp-image-118\" srcset=\"https:\/\/rx.alain-dens.com\/wp-content\/uploads\/2024\/11\/MSCT_GEN7.jpg 500w, https:\/\/rx.alain-dens.com\/wp-content\/uploads\/2024\/11\/MSCT_GEN7-300x224.jpg 300w\" sizes=\"auto, (max-width: 500px) 100vw, 500px\" \/><\/figure>\n<\/div>\n\n\n\n<div class=\"wp-block-column is-layout-flow wp-block-column-is-layout-flow\" style=\"flex-basis:25%\"><\/div>\n<\/div>\n\n<p><br\/><br\/><br\/><br\/><br\/><br\/><\/p>\n\n<p><\/p>\n\n<p><\/p>\n","protected":false},"excerpt":{"rendered":"<p>La unua klinika apliki\u011do jam estis en 1967 de Sir Houndsfield. En 1971 cerba skanado estis farita por la unua fojo kaj en 1974 plenkorpa skanado estis farita por la unua fojo. La evoluo de la skanado okazis en pluraj fazoj, kiuj estis \u0109efe teknikaj. Dum teknologio evoluas, skaniloj i\u011das pli efikaj kaj la bildoj&hellip;&nbsp;<a href=\"https:\/\/rx.alain-dens.com\/eo\/historio-ct-scan\/\" rel=\"bookmark\"><span class=\"screen-reader-text\">Historio CT SCAN<\/span><\/a><\/p>\n","protected":false},"author":2,"featured_media":0,"parent":0,"menu_order":0,"comment_status":"closed","ping_status":"closed","template":"","meta":{"neve_meta_sidebar":"","neve_meta_container":"","neve_meta_enable_content_width":"","neve_meta_content_width":0,"neve_meta_title_alignment":"","neve_meta_author_avatar":"","neve_post_elements_order":"","neve_meta_disable_header":"","neve_meta_disable_footer":"","neve_meta_disable_title":"","footnotes":""},"class_list":["post-1776","page","type-page","status-publish","hentry"],"_links":{"self":[{"href":"https:\/\/rx.alain-dens.com\/eo\/wp-json\/wp\/v2\/pages\/1776","targetHints":{"allow":["GET"]}}],"collection":[{"href":"https:\/\/rx.alain-dens.com\/eo\/wp-json\/wp\/v2\/pages"}],"about":[{"href":"https:\/\/rx.alain-dens.com\/eo\/wp-json\/wp\/v2\/types\/page"}],"author":[{"embeddable":true,"href":"https:\/\/rx.alain-dens.com\/eo\/wp-json\/wp\/v2\/users\/2"}],"replies":[{"embeddable":true,"href":"https:\/\/rx.alain-dens.com\/eo\/wp-json\/wp\/v2\/comments?post=1776"}],"version-history":[{"count":4,"href":"https:\/\/rx.alain-dens.com\/eo\/wp-json\/wp\/v2\/pages\/1776\/revisions"}],"predecessor-version":[{"id":1957,"href":"https:\/\/rx.alain-dens.com\/eo\/wp-json\/wp\/v2\/pages\/1776\/revisions\/1957"}],"wp:attachment":[{"href":"https:\/\/rx.alain-dens.com\/eo\/wp-json\/wp\/v2\/media?parent=1776"}],"curies":[{"name":"wp","href":"https:\/\/api.w.org\/{rel}","templated":true}]}}