{"id":1770,"date":"2024-11-14T14:21:54","date_gmt":"2024-11-14T14:21:54","guid":{"rendered":"https:\/\/rx.alain-dens.com\/historio-de-radiografio\/"},"modified":"2024-12-12T19:56:40","modified_gmt":"2024-12-12T19:56:40","slug":"historio-de-radiografio","status":"publish","type":"page","link":"https:\/\/rx.alain-dens.com\/eo\/historio-de-radiografio\/","title":{"rendered":"Historio de radiografio"},"content":{"rendered":"\n<p class=\"has-neve-link-color-color has-text-color has-link-color wp-elements-77b1d2cc911a295bd2e5256174eb4dae\" style=\"font-size:28px\"><strong>La evoluo de Radiologio<\/strong><\/p>\n\n<div class=\"wp-block-columns is-layout-flex wp-container-core-columns-is-layout-9d6595d7 wp-block-columns-is-layout-flex\">\n<div class=\"wp-block-column is-layout-flow wp-block-column-is-layout-flow\" style=\"flex-basis:33.33%\"><div class=\"wp-block-image\">\n<figure class=\"aligncenter size-full is-resized\"><img loading=\"lazy\" decoding=\"async\" width=\"168\" height=\"252\" src=\"https:\/\/rx.alain-dens.com\/wp-content\/uploads\/2024\/11\/rontgen.jpg\" alt=\"\" class=\"wp-image-94\" style=\"width:181px;height:auto\"\/><\/figure>\n<\/div><\/div>\n\n\n\n<div class=\"wp-block-column is-layout-flow wp-block-column-is-layout-flow\" style=\"flex-basis:66.66%\">\n<p>Anta\u016d iom pli ol jarcento, la 08\/11\/1895, la germano Wilhelm Conrad R\u00f6ntgen malkovris anta\u016de nekonatan radiadon, kiu poste estus nomita la\u016d li. Wilhelm Conrad R\u00f6ntgen naski\u011dis la 27-an de marto 1845 . En 1868 li akiris sian diplomon kiel mekanika in\u011deniero kaj jaron poste en 1869 li doktori\u011dis pri fiziko. Li poste estis nomumita al katedro pri fiziko \u0109e la Universitato de Giessen. La 8-an de novembro 1895, post eksperimento, li notis la sekvantan: &#8220;Mi laboris kun Ruhmkorff-bobeno kaj Hittorf-Crookes-tubo tute enpakita en nigra papero <small>.<\/small><\/p>\n<\/div>\n<\/div>\n\n<div class=\"wp-block-columns is-layout-flex wp-container-core-columns-is-layout-9d6595d7 wp-block-columns-is-layout-flex\">\n<div class=\"wp-block-column is-layout-flow wp-block-column-is-layout-flow\" style=\"flex-basis:66.66%\">\n<p>Apud \u011di sur la tablo estis peco da bario-platena-cianida papero. Mi pasigis kurenton tra la tubo kaj&#8230; la papero lumi\u011dis.&#8221; \u0108i tiu eksperimento estis ripetita kelkajn fojojn kun malsamaj materialoj inter la tubo kaj la ardanta papero. \u0108iufoje la papero eklumis. La nevidebla radiado montri\u011dis havi neatendita penetra potenco \u011ci penetris kartonon, lignon, e\u0109 2000-pa\u011dan libron.<br\/><br\/>Anka\u016d \u015dajnis esti diferencoj en penetrado en la homa korpo. Ha\u016dto kaj mola histo estis penetritaj, dum ostoj aperis maldiafanaj al Rentgenradioj.<br\/><br\/>Lia malkovro ebligis videbligi la nevideblajn strukturojn ene de homoj. Nova bran\u0109o aperis ene de medicino: radiologio <small>.<\/small><\/p>\n<\/div>\n\n\n\n<div class=\"wp-block-column is-layout-flow wp-block-column-is-layout-flow\" style=\"flex-basis:33.33%\">\n<figure class=\"wp-block-image size-full\"><img loading=\"lazy\" decoding=\"async\" width=\"640\" height=\"480\" src=\"https:\/\/rx.alain-dens.com\/wp-content\/uploads\/2024\/11\/rx_01_tubo_Crookes.jpg\" alt=\"\" class=\"wp-image-93\" srcset=\"https:\/\/rx.alain-dens.com\/wp-content\/uploads\/2024\/11\/rx_01_tubo_Crookes.jpg 640w, https:\/\/rx.alain-dens.com\/wp-content\/uploads\/2024\/11\/rx_01_tubo_Crookes-300x225.jpg 300w\" sizes=\"auto, (max-width: 640px) 100vw, 640px\" \/><\/figure>\n<\/div>\n<\/div>\n\n<div class=\"wp-block-columns is-layout-flex wp-container-core-columns-is-layout-9d6595d7 wp-block-columns-is-layout-flex\">\n<div class=\"wp-block-column is-layout-flow wp-block-column-is-layout-flow\" style=\"flex-basis:33.33%\">\n<figure class=\"wp-block-image size-full\"><img loading=\"lazy\" decoding=\"async\" width=\"800\" height=\"600\" src=\"https:\/\/rx.alain-dens.com\/wp-content\/uploads\/2024\/11\/roentgen.jpg\" alt=\"\" class=\"wp-image-95\" srcset=\"https:\/\/rx.alain-dens.com\/wp-content\/uploads\/2024\/11\/roentgen.jpg 800w, https:\/\/rx.alain-dens.com\/wp-content\/uploads\/2024\/11\/roentgen-300x225.jpg 300w, https:\/\/rx.alain-dens.com\/wp-content\/uploads\/2024\/11\/roentgen-768x576.jpg 768w\" sizes=\"auto, (max-width: 800px) 100vw, 800px\" \/><\/figure>\n<\/div>\n\n\n\n<div class=\"wp-block-column is-layout-flow wp-block-column-is-layout-flow\" style=\"flex-basis:66.66%\">\n<p>La 28-an de decembro 1895, R\u00f6ntgen eldonis publika\u0135on por la Societo de Fiziko titolitan: &#8220;Nova speco de radioj&#8221;. La 23\/01\/1996 li anoncis \u0109iujn rezultojn per prelego kaj manifestacio en la universitato en W\u00fcrzburg.<br\/><br\/>La 10\/12\/1901 Wilhelm C.R\u00f6ntgen ricevis la Nobel-premion pri fiziko. Li donis la rilatan kontantpremion al la Universitato de Giessen tiel ke ili uzu \u011din por financi sciencajn studojn.<br\/><br\/>Estas anka\u016d rimarkinde, ke li \u0109iam detenis patenti siajn eltrova\u0135ojn. Li diris, ke liaj trova\u0135oj estis destinitaj al la homaro.<\/p>\n<\/div>\n<\/div>\n\n<div class=\"wp-block-columns is-layout-flex wp-container-core-columns-is-layout-9d6595d7 wp-block-columns-is-layout-flex\">\n<div class=\"wp-block-column is-layout-flow wp-block-column-is-layout-flow\" style=\"flex-basis:66.66%\">\n<p>Balda\u016d post la eltrovo de radiado komenci\u011dis la evoluo de la nova medicina aplika\u0135o.<br\/> <br\/>La 22\/12\/1895 okazis la unua registrado de la mano de la edzino de R\u00f6ntgen. En januaro 1896 la unua registrado de rompita brako estis farita. Ne balda\u016d poste, en 1896, venis la unua raporto, ke tiu nova radiado estas malutila.<br\/> En 1904, la unua digesta ekzameno estis farita per kontrasta medio.<br\/><br\/>La plifortiga ekrano por filmoj estis lan\u0109ita jam 1908 kaj pliajn 5 jarojn poste la Bucky-Belbe disa radiofiltrilo (nun nomita la Bucky-reto) estis lan\u0109ita. En 1952 la bildintensigilo estis evoluigita kiu ebligis fluoroskopion.<\/p>\n<\/div>\n\n\n\n<div class=\"wp-block-column is-layout-flow wp-block-column-is-layout-flow\" style=\"flex-basis:33.33%\"><div class=\"wp-block-image\">\n<figure class=\"aligncenter size-full is-resized\"><img loading=\"lazy\" decoding=\"async\" width=\"70\" height=\"93\" src=\"https:\/\/rx.alain-dens.com\/wp-content\/uploads\/2024\/11\/geschi12.jpg\" alt=\"\" class=\"wp-image-100\" style=\"width:172px;height:auto\"\/><\/figure>\n<\/div><\/div>\n<\/div>\n\n<div class=\"wp-block-columns is-layout-flex wp-container-core-columns-is-layout-9d6595d7 wp-block-columns-is-layout-flex\">\n<div class=\"wp-block-column is-layout-flow wp-block-column-is-layout-flow\" style=\"flex-basis:33.33%\">\n<figure class=\"wp-block-image size-full is-resized\"><img loading=\"lazy\" decoding=\"async\" width=\"200\" height=\"200\" src=\"https:\/\/rx.alain-dens.com\/wp-content\/uploads\/2024\/11\/pacs.jpg\" alt=\"\" class=\"wp-image-96\" style=\"width:386px;height:auto\" srcset=\"https:\/\/rx.alain-dens.com\/wp-content\/uploads\/2024\/11\/pacs.jpg 200w, https:\/\/rx.alain-dens.com\/wp-content\/uploads\/2024\/11\/pacs-150x150.jpg 150w\" sizes=\"auto, (max-width: 200px) 100vw, 200px\" \/><\/figure>\n<\/div>\n\n\n\n<div class=\"wp-block-column is-layout-flow wp-block-column-is-layout-flow\" style=\"flex-basis:66.66%\">\n<p>Fine, en 1980, alvenis cifereca radiologio, kiu \u0109iam pli determinas la estontecon de radiologio en \u0109iuj \u011diaj aplikoj.<br\/><br\/>Kun la apero de ciferecigo, la eblecoj de radiologio e\u0109 plivasti\u011dis. Konsideru eblojn kiel zomi en bildon, \u011dustigi kontraston, aldoni koloron, &#8230; \u0109iujn opciojn kiuj povas provizi plibonigitan interpreton.<br\/><br\/>Ciferecigo anka\u016d donis la \u015dancon kunhavigi bildojn rapide kaj efike, kun kandidatoj, sed anka\u016d kun kolegoj por akiri pliajn konsilojn. Rezulte radiologio denove ekakiris, kaj la eblecoj pligrandi\u011das&#8230; (kp. PACS kaj ciferecigo)<\/p>\n<\/div>\n<\/div>\n\n<p><\/p>\n","protected":false},"excerpt":{"rendered":"<p>La evoluo de Radiologio Anta\u016d iom pli ol jarcento, la 08\/11\/1895, la germano Wilhelm Conrad R\u00f6ntgen malkovris anta\u016de nekonatan radiadon, kiu poste estus nomita la\u016d li. Wilhelm Conrad R\u00f6ntgen naski\u011dis la 27-an de marto 1845 . En 1868 li akiris sian diplomon kiel mekanika in\u011deniero kaj jaron poste en 1869 li doktori\u011dis pri fiziko. Li&hellip;&nbsp;<a href=\"https:\/\/rx.alain-dens.com\/eo\/historio-de-radiografio\/\" rel=\"bookmark\"><span class=\"screen-reader-text\">Historio de radiografio<\/span><\/a><\/p>\n","protected":false},"author":2,"featured_media":0,"parent":0,"menu_order":0,"comment_status":"closed","ping_status":"closed","template":"","meta":{"neve_meta_sidebar":"","neve_meta_container":"","neve_meta_enable_content_width":"","neve_meta_content_width":0,"neve_meta_title_alignment":"","neve_meta_author_avatar":"","neve_post_elements_order":"","neve_meta_disable_header":"","neve_meta_disable_footer":"","neve_meta_disable_title":"","footnotes":""},"class_list":["post-1770","page","type-page","status-publish","hentry"],"_links":{"self":[{"href":"https:\/\/rx.alain-dens.com\/eo\/wp-json\/wp\/v2\/pages\/1770","targetHints":{"allow":["GET"]}}],"collection":[{"href":"https:\/\/rx.alain-dens.com\/eo\/wp-json\/wp\/v2\/pages"}],"about":[{"href":"https:\/\/rx.alain-dens.com\/eo\/wp-json\/wp\/v2\/types\/page"}],"author":[{"embeddable":true,"href":"https:\/\/rx.alain-dens.com\/eo\/wp-json\/wp\/v2\/users\/2"}],"replies":[{"embeddable":true,"href":"https:\/\/rx.alain-dens.com\/eo\/wp-json\/wp\/v2\/comments?post=1770"}],"version-history":[{"count":1,"href":"https:\/\/rx.alain-dens.com\/eo\/wp-json\/wp\/v2\/pages\/1770\/revisions"}],"predecessor-version":[{"id":1771,"href":"https:\/\/rx.alain-dens.com\/eo\/wp-json\/wp\/v2\/pages\/1770\/revisions\/1771"}],"wp:attachment":[{"href":"https:\/\/rx.alain-dens.com\/eo\/wp-json\/wp\/v2\/media?parent=1770"}],"curies":[{"name":"wp","href":"https:\/\/api.w.org\/{rel}","templated":true}]}}