{"id":1764,"date":"2024-11-15T19:57:53","date_gmt":"2024-11-15T19:57:53","guid":{"rendered":"https:\/\/rx.alain-dens.com\/mri-historio\/"},"modified":"2024-12-17T18:36:28","modified_gmt":"2024-12-17T18:36:28","slug":"mri-historio","status":"publish","type":"page","link":"https:\/\/rx.alain-dens.com\/eo\/mri-historio\/","title":{"rendered":"MRI-historio"},"content":{"rendered":"\n<p><\/p>\n\n<div class=\"wp-block-columns is-layout-flex wp-container-core-columns-is-layout-9d6595d7 wp-block-columns-is-layout-flex\">\n<div class=\"wp-block-column is-layout-flow wp-block-column-is-layout-flow\" style=\"flex-basis:25%\"><div class=\"wp-block-image\">\n<figure class=\"aligncenter size-full is-resized\"><img loading=\"lazy\" decoding=\"async\" width=\"115\" height=\"149\" src=\"https:\/\/rx.alain-dens.com\/wp-content\/uploads\/2024\/11\/Felix-Bloch-1903-1983.gif\" alt=\"\" class=\"wp-image-138\" style=\"width:147px;height:auto\"\/><figcaption class=\"wp-element-caption\">Felix Bloch (1905-1983)<\/figcaption><\/figure>\n<\/div>\n\n<div class=\"wp-block-image\">\n<figure class=\"aligncenter size-full is-resized\"><img loading=\"lazy\" decoding=\"async\" width=\"1600\" height=\"1600\" src=\"https:\/\/rx.alain-dens.com\/wp-content\/uploads\/2024\/11\/raymond-damadian.jpg\" alt=\"\" class=\"wp-image-142\" style=\"width:148px;height:auto\" srcset=\"https:\/\/rx.alain-dens.com\/wp-content\/uploads\/2024\/11\/raymond-damadian.jpg 1600w, https:\/\/rx.alain-dens.com\/wp-content\/uploads\/2024\/11\/raymond-damadian-300x300.jpg 300w, https:\/\/rx.alain-dens.com\/wp-content\/uploads\/2024\/11\/raymond-damadian-1024x1024.jpg 1024w, https:\/\/rx.alain-dens.com\/wp-content\/uploads\/2024\/11\/raymond-damadian-150x150.jpg 150w, https:\/\/rx.alain-dens.com\/wp-content\/uploads\/2024\/11\/raymond-damadian-768x768.jpg 768w, https:\/\/rx.alain-dens.com\/wp-content\/uploads\/2024\/11\/raymond-damadian-1536x1536.jpg 1536w\" sizes=\"auto, (max-width: 1600px) 100vw, 1600px\" \/><figcaption class=\"wp-element-caption\">Raymond Damadian (1936-2022)<\/figcaption><\/figure>\n<\/div>\n\n<div class=\"wp-block-image\">\n<figure class=\"aligncenter size-full is-resized\"><img loading=\"lazy\" decoding=\"async\" width=\"220\" height=\"335\" src=\"https:\/\/rx.alain-dens.com\/wp-content\/uploads\/2024\/11\/220px-Richard_R._Ernst_1980s_cropped.jpg\" alt=\"\" class=\"wp-image-144\" style=\"width:145px;height:auto\" srcset=\"https:\/\/rx.alain-dens.com\/wp-content\/uploads\/2024\/11\/220px-Richard_R._Ernst_1980s_cropped.jpg 220w, https:\/\/rx.alain-dens.com\/wp-content\/uploads\/2024\/11\/220px-Richard_R._Ernst_1980s_cropped-197x300.jpg 197w\" sizes=\"auto, (max-width: 220px) 100vw, 220px\" \/><figcaption class=\"wp-element-caption\">Richard-R.-Ernst (1933-2021)<\/figcaption><\/figure>\n<\/div>\n\n<div class=\"wp-block-image\">\n<figure class=\"aligncenter size-full is-resized\"><img loading=\"lazy\" decoding=\"async\" width=\"97\" height=\"123\" src=\"https:\/\/rx.alain-dens.com\/wp-content\/uploads\/2024\/11\/Paul_Lauterbur_2003_cropped.jpg\" alt=\"\" class=\"wp-image-145\" style=\"width:143px;height:auto\"\/><figcaption class=\"wp-element-caption\">Paul Lauterbur (1929-2007)<\/figcaption><\/figure>\n<\/div><\/div>\n\n\n\n<div class=\"wp-block-column is-layout-flow wp-block-column-is-layout-flow\" style=\"flex-basis:50%\">\n<p>La historio de MRI komenci\u011das en 1946 kun la eltrovo de la fenomeno de magneta resonanco. Tion faris la sciencistoj Felix Bloch kaj Edward Purcell. Amba\u016d sciencistoj ricevus nobelpremion pro siaj eltrova\u0135oj en 1952. De 1954 \u011dis la fruaj 1970-aj jaroj, MR estis evoluigita kaj uzita por kemia kaj fizika enketo de molekulaj strukturoj. En 1971, Raymond Damadian montris ke la resonanco de tumora histo estis diferenca de tiu de sana histo, kiu i\u011dis la instigo uzi tiun esplormetodon por detekti malsanojn. En 1973, CT estis lan\u0109ita fare de Houndsfield, tio estas grava por MRI \u0109ar tiu evoluo montris ke hospitaloj estis pretaj elspezi grandajn monsumojn por akiri solidan esplormetodon. Tiun saman jaron, magnetresonanca bildigo estis montrita sur malgrandaj provtuboj fare de Paul Lauterbur. Li uzis la saman kalkulteknikon kiel tiu uzita en la CT-skanado. En 1975, Richard Ernst lan\u0109is la ideon uzi fazajn kaj frekvencajn diferencojn, kaj la uzon de la transformo de Fourier, tekniko, kiun nuna MRI ankora\u016d uzas. Kelkajn jarojn poste en 1977, la unua skanado de korpo estis farita, fare de Raymond Damadian. Tiun saman jaron, e\u0125-ebena bildigo estis proponita fare de Peter Mansfield.<\/p>\n\n\n\n<p>La teamo de Edelstein montris korpskanadon kiu da\u016dris kvin minutojn por krei bildon uzante la klasikan metodon. Kun la e\u0125-ebena bildigo tio okazis en 5 sekundoj sen grava perdo de kvalito.  Krome, laboro anka\u016d estis farita pri magneta resonanco en aliaj lokoj, tiel ke en 1986 mikroskopo estis evoluigita kun rezolucio de proksimume 10 \u00b5m.<\/p>\n\n\n\n<p>En 1987, la e\u0125-ebena metodo estis uzita por fari la unuan aplikon de kardio-MR, kaj MR-Angio<a href=\"https:\/\/www.alain-dens.com\/index_nl.html\"><\/a> plue rafinita tiel ke eblis akiri bildojn de la sangofluoj sen uzi kontrastilojn.<a href=\"https:\/\/www.alain-dens.com\/index_nl.html\"><\/a><\/p>\n\n\n\n<p>Novaj teknikoj kaj aplikoj por MRI da\u016dre estas evoluigitaj. \u011ci estas ankora\u016d juna teknologio, kies aplikoj ankora\u016d ne estas plene konataj<a href=\"https:\/\/www.alain-dens.com\/index_nl.html\"><\/a><\/p>\n<\/div>\n\n\n\n<div class=\"wp-block-column is-layout-flow wp-block-column-is-layout-flow\" style=\"flex-basis:25%\"><div class=\"wp-block-image\">\n<figure class=\"aligncenter size-full is-resized\"><img loading=\"lazy\" decoding=\"async\" width=\"112\" height=\"147\" src=\"https:\/\/rx.alain-dens.com\/wp-content\/uploads\/2024\/11\/Edward-Purcel-1912-.gif\" alt=\"\" class=\"wp-image-139\" style=\"width:146px;height:auto\"\/><figcaption class=\"wp-element-caption\">Edward Purcel (1912-1997)<\/figcaption><\/figure>\n<\/div>\n\n<div class=\"wp-block-image\">\n<figure class=\"aligncenter size-full is-resized\"><img loading=\"lazy\" decoding=\"async\" width=\"266\" height=\"335\" src=\"https:\/\/rx.alain-dens.com\/wp-content\/uploads\/2024\/11\/266px-Godfrey_Hounsfield-.jpg\" alt=\"\" class=\"wp-image-143\" style=\"width:156px;height:auto\" srcset=\"https:\/\/rx.alain-dens.com\/wp-content\/uploads\/2024\/11\/266px-Godfrey_Hounsfield-.jpg 266w, https:\/\/rx.alain-dens.com\/wp-content\/uploads\/2024\/11\/266px-Godfrey_Hounsfield--238x300.jpg 238w\" sizes=\"auto, (max-width: 266px) 100vw, 266px\" \/><figcaption class=\"wp-element-caption\">Godfrey Hounsfield (1919-2004)<\/figcaption><\/figure>\n<\/div>\n\n<div class=\"wp-block-image\">\n<figure class=\"aligncenter size-full is-resized\"><img loading=\"lazy\" decoding=\"async\" width=\"125\" height=\"155\" src=\"https:\/\/rx.alain-dens.com\/wp-content\/uploads\/2024\/11\/Peter-Mansfield.jpg\" alt=\"\" class=\"wp-image-136\" style=\"width:158px;height:auto\"\/><figcaption class=\"wp-element-caption\">Peter Mansfield (1933-2017)<\/figcaption><\/figure>\n<\/div><\/div>\n<\/div>\n\n<p><\/p>\n","protected":false},"excerpt":{"rendered":"<p>La historio de MRI komenci\u011das en 1946 kun la eltrovo de la fenomeno de magneta resonanco. Tion faris la sciencistoj Felix Bloch kaj Edward Purcell. Amba\u016d sciencistoj ricevus nobelpremion pro siaj eltrova\u0135oj en 1952. De 1954 \u011dis la fruaj 1970-aj jaroj, MR estis evoluigita kaj uzita por kemia kaj fizika enketo de molekulaj strukturoj. En&hellip;&nbsp;<a href=\"https:\/\/rx.alain-dens.com\/eo\/mri-historio\/\" rel=\"bookmark\"><span class=\"screen-reader-text\">MRI-historio<\/span><\/a><\/p>\n","protected":false},"author":2,"featured_media":0,"parent":0,"menu_order":0,"comment_status":"closed","ping_status":"closed","template":"","meta":{"neve_meta_sidebar":"","neve_meta_container":"","neve_meta_enable_content_width":"","neve_meta_content_width":0,"neve_meta_title_alignment":"","neve_meta_author_avatar":"","neve_post_elements_order":"","neve_meta_disable_header":"","neve_meta_disable_footer":"","neve_meta_disable_title":"","footnotes":""},"class_list":["post-1764","page","type-page","status-publish","hentry"],"_links":{"self":[{"href":"https:\/\/rx.alain-dens.com\/eo\/wp-json\/wp\/v2\/pages\/1764","targetHints":{"allow":["GET"]}}],"collection":[{"href":"https:\/\/rx.alain-dens.com\/eo\/wp-json\/wp\/v2\/pages"}],"about":[{"href":"https:\/\/rx.alain-dens.com\/eo\/wp-json\/wp\/v2\/types\/page"}],"author":[{"embeddable":true,"href":"https:\/\/rx.alain-dens.com\/eo\/wp-json\/wp\/v2\/users\/2"}],"replies":[{"embeddable":true,"href":"https:\/\/rx.alain-dens.com\/eo\/wp-json\/wp\/v2\/comments?post=1764"}],"version-history":[{"count":2,"href":"https:\/\/rx.alain-dens.com\/eo\/wp-json\/wp\/v2\/pages\/1764\/revisions"}],"predecessor-version":[{"id":1965,"href":"https:\/\/rx.alain-dens.com\/eo\/wp-json\/wp\/v2\/pages\/1764\/revisions\/1965"}],"wp:attachment":[{"href":"https:\/\/rx.alain-dens.com\/eo\/wp-json\/wp\/v2\/media?parent=1764"}],"curies":[{"name":"wp","href":"https:\/\/api.w.org\/{rel}","templated":true}]}}