{"id":1758,"date":"2024-11-14T20:36:27","date_gmt":"2024-11-14T20:36:27","guid":{"rendered":"https:\/\/rx.alain-dens.com\/ultrasonhistorio\/"},"modified":"2024-12-12T19:54:45","modified_gmt":"2024-12-12T19:54:45","slug":"ultrasonhistorio","status":"publish","type":"page","link":"https:\/\/rx.alain-dens.com\/eo\/ultrasonhistorio\/","title":{"rendered":"Ultrasonhistorio"},"content":{"rendered":"\n<div class=\"wp-block-columns is-layout-flex wp-container-core-columns-is-layout-9d6595d7 wp-block-columns-is-layout-flex\">\n<div class=\"wp-block-column is-layout-flow wp-block-column-is-layout-flow\" style=\"flex-basis:33.33%\"><div class=\"wp-block-image\">\n<figure class=\"aligncenter size-full is-resized\"><img loading=\"lazy\" decoding=\"async\" width=\"158\" height=\"204\" src=\"https:\/\/rx.alain-dens.com\/wp-content\/uploads\/2024\/11\/geschi14.jpg\" alt=\"\" class=\"wp-image-99\" style=\"width:216px;height:auto\"\/><\/figure>\n<\/div><\/div>\n\n\n\n<div class=\"wp-block-column is-layout-flow wp-block-column-is-layout-flow\" style=\"flex-basis:66.66%\">\n<p>La frua historio de ultrasono povas esti spurita reen al 1822. Svisa fizikisto, Daniel Colladen, kalkulis la rapidecon de sonvoja\u011dado en akvo. Poste en 1877 Lord Rayleigh publikigis verkon titolitan &#8220;la teorio de sono&#8221;. \u0108i tio klarigis la fundamentajn ecojn de sonondoj. La plej grava sukceso en ultrasono estis la eltrovo de la piezoelektraj trajtoj de certaj kristaloj de Pierre Curie en 1880. Tiu \u0109i speciala eco de la kristaloj nun ebligis elsendi sonondojn en tre altaj frekvencoj kaj ricevi ilin reen.<\/p>\n<\/div>\n<\/div>\n\n<div class=\"wp-block-columns is-layout-flex wp-container-core-columns-is-layout-9d6595d7 wp-block-columns-is-layout-flex\">\n<div class=\"wp-block-column is-layout-flow wp-block-column-is-layout-flow\" style=\"flex-basis:66.66%\">\n<p>La unuaj subakvaj teknikoj estis evoluigitaj kiam la Titanic sinkis en 1912. SONAR (=sona navigacio kaj telerogado) estis vaste uzata tekniko en la unua mondmilito, por detekti malamikajn submar\u015dipojn anta\u016d ol ili povis bati.<br\/><br\/>Nur en 1915 la ruso Constantin Chilowsky, kune kun la franca fizikisto Paul Lang\u00e9vin, evoluigis la hidrofonon, kiu formas la bazon de la medicina apliko de ultrasono. Tamen, \u0109i tiuj aparatoj estis plejparte uzitaj en la mara mondo. Krome, ultrasonaj teknikoj jam estis uzataj en la medicina mondo kiel terapia agento.<br\/><\/p>\n<\/div>\n\n\n\n<div class=\"wp-block-column is-layout-flow wp-block-column-is-layout-flow\" style=\"flex-basis:33.33%\"><div class=\"wp-block-image\">\n<figure class=\"aligncenter size-full is-resized\"><img loading=\"lazy\" decoding=\"async\" width=\"135\" height=\"182\" src=\"https:\/\/rx.alain-dens.com\/wp-content\/uploads\/2024\/11\/geschi15.jpg\" alt=\"\" class=\"wp-image-98\" style=\"width:210px;height:auto\"\/><\/figure>\n<\/div><\/div>\n<\/div>\n\n<div class=\"wp-block-columns is-layout-flex wp-container-core-columns-is-layout-9d6595d7 wp-block-columns-is-layout-flex\">\n<div class=\"wp-block-column is-layout-flow wp-block-column-is-layout-flow\" style=\"flex-basis:33.33%\"><div class=\"wp-block-image\">\n<figure class=\"aligncenter size-full is-resized\"><img loading=\"lazy\" decoding=\"async\" width=\"128\" height=\"169\" src=\"https:\/\/rx.alain-dens.com\/wp-content\/uploads\/2024\/11\/geschi16.jpg\" alt=\"\" class=\"wp-image-97\" style=\"width:220px;height:auto\"\/><\/figure>\n<\/div><\/div>\n\n\n\n<div class=\"wp-block-column is-layout-flow wp-block-column-is-layout-flow\" style=\"flex-basis:66.66%\">\n<p>Estis en la fruaj 1940-aj jaroj ke la a\u016dstra Karl Theodore Dussik estis la unua se temas pri havi diagnozan aplikon por ultrasono. Metante transduktilon la\u016d \u0109iu flanko de la kapo, li sukcesis fari ultrasonajn skana\u0135ojn de la cerbo por detekti cerbtumorojn Li ne havis multe da sukceso \u0109ar la osto absorbis multajn el la signaloj, sed li enkondukis ideon kiu poste. trovi lar\u011dan aplikon.<br\/><br\/>John Julian Wild estas konsiderita de multaj kiel la nura eltrovinto de ultrasono sur histoj. En 1949 li publikigis verkon enhavantan rezultojn pri unudirekta a-re\u011dimo (vidu fizikon) ultrasono. Li rimarkis ke estis malsamaj \u015dablonoj de la ultrasono ricevita depende de la histoj penetritaj Lia metodo estis uzita por ekzameni la bruston kaj abdomenon.<br\/><br\/>En majo 1953, John Reid kaj JJWild faris realtempan bildon de 7mm tumoro en mamo.<br\/>Progreso en la kampo de ultrasono da\u016dras, kun la evoluo de Doppler, kolora Doppler, 3D bildoj, kaj en proksima estonteco anka\u016d ultrasono kun kontrasto-administrado.<\/p>\n<\/div>\n<\/div>\n\n<p><\/p>\n","protected":false},"excerpt":{"rendered":"<p>La frua historio de ultrasono povas esti spurita reen al 1822. Svisa fizikisto, Daniel Colladen, kalkulis la rapidecon de sonvoja\u011dado en akvo. Poste en 1877 Lord Rayleigh publikigis verkon titolitan &#8220;la teorio de sono&#8221;. \u0108i tio klarigis la fundamentajn ecojn de sonondoj. La plej grava sukceso en ultrasono estis la eltrovo de la piezoelektraj trajtoj&hellip;&nbsp;<a href=\"https:\/\/rx.alain-dens.com\/eo\/ultrasonhistorio\/\" rel=\"bookmark\"><span class=\"screen-reader-text\">Ultrasonhistorio<\/span><\/a><\/p>\n","protected":false},"author":2,"featured_media":0,"parent":0,"menu_order":0,"comment_status":"closed","ping_status":"closed","template":"","meta":{"neve_meta_sidebar":"","neve_meta_container":"","neve_meta_enable_content_width":"","neve_meta_content_width":0,"neve_meta_title_alignment":"","neve_meta_author_avatar":"","neve_post_elements_order":"","neve_meta_disable_header":"","neve_meta_disable_footer":"","neve_meta_disable_title":"","footnotes":""},"class_list":["post-1758","page","type-page","status-publish","hentry"],"_links":{"self":[{"href":"https:\/\/rx.alain-dens.com\/eo\/wp-json\/wp\/v2\/pages\/1758","targetHints":{"allow":["GET"]}}],"collection":[{"href":"https:\/\/rx.alain-dens.com\/eo\/wp-json\/wp\/v2\/pages"}],"about":[{"href":"https:\/\/rx.alain-dens.com\/eo\/wp-json\/wp\/v2\/types\/page"}],"author":[{"embeddable":true,"href":"https:\/\/rx.alain-dens.com\/eo\/wp-json\/wp\/v2\/users\/2"}],"replies":[{"embeddable":true,"href":"https:\/\/rx.alain-dens.com\/eo\/wp-json\/wp\/v2\/comments?post=1758"}],"version-history":[{"count":1,"href":"https:\/\/rx.alain-dens.com\/eo\/wp-json\/wp\/v2\/pages\/1758\/revisions"}],"predecessor-version":[{"id":1759,"href":"https:\/\/rx.alain-dens.com\/eo\/wp-json\/wp\/v2\/pages\/1758\/revisions\/1759"}],"wp:attachment":[{"href":"https:\/\/rx.alain-dens.com\/eo\/wp-json\/wp\/v2\/media?parent=1758"}],"curies":[{"name":"wp","href":"https:\/\/api.w.org\/{rel}","templated":true}]}}