{"id":1752,"date":"2024-11-14T20:15:41","date_gmt":"2024-11-14T20:15:41","guid":{"rendered":"https:\/\/rx.alain-dens.com\/historio-de-angiografio\/"},"modified":"2024-12-17T16:33:20","modified_gmt":"2024-12-17T16:33:20","slug":"historio-de-angiografio","status":"publish","type":"page","link":"https:\/\/rx.alain-dens.com\/eo\/historio-de-angiografio\/","title":{"rendered":"Historio de angiografio"},"content":{"rendered":"\n<div class=\"wp-block-columns is-layout-flex wp-container-core-columns-is-layout-9d6595d7 wp-block-columns-is-layout-flex\">\n<div class=\"wp-block-column is-layout-flow wp-block-column-is-layout-flow\" style=\"flex-basis:33.33%\">\n<figure class=\"wp-block-image size-full is-resized\"><img loading=\"lazy\" decoding=\"async\" width=\"150\" height=\"200\" src=\"https:\/\/rx.alain-dens.com\/wp-content\/uploads\/2024\/12\/bernard.gif\" alt=\"\" class=\"wp-image-763\" style=\"width:201px;height:auto\"\/><figcaption class=\"wp-element-caption\">Claude Bernard<\/figcaption><\/figure>\n<\/div>\n\n\n\n<div class=\"wp-block-column is-layout-flow wp-block-column-is-layout-flow\" style=\"flex-basis:66.66%\">\n<p>Por doni ideon pri la evoluo de angiografio, ni devas sekvi du paralelajn evoluojn. La evoluo de X-radiaj teknikoj necesaj por bildigi la sangajn glasojn, same kiel la disvolvi\u011don de kateteroj kaj rilataj teknikoj. <br\/><br\/>La unuaj formoj de kateterizado troveblas jam 3000 a.K., kie la egiptoj faris vezikkateterizadojn per metalaj tuboj. Jam 4000 a.K., kavaj pajloj estis uzitaj por studi la korojn de kadavroj. <br\/><br\/>En 1711, Hales enigis kateteron el vitro en la trakeon de ansero kaj en la koron de \u0109evalo.<br\/><br\/>En 1844, Claude Bernard sukcesis enmeti hidrargan sondilon en la karotidan arterion de \u0109evalo kaj avanci \u011din en la maldekstran atrion por mezuri la premon en la sango. Dum la venontaj kvardek jaroj li plue evoluigis kaj plibonigis tiun teknikon, kaj tiam aplikis \u011din al aliaj bestoj. Lia pionira laboro kondukis al la nunaj formoj de kateterizado.  <\/p>\n<\/div>\n<\/div>\n\n<div class=\"wp-block-columns is-layout-flex wp-container-core-columns-is-layout-9d6595d7 wp-block-columns-is-layout-flex\">\n<div class=\"wp-block-column is-layout-flow wp-block-column-is-layout-flow\" style=\"flex-basis:66.66%\">\n<p>En 1896, la unua bildo de sangaj glasoj estis farita per radioj kaj kontrastomedioj. En tiu tempo oni uzis kalkon, kiu estis injektita en la sangajn glasojn de amputita mano de kadavro. Tion faris Hascheck kaj Lindenthal.  <br\/><br\/>La unuaj kateterizadoj faritaj sur homoj estis \u0109efe tiuj de Fritz Bleichroeder, E. Unger kaj W. Loeb en 1912. Ili estis la unuaj enmeti kateterojn en homoj, sed sen uzi Rentgenradiojn. <br\/><br\/>La kemioterapio kiu aperis dum tiu periodo anka\u016d postulis la uzon de kateteroj. \u0108i tio estas administri la medikamenton rekte en la sangon. Fritz Bleichroeder enmetis kateterojn en la arteriojn de hundoj kaj lasis ilin surloke dum kelkaj horoj, li trovis ke tio ne ka\u016dzis iujn ajn komplika\u0135ojn, krom la formado de koagula\u0135oj.  <br\/><br\/>La 26-an de junio 1926, Egaz Moniz, je sia na\u016da provo, akiris sukcesan angiogramon de la kapo \u0109e vivanta paciento. Tio estas tial la unua dokumentita angiografia studo en vivantaj homoj. Por tiu celo, jodo estis injektita en la karotidan glandon de la paciento.  <br\/><\/p>\n<\/div>\n\n\n\n<div class=\"wp-block-column is-layout-flow wp-block-column-is-layout-flow\" style=\"flex-basis:33.33%\"><div class=\"wp-block-image\">\n<figure class=\"aligncenter size-full is-resized\"><img loading=\"lazy\" decoding=\"async\" width=\"151\" height=\"269\" src=\"https:\/\/rx.alain-dens.com\/wp-content\/uploads\/2024\/12\/Egaz.jpg\" alt=\"\" class=\"wp-image-765\" style=\"width:154px;height:auto\"\/><figcaption class=\"wp-element-caption\">Egaz Moniz<\/figcaption><\/figure>\n<\/div><\/div>\n<\/div>\n\n<div class=\"wp-block-columns is-layout-flex wp-container-core-columns-is-layout-9d6595d7 wp-block-columns-is-layout-flex\">\n<div class=\"wp-block-column is-layout-flow wp-block-column-is-layout-flow\" style=\"flex-basis:33.33%\">\n<pre class=\"wp-block-preformatted\"><img loading=\"lazy\" decoding=\"async\" width=\"170\" height=\"195\" class=\"wp-image-764\" style=\"width: 170px;\" src=\"https:\/\/rx.alain-dens.com\/wp-content\/uploads\/2024\/12\/forssmann01.jpg\" alt=\"\"\/><img loading=\"lazy\" decoding=\"async\" width=\"150\" height=\"216\" class=\"wp-image-766\" style=\"width: 150px;\" src=\"https:\/\/rx.alain-dens.com\/wp-content\/uploads\/2024\/12\/Ziedses_des_Plantes.jpg\" alt=\"\"\/><br\/>Werner Forssmann Ziedses Des Plantes<\/pre>\n<\/div>\n\n\n\n<div class=\"wp-block-column is-layout-flow wp-block-column-is-layout-flow\" style=\"flex-basis:66.66%\">\n<p>En 1929, la germana Werner Forssmann eksperimentis per urologiaj kateteroj sur homaj kadavroj. Li malkovris, ke progresi katetero de la brako al la dekstra ventriklo tra la vejnoj estis tre facila. Li tiam iris \u011dis nun por enmeti tian kateteron en sian propran brakon kaj, sub fluoroskopa gvido, per spegulo por kontroli sin, \u011di estis anta\u016denigita al lia korkamero. Tio igis lin la unua persono se temas pri havi korkateterigon. Li ricevis la nobelpremion en 1956 pro evoluigado de tiu tekniko kaj pluevoluigo de \u011di.    <br\/><br\/>En 1934, juna studento, Ziedses Des Plantes, elpensis du novajn teknikojn en sia diserta\u0135o kiuj tre influus radiologion: tomografio kaj <a href=\"https:\/\/rx.alain-dens.com\/eo\/fizika-angiografio\/\" data-type=\"page\" data-id=\"52\">subtraho<\/a> . Por \u0109i-lasta, li metis negativan bildon sen aldono de kontrasto sur pozitivan bildon kun aldono de kontrasto, rezultigante subtrahibildon sur kiu nur la kontrasto povus esti vidita. Tiu \u0109i tekniko estis uzata dum aliaj kvindek jaroj anta\u016d ol la komputilo prenis la taskon de subtraho.  <\/p>\n<\/div>\n<\/div>\n\n<div class=\"wp-block-columns is-layout-flex wp-container-core-columns-is-layout-9d6595d7 wp-block-columns-is-layout-flex\">\n<div class=\"wp-block-column is-layout-flow wp-block-column-is-layout-flow\" style=\"flex-basis:66.66%\">\n<p>En 1953, Mr. Sven Ivar Seldinger tekniko por teni kaj la maldekstran kaj dekstran koron glate funkcii. Tiu tekniko estis vaste adoptita kaj aplikita fare de aliaj enketistoj kaj nun estas la norma metodo por trapiki sangajn vaskulojn por kateterizado.  <br\/><br\/>Inter 1940 kaj 1950, diversaj teknikoj estis evoluigitaj por ekzameni sangajn vaskulojn, inkluzive de la injekto de kontrastomedio.<br\/><br\/> En 1964, D-ro malkovris Charles T. Dotter evoluigis la koncepton de riparado de sangaj vaskuloj laborante ene de la sanga vaskulo mem, a\u016d transluma angioplastio. Kaj en 1977 la unua balondilati\u011do estis farita fare de Dr. Andreas Gruentzig, Myler kaj Hanna en San-Fransico, unuafoje en katalaboratorio kaj nur sub fluoroskopa gvidado. \u0108i tio estas grava \u0109ar anta\u016de balonaj dilata\u0135oj estis faritaj sub anestezo en operaciejo.   <br\/><br\/>En 1967, Kurt Amplatz, G. Formanek, P. Stranger kaj W. Wilson evoluigis kateterojn kun specialaj anta\u016dformitaj kurboj por uzo en kateterizado dum trapikado de la femura arterio.<br\/><\/p>\n<\/div>\n\n\n\n<div class=\"wp-block-column is-layout-flow wp-block-column-is-layout-flow\" style=\"flex-basis:33.33%\">\n<pre class=\"wp-block-preformatted\"><img loading=\"lazy\" decoding=\"async\" width=\"162\" height=\"215\" class=\"wp-image-768\" style=\"width: 162px;\" src=\"https:\/\/rx.alain-dens.com\/wp-content\/uploads\/2024\/12\/seldinger.jpg\" alt=\"\" srcset=\"https:\/\/rx.alain-dens.com\/wp-content\/uploads\/2024\/12\/seldinger.jpg 336w, https:\/\/rx.alain-dens.com\/wp-content\/uploads\/2024\/12\/seldinger-226x300.jpg 226w\" sizes=\"auto, (max-width: 162px) 100vw, 162px\" \/> <img loading=\"lazy\" decoding=\"async\" width=\"150\" height=\"215\" class=\"wp-image-767\" style=\"width: 150px;\" src=\"https:\/\/rx.alain-dens.com\/wp-content\/uploads\/2024\/12\/dotter.jpg\" alt=\"\" srcset=\"https:\/\/rx.alain-dens.com\/wp-content\/uploads\/2024\/12\/dotter.jpg 236w, https:\/\/rx.alain-dens.com\/wp-content\/uploads\/2024\/12\/dotter-209x300.jpg 209w\" sizes=\"auto, (max-width: 150px) 100vw, 150px\" \/><br\/>Sven Seldinger Charles Dotter<\/pre>\n<\/div>\n<\/div>\n\n<div class=\"wp-block-columns is-layout-flex wp-container-core-columns-is-layout-9d6595d7 wp-block-columns-is-layout-flex\">\n<div class=\"wp-block-column is-layout-flow wp-block-column-is-layout-flow\" style=\"flex-basis:33.33%\">\n<pre class=\"wp-block-preformatted\"><img loading=\"lazy\" decoding=\"async\" width=\"153\" height=\"206\" class=\"wp-image-769\" style=\"width: 153px;\" src=\"https:\/\/rx.alain-dens.com\/wp-content\/uploads\/2024\/12\/gruenzig.jpg\" alt=\"\" srcset=\"https:\/\/rx.alain-dens.com\/wp-content\/uploads\/2024\/12\/gruenzig.jpg 404w, https:\/\/rx.alain-dens.com\/wp-content\/uploads\/2024\/12\/gruenzig-223x300.jpg 223w\" sizes=\"auto, (max-width: 153px) 100vw, 153px\" \/> <img loading=\"lazy\" decoding=\"async\" width=\"150\" height=\"207\" class=\"wp-image-770\" style=\"width: 150px;\" src=\"https:\/\/rx.alain-dens.com\/wp-content\/uploads\/2024\/12\/amplatz.jpg\" alt=\"\" srcset=\"https:\/\/rx.alain-dens.com\/wp-content\/uploads\/2024\/12\/amplatz.jpg 291w, https:\/\/rx.alain-dens.com\/wp-content\/uploads\/2024\/12\/amplatz-217x300.jpg 217w\" sizes=\"auto, (max-width: 150px) 100vw, 150px\" \/><br\/>Andreas Gruenzig Kurt Amplatz<\/pre>\n<\/div>\n\n\n\n<div class=\"wp-block-column is-layout-flow wp-block-column-is-layout-flow\" style=\"flex-basis:66.66%\">\n<p>En la sekvaj jaroj, pluraj inventoj estis faritaj kiuj determinus la estontecon de angiografio. Inventante gviddratojn kaj &#8220;direkteblajn&#8221; kateterojn kaj kelkajn sistemojn kiuj plue evoluigas angioplastion. Nun eblas solvi grandan parton de la problemoj de sangaj vaskuloj prenante alirvojon la\u016d la sangaj vaskuloj mem. \u0108i tio inkluzivas emboladon (\u0109esigante sangadon a\u016d sangan fluon), dilati\u011don (lar\u011digante \u015dtopitajn vazojn), stenting (aplikante subtenajn sistemojn por la sanga vaskula muro por malhelpi \u011din kolapsi), al la forigo de plakoj kaj ku\u015dejoj sur la vaskulaj muroj ktp.   <br\/><br\/>La uzo de lasero ne estis la sukceso atendita, sed aliaj sistemoj estis akceptitaj kaj uzataj tutmonde. Kiel rotaciaj aterektomiaj sistemoj (rotablator) kaj intravaskula ultrasono. <br\/><br\/>2002 markis la 25-an datrevenon de angioplastio en &#8220;vekaj&#8221; pacientoj. t.e. sen anestezo. <br\/><br\/>Nun kiam MRI kaj CT-skanado \u0109iam pli anstata\u016digas klasikan angiografion por diagnozaj celoj, angiografio estas pli ta\u016dga por rekta traktado. Angioplastio ankora\u016d plii\u011das. Studoj estas nuntempe survoje por apliki angiografion sub MRI-gvidado. Kvankam \u0109i tiu teknologio estas ankora\u016d en sia infana\u011do, jam \u015dajnas, ke \u011di estos pli uzata estonte. \u0108iukaze \u011di malfermas pli da eblecoj, kiuj estas pli sekuraj kaj por la paciento kaj por la esploristo, se nur \u0109ar X-radioj ne plu estas bezonataj.    <\/p>\n\n\n\n<p><\/p>\n<\/div>\n<\/div>\n\n<p><\/p>\n","protected":false},"excerpt":{"rendered":"<p>Por doni ideon pri la evoluo de angiografio, ni devas sekvi du paralelajn evoluojn. La evoluo de X-radiaj teknikoj necesaj por bildigi la sangajn glasojn, same kiel la disvolvi\u011don de kateteroj kaj rilataj teknikoj. La unuaj formoj de kateterizado troveblas jam 3000 a.K., kie la egiptoj faris vezikkateterizadojn per metalaj tuboj. Jam 4000 a.K., kavaj&hellip;&nbsp;<a href=\"https:\/\/rx.alain-dens.com\/eo\/historio-de-angiografio\/\" rel=\"bookmark\"><span class=\"screen-reader-text\">Historio de angiografio<\/span><\/a><\/p>\n","protected":false},"author":2,"featured_media":0,"parent":0,"menu_order":0,"comment_status":"closed","ping_status":"closed","template":"","meta":{"neve_meta_sidebar":"","neve_meta_container":"","neve_meta_enable_content_width":"","neve_meta_content_width":0,"neve_meta_title_alignment":"","neve_meta_author_avatar":"","neve_post_elements_order":"","neve_meta_disable_header":"","neve_meta_disable_footer":"","neve_meta_disable_title":"","footnotes":""},"class_list":["post-1752","page","type-page","status-publish","hentry"],"_links":{"self":[{"href":"https:\/\/rx.alain-dens.com\/eo\/wp-json\/wp\/v2\/pages\/1752","targetHints":{"allow":["GET"]}}],"collection":[{"href":"https:\/\/rx.alain-dens.com\/eo\/wp-json\/wp\/v2\/pages"}],"about":[{"href":"https:\/\/rx.alain-dens.com\/eo\/wp-json\/wp\/v2\/types\/page"}],"author":[{"embeddable":true,"href":"https:\/\/rx.alain-dens.com\/eo\/wp-json\/wp\/v2\/users\/2"}],"replies":[{"embeddable":true,"href":"https:\/\/rx.alain-dens.com\/eo\/wp-json\/wp\/v2\/comments?post=1752"}],"version-history":[{"count":2,"href":"https:\/\/rx.alain-dens.com\/eo\/wp-json\/wp\/v2\/pages\/1752\/revisions"}],"predecessor-version":[{"id":1948,"href":"https:\/\/rx.alain-dens.com\/eo\/wp-json\/wp\/v2\/pages\/1752\/revisions\/1948"}],"wp:attachment":[{"href":"https:\/\/rx.alain-dens.com\/eo\/wp-json\/wp\/v2\/media?parent=1752"}],"curies":[{"name":"wp","href":"https:\/\/api.w.org\/{rel}","templated":true}]}}