{"id":1728,"date":"2024-11-15T20:53:45","date_gmt":"2024-11-15T20:53:45","guid":{"rendered":"https:\/\/rx.alain-dens.com\/fizika-radiologio\/"},"modified":"2024-12-12T17:23:47","modified_gmt":"2024-12-12T17:23:47","slug":"fizika-radiologio","status":"publish","type":"page","link":"https:\/\/rx.alain-dens.com\/eo\/fizika-radiologio\/","title":{"rendered":"Fizika Radiologio"},"content":{"rendered":"\n<p class=\"has-medium-font-size\"><strong><em>Kio estas X-radioj?<\/em><\/strong><\/p>\n\n<p>Rentgenradioj estas elektromagnetaj ondoj kun tre mallonga ondolongo, kiuj disvasti\u011das en \u0109iuj direktoj. La movo okazas kun la lumrapido (t.e. 300.000 km\/sek.). Ili havas la econ, ke ili povas trapasi materion kaj tiel transdoni sian energion al tiu materio. Sekve de tiu \u0109i energitransigo al materio, okazas jonigo de la materio. Tial X-radioj anka\u016d estas nomitaj joniga radiado.<\/p>\n\n<p class=\"has-medium-font-size\"><strong><em>Radia spektro<\/em><\/strong><\/p>\n<div class=\"wp-block-image\">\n<figure class=\"aligncenter is-resized\"><img decoding=\"async\" src=\"https:\/\/www.alain-dens.com\/radiation spectrum.gif\" alt=\"radia spektro\" style=\"width:572px;height:auto\"\/><\/figure>\n<\/div>\n<p class=\"has-medium-font-size\"><strong><em>Kiel estas generitaj X-radioj?<\/em><\/strong><\/p>\n\n<p>Ni uzas X-radian tubon por generi X-radiojn. Tio konsistas el katodo kie elektronoj estas generitaj. Tiuj elektronoj estas akcelitaj per alta tensio kaj &#8220;kolizios&#8221; sur anodo, kiu povas a\u016d eble ne rotacias. La kineta energio estos plene a\u016d parte konvertita en radian energion. Tamen, rimarku, ke nur 1% de efikaj Rentgenradioj estas generitaj, la restanta energio estas \u0109efe varmo.<\/p>\n\n<p>De la loko sur la anodo kie la elektronoj kolizias (= fokuso), la radiado estas disvastigita en \u0109iuj direktoj. Tial la rentgentubo estas provizita per plumba envolva\u0135o kun fenestro en nur unu loko. \u0108i tio disponigas certan direkton de radiado kiun ni povas direkti al la objekto por esti ekzamenita. La avanta\u011do de la rotacia anodo estas, ke la varmo estas pli bone distribuita, kio plilongigas la vivon de la rentgena tubo.<\/p>\n\n<div class=\"wp-block-columns is-layout-flex wp-container-core-columns-is-layout-9d6595d7 wp-block-columns-is-layout-flex\">\n<div class=\"wp-block-column is-layout-flow wp-block-column-is-layout-flow\">\n<p class=\"has-medium-font-size\"><strong><em>Skemo de rentgena tubo<\/em><\/strong><\/p>\n\n\n\n<ol class=\"wp-block-list\">\n<li><em>Plumba vitra envolva\u0135o<\/em><\/li>\n\n\n\n<li><em>Turnu<\/em> <em>la anodon<\/em><\/li>\n\n\n\n<li><em>Katodo<\/em><\/li>\n\n\n\n<li><strong><em> <\/em><\/strong><em>La\u016d formo de anodo direktita radiado<\/em><\/li>\n\n\n\n<li><em>la elektronoj iras de la katodo (3) al la anodo (2)<\/em><\/li>\n<\/ol>\n<\/div>\n\n\n\n<div class=\"wp-block-column is-layout-flow wp-block-column-is-layout-flow\">\n<figure class=\"wp-block-image size-full is-resized\"><img loading=\"lazy\" decoding=\"async\" width=\"512\" height=\"384\" src=\"https:\/\/rx.alain-dens.com\/wp-content\/uploads\/2024\/11\/rxbuis_schema.gif\" alt=\"\" class=\"wp-image-157\" style=\"width:579px;height:auto\"\/><\/figure>\n<\/div>\n<\/div>\n","protected":false},"excerpt":{"rendered":"<p>Kio estas X-radioj? Rentgenradioj estas elektromagnetaj ondoj kun tre mallonga ondolongo, kiuj disvasti\u011das en \u0109iuj direktoj. La movo okazas kun la lumrapido (t.e. 300.000 km\/sek.). Ili havas la econ, ke ili povas trapasi materion kaj tiel transdoni sian energion al tiu materio. Sekve de tiu \u0109i energitransigo al materio, okazas jonigo de la materio. Tial&hellip;&nbsp;<a href=\"https:\/\/rx.alain-dens.com\/eo\/fizika-radiologio\/\" rel=\"bookmark\"><span class=\"screen-reader-text\">Fizika Radiologio<\/span><\/a><\/p>\n","protected":false},"author":2,"featured_media":0,"parent":0,"menu_order":0,"comment_status":"closed","ping_status":"closed","template":"","meta":{"neve_meta_sidebar":"","neve_meta_container":"","neve_meta_enable_content_width":"","neve_meta_content_width":0,"neve_meta_title_alignment":"","neve_meta_author_avatar":"","neve_post_elements_order":"","neve_meta_disable_header":"","neve_meta_disable_footer":"","neve_meta_disable_title":"","footnotes":""},"class_list":["post-1728","page","type-page","status-publish","hentry"],"_links":{"self":[{"href":"https:\/\/rx.alain-dens.com\/eo\/wp-json\/wp\/v2\/pages\/1728","targetHints":{"allow":["GET"]}}],"collection":[{"href":"https:\/\/rx.alain-dens.com\/eo\/wp-json\/wp\/v2\/pages"}],"about":[{"href":"https:\/\/rx.alain-dens.com\/eo\/wp-json\/wp\/v2\/types\/page"}],"author":[{"embeddable":true,"href":"https:\/\/rx.alain-dens.com\/eo\/wp-json\/wp\/v2\/users\/2"}],"replies":[{"embeddable":true,"href":"https:\/\/rx.alain-dens.com\/eo\/wp-json\/wp\/v2\/comments?post=1728"}],"version-history":[{"count":1,"href":"https:\/\/rx.alain-dens.com\/eo\/wp-json\/wp\/v2\/pages\/1728\/revisions"}],"predecessor-version":[{"id":1729,"href":"https:\/\/rx.alain-dens.com\/eo\/wp-json\/wp\/v2\/pages\/1728\/revisions\/1729"}],"wp:attachment":[{"href":"https:\/\/rx.alain-dens.com\/eo\/wp-json\/wp\/v2\/media?parent=1728"}],"curies":[{"name":"wp","href":"https:\/\/api.w.org\/{rel}","templated":true}]}}