{"id":1722,"date":"2024-11-17T14:16:53","date_gmt":"2024-11-17T14:16:53","guid":{"rendered":"https:\/\/rx.alain-dens.com\/fiziko-mr\/"},"modified":"2024-12-12T17:16:52","modified_gmt":"2024-12-12T17:16:52","slug":"fiziko-mr","status":"publish","type":"page","link":"https:\/\/rx.alain-dens.com\/eo\/fiziko-mr\/","title":{"rendered":"Fiziko MR"},"content":{"rendered":"\n<div class=\"wp-block-columns is-layout-flex wp-container-core-columns-is-layout-9d6595d7 wp-block-columns-is-layout-flex\">\n<div class=\"wp-block-column is-layout-flow wp-block-column-is-layout-flow\" style=\"flex-basis:66.66%\">\n<p class=\"has-neve-link-color-color has-text-color has-link-color has-medium-font-size wp-elements-a1ca61468f1f14dc97c15b219013d038\"><strong>Principo<\/strong><\/p>\n\n\n\n<p><strong>M<\/strong>agneta <strong>R<\/strong>esonanca <strong>B<\/strong>ildigo estas atingita metante la korpoparton por esti ekzamenita en magnetan kampon kiu estas \u015daltita kaj mal\u015daltita, kreante &#8220;resonancon&#8221; kiu dependas de la naturo de la afero enga\u011dita.<br\/>La homa korpo konsistas el malsamaj atomoj, inkluzive de hidrogenaj protonoj (H+). \u0108iu el tiuj protonoj funkcias kiel speco de magneto kun pozitiva kaj negativa poluso.<br\/><br\/>Metante la korpon en la MRI-magneton, \u0109iu el la protonoj, kiuj estas indikitaj en \u0109iuj direktoj en la ripozfazo, turni\u011dos en la sama direkto kiel la magneto. Tiamaniere oni atingas ekvilibran staton. Sendante radioondon tra la magneta kampo, la protonoj estas momente malekvilibraj, tio da\u016dras \u011dis la radiondo denove malaperas, tiam ili revenas al sia ripoza stato. Dum \u0109i tiu reveno, la protonoj generas radiosignalon kiu povas esti ricevita per antenoj <strong>proksimaj al la paciento<\/strong> . Prilaborante \u0109i tiun signalon, kiu estas generita multfoje sinsekve, la komputilo povas formi bildon en la aksa direkto, kiel ekzemple kun CT, sed anka\u016d en iu alia dezirata ebeno. La ofteco de tiuj signaloj dependas de histo. Tiel oni povas fari bonan diferencigon inter la malsamaj strukturoj de la korpo.<\/p>\n<\/div>\n\n\n\n<div class=\"wp-block-column is-layout-flow wp-block-column-is-layout-flow\" style=\"flex-basis:33.33%\"><div class=\"wp-block-image\">\n<figure class=\"alignright size-large\"><img loading=\"lazy\" decoding=\"async\" width=\"1024\" height=\"768\" src=\"https:\/\/rx.alain-dens.com\/wp-content\/uploads\/2024\/11\/1280px-Modern_3T_MRI-1024x768.jpg\" alt=\"\" class=\"wp-image-244\" srcset=\"https:\/\/rx.alain-dens.com\/wp-content\/uploads\/2024\/11\/1280px-Modern_3T_MRI-1024x768.jpg 1024w, https:\/\/rx.alain-dens.com\/wp-content\/uploads\/2024\/11\/1280px-Modern_3T_MRI-300x225.jpg 300w, https:\/\/rx.alain-dens.com\/wp-content\/uploads\/2024\/11\/1280px-Modern_3T_MRI-768x576.jpg 768w, https:\/\/rx.alain-dens.com\/wp-content\/uploads\/2024\/11\/1280px-Modern_3T_MRI.jpg 1280w\" sizes=\"auto, (max-width: 1024px) 100vw, 1024px\" \/><\/figure>\n<\/div><\/div>\n<\/div>\n\n<p class=\"has-neve-link-color-color has-text-color has-link-color has-medium-font-size wp-elements-436e7bc219f838be6b1b1852eeb8b4ff\"><strong>Avanta\u011doj:<\/strong><br\/><\/p>\n\n<figure class=\"wp-block-table aligncenter is-style-stripes\"><table style=\"border-width:1px\"><tbody><tr><td><img decoding=\"async\" alt=\"\" src=\"https:\/\/www.alain-dens.com\/angio.25.gif\"\/><\/td><td>La kapablo krei bildojn en malsamaj aviadiloj<\/td><\/tr><tr><td><img decoding=\"async\" alt=\"\" src=\"https:\/\/www.alain-dens.com\/angio.25.gif\"\/><\/td><td>Oni ne uzas ionizan radiadon<\/td><\/tr><tr><td><img decoding=\"async\" alt=\"\" src=\"https:\/\/www.alain-dens.com\/angio.25.gif\"\/><\/td><td>\u011cis nun, ne estis raportoj pri alergiaj reagoj al la uzataj kontrastmedioj<\/td><\/tr><\/tbody><\/table><\/figure>\n\n<p class=\"has-neve-link-color-color has-text-color has-link-color has-medium-font-size wp-elements-14932353a7bd92e4dc0334becd446a34\"><strong>Malavanta\u011doj:<\/strong><br\/><\/p>\n\n<figure class=\"wp-block-table aligncenter is-style-stripes\"><table style=\"border-width:1px\"><tbody><tr><td><img decoding=\"async\" alt=\"\" src=\"https:\/\/www.alain-dens.com\/angio.25.gif\"\/><\/td><td>Mallar\u011da tubo facile ka\u016dzas problemojn kun kla\u016dstrofobio<\/td><\/tr><tr><td><img decoding=\"async\" alt=\"\" src=\"https:\/\/www.alain-dens.com\/angio.25.gif\"\/><\/td><td>Pli longaj ekzamentempoj<\/td><\/tr><tr><td><img decoding=\"async\" alt=\"\" src=\"https:\/\/www.alain-dens.com\/angio.25.gif\"\/><\/td><td>Pro la longaj registradtempoj, \u011di estas malpli funkcia por esplorado de movi\u011dantaj organoj, kiel la koro a\u016d la intestoj.<\/td><\/tr><tr><td><img decoding=\"async\" alt=\"\" src=\"https:\/\/www.alain-dens.com\/angio.25.gif\"\/><\/td><td>Malpermesita en \u0109eesto de korstimulilo a\u016d metalaj klipoj a\u016d protezoj<\/td><\/tr><\/tbody><\/table><\/figure>\n\n<p><\/p>\n","protected":false},"excerpt":{"rendered":"<p>Principo Magneta Resonanca Bildigo estas atingita metante la korpoparton por esti ekzamenita en magnetan kampon kiu estas \u015daltita kaj mal\u015daltita, kreante &#8220;resonancon&#8221; kiu dependas de la naturo de la afero enga\u011dita.La homa korpo konsistas el malsamaj atomoj, inkluzive de hidrogenaj protonoj (H+). \u0108iu el tiuj protonoj funkcias kiel speco de magneto kun pozitiva kaj negativa&hellip;&nbsp;<a href=\"https:\/\/rx.alain-dens.com\/eo\/fiziko-mr\/\" rel=\"bookmark\"><span class=\"screen-reader-text\">Fiziko MR<\/span><\/a><\/p>\n","protected":false},"author":2,"featured_media":0,"parent":0,"menu_order":0,"comment_status":"closed","ping_status":"closed","template":"","meta":{"neve_meta_sidebar":"","neve_meta_container":"","neve_meta_enable_content_width":"","neve_meta_content_width":0,"neve_meta_title_alignment":"","neve_meta_author_avatar":"","neve_post_elements_order":"","neve_meta_disable_header":"","neve_meta_disable_footer":"","neve_meta_disable_title":"","footnotes":""},"class_list":["post-1722","page","type-page","status-publish","hentry"],"_links":{"self":[{"href":"https:\/\/rx.alain-dens.com\/eo\/wp-json\/wp\/v2\/pages\/1722","targetHints":{"allow":["GET"]}}],"collection":[{"href":"https:\/\/rx.alain-dens.com\/eo\/wp-json\/wp\/v2\/pages"}],"about":[{"href":"https:\/\/rx.alain-dens.com\/eo\/wp-json\/wp\/v2\/types\/page"}],"author":[{"embeddable":true,"href":"https:\/\/rx.alain-dens.com\/eo\/wp-json\/wp\/v2\/users\/2"}],"replies":[{"embeddable":true,"href":"https:\/\/rx.alain-dens.com\/eo\/wp-json\/wp\/v2\/comments?post=1722"}],"version-history":[{"count":1,"href":"https:\/\/rx.alain-dens.com\/eo\/wp-json\/wp\/v2\/pages\/1722\/revisions"}],"predecessor-version":[{"id":1723,"href":"https:\/\/rx.alain-dens.com\/eo\/wp-json\/wp\/v2\/pages\/1722\/revisions\/1723"}],"wp:attachment":[{"href":"https:\/\/rx.alain-dens.com\/eo\/wp-json\/wp\/v2\/media?parent=1722"}],"curies":[{"name":"wp","href":"https:\/\/api.w.org\/{rel}","templated":true}]}}