{"id":1716,"date":"2024-11-17T12:25:17","date_gmt":"2024-11-17T12:25:17","guid":{"rendered":"https:\/\/rx.alain-dens.com\/fizika-ultrasono\/"},"modified":"2024-12-12T17:11:28","modified_gmt":"2024-12-12T17:11:28","slug":"fizika-ultrasono","status":"publish","type":"page","link":"https:\/\/rx.alain-dens.com\/eo\/fizika-ultrasono\/","title":{"rendered":"Fizika ultrasono"},"content":{"rendered":"\n<p class=\"has-nv-text-dark-bg-color has-neve-link-color-background-color has-text-color has-background has-link-color wp-elements-344ce6a2423d846aa0a8c846257aed1a\" style=\"font-size:30px\"><strong>Kio estas ultrasono?<\/strong><\/p>\n\n<div class=\"wp-block-columns is-layout-flex wp-container-core-columns-is-layout-9d6595d7 wp-block-columns-is-layout-flex\">\n<div class=\"wp-block-column is-layout-flow wp-block-column-is-layout-flow\" style=\"flex-basis:66.66%\">\n<p>Ultrasono estas ekzamena tekniko, kiu funkcias la\u016d la principo de sonondoj, kiuj estas reflektitaj en formo de e\u0125o, kiu tiam estas registrita.<br\/><br\/>Ultrasono estas uzata, do sonfrekvenco super homa a\u016ddo. Ni tiam parolas pri frekvencoj super 20 000 Hz. La frekvencoj uzataj en diagnoza ultrasono estas inter 1,000,000 kaj 20,000,000 Hz.<br\/><\/p>\n\n\n\n<figure class=\"wp-block-table aligncenter is-style-stripes\"><table><tbody><tr><td>Infrasono<\/td><td><\/td><td><\/td><td>&lt; 20 Hz<\/td><\/tr><tr><td>A\u016ddebla sono<\/td><td><\/td><td><\/td><td>20 &#8211; 20 000 Hz<\/td><\/tr><tr><td>Ultrasono<\/td><td><\/td><td><\/td><td>&gt; 20 000 Hz<\/td><\/tr><tr><td>Diagnoza ultrasono<\/td><td><\/td><td><\/td><td>1 000 000 &#8211; 20 000 000 Hz<\/td><\/tr><\/tbody><\/table><\/figure>\n<\/div>\n\n\n\n<div class=\"wp-block-column is-layout-flow wp-block-column-is-layout-flow\" style=\"flex-basis:33.33%\">\n<figure class=\"wp-block-image size-large\"><img loading=\"lazy\" decoding=\"async\" width=\"1024\" height=\"768\" src=\"https:\/\/rx.alain-dens.com\/wp-content\/uploads\/2024\/11\/echografie-1024x768.jpg\" alt=\"\" class=\"wp-image-236\" srcset=\"https:\/\/rx.alain-dens.com\/wp-content\/uploads\/2024\/11\/echografie-1024x768.jpg 1024w, https:\/\/rx.alain-dens.com\/wp-content\/uploads\/2024\/11\/echografie-300x225.jpg 300w, https:\/\/rx.alain-dens.com\/wp-content\/uploads\/2024\/11\/echografie-768x576.jpg 768w, https:\/\/rx.alain-dens.com\/wp-content\/uploads\/2024\/11\/echografie.jpg 1440w\" sizes=\"auto, (max-width: 1024px) 100vw, 1024px\" \/><\/figure>\n<\/div>\n<\/div>\n\n<p>Por havi ideon pri kiel la bildo estas formita, anka\u016d gravas la rapideco kun kiu la ondoj movi\u011das tra la materio.<\/p>\n\n<div class=\"wp-block-columns is-layout-flex wp-container-core-columns-is-layout-9d6595d7 wp-block-columns-is-layout-flex\">\n<div class=\"wp-block-column is-layout-flow wp-block-column-is-layout-flow\" style=\"flex-basis:33.33%\">\n<figure class=\"wp-block-image size-full is-resized\"><img loading=\"lazy\" decoding=\"async\" width=\"260\" height=\"210\" src=\"https:\/\/rx.alain-dens.com\/wp-content\/uploads\/2024\/11\/260px-Echografie2.jpg\" alt=\"\" class=\"wp-image-239\" style=\"width:387px;height:auto\"\/><\/figure>\n<\/div>\n\n\n\n<div class=\"wp-block-column is-layout-flow wp-block-column-is-layout-flow\" style=\"flex-basis:66.66%\">\n<figure class=\"wp-block-table aligncenter is-style-stripes\"><table><tbody><tr><td>Aero<\/td><td>330 m\/sec<\/td><\/tr><tr><td>Akvo<\/td><td>1540 m\/sec<\/td><\/tr><tr><td>Graso<\/td><td>1450 m\/sec<\/td><\/tr><tr><td>Histo<\/td><td>1540 m\/sec<\/td><\/tr><tr><td>Sango<\/td><td>1570 m\/sec<\/td><\/tr><tr><td>Muskolo<\/td><td>1585 m\/sec<\/td><\/tr><\/tbody><\/table><\/figure>\n<\/div>\n<\/div>\n\n<p><\/p>\n\n<p class=\"has-nv-text-dark-bg-color has-neve-link-color-background-color has-text-color has-background has-link-color wp-elements-a5ed8179626ca5df42b0756c35653d6b\" style=\"font-size:27px\"><strong>Tipoj de ultrasona bildigo<\/strong><\/p>\n\n<p class=\"has-neve-text-color-color has-text-color has-link-color wp-elements-f0cc45de09428567bdafa2d1e19e524a\"><strong>A-re\u011dimo (amplitudo)<\/strong><br\/><br\/>La e\u0125oj estas kaptitaj de la aparato kaj montrataj sur la ekrano kiel pintoj. La distanco inter 2 pintoj estas la distanco inter 2 malsamaj strukturoj, kaj la alteco de la pinto estas egala al la intenseco de la reflektita ondo.<br\/><strong><br\/>B-re\u011dimo (Brilo)<\/strong><br\/><br\/>Anstata\u016d pintoj, oni nun ricevas sinsekvon de punktoj, kiuj varias en intenseco. La distanco inter la malsamaj punktoj da\u016dre estas la distanco inter la malsamaj strukturoj, sed la intenseco de la reflektita ondo determinas la koloron de la punkto. Ju pli intensa la e\u0125o, des pli blanka \u011di aperas.<br\/>Tiamaniere oni ricevas 2-dimensian bildon. Nome, \u0109iuj punktoj sur linio kaj \u0109iuj linioj unu sub la alia formas bildon.<br\/><strong><br\/>M-re\u011dimo (movi\u011do)<\/strong><br\/><br\/>Tiu \u0109i tekniko estas uzata por skribi movon en tempo, kp. Doppler.<br\/><br\/><\/p>\n","protected":false},"excerpt":{"rendered":"<p>Kio estas ultrasono? Ultrasono estas ekzamena tekniko, kiu funkcias la\u016d la principo de sonondoj, kiuj estas reflektitaj en formo de e\u0125o, kiu tiam estas registrita. Ultrasono estas uzata, do sonfrekvenco super homa a\u016ddo. Ni tiam parolas pri frekvencoj super 20 000 Hz. La frekvencoj uzataj en diagnoza ultrasono estas inter 1,000,000 kaj 20,000,000 Hz. Infrasono&hellip;&nbsp;<a href=\"https:\/\/rx.alain-dens.com\/eo\/fizika-ultrasono\/\" rel=\"bookmark\"><span class=\"screen-reader-text\">Fizika ultrasono<\/span><\/a><\/p>\n","protected":false},"author":2,"featured_media":0,"parent":0,"menu_order":0,"comment_status":"closed","ping_status":"closed","template":"","meta":{"neve_meta_sidebar":"","neve_meta_container":"","neve_meta_enable_content_width":"off","neve_meta_content_width":70,"neve_meta_title_alignment":"","neve_meta_author_avatar":"","neve_post_elements_order":"","neve_meta_disable_header":"","neve_meta_disable_footer":"","neve_meta_disable_title":"","footnotes":""},"class_list":["post-1716","page","type-page","status-publish","hentry"],"_links":{"self":[{"href":"https:\/\/rx.alain-dens.com\/eo\/wp-json\/wp\/v2\/pages\/1716","targetHints":{"allow":["GET"]}}],"collection":[{"href":"https:\/\/rx.alain-dens.com\/eo\/wp-json\/wp\/v2\/pages"}],"about":[{"href":"https:\/\/rx.alain-dens.com\/eo\/wp-json\/wp\/v2\/types\/page"}],"author":[{"embeddable":true,"href":"https:\/\/rx.alain-dens.com\/eo\/wp-json\/wp\/v2\/users\/2"}],"replies":[{"embeddable":true,"href":"https:\/\/rx.alain-dens.com\/eo\/wp-json\/wp\/v2\/comments?post=1716"}],"version-history":[{"count":1,"href":"https:\/\/rx.alain-dens.com\/eo\/wp-json\/wp\/v2\/pages\/1716\/revisions"}],"predecessor-version":[{"id":1717,"href":"https:\/\/rx.alain-dens.com\/eo\/wp-json\/wp\/v2\/pages\/1716\/revisions\/1717"}],"wp:attachment":[{"href":"https:\/\/rx.alain-dens.com\/eo\/wp-json\/wp\/v2\/media?parent=1716"}],"curies":[{"name":"wp","href":"https:\/\/api.w.org\/{rel}","templated":true}]}}