{"id":1710,"date":"2024-11-17T13:00:51","date_gmt":"2024-11-17T13:00:51","guid":{"rendered":"https:\/\/rx.alain-dens.com\/fiziko-ct-scan\/"},"modified":"2024-12-12T17:01:41","modified_gmt":"2024-12-12T17:01:41","slug":"fiziko-ct-scan","status":"publish","type":"page","link":"https:\/\/rx.alain-dens.com\/eo\/fiziko-ct-scan\/","title":{"rendered":"Fiziko CT SCAN"},"content":{"rendered":"\n<div class=\"wp-block-columns is-layout-flex wp-container-core-columns-is-layout-9d6595d7 wp-block-columns-is-layout-flex\">\n<div class=\"wp-block-column is-layout-flow wp-block-column-is-layout-flow\">\n<p style=\"font-size:28px\"><strong>Principo <\/strong><\/p>\n\n\n\n<p>Kutime oni uzas sistemon, en kiu la rentgena tubo estas muntita sur ringoforma strukturo, kiu ku\u015das \u0109irka\u016d la paciento kaj sur kiu la tubo povas rotacii tute. Aliflanke de la tubo estas detektiloj sur la ringo, kiuj kaptas la radiadon post penetrado de la paciento.<br\/>La paciento ku\u015das sur tablosupro, kiu metas la ekzamenotan regionon en la centron de la portiko. \u0108i tiu folio povas esti movita precize malsupren al la minimetro tiel ke oni povas determini tre precize kiun regionon oni volas studi.<br\/><\/p>\n<\/div>\n\n\n\n<div class=\"wp-block-column is-layout-flow wp-block-column-is-layout-flow\"><div class=\"wp-block-image\">\n<figure class=\"alignright size-full is-resized\"><img loading=\"lazy\" decoding=\"async\" width=\"920\" height=\"613\" src=\"https:\/\/rx.alain-dens.com\/wp-content\/uploads\/2024\/11\/CT-UZA.png\" alt=\"\" class=\"wp-image-232\" style=\"width:486px;height:auto\" srcset=\"https:\/\/rx.alain-dens.com\/wp-content\/uploads\/2024\/11\/CT-UZA.png 920w, https:\/\/rx.alain-dens.com\/wp-content\/uploads\/2024\/11\/CT-UZA-300x200.png 300w, https:\/\/rx.alain-dens.com\/wp-content\/uploads\/2024\/11\/CT-UZA-768x512.png 768w\" sizes=\"auto, (max-width: 920px) 100vw, 920px\" \/><\/figure>\n<\/div><\/div>\n<\/div>\n\n<div class=\"wp-block-columns is-layout-flex wp-container-core-columns-is-layout-9d6595d7 wp-block-columns-is-layout-flex\">\n<div class=\"wp-block-column is-layout-flow wp-block-column-is-layout-flow\">\n<p>Por krei bildojn, la radioj mildigitaj de la malsamaj histoj estas mezuritaj per la detektiloj. Ili havas la econ de konvertado de la okaza\u0135a radiado en proporcian elektran signalon. Rotante la tubon \u0109irka\u016d la paciento, bildoj povas esti prenitaj en malsamaj direktoj. La komputilo kolektas \u0109iujn datumojn kaj povas tiel rekonstrui bildon, nomatan tran\u0109a\u0135o a\u016d sekcio.<\/p>\n\n\n\n<p>La bildo kiu estas akirita konsistas el malsamaj nuancoj de griza a\u016d densecoj. \u0108iu histo havas sian propran densecon kaj do havas la econ mildigi la radiadon pli-malpli depende de \u011dia denseco. La densecoj estis determinitaj en Houndsfield Units (HU)<\/p>\n<\/div>\n<\/div>\n\n<figure class=\"wp-block-table aligncenter is-style-stripes\"><table><tbody><tr><td>Osto<\/td><td>&gt; 250 HU (blanka, tre alta denseco)<\/td><\/tr><tr><td>Hepato<\/td><td>65 HU<\/td><\/tr><tr><td>Akvo<\/td><td>  0<\/td><\/tr><tr><td>Graso<\/td><td>&#8211; 65 HU<\/td><\/tr><tr><td>Aero<\/td><td>&#8211; 1000 HU (nigra, tre malalta denseco<\/td><\/tr><\/tbody><\/table><\/figure>\n\n<p style=\"font-size:28px\"><strong>Spirala CT<\/strong><\/p>\n\n<p>Ekde la 1990-aj jaroj, nova tekniko estas uzata, nome spirala a\u016d volumena CT. Kontraste al klasika CT kie la paciento estas movita super certa distanco anta\u016d ol bildo estas prenita, \u0109i tie la paciento estas movita kun konstanta rapideco dum ade turnanta la tubon.<br\/><\/p>\n<div class=\"wp-block-image\">\n<figure class=\"aligncenter size-full is-resized\"><img loading=\"lazy\" decoding=\"async\" width=\"320\" height=\"156\" src=\"https:\/\/rx.alain-dens.com\/wp-content\/uploads\/2024\/11\/helical.gif\" alt=\"\" class=\"wp-image-231\" style=\"width:369px;height:auto\"\/><\/figure>\n<\/div>\n<p>La kontinua movado de la paciento kaj la rotacio de la tubo \u0109irka\u016d \u011di kreas spiralan strukturon.<br\/>Tuta volumo estas skanita samtempe.<br\/>La avanta\u011doj de \u0109i tio estas:<\/p>\n\n<figure class=\"wp-block-table aligncenter is-style-stripes\"><table><tbody><tr><td><img decoding=\"async\" src=\"https:\/\/www.alain-dens.com\/angio.25.gif\" alt=\"\"\/><\/td><td>La esploro fini\u011das pli rapide<\/td><\/tr><tr><td><img decoding=\"async\" src=\"https:\/\/www.alain-dens.com\/angio.25.gif\" alt=\"\"\/><\/td><td>Pli da datumoj estas akiritaj, permesante rekonstruon en aliaj ebenoj (sagitala, aksa)<\/td><\/tr><tr><td><img decoding=\"async\" src=\"https:\/\/www.alain-dens.com\/angio.25.gif\" alt=\"\"\/><\/td><td>\u011ci donas la \u015dancon krei 3D-modelojn<\/td><\/tr><\/tbody><\/table><\/figure>\n\n<p><\/p>\n\n<p><em><br\/><\/em><\/p>\n","protected":false},"excerpt":{"rendered":"<p>Principo Kutime oni uzas sistemon, en kiu la rentgena tubo estas muntita sur ringoforma strukturo, kiu ku\u015das \u0109irka\u016d la paciento kaj sur kiu la tubo povas rotacii tute. Aliflanke de la tubo estas detektiloj sur la ringo, kiuj kaptas la radiadon post penetrado de la paciento.La paciento ku\u015das sur tablosupro, kiu metas la ekzamenotan regionon&hellip;&nbsp;<a href=\"https:\/\/rx.alain-dens.com\/eo\/fiziko-ct-scan\/\" rel=\"bookmark\"><span class=\"screen-reader-text\">Fiziko CT SCAN<\/span><\/a><\/p>\n","protected":false},"author":2,"featured_media":0,"parent":0,"menu_order":0,"comment_status":"closed","ping_status":"closed","template":"","meta":{"neve_meta_sidebar":"","neve_meta_container":"","neve_meta_enable_content_width":"","neve_meta_content_width":0,"neve_meta_title_alignment":"","neve_meta_author_avatar":"","neve_post_elements_order":"","neve_meta_disable_header":"","neve_meta_disable_footer":"","neve_meta_disable_title":"","footnotes":""},"class_list":["post-1710","page","type-page","status-publish","hentry"],"_links":{"self":[{"href":"https:\/\/rx.alain-dens.com\/eo\/wp-json\/wp\/v2\/pages\/1710","targetHints":{"allow":["GET"]}}],"collection":[{"href":"https:\/\/rx.alain-dens.com\/eo\/wp-json\/wp\/v2\/pages"}],"about":[{"href":"https:\/\/rx.alain-dens.com\/eo\/wp-json\/wp\/v2\/types\/page"}],"author":[{"embeddable":true,"href":"https:\/\/rx.alain-dens.com\/eo\/wp-json\/wp\/v2\/users\/2"}],"replies":[{"embeddable":true,"href":"https:\/\/rx.alain-dens.com\/eo\/wp-json\/wp\/v2\/comments?post=1710"}],"version-history":[{"count":1,"href":"https:\/\/rx.alain-dens.com\/eo\/wp-json\/wp\/v2\/pages\/1710\/revisions"}],"predecessor-version":[{"id":1711,"href":"https:\/\/rx.alain-dens.com\/eo\/wp-json\/wp\/v2\/pages\/1710\/revisions\/1711"}],"wp:attachment":[{"href":"https:\/\/rx.alain-dens.com\/eo\/wp-json\/wp\/v2\/media?parent=1710"}],"curies":[{"name":"wp","href":"https:\/\/api.w.org\/{rel}","templated":true}]}}