{"id":1704,"date":"2024-11-14T14:21:01","date_gmt":"2024-11-14T14:21:01","guid":{"rendered":"https:\/\/rx.alain-dens.com\/fizika-angiografio\/"},"modified":"2024-12-12T16:55:36","modified_gmt":"2024-12-12T16:55:36","slug":"fizika-angiografio","status":"publish","type":"page","link":"https:\/\/rx.alain-dens.com\/eo\/fizika-angiografio\/","title":{"rendered":"Fizika Angiografio"},"content":{"rendered":"\n<h3 class=\"wp-block-heading\"><strong>Cifereca Subtraho<\/strong><\/h3>\n\n<div class=\"wp-block-columns is-layout-flex wp-container-core-columns-is-layout-9d6595d7 wp-block-columns-is-layout-flex\">\n<div class=\"wp-block-column is-layout-flow wp-block-column-is-layout-flow\" style=\"flex-basis:66.66%\">\n<p>Subtraho estas tekniko uzata por akiri bildon, en kiu restas videbla nur la diferenco inter la du originaj bildoj. \u0108i tiu tekniko estas \u0109efe uzata en angiografio.<br\/><br\/><strong>Cifereca subtraho?<\/strong><br\/><br\/>Cifereca subtraho estas subtraho kreita per redaktado de ciferecaj bildoj. Kutime la komputilo konektita al la aparato uzata por fari angiografion faras tion a\u016dtomate. Eblas \u015dan\u011di kelkajn parametrojn, kiel la elekto de la referenca bildo. \u0108i tio estas por eviti kiel eble plej multajn movi\u011dajn artefaktojn.<\/p>\n<\/div>\n\n\n\n<div class=\"wp-block-column is-layout-flow wp-block-column-is-layout-flow\" style=\"flex-basis:33.33%\"><div class=\"wp-block-image\">\n<figure class=\"aligncenter size-full is-resized\"><img loading=\"lazy\" decoding=\"async\" width=\"574\" height=\"554\" src=\"https:\/\/rx.alain-dens.com\/wp-content\/uploads\/2024\/11\/Angiografie.png\" alt=\"\" class=\"wp-image-203\" style=\"width:294px;height:auto\" srcset=\"https:\/\/rx.alain-dens.com\/wp-content\/uploads\/2024\/11\/Angiografie.png 574w, https:\/\/rx.alain-dens.com\/wp-content\/uploads\/2024\/11\/Angiografie-300x290.png 300w\" sizes=\"auto, (max-width: 574px) 100vw, 574px\" \/><\/figure>\n<\/div><\/div>\n<\/div>\n\n<p><strong>Kiel funkcias subtraho?<\/strong><br\/><br\/>Dum registrado por angiografio, referenca bildo estas prenita anta\u016d ol kontrasta agento estas administrita al la paciento. \u0108i tiu bildo estas konservita. Kiam ni nun administras kontrastan injekton kaj faras novajn registradojn, krom la referenca bildo, ni anka\u016d vidos la elementojn, kiujn trapasas la kontrasta agento. Ni tiam subtrahos la referencan bildon, a\u016d subtrahos \u011din de la akirita bildo kun kontrasta plenigo. Ni tiam konservas bildon, en kiu la sangaj glasoj estas klare videblaj, dum ostoj ktp \u015dajnas esti forvi\u015ditaj. Tamen, \u0109i tiu sistemo anka\u016d estas sentema al paciencaj movoj.<br\/><br\/>Ekzemplo:<br\/><br\/>La sekva ekzemplo montras skeman prezenton de kio estas subtraho kaj kiel \u011di funkcias. La unua bildo reprezentas referencan bildon, t.e. bildon prenitan anta\u016d kontrasta administrado. La dua bildo estas la sama bildo, sed kie la + bildo reprezentas la kontrastan pleniga\u0135on. La tria bildo estas kio akiri\u011das kiam subtraho estas aplikata. La unua bildo estas kvaza\u016d subtrahita de la dua, lasante nur la diferencon inter la du bildoj.<\/p>\n\n<p><br\/><\/p>\n\n<figure class=\"wp-block-table is-style-stripes\"><table class=\"has-fixed-layout\"><tbody><tr><td class=\"has-text-align-left\" data-align=\"left\"><img decoding=\"async\" alt=\"referenca foto\" src=\"https:\/\/www.alain-dens.com\/substractie1.gif\"\/><br\/><\/td><td><img decoding=\"async\" alt=\"referenca foto kun kontrasto\" src=\"https:\/\/www.alain-dens.com\/substractie2.gif\"\/><br\/><\/td><td><img decoding=\"async\" alt=\"subtraho bildo\" src=\"https:\/\/www.alain-dens.com\/substractie3.gif\"\/><br\/><\/td><\/tr><tr><td class=\"has-text-align-left\" data-align=\"left\">Referenca foto, sen kontrasto<br\/><\/td><td>sama bildo kiel referenca foto sed nun kun kontrasto<br\/><\/td><td>Diferenco inter amba\u016d fotoj = nur la kontrasto<br\/><\/td><\/tr><\/tbody><\/table><\/figure>\n\n<p><\/p>\n","protected":false},"excerpt":{"rendered":"<p>Cifereca Subtraho Subtraho estas tekniko uzata por akiri bildon, en kiu restas videbla nur la diferenco inter la du originaj bildoj. \u0108i tiu tekniko estas \u0109efe uzata en angiografio. Cifereca subtraho? Cifereca subtraho estas subtraho kreita per redaktado de ciferecaj bildoj. Kutime la komputilo konektita al la aparato uzata por fari angiografion faras tion a\u016dtomate.&hellip;&nbsp;<a href=\"https:\/\/rx.alain-dens.com\/eo\/fizika-angiografio\/\" rel=\"bookmark\"><span class=\"screen-reader-text\">Fizika Angiografio<\/span><\/a><\/p>\n","protected":false},"author":2,"featured_media":0,"parent":0,"menu_order":0,"comment_status":"closed","ping_status":"closed","template":"","meta":{"neve_meta_sidebar":"","neve_meta_container":"","neve_meta_enable_content_width":"","neve_meta_content_width":0,"neve_meta_title_alignment":"","neve_meta_author_avatar":"","neve_post_elements_order":"","neve_meta_disable_header":"","neve_meta_disable_footer":"","neve_meta_disable_title":"","footnotes":""},"class_list":["post-1704","page","type-page","status-publish","hentry"],"_links":{"self":[{"href":"https:\/\/rx.alain-dens.com\/eo\/wp-json\/wp\/v2\/pages\/1704","targetHints":{"allow":["GET"]}}],"collection":[{"href":"https:\/\/rx.alain-dens.com\/eo\/wp-json\/wp\/v2\/pages"}],"about":[{"href":"https:\/\/rx.alain-dens.com\/eo\/wp-json\/wp\/v2\/types\/page"}],"author":[{"embeddable":true,"href":"https:\/\/rx.alain-dens.com\/eo\/wp-json\/wp\/v2\/users\/2"}],"replies":[{"embeddable":true,"href":"https:\/\/rx.alain-dens.com\/eo\/wp-json\/wp\/v2\/comments?post=1704"}],"version-history":[{"count":1,"href":"https:\/\/rx.alain-dens.com\/eo\/wp-json\/wp\/v2\/pages\/1704\/revisions"}],"predecessor-version":[{"id":1705,"href":"https:\/\/rx.alain-dens.com\/eo\/wp-json\/wp\/v2\/pages\/1704\/revisions\/1705"}],"wp:attachment":[{"href":"https:\/\/rx.alain-dens.com\/eo\/wp-json\/wp\/v2\/media?parent=1704"}],"curies":[{"name":"wp","href":"https:\/\/api.w.org\/{rel}","templated":true}]}}