{"id":1698,"date":"2024-11-14T14:14:57","date_gmt":"2024-11-14T14:14:57","guid":{"rendered":"https:\/\/rx.alain-dens.com\/fiziko\/"},"modified":"2024-12-13T10:43:48","modified_gmt":"2024-12-13T10:43:48","slug":"fiziko","status":"publish","type":"page","link":"https:\/\/rx.alain-dens.com\/eo\/fiziko\/","title":{"rendered":"Fiziko"},"content":{"rendered":"\n<p class=\"has-text-align-center\">Klaku sur bloko a\u016d bildo sube por trovi informojn pri la fizika bazo de la tekniko enga\u011dita.<\/p>\n\n<div class=\"wp-block-columns alignwide is-layout-flex wp-container-core-columns-is-layout-9d6595d7 wp-block-columns-is-layout-flex\">\n<div class=\"wp-block-column is-layout-flow wp-block-column-is-layout-flow\" style=\"flex-basis:33.33%\">\n<div class=\"wp-block-buttons is-layout-flex wp-block-buttons-is-layout-flex\">\n<div class=\"wp-block-button is-style-primary\"><a class=\"wp-block-button__link wp-element-button\" href=\"https:\/\/rx.alain-dens.com\/eo\/fizika-radiologio\/\">Radiologio<\/a><\/div>\n\n\n\n<div class=\"wp-block-button is-style-primary\"><a class=\"wp-block-button__link wp-element-button\" href=\"https:\/\/rx.alain-dens.com\/eo\/fizika-angiografio\/\">Angiografio<\/a><\/div>\n\n\n\n<div class=\"wp-block-button is-style-primary\"><a class=\"wp-block-button__link wp-element-button\" href=\"https:\/\/rx.alain-dens.com\/eo\/fizika-ultrasono\/\">Ultrasono<\/a><\/div>\n\n\n\n<div class=\"wp-block-button is-style-primary\"><a class=\"wp-block-button__link wp-element-button\" href=\"https:\/\/rx.alain-dens.com\/eo\/fiziko-ct-scan\/\">CT SCAN<\/a><\/div>\n\n\n\n<div class=\"wp-block-button is-style-primary\"><a class=\"wp-block-button__link wp-element-button\" href=\"https:\/\/rx.alain-dens.com\/eo\/fiziko-mr\/\">MR<\/a><\/div>\n<\/div>\n<\/div>\n\n\n\n<div class=\"wp-block-column is-layout-flow wp-block-column-is-layout-flow\" style=\"flex-basis:66.66%\">\n<pre class=\"wp-block-preformatted\"><a href=\"https:\/\/rx.alain-dens.com\/eo\/fiziko-ct-scan\/\" data-type=\"page\" data-id=\"230\"><img loading=\"lazy\" decoding=\"async\" width=\"150\" height=\"100\" class=\"wp-image-232\" style=\"width: 150px;\" src=\"https:\/\/rx.alain-dens.com\/wp-content\/uploads\/2024\/11\/CT-UZA.png\" alt=\"\" srcset=\"https:\/\/rx.alain-dens.com\/wp-content\/uploads\/2024\/11\/CT-UZA.png 920w, https:\/\/rx.alain-dens.com\/wp-content\/uploads\/2024\/11\/CT-UZA-300x200.png 300w, https:\/\/rx.alain-dens.com\/wp-content\/uploads\/2024\/11\/CT-UZA-768x512.png 768w\" sizes=\"auto, (max-width: 150px) 100vw, 150px\" \/><\/a><a href=\"https:\/\/alain.tuma-mashua.net\/fysica-echografie\/\" data-type=\"page\" data-id=\"225\"> <\/a><a href=\"https:\/\/rx.alain-dens.com\/fysis-echografie\/\" data-type=\"page\" data-id=\"225\"><img loading=\"lazy\" decoding=\"async\" width=\"125\" height=\"101\" class=\"wp-image-239\" style=\"width: 125px;\" src=\"https:\/\/rx.alain-dens.com\/wp-content\/uploads\/2024\/11\/260px-Echografie2.jpg\" alt=\"\"\/><\/a><a href=\"https:\/\/alain.tuma-mashua.net\/fysica-echografie\/\" data-type=\"page\" data-id=\"225\"> <\/a><a href=\"https:\/\/rx.alain-dens.comfysica-echografie\/\" data-type=\"page\" data-id=\"225\"><img loading=\"lazy\" decoding=\"async\" width=\"150\" height=\"100\" class=\"wp-image-248\" style=\"width: 150px;\" src=\"https:\/\/rx.alain-dens.com\/wp-content\/uploads\/2024\/11\/Echo2.jpeg\" alt=\"\"\/><\/a><br\/><br\/><mark style=\"background-color:var(--nv-primary-accent)\" class=\"has-inline-color has-nv-text-dark-bg-color\">Ili \u0109iuj dependas de vibroj sed de tre varia frekvenco<\/mark><br\/><br\/><a href=\"https:\/\/rx.alain-dens.com\/eo\/fiziko-mr\/\" data-type=\"page\" data-id=\"241\"><img loading=\"lazy\" decoding=\"async\" width=\"150\" height=\"113\" class=\"wp-image-244\" style=\"width: 150px;\" src=\"https:\/\/rx.alain-dens.com\/wp-content\/uploads\/2024\/11\/1280px-Modern_3T_MRI.jpg\" alt=\"\" srcset=\"https:\/\/rx.alain-dens.com\/wp-content\/uploads\/2024\/11\/1280px-Modern_3T_MRI.jpg 1280w, https:\/\/rx.alain-dens.com\/wp-content\/uploads\/2024\/11\/1280px-Modern_3T_MRI-300x225.jpg 300w, https:\/\/rx.alain-dens.com\/wp-content\/uploads\/2024\/11\/1280px-Modern_3T_MRI-1024x768.jpg 1024w, https:\/\/rx.alain-dens.com\/wp-content\/uploads\/2024\/11\/1280px-Modern_3T_MRI-768x576.jpg 768w\" sizes=\"auto, (max-width: 150px) 100vw, 150px\" \/><\/a> <a href=\"https:\/\/rx.alain-dens.com\/eo\/fizika-angiografio\/\" data-type=\"page\" data-id=\"52\"><img loading=\"lazy\" decoding=\"async\" width=\"120\" height=\"116\" class=\"wp-image-203\" style=\"width: 120px;\" src=\"https:\/\/rx.alain-dens.com\/wp-content\/uploads\/2024\/11\/Angiografie.png\" alt=\"\" srcset=\"https:\/\/rx.alain-dens.com\/wp-content\/uploads\/2024\/11\/Angiografie.png 574w, https:\/\/rx.alain-dens.com\/wp-content\/uploads\/2024\/11\/Angiografie-300x290.png 300w\" sizes=\"auto, (max-width: 120px) 100vw, 120px\" \/><\/a><a href=\"https:\/\/alain.tuma-mashua.net\/angiografie\/\" data-type=\"page\" data-id=\"52\"> <\/a><a href=\"https:\/\/rx.alain-dens.com\/eo\/fizika-radiologio\/\" data-type=\"page\" data-id=\"150\"><img loading=\"lazy\" decoding=\"async\" width=\"146\" height=\"116\" class=\"wp-image-335\" style=\"width: 146px;\" src=\"https:\/\/rx.alain-dens.com\/wp-content\/uploads\/2024\/11\/Hand.jpg\" alt=\"\" srcset=\"https:\/\/rx.alain-dens.com\/wp-content\/uploads\/2024\/11\/Hand.jpg 755w, https:\/\/rx.alain-dens.com\/wp-content\/uploads\/2024\/11\/Hand-300x238.jpg 300w\" sizes=\"auto, (max-width: 146px) 100vw, 146px\" \/><\/a><\/pre>\n<\/div>\n<\/div>\n\n<p><\/p>\n","protected":false},"excerpt":{"rendered":"<p>Klaku sur bloko a\u016d bildo sube por trovi informojn pri la fizika bazo de la tekniko enga\u011dita. Ili \u0109iuj dependas de vibroj sed de tre varia frekvenco<\/p>\n","protected":false},"author":2,"featured_media":0,"parent":0,"menu_order":0,"comment_status":"closed","ping_status":"closed","template":"page-templates\/template-pagebuilder-full-width.php","meta":{"neve_meta_sidebar":"","neve_meta_container":"","neve_meta_enable_content_width":"","neve_meta_content_width":0,"neve_meta_title_alignment":"","neve_meta_author_avatar":"","neve_post_elements_order":"","neve_meta_disable_header":"","neve_meta_disable_footer":"","neve_meta_disable_title":"","footnotes":""},"class_list":["post-1698","page","type-page","status-publish","hentry"],"_links":{"self":[{"href":"https:\/\/rx.alain-dens.com\/eo\/wp-json\/wp\/v2\/pages\/1698","targetHints":{"allow":["GET"]}}],"collection":[{"href":"https:\/\/rx.alain-dens.com\/eo\/wp-json\/wp\/v2\/pages"}],"about":[{"href":"https:\/\/rx.alain-dens.com\/eo\/wp-json\/wp\/v2\/types\/page"}],"author":[{"embeddable":true,"href":"https:\/\/rx.alain-dens.com\/eo\/wp-json\/wp\/v2\/users\/2"}],"replies":[{"embeddable":true,"href":"https:\/\/rx.alain-dens.com\/eo\/wp-json\/wp\/v2\/comments?post=1698"}],"version-history":[{"count":2,"href":"https:\/\/rx.alain-dens.com\/eo\/wp-json\/wp\/v2\/pages\/1698\/revisions"}],"predecessor-version":[{"id":1800,"href":"https:\/\/rx.alain-dens.com\/eo\/wp-json\/wp\/v2\/pages\/1698\/revisions\/1800"}],"wp:attachment":[{"href":"https:\/\/rx.alain-dens.com\/eo\/wp-json\/wp\/v2\/media?parent=1698"}],"curies":[{"name":"wp","href":"https:\/\/api.w.org\/{rel}","templated":true}]}}