{"id":1647,"date":"2024-11-21T14:55:38","date_gmt":"2024-11-21T14:55:38","guid":{"rendered":"https:\/\/rx.alain-dens.com\/protekta-ekipajo\/"},"modified":"2024-12-12T16:47:03","modified_gmt":"2024-12-12T16:47:03","slug":"protekta-ekipajo","status":"publish","type":"page","link":"https:\/\/rx.alain-dens.com\/eo\/protekta-ekipajo\/","title":{"rendered":"Protekta ekipa\u0135o"},"content":{"rendered":"\n<p>La kompanio devas klopodi por certigi sufi\u0109an kaj efikan protektan ekipa\u0135on. Por efektivigi tion li uzos unu a\u016d prefere plurajn el la sekvaj rimedoj.<\/p>\n\n<figure class=\"wp-block-table aligncenter is-style-stripes\"><table><tbody><tr><td><img decoding=\"async\" alt=\"\" src=\"https:\/\/www.alain-dens.com\/angio.25.gif\"\/><\/td><td>Protekto tra distanco: evitante kontra\u016dvolan eksponi\u011don tra distanco de fontoj.<\/td><\/tr><tr><td><img decoding=\"async\" alt=\"\" src=\"https:\/\/www.alain-dens.com\/angio.25.gif\"\/><\/td><td>Protekto per kiraso.<\/td><\/tr><tr><td><img decoding=\"async\" alt=\"\" src=\"https:\/\/www.alain-dens.com\/angio.25.gif\"\/><\/td><td>Protekto de la lokalo per ekranoj.<\/td><\/tr><tr><td><img decoding=\"async\" alt=\"\" src=\"https:\/\/www.alain-dens.com\/angio.25.gif\"\/><\/td><td>Protekto limigante ekspontempojn.<\/td><\/tr><tr><td><img decoding=\"async\" alt=\"\" src=\"https:\/\/www.alain-dens.com\/angio.25.gif\"\/><\/td><td>Lokigo de avertosignoj: \u0109i tiuj signoj povas varii en grandeco depende de kie ili estas metitaj, sed \u0109iam devas esti en la proporcioj montritaj malsupre.<br\/><\/td><\/tr><\/tbody><\/table><\/figure>\n<div class=\"wp-block-image\">\n<figure class=\"aligncenter\"><img decoding=\"async\" src=\"https:\/\/www.alain-dens.com\/radiop2.gif\" alt=\"oficiala simbolo por radioaktiveco\"\/><\/figure>\n<\/div>\n<figure class=\"wp-block-table aligncenter is-style-stripes\"><table><tbody><tr><td><img decoding=\"async\" alt=\"\" src=\"https:\/\/www.alain-dens.com\/image003.gif\"\/><br\/><\/td><td>La averta signo devas aperi \u0109e \u0109iu enirejo al la kontrolita areo kaj sur \u0109iu aparato kiu elsendas jonigan radiadon.<\/td><\/tr><tr><td><img decoding=\"async\" alt=\"\" src=\"https:\/\/www.alain-dens.com\/image003.gif\"\/><\/td><td>Sub la averta signo devas esti videbla kaj legebla \u0109iuj aldonaj informoj intencitaj por averti personojn enirantajn la zonon pri la dan\u011deroj kiujn ili povas kuri.<br\/><\/td><\/tr><\/tbody><\/table><\/figure>\n\n<p>Persona protekta ekipa\u0135o en radiologio:<\/p>\n\n<div class=\"wp-block-columns is-layout-flex wp-container-core-columns-is-layout-9d6595d7 wp-block-columns-is-layout-flex\">\n<div class=\"wp-block-column is-layout-flow wp-block-column-is-layout-flow\" style=\"flex-basis:25%\">\n<figure class=\"wp-block-image size-full is-resized\"><img loading=\"lazy\" decoding=\"async\" width=\"400\" height=\"720\" src=\"https:\/\/rx.alain-dens.com\/wp-content\/uploads\/2024\/11\/Vest-Skirt-Relief-Wrap_voorzijde_total.jpg\" alt=\"\" class=\"wp-image-664\" style=\"width:166px;height:auto\" srcset=\"https:\/\/rx.alain-dens.com\/wp-content\/uploads\/2024\/11\/Vest-Skirt-Relief-Wrap_voorzijde_total.jpg 400w, https:\/\/rx.alain-dens.com\/wp-content\/uploads\/2024\/11\/Vest-Skirt-Relief-Wrap_voorzijde_total-167x300.jpg 167w\" sizes=\"auto, (max-width: 400px) 100vw, 400px\" \/><\/figure>\n\n\n\n<figure class=\"wp-block-image size-large is-resized\"><img loading=\"lazy\" decoding=\"async\" width=\"1024\" height=\"1024\" src=\"http:\/\/alain.tuma-mashua.net\/wp-content\/uploads\/sites\/2\/2024\/11\/schildklierkraag-mtc-5.1280x0-1024x1024.jpg\" alt=\"\" class=\"wp-image-662\" style=\"width:125px;height:auto\" srcset=\"https:\/\/rx.alain-dens.com\/wp-content\/uploads\/2024\/11\/schildklierkraag-mtc-5.1280x0-1024x1024.jpg 1024w, https:\/\/rx.alain-dens.com\/wp-content\/uploads\/2024\/11\/schildklierkraag-mtc-5.1280x0-300x300.jpg 300w, https:\/\/rx.alain-dens.com\/wp-content\/uploads\/2024\/11\/schildklierkraag-mtc-5.1280x0-150x150.jpg 150w, https:\/\/rx.alain-dens.com\/wp-content\/uploads\/2024\/11\/schildklierkraag-mtc-5.1280x0-768x768.jpg 768w, https:\/\/rx.alain-dens.com\/wp-content\/uploads\/2024\/11\/schildklierkraag-mtc-5.1280x0.jpg 1200w\" sizes=\"auto, (max-width: 1024px) 100vw, 1024px\" \/><\/figure>\n<\/div>\n\n\n\n<div class=\"wp-block-column is-vertically-aligned-center is-layout-flow wp-block-column-is-layout-flow\" style=\"flex-basis:50%\">\n<figure class=\"wp-block-table aligncenter is-style-stripes\"><table><tbody><tr><td class=\"has-text-align-left\" data-align=\"left\"><img decoding=\"async\" src=\"https:\/\/www.alain-dens.com\/angio.25.gif\" alt=\"\"\/><\/td><td>Plumba anta\u016dtuko<\/td><td><\/td><\/tr><tr><td class=\"has-text-align-left\" data-align=\"left\">        <img decoding=\"async\" src=\"https:\/\/www.alain-dens.com\/image003.gif\" alt=\"\"\/> <br\/>        <img decoding=\"async\" src=\"https:\/\/www.alain-dens.com\/image003.gif\" alt=\"\"\/>             <\/td><td>Fronta anta\u016dtuko Envolvu anta\u016dtukon<\/td><td><\/td><\/tr><tr><td class=\"has-text-align-left\" data-align=\"left\"><img decoding=\"async\" src=\"https:\/\/www.alain-dens.com\/angio.25.gif\" alt=\"\"\/><\/td><td>Tiroidprotekto<\/td><td><\/td><\/tr><tr><td class=\"has-text-align-left\" data-align=\"left\"><img decoding=\"async\" src=\"https:\/\/www.alain-dens.com\/angio.25.gif\" alt=\"\"\/><\/td><td>Plumbogantoj<\/td><td><\/td><\/tr><tr><td class=\"has-text-align-left\" data-align=\"left\"><img decoding=\"async\" src=\"https:\/\/www.alain-dens.com\/angio.25.gif\" alt=\"\"\/><\/td><td>Okulvitroj kun plumba vitro por protekti la lenson de la okulo<\/td><td><\/td><\/tr><\/tbody><\/table><\/figure>\n<\/div>\n\n\n\n<div class=\"wp-block-column is-layout-flow wp-block-column-is-layout-flow\" style=\"flex-basis:25%\"><div class=\"wp-block-image\">\n<figure class=\"alignright size-full is-resized\"><img loading=\"lazy\" decoding=\"async\" width=\"683\" height=\"1024\" src=\"https:\/\/rx.alain-dens.com\/wp-content\/uploads\/2024\/11\/Scanflex-Easy-WrapEasy-loodschort-voorzijde.jpg\" alt=\"\" class=\"wp-image-663\" style=\"width:200px;height:auto\" srcset=\"https:\/\/rx.alain-dens.com\/wp-content\/uploads\/2024\/11\/Scanflex-Easy-WrapEasy-loodschort-voorzijde.jpg 683w, https:\/\/rx.alain-dens.com\/wp-content\/uploads\/2024\/11\/Scanflex-Easy-WrapEasy-loodschort-voorzijde-200x300.jpg 200w\" sizes=\"auto, (max-width: 683px) 100vw, 683px\" \/><\/figure>\n<\/div>\n\n\n<figure class=\"wp-block-image size-large is-resized\"><img loading=\"lazy\" decoding=\"async\" width=\"1024\" height=\"683\" src=\"http:\/\/alain.tuma-mashua.net\/wp-content\/uploads\/sites\/2\/2024\/11\/Radiologie-bril-1024x683.jpg\" alt=\"\" class=\"wp-image-665\" style=\"width:163px;height:auto\" srcset=\"https:\/\/rx.alain-dens.com\/wp-content\/uploads\/2024\/11\/Radiologie-bril-1024x683.jpg 1024w, https:\/\/rx.alain-dens.com\/wp-content\/uploads\/2024\/11\/Radiologie-bril-300x200.jpg 300w, https:\/\/rx.alain-dens.com\/wp-content\/uploads\/2024\/11\/Radiologie-bril-768x512.jpg 768w, https:\/\/rx.alain-dens.com\/wp-content\/uploads\/2024\/11\/Radiologie-bril.jpg 1200w\" sizes=\"auto, (max-width: 1024px) 100vw, 1024px\" \/><\/figure>\n\n\n<div class=\"wp-block-image\">\n<figure class=\"alignright size-full is-resized\"><img loading=\"lazy\" decoding=\"async\" width=\"300\" height=\"229\" src=\"https:\/\/rx.alain-dens.com\/wp-content\/uploads\/2024\/11\/loden-handschoen.jpg\" alt=\"\" class=\"wp-image-666\" style=\"width:135px;height:auto\"\/><\/figure>\n<\/div><\/div>\n<\/div>\n\n<p>Persona protekto por la paciento:<\/p>\n\n<figure class=\"wp-block-table aligncenter is-style-stripes\"><table><tbody><tr><td><img decoding=\"async\" alt=\"\" src=\"https:\/\/www.alain-dens.com\/angio.25.gif\"\/><\/td><td>Eble plumba anta\u016dtuko<\/td><\/tr><tr><td><img decoding=\"async\" alt=\"\" src=\"https:\/\/www.alain-dens.com\/angio.25.gif\"\/><\/td><td>Gonnad-protekto (protekto de la genitaloj).<\/td><\/tr><tr><td><img decoding=\"async\" alt=\"\" src=\"https:\/\/www.alain-dens.com\/angio.25.gif\"\/><\/td><td>Minimuma dozo (principo ALARA)<\/td><\/tr><\/tbody><\/table><\/figure>\n\n<p><strong>Mezurado de dozoj:<\/strong><\/p>\n\n<div class=\"wp-block-columns is-layout-flex wp-container-core-columns-is-layout-9d6595d7 wp-block-columns-is-layout-flex\">\n<div class=\"wp-block-column is-layout-flow wp-block-column-is-layout-flow\" style=\"flex-basis:66.66%\">\n<p>\u0108iu dungito elmontrita al radiado portos dozimetron \u0109e brusta alteco. \u0108i tiu dozimetrio estas organizita de la dunganto, kiu anka\u016d respondecas pri la kostoj. La rezultoj estas legataj de agnoskita dosimetra servo.<br\/><br\/>Se ekzistas risko, ke certa parto de la korpo ricevos pli altan dozon, aldona dosimetro estas provizita, kiu prenas mezurojn \u0109e tiu specifa loko.<br\/><br\/>Se la agadoj, kiujn vi faras, postulas plumban anta\u016dtukon, vi \u0109iukaze portos du dozimetrojn, unu sub kaj unu super la anta\u016dtuko. <br\/>\u0108iu dungito havas aliron al la dozaj datumoj rilataj al li.<\/p>\n\n\n\n<p><\/p>\n<\/div>\n\n\n\n<div class=\"wp-block-column is-layout-flow wp-block-column-is-layout-flow\" style=\"flex-basis:33.33%\">\n<figure class=\"wp-block-image size-large\"><img loading=\"lazy\" decoding=\"async\" width=\"1024\" height=\"347\" src=\"https:\/\/rx.alain-dens.com\/wp-content\/uploads\/2024\/11\/Ringdosimeter-1024x347.png\" alt=\"\" class=\"wp-image-667\" srcset=\"https:\/\/rx.alain-dens.com\/wp-content\/uploads\/2024\/11\/Ringdosimeter-1024x347.png 1024w, https:\/\/rx.alain-dens.com\/wp-content\/uploads\/2024\/11\/Ringdosimeter-300x102.png 300w, https:\/\/rx.alain-dens.com\/wp-content\/uploads\/2024\/11\/Ringdosimeter-768x261.png 768w, https:\/\/rx.alain-dens.com\/wp-content\/uploads\/2024\/11\/Ringdosimeter.png 1303w\" sizes=\"auto, (max-width: 1024px) 100vw, 1024px\" \/><\/figure>\n\n\n<div class=\"wp-block-image\">\n<figure class=\"alignright size-full is-resized\"><img loading=\"lazy\" decoding=\"async\" width=\"300\" height=\"300\" src=\"https:\/\/rx.alain-dens.com\/wp-content\/uploads\/2024\/11\/badge-RX1.jpg\" alt=\"\" class=\"wp-image-668\" style=\"width:121px;height:auto\" srcset=\"https:\/\/rx.alain-dens.com\/wp-content\/uploads\/2024\/11\/badge-RX1.jpg 300w, https:\/\/rx.alain-dens.com\/wp-content\/uploads\/2024\/11\/badge-RX1-150x150.jpg 150w\" sizes=\"auto, (max-width: 300px) 100vw, 300px\" \/><\/figure>\n<\/div>\n\n\n<figure class=\"wp-block-image size-full is-resized\"><img loading=\"lazy\" decoding=\"async\" width=\"391\" height=\"312\" src=\"https:\/\/rx.alain-dens.com\/wp-content\/uploads\/2024\/11\/Badge-RX2.png\" alt=\"\" class=\"wp-image-669\" style=\"width:139px;height:auto\" srcset=\"https:\/\/rx.alain-dens.com\/wp-content\/uploads\/2024\/11\/Badge-RX2.png 391w, https:\/\/rx.alain-dens.com\/wp-content\/uploads\/2024\/11\/Badge-RX2-300x239.png 300w\" sizes=\"auto, (max-width: 391px) 100vw, 391px\" \/><\/figure>\n\n\n<div class=\"wp-block-image\">\n<figure class=\"alignright size-large is-resized\"><img loading=\"lazy\" decoding=\"async\" width=\"1024\" height=\"309\" src=\"https:\/\/rx.alain-dens.com\/wp-content\/uploads\/2024\/11\/Badge-RX3-1024x309.jpg\" alt=\"\" class=\"wp-image-670\" style=\"width:295px;height:auto\" srcset=\"https:\/\/rx.alain-dens.com\/wp-content\/uploads\/2024\/11\/Badge-RX3-1024x309.jpg 1024w, https:\/\/rx.alain-dens.com\/wp-content\/uploads\/2024\/11\/Badge-RX3-300x91.jpg 300w, https:\/\/rx.alain-dens.com\/wp-content\/uploads\/2024\/11\/Badge-RX3-768x232.jpg 768w, https:\/\/rx.alain-dens.com\/wp-content\/uploads\/2024\/11\/Badge-RX3-1536x464.jpg 1536w, https:\/\/rx.alain-dens.com\/wp-content\/uploads\/2024\/11\/Badge-RX3-2048x618.jpg 2048w\" sizes=\"auto, (max-width: 1024px) 100vw, 1024px\" \/><\/figure>\n<\/div><\/div>\n<\/div>\n\n<p><strong>Specifaj proviza\u0135oj por la Medicina uzo de joniga radiado:<br\/><\/strong><br\/>Kun iu ajn medicina malkovro, la rekta medicina profito kaj la socia profito \u0109iam estos pesitaj kontra\u016d ajna dama\u011do kiun la eksponi\u011do ka\u016dzos. La efikeco, avanta\u011doj kaj eblaj riskoj asociitaj kun aliaj teknikoj kiuj postulas malpli a\u016d e\u0109 neniun eksponi\u011don al joniga radiado estas enkalkulitaj.<br\/><br\/>Anka\u016d la malkovro de personoj, kiuj kun scio kaj propravole, sed ne profesie, helpas kaj subtenas aliajn personojn submetitajn al kuracista malkovro devas esti sufi\u0109e pesita, por ke la rezultoj de la esplorado a\u016d kuracado ne konduku al nenecesa. ekspozicio.<br\/><br\/>Se gravedeco ne povas esti ekskludita, speciala atento devus esti pagita al la medicina ekspozicio, precipe koncerne la abdomenon kaj pelvan regionon, kun aparta atento al la ur\u011deco kaj optimumigo de ekspozicio.<br\/><br\/>La principo de ALARA certe validas \u0109i tie, do la dozo estos konservita tiel malalta kiel racie atingebla. La celo estas akiri sufi\u0109ajn diagnozajn informojn.<\/p>\n","protected":false},"excerpt":{"rendered":"<p>La kompanio devas klopodi por certigi sufi\u0109an kaj efikan protektan ekipa\u0135on. Por efektivigi tion li uzos unu a\u016d prefere plurajn el la sekvaj rimedoj. Protekto tra distanco: evitante kontra\u016dvolan eksponi\u011don tra distanco de fontoj. Protekto per kiraso. Protekto de la lokalo per ekranoj. Protekto limigante ekspontempojn. Lokigo de avertosignoj: \u0109i tiuj signoj povas varii en&hellip;&nbsp;<a href=\"https:\/\/rx.alain-dens.com\/eo\/protekta-ekipajo\/\" rel=\"bookmark\"><span class=\"screen-reader-text\">Protekta ekipa\u0135o<\/span><\/a><\/p>\n","protected":false},"author":2,"featured_media":0,"parent":0,"menu_order":0,"comment_status":"closed","ping_status":"closed","template":"","meta":{"neve_meta_sidebar":"","neve_meta_container":"","neve_meta_enable_content_width":"","neve_meta_content_width":0,"neve_meta_title_alignment":"","neve_meta_author_avatar":"","neve_post_elements_order":"","neve_meta_disable_header":"","neve_meta_disable_footer":"","neve_meta_disable_title":"","footnotes":""},"class_list":["post-1647","page","type-page","status-publish","hentry"],"_links":{"self":[{"href":"https:\/\/rx.alain-dens.com\/eo\/wp-json\/wp\/v2\/pages\/1647","targetHints":{"allow":["GET"]}}],"collection":[{"href":"https:\/\/rx.alain-dens.com\/eo\/wp-json\/wp\/v2\/pages"}],"about":[{"href":"https:\/\/rx.alain-dens.com\/eo\/wp-json\/wp\/v2\/types\/page"}],"author":[{"embeddable":true,"href":"https:\/\/rx.alain-dens.com\/eo\/wp-json\/wp\/v2\/users\/2"}],"replies":[{"embeddable":true,"href":"https:\/\/rx.alain-dens.com\/eo\/wp-json\/wp\/v2\/comments?post=1647"}],"version-history":[{"count":1,"href":"https:\/\/rx.alain-dens.com\/eo\/wp-json\/wp\/v2\/pages\/1647\/revisions"}],"predecessor-version":[{"id":1648,"href":"https:\/\/rx.alain-dens.com\/eo\/wp-json\/wp\/v2\/pages\/1647\/revisions\/1648"}],"wp:attachment":[{"href":"https:\/\/rx.alain-dens.com\/eo\/wp-json\/wp\/v2\/media?parent=1647"}],"curies":[{"name":"wp","href":"https:\/\/api.w.org\/{rel}","templated":true}]}}