{"id":1339,"date":"2024-11-14T13:44:40","date_gmt":"2024-11-14T13:44:40","guid":{"rendered":"https:\/\/rx.alain-dens.com\/bonvenon\/"},"modified":"2024-12-14T11:27:01","modified_gmt":"2024-12-14T11:27:01","slug":"bonvenon","status":"publish","type":"page","link":"https:\/\/rx.alain-dens.com\/eo\/","title":{"rendered":"BONVENON"},"content":{"rendered":"\n<p class=\"has-text-align-center\">La originala lingvo de \u0109i tiu retejo estas la nederlanda. Eraroj en tradukoj \u0109iam eblas. Niaj pardonpetoj pro tio.  <\/p>\n\n<div class=\"wp-block-cover is-light\" style=\"min-height:982px;aspect-ratio:unset;\"><span aria-hidden=\"true\" class=\"wp-block-cover__background has-background-dim-70 has-background-dim\" style=\"background-color:#cdbf9e\"><\/span><img loading=\"lazy\" decoding=\"async\" width=\"2066\" height=\"1748\" class=\"wp-block-cover__image-background wp-image-208\" alt=\"\" src=\"https:\/\/rx.alain-dens.com\/wp-content\/uploads\/2024\/11\/Rontgentechniek-1904.jpg\" data-object-fit=\"cover\" srcset=\"https:\/\/rx.alain-dens.com\/wp-content\/uploads\/2024\/11\/Rontgentechniek-1904.jpg 2066w, https:\/\/rx.alain-dens.com\/wp-content\/uploads\/2024\/11\/Rontgentechniek-1904-300x254.jpg 300w, https:\/\/rx.alain-dens.com\/wp-content\/uploads\/2024\/11\/Rontgentechniek-1904-1024x866.jpg 1024w, https:\/\/rx.alain-dens.com\/wp-content\/uploads\/2024\/11\/Rontgentechniek-1904-768x650.jpg 768w, https:\/\/rx.alain-dens.com\/wp-content\/uploads\/2024\/11\/Rontgentechniek-1904-1536x1300.jpg 1536w, https:\/\/rx.alain-dens.com\/wp-content\/uploads\/2024\/11\/Rontgentechniek-1904-2048x1733.jpg 2048w\" sizes=\"auto, (max-width: 2066px) 100vw, 2066px\" \/><div class=\"wp-block-cover__inner-container is-layout-constrained wp-block-cover-is-layout-constrained\">\n<p class=\"has-text-align-center has-nv-dark-bg-color has-text-color has-link-color wp-elements-2f1f87ea9253569350d59ecef73829eb\" style=\"font-size:36px\">Medicinaj bildoj multe kontribuis al la progreso de medicino kaj nun estas nemalhavebla ilo por tio.<\/p>\n\n\n\n<p class=\"has-neve-text-color-color has-text-color has-link-color wp-elements-a00bc067c60e7ff3aafaaf9ebfdeb05f\" style=\"font-size:22px\">En \u0109i tiu retejo, flegistino specialigita pri medicina bildigo disponigas bazan komprenon pri la tre diversa kampo de medicina bildigo kaj li faras tion en simpla homa lingvo.<\/p>\n\n\n\n<p class=\"has-neve-text-color-color has-text-color has-link-color wp-elements-ed33dbd80f4fedf2c5f50cf20c57d533\" style=\"font-size:22px\">Homoj, kiuj aktivas en aliaj bran\u0109oj de la medicina mondo, anka\u016d povos akiri pli bonan komprenon pri \u0109i tiuj gravaj helpiloj de medicino.<\/p>\n\n\n\n<p class=\"has-neve-text-color-color has-text-color has-link-color wp-elements-3938f82c43cb2497b8ec14f0dc85a5b2\" style=\"font-size:22px\">La informoj estas dividitaj en malsamajn domajnojn kiel ekzemple la historio de evoluo kaj la subesta fiziko. Komencu de la supra menuo, el kiu vi estos gvidita \u0109irka\u016de.<\/p>\n<\/div><\/div>\n\n<p><\/p>\n","protected":false},"excerpt":{"rendered":"<p>La originala lingvo de \u0109i tiu retejo estas la nederlanda. Eraroj en tradukoj \u0109iam eblas. Niaj pardonpetoj pro tio.<\/p>\n","protected":false},"author":2,"featured_media":0,"parent":0,"menu_order":0,"comment_status":"closed","ping_status":"closed","template":"","meta":{"neve_meta_sidebar":"","neve_meta_container":"","neve_meta_enable_content_width":"","neve_meta_content_width":0,"neve_meta_title_alignment":"","neve_meta_author_avatar":"","neve_post_elements_order":"","neve_meta_disable_header":"","neve_meta_disable_footer":"","neve_meta_disable_title":"","footnotes":""},"class_list":["post-1339","page","type-page","status-publish","hentry"],"_links":{"self":[{"href":"https:\/\/rx.alain-dens.com\/eo\/wp-json\/wp\/v2\/pages\/1339","targetHints":{"allow":["GET"]}}],"collection":[{"href":"https:\/\/rx.alain-dens.com\/eo\/wp-json\/wp\/v2\/pages"}],"about":[{"href":"https:\/\/rx.alain-dens.com\/eo\/wp-json\/wp\/v2\/types\/page"}],"author":[{"embeddable":true,"href":"https:\/\/rx.alain-dens.com\/eo\/wp-json\/wp\/v2\/users\/2"}],"replies":[{"embeddable":true,"href":"https:\/\/rx.alain-dens.com\/eo\/wp-json\/wp\/v2\/comments?post=1339"}],"version-history":[{"count":2,"href":"https:\/\/rx.alain-dens.com\/eo\/wp-json\/wp\/v2\/pages\/1339\/revisions"}],"predecessor-version":[{"id":1933,"href":"https:\/\/rx.alain-dens.com\/eo\/wp-json\/wp\/v2\/pages\/1339\/revisions\/1933"}],"wp:attachment":[{"href":"https:\/\/rx.alain-dens.com\/eo\/wp-json\/wp\/v2\/media?parent=1339"}],"curies":[{"name":"wp","href":"https:\/\/api.w.org\/{rel}","templated":true}]}}